{"id":2413,"date":"2017-12-30T21:03:03","date_gmt":"2017-12-30T21:03:03","guid":{"rendered":"http:\/\/biblian.is\/biblian\/jerem%c2%92a-51-kafli\/"},"modified":"2024-07-03T12:50:13","modified_gmt":"2024-07-03T12:50:13","slug":"jeremia-51-kafli","status":"publish","type":"page","link":"https:\/\/biblian.is\/biblian\/jeremia-51-kafli\/","title":{"rendered":"Jerem\u00eda 51. kafli"},"content":{"rendered":"<h3 class=\"millifyrirsogn_2007\"> Sigur Drottins<\/h3>\n<p><a name=\"1\"><span class=\"versanumer_2007\">1<\/span><\/a> Svo segir Drottinn: <br \/> <span class=\"ljodatexti\"> N\u00fa vek \u00e9g ey\u00f0andi storm gegn Bab\u00fdlon og Kaldeum, <br \/> <\/span> <span class=\"ljodatexti\"> <a name=\"2\"><span class=\"versanumer_ljod\">2<\/span><\/a>\u00e9g sendi vinsara til Bab\u00fdlonar<br \/>til a\u00f0 varpa \u00feeim upp svo a\u00f0 hismi\u00f0 fj\u00faki burt.<br \/>\u00deeir eiga a\u00f0 feykja burt r\u00edkinu og ey\u00f0a landi Bab\u00fdlonar <br \/>\u00feegar \u00feeir setjast um hana \u00far \u00f6llum \u00e1ttum <br \/>\u00e1 \u00f3heilladeginum.<br \/> <\/span> <span class=\"ljodatexti\"> <a name=\"3\"><span class=\"versanumer_ljod\">3<\/span><\/a>S\u00e1 sem bendir boga ver\u00f0ur ekki \u00fer\u00f3ttlaus, <br \/>hinn brynja\u00f0i mun ekki \u00fereytast. <br \/>\u00deyrmi\u00f0 ekki \u00e6skum\u00f6nnum hennar, <br \/>helgi\u00f0 allan her hennar banni.<br \/> <\/span> <span class=\"ljodatexti\"> <a name=\"4\"><span class=\"versanumer_ljod\">4<\/span><\/a>\u00deeir munu liggja vegnir \u00ed landi Kaldea, <br \/>reknir \u00ed gegn \u00e1 str\u00e6tum borgarinnar.<br \/> <\/span> <span class=\"ljodatexti\"> <a name=\"5\"><span class=\"versanumer_ljod\">5<\/span><\/a>\u00cdsrael og J\u00fada eru eigi ekkjur,<br \/>yfirgefnar af Drottni hersveitanna, <br \/>\u00fe\u00f3 a\u00f0 land \u00feeirra s\u00e9 fullt af synd <br \/>gegn Hinum heilaga \u00ed \u00cdsrael.<br \/> <\/span> <span class=\"ljodatexti\"> <a name=\"6\"><span class=\"versanumer_ljod\">6<\/span><\/a>Fl\u00fdi\u00f0 fr\u00e1 Bab\u00fdlon. Bjargi\u00f0 l\u00edfi y\u00f0ar, hver um sig, <br \/>svo a\u00f0 y\u00f0ur ver\u00f0i ekki tort\u00edmt <br \/>\u00feegar henni ver\u00f0ur refsa\u00f0 <br \/>\u00fev\u00ed a\u00f0 t\u00edmi er kominn fyrir hefnd Drottins. <br \/>N\u00fa geldur hann Bab\u00fdlon eftir verkum hennar.<br \/> <\/span> <span class=\"ljodatexti\"> <a name=\"7\"><span class=\"versanumer_ljod\">7<\/span><\/a>Bab\u00fdlon var gullbikar \u00ed hendi Drottins, <br \/>sem ger\u00f0i alla ver\u00f6ldina drukkna. <br \/>\u00dej\u00f3\u00f0irnar drukku v\u00edni\u00f0 \u00far honum <br \/>og l\u00e9tu sem \u00f3\u00f0ar v\u00e6ru.<br \/> <\/span> <span class=\"ljodatexti\"> <a name=\"8\"><span class=\"versanumer_ljod\">8<\/span><\/a>Skyndilega f\u00e9ll Bab\u00fdlon og brotna\u00f0i \u00ed sm\u00e1tt.<br \/>Kveini\u00f0 yfir henni. <br \/>S\u00e6ki\u00f0 smyrsl vi\u00f0 s\u00e1ri hennar,<br \/>ef til vill er h\u00e6gt a\u00f0 gr\u00e6\u00f0a \u00fea\u00f0.<br \/> <\/span> <span class=\"ljodatexti\"> <a name=\"9\"><span class=\"versanumer_ljod\">9<\/span><\/a>V\u00e9r vildum l\u00e6kna Bab\u00fdlon <br \/>en h\u00fan var \u00f3l\u00e6knandi. <br \/>Yfirgefi\u00f0 hana. V\u00e9r h\u00f6ldum hver til s\u00edns lands.<br \/>Refsid\u00f3murinn yfir henni n\u00e6r til himins, <br \/>hann gn\u00e6fir upp \u00ed sk\u00fdin.<br \/> <\/span> <span class=\"ljodatexti\"> <a name=\"10\"><span class=\"versanumer_ljod\">10<\/span><\/a>Drottinn hefur birt r\u00e9ttl\u00e1tan m\u00e1lsta\u00f0 vorn. <br \/>Komi\u00f0, v\u00e9r skulum segja fr\u00e1 \u00fev\u00ed \u00e1 S\u00edon <br \/>sem Drottinn, Gu\u00f0 vor, hefur afreka\u00f0.<br \/> <\/span> <span class=\"ljodatexti\"> <a name=\"11\"><span class=\"versanumer_ljod\">11<\/span><\/a>Yddi\u00f0 \u00f6rvarnar, gr\u00edpi\u00f0 skildina. <br \/>Drottinn hefur bl\u00e1si\u00f0 kjarki \u00ed brj\u00f3st konunganna \u00ed Med\u00edu <br \/>\u00fev\u00ed a\u00f0 hann \u00e6tlar a\u00f0 leggja Bab\u00fdlon \u00ed r\u00fast. <br \/>\u00dea\u00f0 er hefnd Drottins, <br \/>hefnd fyrir musteri hans.<br \/> <\/span> <span class=\"ljodatexti\"> <a name=\"12\"><span class=\"versanumer_ljod\">12<\/span><\/a>Hefji\u00f0 gunnf\u00e1na gegn m\u00farum Bab\u00fdlonar. <br \/>Styrki\u00f0 var\u00f0sveitina. <br \/>Komi\u00f0 fyrir framv\u00f6r\u00f0um.<br \/>Leggist \u00ed launs\u00e1tur. <br \/>Drottinn hefur \u00e1kve\u00f0i\u00f0 \u00feetta <br \/>og stendur vi\u00f0 h\u00f3tun s\u00edna <br \/>gegn Bab\u00fdlon\u00edum\u00f6nnum. <br \/> <\/span> <span class=\"ljodatexti\"> <a name=\"13\"><span class=\"versanumer_ljod\">13<\/span><\/a>\u00de\u00fa sem b\u00fdr\u00f0 vi\u00f0 v\u00f6tnin miklu, <br \/>au\u00f0ug a\u00f0 fj\u00e1rsj\u00f3\u00f0um, <br \/>endad\u00e6gur \u00feitt er upp runni\u00f0, <br \/>s\u00ed\u00f0asta alin l\u00edfs\u00fer\u00e1\u00f0ar \u00fe\u00edns af skorin.<br \/> <\/span> <span class=\"ljodatexti\"> <a name=\"14\"><span class=\"versanumer_ljod\">14<\/span><\/a>Drottinn hersveitanna hefur svari\u00f0 vi\u00f0 sj\u00e1lfan sig: <br \/>\u00de\u00f3 a\u00f0 \u00e9g fyllti \u00feig mannmerg\u00f0 eins og engisprettusveim<br \/>ver\u00f0ur her\u00f3p hr\u00f3pa\u00f0 gegn \u00fe\u00e9r.<br \/> <\/span> <span class=\"ljodatexti\"> <a name=\"15\"><span class=\"versanumer_ljod\">15<\/span><\/a>Hann skapa\u00f0i j\u00f6r\u00f0ina me\u00f0 krafti s\u00ednum, <br \/>grundvalla\u00f0i heiminn me\u00f0 speki sinni <br \/>og \u00feandi \u00fat himininn me\u00f0 \u00feekkingu sinni.<br \/> <\/span> <span class=\"ljodatexti\"> <a name=\"16\"><span class=\"versanumer_ljod\">16<\/span><\/a>\u00deegar hann l\u00e6tur r\u00f6dd s\u00edna \u00feruma <br \/>heyrist vatnani\u00f0ur \u00ed himninum, <br \/>hann sendir sk\u00fd upp fr\u00e1 endim\u00f6rkum jar\u00f0ar <br \/>og l\u00e6tur eldingar leiftra \u00ed regninu, <br \/>hann hleypir vindinum \u00fat \u00far geymslum hans.<br \/> <\/span> <span class=\"ljodatexti\"> <a name=\"17\"><span class=\"versanumer_ljod\">17<\/span><\/a>S\u00e9rhver ma\u00f0ur ver\u00f0ur undrandi og skilningsvana, <br \/>hver gullsmi\u00f0ur skammast s\u00edn fyrir gu\u00f0amyndir s\u00ednar <br \/>\u00fev\u00ed a\u00f0 myndirnar, sem hann steypir, eru blekking, <br \/>\u00ed \u00feeim er enginn l\u00edfsandi. <br \/> <\/span> <span class=\"ljodatexti\"> <a name=\"18\"><span class=\"versanumer_ljod\">18<\/span><\/a>\u00de\u00e6r eru a\u00f0eins vindgustur, hl\u00e6gilegar og einskis n\u00fdtar. <br \/>\u00deegar t\u00edmi reikningsskila rennur upp farast \u00fe\u00e6r.<br \/> <\/span> <span class=\"ljodatexti\"> <a name=\"19\"><span class=\"versanumer_ljod\">19<\/span><\/a>Hann sem er hlutskipti Jakobs l\u00edkist \u00feeim ekki <br \/>\u00fev\u00ed a\u00f0 hann hefur skapa\u00f0 allt <br \/>og \u00cdsrael er hans eigin \u00e6ttkv\u00edsl. <br \/>Drottinn hersveitanna er nafn hans. <\/span> <\/p>\n<h3 class=\"millifyrirsogn_2007\">Vopn Drottins<\/h3>\n<p><span class=\"ljodatexti\"> <a name=\"20\"><span class=\"versanumer_ljod\">20<\/span><\/a>\u00de\u00fa ert kylfa m\u00edn, <br \/>\u00fe\u00fa ert vopn mitt. <br \/>Me\u00f0 \u00fe\u00e9r mola \u00e9g \u00fej\u00f3\u00f0ir, <br \/>legg konungsr\u00edki \u00ed r\u00fast.<br \/> <\/span> <span class=\"ljodatexti\"> <a name=\"21\"><span class=\"versanumer_ljod\">21<\/span><\/a>Me\u00f0 \u00fe\u00e9r mola \u00e9g hest og riddara, <br \/>me\u00f0 \u00fe\u00e9r mola \u00e9g vopn og vagnstj\u00f3ra.<br \/> <\/span> <span class=\"ljodatexti\"> <a name=\"22\"><span class=\"versanumer_ljod\">22<\/span><\/a> Me\u00f0 \u00fe\u00e9r mola \u00e9g karl og konu, <br \/>me\u00f0 \u00fe\u00e9r mola \u00e9g \u00f6ldung og ungling, <br \/>me\u00f0 \u00fe\u00e9r mola \u00e9g pilt og st\u00falku. <br \/> <\/span> <span class=\"ljodatexti\"> <a name=\"23\"><span class=\"versanumer_ljod\">23<\/span><\/a> Me\u00f0 \u00fe\u00e9r mola \u00e9g hir\u00f0i og hj\u00f6r\u00f0 hans, <br \/>me\u00f0 \u00fe\u00e9r mola \u00e9g b\u00f3nda og sameyki hans, <br \/>me\u00f0 \u00fe\u00e9r mola \u00e9g landstj\u00f3ra og h\u00f6f\u00f0ingja. <br \/> <\/span> <span class=\"ljodatexti\"> <a name=\"24\"><span class=\"versanumer_ljod\">24<\/span><\/a> N\u00fa endurgeld \u00e9g Bab\u00fdlon <br \/>og \u00f6llum \u00edb\u00faum Kaldeu frammi fyrir y\u00f0ur <br \/>\u00f6ll \u00feau n\u00ed\u00f0ingsverk sem \u00feeir unnu gegn S\u00edon, <br \/>segir Drottinn.<br \/> <\/span> <span class=\"ljodatexti\"> <a name=\"25\"><span class=\"versanumer_ljod\">25<\/span><\/a> N\u00fa held \u00e9g gegn \u00fe\u00e9r, <br \/>fjall tort\u00edmingarinnar <br \/>sem lag\u00f0ir allan heiminn \u00ed ey\u00f0i, <br \/>segir Drottinn. <br \/>\u00c9g r\u00e9tti \u00fat h\u00f6nd m\u00edna gegn \u00fe\u00e9r, <br \/>\u00e9g geri \u00feig a\u00f0 grj\u00f3thr\u00fagu <br \/>og kasta \u00fe\u00e9r \u00ed eldsofninn.<br \/> <\/span> <span class=\"ljodatexti\"> <a name=\"26\"><span class=\"versanumer_ljod\">26<\/span><\/a> Til \u00fe\u00edn ver\u00f0ur hvorki s\u00f3ttur hornsteinn n\u00e9 undirst\u00f6\u00f0usteinn<br \/>\u00fev\u00ed a\u00f0 \u00fe\u00fa ver\u00f0ur au\u00f0n um alla framt\u00ed\u00f0, <br \/>segir Drottinn. <\/span> <\/p>\n<h3 class=\"millifyrirsogn_2007\">Bab\u00fdlon fellur<\/h3>\n<p><span class=\"ljodatexti\"> <a name=\"27\"><span class=\"versanumer_ljod\">27<\/span><\/a> Reisi\u00f0 gunnf\u00e1na \u00e1 j\u00f6r\u00f0inni, <br \/>\u00feeyti\u00f0 hafurshorni\u00f0 me\u00f0al \u00fej\u00f3\u00f0anna. <br \/> V\u00edgi\u00f0 \u00fej\u00f3\u00f0ir til str\u00ed\u00f0s gegn Bab\u00fdlon, <br \/>kalli\u00f0 saman konungsr\u00edki gegn henni, <br \/>Ararat, Minn\u00ed og Askenas. <br \/>Skipi\u00f0 foringja gegn henni. <br \/>Sendi\u00f0 \u00fat str\u00ed\u00f0shesta l\u00edka lo\u00f0num engisprettum.<br \/> <\/span> <span class=\"ljodatexti\"> <a name=\"28\"><span class=\"versanumer_ljod\">28<\/span><\/a> V\u00edgi\u00f0 \u00fej\u00f3\u00f0ir til str\u00ed\u00f0s gegn Bab\u00fdlon, <br \/>konunga Med\u00edu, landstj\u00f3ra hennar og h\u00f6f\u00f0ingja, <br \/>allt r\u00edki hennar. <br \/> <\/span> <span class=\"ljodatexti\"> <a name=\"29\"><span class=\"versanumer_ljod\">29<\/span><\/a> J\u00f6r\u00f0in n\u00f6trar og skelfur <br \/>\u00fev\u00ed a\u00f0 fyrir\u00e6tlanir Drottins gegn Bab\u00fdlon st\u00f3\u00f0ust <br \/>me\u00f0 \u00fev\u00ed a\u00f0 hann ger\u00f0i land Bab\u00fdlonar <br \/>a\u00f0 \u00f3bygg\u00f0ri ey\u00f0im\u00f6rk. <br \/> <\/span> <span class=\"ljodatexti\"> <a name=\"30\"><span class=\"versanumer_ljod\">30<\/span><\/a> Kappar Bab\u00fdlonar hafa h\u00e6tt a\u00f0 berjast, <br \/>\u00feeir h\u00edma \u00ed varnarvirkjunum, <br \/>kraftur \u00feeirra er \u00feorrinn, <br \/>\u00feeir eru or\u00f0nir sem konur. <br \/>H\u00fas Bab\u00fdlonar eru brunnin, <br \/>slagbrandar hli\u00f0anna brotnir.<br \/> <\/span> <span class=\"ljodatexti\"> <a name=\"31\"><span class=\"versanumer_ljod\">31<\/span><\/a> Hlaupari tekur vi\u00f0 af hlaupara, <br \/>bo\u00f0beri af bo\u00f0bera, <br \/>til a\u00f0 tilkynna konunginum \u00ed Bab\u00fdlon<br \/>a\u00f0 borg hans s\u00e9 fallin endanna \u00e1 milli,<br \/> <\/span> <span class=\"ljodatexti\"> <a name=\"32\"><span class=\"versanumer_ljod\">32<\/span><\/a> v\u00f6\u00f0in yfir flj\u00f3ti\u00f0 tekin, <br \/>b\u00e1tarnir brenndir, <br \/>hermennirnir skelfdir.<br \/> <\/span> <span class=\"ljodatexti\"> <a name=\"33\"><span class=\"versanumer_ljod\">33<\/span><\/a> \u00dev\u00ed a\u00f0 svo segir Drottinn, Gu\u00f0 \u00cdsraels: <br \/>D\u00f3ttirin Bab\u00fdlon l\u00edkist \u00fereskivelli \u00e1 \u00fereskit\u00ed\u00f0,<br \/>innan skamms kemur uppskerut\u00edmi hennar. <\/span> <\/p>\n<h3 class=\"millifyrirsogn_2007\">Hefnd Drottins<\/h3>\n<p><span class=\"ljodatexti\"> <a name=\"34\"><span class=\"versanumer_ljod\">34<\/span><\/a> Neb\u00fakadresar, konungur \u00ed Bab\u00fdlon, <br \/>hefur gleypt mig, eti\u00f0 mig upp. <br \/>Hann hefur stjaka\u00f0 m\u00e9r til hli\u00f0ar <br \/>eins og t\u00e6mdu \u00edl\u00e1ti. <br \/>Hann hefur rifi\u00f0 mig \u00ed sig eins og dreki, <br \/>hann fyllti kvi\u00f0inn me\u00f0 bestu bitunum <br \/>og kasta\u00f0i s\u00ed\u00f0an upp. <br \/> <\/span> <span class=\"ljodatexti\"> <a name=\"35\"><span class=\"versanumer_ljod\">35<\/span><\/a> \u201eS\u00fa k\u00fagun og \u00fea\u00f0 ofbeldi, sem \u00e9g hef \u00feola\u00f0, <br \/>komi yfir Bab\u00fdlon,\u201c <br \/>skulu \u00edb\u00faarnir \u00ed S\u00edon segja; <br \/>\u201ekomi bl\u00f3\u00f0 mitt yfir \u00edb\u00faa Kaldeu,\u201c<br \/>skal Jer\u00fasalem segja.<br \/><\/span> <span class=\"ljodatexti\"> <a name=\"36\"><span class=\"versanumer_ljod\">36<\/span><\/a> \u00deess vegna segir Drottinn: <br \/>\u00c9g s\u00e6ki sj\u00e1lfur m\u00e1l \u00feitt og hefni \u00fe\u00edn. <br \/>\u00c9g \u00feurrka upp Babelflj\u00f3t, <br \/>l\u00e6t lindir \u00feess \u00feorna.<br \/> <\/span> <span class=\"ljodatexti\"> <a name=\"37\"><span class=\"versanumer_ljod\">37<\/span><\/a> Bab\u00fdlon ver\u00f0ur a\u00f0 grj\u00f3thr\u00fagu, <br \/>h\u00fan ver\u00f0ur b\u00fasta\u00f0ur sjakala, <br \/>sta\u00f0ur sem vekur andstygg\u00f0 og fyrirlitningu, <br \/>\u00fear sem enginn \u00e1 heima. <br \/> <\/span> <span class=\"ljodatexti\"> <a name=\"38\"><span class=\"versanumer_ljod\">38<\/span><\/a> \u00deeir reka upp \u00f6skur eins og lj\u00f3n, <br \/>allir \u00ed einu, urra eins og lj\u00f3nshvolpar. <br \/> <\/span> <span class=\"ljodatexti\"> <a name=\"39\"><span class=\"versanumer_ljod\">39<\/span><\/a> \u00deegar \u00feeir ver\u00f0a gr\u00e1\u00f0ugir geri \u00e9g \u00feeim veislu, <br \/>geri \u00fe\u00e1 drukkna svo a\u00f0 \u00feeir l\u00ed\u00f0i \u00fat af, <br \/>\u00fev\u00ed n\u00e6st sofna \u00feeir \u00e6varandi svefni <br \/>og vakna ekki aftur, segir Drottinn.<br \/> <\/span> <span class=\"ljodatexti\"> <a name=\"40\"><span class=\"versanumer_ljod\">40<\/span><\/a> \u00c9g lei\u00f0i \u00fe\u00e1 til sl\u00e1trunar eins og l\u00f6mb, <br \/>eins og hr\u00fata og geithafra. <\/span> <\/p>\n<h3 class=\"millifyrirsogn_2007\">H\u00e1\u00f0kv\u00e6\u00f0i um Bab\u00fdlon<\/h3>\n<p><span class=\"ljodatexti\"> <a name=\"41\"><span class=\"versanumer_ljod\">41<\/span><\/a> \u00c6, Sesak <span class=\"nedan_mal\" title=\" \u00de.e. Bab\u00fdlon.\">[<\/span> var tekin, unnin, <br \/>pr\u00fd\u00f0i allrar jar\u00f0ar. <br \/>\u00c6, Bab\u00fdlon var\u00f0 til skammar <br \/>me\u00f0al framandi \u00fej\u00f3\u00f0a.<br \/> <\/span> <span class=\"ljodatexti\"> <a name=\"42\"><span class=\"versanumer_ljod\">42<\/span><\/a> Hafi\u00f0 gekk yfir Bab\u00fdlon, <br \/>drynjandi bylgjum \u00feess skola\u00f0i yfir hana.<br \/> <\/span> <span class=\"ljodatexti\"> <a name=\"43\"><span class=\"versanumer_ljod\">43<\/span><\/a> Borgir hennar ur\u00f0u au\u00f0n, <br \/>skr\u00e6lna\u00f0 land og ey\u00f0im\u00f6rk, <br \/>land \u00fear sem enginn b\u00fdr <br \/>og enginn ma\u00f0ur fer um. <\/span> <\/p>\n<h3 class=\"millifyrirsogn_2007\">Gegn Bel og m\u00farum borgarinnar<\/h3>\n<p><span class=\"ljodatexti\"> <a name=\"44\"><span class=\"versanumer_ljod\">44<\/span><\/a> \u00c9g vitja Bels \u00ed Bab\u00fdlon <br \/>og r\u00edf br\u00e1\u00f0ina \u00far gini hans, <br \/>\u00fej\u00f3\u00f0irnar munu ekki streyma til hans framar. <br \/>Borgarm\u00far Bab\u00fdlonar mun einnig hrynja.<br \/> <\/span> <span class=\"ljodatexti\"> <a name=\"45\"><span class=\"versanumer_ljod\">45<\/span><\/a> \u00dej\u00f3\u00f0 m\u00edn, far\u00f0u burt \u00far \u00feessari borg. <br \/>Bjargi\u00f0 l\u00edfi y\u00f0ar, hver um sig, <br \/>undan b\u00e1landi heift Drottins. <br \/> <\/span> <span class=\"ljodatexti\"> <a name=\"46\"><span class=\"versanumer_ljod\">46<\/span><\/a> Missi\u00f0 ekki kjarkinn <br \/>og hr\u00e6\u00f0ist ekki or\u00f0r\u00f3minn<br \/>sem berst um landi\u00f0. <br \/>\u00deetta \u00e1r gengur \u00feessi or\u00f0r\u00f3mur, n\u00e6sta \u00e1r annar. <br \/>Ofbeldi r\u00edkir \u00ed landinu <br \/>og valdsmennirnir standa hver gegn \u00f6\u00f0rum. <\/span> <\/p>\n<h3 class=\"millifyrirsogn_2007\">Falli Bab\u00fdlonar fagna\u00f0<\/h3>\n<p><span class=\"ljodatexti\"> <a name=\"47\"><span class=\"versanumer_ljod\">47<\/span><\/a> \u00deeir dagar koma <br \/>a\u00f0 \u00e9g mun vitja hj\u00e1gu\u00f0a Bab\u00fdlonar. <br \/>Allt landi\u00f0 ver\u00f0ur ni\u00f0url\u00e6gt. <br \/>Allir hinir vegnu munu liggja inni \u00ed borginni.<br \/> <\/span> <span class=\"ljodatexti\"> <a name=\"48\"><span class=\"versanumer_ljod\">48<\/span><\/a> Himinn og j\u00f6r\u00f0 og allt sem \u00ed \u00feeim er <br \/>mun fagna yfir Bab\u00fdlon <br \/>\u00feegar ey\u00f0endurnir koma gegn henni \u00far nor\u00f0ri, <br \/>segir Drottinn. <\/span> <\/p>\n<h3 class=\"millifyrirsogn_2007\">Hefnt fyrir S\u00edon<\/h3>\n<p><span class=\"ljodatexti\"> <a name=\"49\"><span class=\"versanumer_ljod\">49<\/span><\/a> Fall Bab\u00fdlonar er \u00e1kve\u00f0i\u00f0 <br \/>vegna \u00feeirra sem fallnir eru af \u00cdsrael <br \/>eins og vegnir menn um allan heim <br \/>f\u00e9llu fyrir Bab\u00fdlon.<br \/> <\/span> <span class=\"ljodatexti\"> <a name=\"50\"><span class=\"versanumer_ljod\">50<\/span><\/a> \u00de\u00e9r sem hafi\u00f0 komist undan sver\u00f0inu, <br \/>haldi\u00f0 af sta\u00f0, nemi\u00f0 ekki sta\u00f0ar. <br \/>Minnist Drottins \u00far fjarl\u00e6g\u00f0, <br \/>hafi\u00f0 Jer\u00fasalem \u00ed huga.<br \/> <\/span> <span class=\"ljodatexti\"> <a name=\"51\"><span class=\"versanumer_ljod\">51<\/span><\/a> V\u00e9r h\u00f6fum veri\u00f0 ni\u00f0url\u00e6g\u00f0ir, <br \/>h\u00f6fum \u00feurft a\u00f0 heyra h\u00e1\u00f0syr\u00f0i. <br \/>Andlit vor ro\u00f0nu\u00f0u af sm\u00e1n <br \/>\u00fev\u00ed a\u00f0 framandi menn ruddust inn <br \/>\u00ed hinar helgu vistarverur \u00ed h\u00fasi Drottins.<br \/> <\/span> <span class=\"ljodatexti\"> <a name=\"52\"><span class=\"versanumer_ljod\">52<\/span><\/a> Sj\u00e1, \u00feeir dagar koma, <br \/>segir Drottinn, <br \/>\u00feegar \u00e9g mun vitja hj\u00e1gu\u00f0a Bab\u00fdlonar <br \/>og alls sta\u00f0ar \u00ed landinu munu s\u00e6r\u00f0ir menn liggja og stynja.<br \/> <\/span> <span class=\"ljodatexti\"> <a name=\"53\"><span class=\"versanumer_ljod\">53<\/span><\/a> \u00de\u00f3 a\u00f0 Bab\u00fdlon gn\u00e6fi vi\u00f0 himin <br \/>og styrki \u00f3kleif v\u00edgi s\u00edn <br \/>munu ey\u00f0endur fr\u00e1 m\u00e9r ry\u00f0jast inn \u00ed hana, <br \/>segir Drottinn.<br \/> <\/span> <span class=\"ljodatexti\"> <a name=\"54\"><span class=\"versanumer_ljod\">54<\/span><\/a> Heyri\u00f0. Ney\u00f0ar\u00f3p berst fr\u00e1 Bab\u00fdlon, <br \/>\u00f3gurlegt brak fr\u00e1 landi Kaldea.<br \/> <\/span> <span class=\"ljodatexti\"> <a name=\"55\"><span class=\"versanumer_ljod\">55<\/span><\/a> Drottinn leggur Bab\u00fdlon \u00ed ey\u00f0i, <br \/>l\u00e6tur glymjandann fr\u00e1 henni \u00feagna <br \/>\u00fe\u00f3 a\u00f0 \u00f6ldur hans drynji <br \/>eins og miki\u00f0 vatn og ni\u00f0urinn belji.<br \/> <\/span> <span class=\"ljodatexti\"> <a name=\"56\"><span class=\"versanumer_ljod\">56<\/span><\/a> J\u00e1, hann kemur gegn henni, <br \/>ey\u00f0andinn heldur gegn Bab\u00fdlon, <br \/>kappar hennar ver\u00f0a gripnir, <br \/>bogar \u00feeirra brotnir, <br \/>\u00fev\u00ed a\u00f0 Drottinn er Gu\u00f0 sem launar, <br \/>hann endurgeldur a\u00f0 fullu.<br \/> <\/span> <span class=\"ljodatexti\"> <a name=\"57\"><span class=\"versanumer_ljod\">57<\/span><\/a> \u00c9g geri lei\u00f0toga og spekinga Bab\u00fdlonar drukkna <br \/>\u00e1samt landstj\u00f3rum hennar, herforingjum og str\u00ed\u00f0shetjum. <br \/>\u00deeir skulu falla \u00ed \u00e6varandi svefn <br \/>og \u00feeir munu ekki vakna framar, segir konungurinn. <br \/>Drottinn hersveitanna er nafn hans. <\/span> <\/p>\n<h3 class=\"millifyrirsogn_2007\">Um borgarm\u00farinn<\/h3>\n<p><span class=\"ljodatexti\"> <a name=\"58\"><span class=\"versanumer_ljod\">58<\/span><\/a> Svo segir Drottinn hersveitanna: <br \/>V\u00ed\u00f0ur borgarm\u00far Bab\u00fdlonar <br \/>ver\u00f0ur jafna\u00f0ur vi\u00f0 j\u00f6r\u00f0u. <br \/>H\u00e1 borgarhli\u00f0in <br \/>ver\u00f0a brennd til \u00f6sku. <br \/>\u00deannig vinna \u00fej\u00f3\u00f0ir fyrir g\u00fdg, <br \/>f\u00f3lk \u00fer\u00e6lar s\u00e9r \u00fat fyrir eldsmat. <\/span> <\/p>\n<h3 class=\"millifyrirsogn_2007\">B\u00f3k Jerem\u00eda um Bab\u00fdlon<\/h3>\n<p><a name=\"59\"><span class=\"versanumer_2007\">59<\/span><\/a> Jerem\u00eda sp\u00e1ma\u00f0ur gaf Seraja Ner\u00edasyni, Mahasejasonar, fyrirm\u00e6li \u00feegar Seraja f\u00f3r me\u00f0 Sedek\u00eda, konungi \u00ed J\u00fada, til Bab\u00fdlonar \u00e1 fj\u00f3r\u00f0a stj\u00f3rnar\u00e1ri hans. Seraja s\u00e1 um dvalarsta\u00f0i konungs. <a name=\"60\"><span class=\"versanumer_2007\">60<\/span><\/a> Jerem\u00eda haf\u00f0i skrifa\u00f0 \u00e1 b\u00f3k um allt \u00fea\u00f0 b\u00f6l sem koma \u00e1tti yfir Bab\u00fdlon. \u00dea\u00f0 voru \u00feau umm\u00e6li um Bab\u00fdlon sem h\u00e9r hafa veri\u00f0 skr\u00e1\u00f0. <a name=\"61\"><span class=\"versanumer_2007\">61<\/span><\/a> Jerem\u00eda sag\u00f0i vi\u00f0 Seraja: \u201e\u00deegar \u00fe\u00fa kemur til Bab\u00fdlonar skaltu lesa upp \u00f6ll \u00feessi or\u00f0 <a name=\"62\"><span class=\"versanumer_2007\">62<\/span><\/a> og segja: Drottinn, \u00fe\u00fa hefur sj\u00e1lfur h\u00f3ta\u00f0 \u00feessum sta\u00f0 ey\u00f0ingu svo a\u00f0 enginn geti b\u00fai\u00f0 \u00fear framar, hvorki menn n\u00e9 skepnur. Hann \u00e1 a\u00f0 ver\u00f0a ey\u00f0im\u00f6rk um alla framt\u00ed\u00f0. <a name=\"63\"><span class=\"versanumer_2007\">63<\/span><\/a> \u00deegar \u00fe\u00fa hefur loki\u00f0 lestrinum skaltu binda stein vi\u00f0 b\u00f3krulluna og fleygja henni \u00fat \u00ed Efrat <a name=\"64\"><span class=\"versanumer_2007\">64<\/span><\/a> og segja: \u00deannig skal Bab\u00fdlon s\u00f6kkva og aldrei koma upp aftur. \u00dea\u00f0 er aflei\u00f0ing \u00f3g\u00e6funnar sem \u00e9g sendi henni.\u201c<br \/>H\u00e9r l\u00fdkur r\u00e6\u00f0um Jerem\u00eda.<\/p>\n","protected":false},"excerpt":{"rendered":"<p>Sigur Drottins 1 Svo segir Drottinn: N\u00fa vek \u00e9g ey\u00f0andi storm gegn Bab\u00fdlon og Kaldeum, 2\u00e9g sendi vinsara til Bab\u00fdlonartil a\u00f0 varpa \u00feeim upp svo a\u00f0 hismi\u00f0 fj\u00faki burt.\u00deeir eiga a\u00f0 feykja burt r\u00edkinu og ey\u00f0a landi Bab\u00fdlonar \u00feegar \u00feeir setjast um hana \u00far \u00f6llum \u00e1ttum \u00e1 \u00f3heilladeginum. 3S\u00e1 sem bendir boga ver\u00f0ur ekki \u00fer\u00f3ttlaus, hinn brynja\u00f0i mun ekki \u00fereytast. \u00deyrmi\u00f0 ekki \u00e6skum\u00f6nnum hennar, helgi\u00f0 allan her hennar banni. 4\u00deeir munu liggja vegnir \u00ed landi Kaldea, reknir \u00ed gegn \u00e1 str\u00e6tum borgarinnar. 5\u00cdsrael og J\u00fada eru eigi ekkjur,yfirgefnar af Drottni hersveitanna, \u00fe\u00f3 a\u00f0 land \u00feeirra s\u00e9 fullt af synd gegn <a href=\"https:\/\/biblian.is\/biblian\/jeremia-51-kafli\/\"> [&#8230;]<\/a><\/p>\n","protected":false},"author":1,"featured_media":0,"parent":0,"menu_order":0,"comment_status":"open","ping_status":"open","template":"bibliukaflar_NT.php","meta":{"footnotes":""},"class_list":["post-2413","page","type-page","status-publish","hentry"],"_links":{"self":[{"href":"https:\/\/biblian.is\/biblian\/wp-json\/wp\/v2\/pages\/2413","targetHints":{"allow":["GET"]}}],"collection":[{"href":"https:\/\/biblian.is\/biblian\/wp-json\/wp\/v2\/pages"}],"about":[{"href":"https:\/\/biblian.is\/biblian\/wp-json\/wp\/v2\/types\/page"}],"author":[{"embeddable":true,"href":"https:\/\/biblian.is\/biblian\/wp-json\/wp\/v2\/users\/1"}],"replies":[{"embeddable":true,"href":"https:\/\/biblian.is\/biblian\/wp-json\/wp\/v2\/comments?post=2413"}],"version-history":[{"count":0,"href":"https:\/\/biblian.is\/biblian\/wp-json\/wp\/v2\/pages\/2413\/revisions"}],"wp:attachment":[{"href":"https:\/\/biblian.is\/biblian\/wp-json\/wp\/v2\/media?parent=2413"}],"curies":[{"name":"wp","href":"https:\/\/api.w.org\/{rel}","templated":true}]}}