{"id":2412,"date":"2017-12-30T21:03:03","date_gmt":"2017-12-30T21:03:03","guid":{"rendered":"http:\/\/biblian.is\/biblian\/jerem%c2%92a-50-kafli\/"},"modified":"2024-07-03T12:50:13","modified_gmt":"2024-07-03T12:50:13","slug":"jeremia-50-kafli","status":"publish","type":"page","link":"https:\/\/biblian.is\/biblian\/jeremia-50-kafli\/","title":{"rendered":"Jerem\u00eda 50. kafli"},"content":{"rendered":"<h3 class=\"millifyrirsogn_2007\"> Bab\u00fdlon fellur. Heimf\u00f6r \u00cdsraelsmanna<\/h3>\n<p><a name=\"1\"><span class=\"versanumer_2007\">1<\/span><\/a> Or\u00f0i\u00f0 sem Drottinn flutti af munni Jerem\u00eda sp\u00e1manns gegn Bab\u00fdlon, landi Kaldea. <br \/> <span class=\"ljodatexti\"> <a name=\"2\"><span class=\"versanumer_ljod\">2<\/span><\/a>Kunngj\u00f6ri\u00f0 me\u00f0al \u00fej\u00f3\u00f0anna og bo\u00f0i\u00f0 \u00fea\u00f0, <br \/>hefji\u00f0 gunnf\u00e1na og bo\u00f0i\u00f0, <br \/>\u00feegi\u00f0 ekki um \u00fea\u00f0 en segi\u00f0: <br \/>Bab\u00fdlon er sigru\u00f0, Bel au\u00f0m\u00fdktur, <br \/>Mard\u00fak skelfingu lostinn, <br \/>skur\u00f0go\u00f0 Bab\u00fdlonar eru au\u00f0m\u00fdkt, <br \/>go\u00f0 hennar skelfd.<br \/> <\/span> <span class=\"ljodatexti\"> <a name=\"3\"><span class=\"versanumer_ljod\">3<\/span><\/a>\u00dev\u00ed a\u00f0 \u00fej\u00f3\u00f0 \u00far nor\u00f0ri r\u00e6\u00f0st \u00e1 Bab\u00fdlon, <br \/>h\u00fan leggur landi\u00f0 \u00ed ey\u00f0i <br \/>svo a\u00f0 enginn b\u00fdr \u00fear framar, <br \/>menn og skepnur fl\u00fdja, hverfa \u00e1 braut.<br \/> <\/span> <span class=\"ljodatexti\"> <a name=\"4\"><span class=\"versanumer_ljod\">4<\/span><\/a>\u00c1 \u00feeim d\u00f6gum og \u00e1 \u00feeim t\u00edma, segir Drottinn, <br \/>munu \u00cdsraelsmenn koma heim <br \/>og J\u00fadamenn me\u00f0 \u00feeim. <br \/>Gr\u00e1tandi munu \u00feeir ganga <br \/>og leita Drottins, Gu\u00f0s s\u00edns.<br \/> <\/span> <span class=\"ljodatexti\"> <a name=\"5\"><span class=\"versanumer_ljod\">5<\/span><\/a>\u00deeir spyrja til vegar til S\u00edonar, <br \/>\u00feanga\u00f0 stefna \u00feeir: <br \/>Komi\u00f0, v\u00e9r skulum bindast Drottni <br \/>me\u00f0 \u00e6varandi s\u00e1ttm\u00e1la sem aldrei gleymist.<br \/> <\/span> <span class=\"ljodatexti\"> <a name=\"6\"><span class=\"versanumer_ljod\">6<\/span><\/a>\u00dej\u00f3\u00f0 m\u00edn var villur\u00e1fandi sau\u00f0ahj\u00f6r\u00f0, <br \/>hir\u00f0ar hennar leiddu hana afvega \u00ed fj\u00f6llunum, <br \/>\u00feeir reiku\u00f0u um fj\u00f6ll og h\u00e6\u00f0ir <br \/>og gleymdu hv\u00edldarsta\u00f0 s\u00ednum.<br \/> <\/span> <span class=\"ljodatexti\"> <a name=\"7\"><span class=\"versanumer_ljod\">7<\/span><\/a>Allir sem r\u00e1kust \u00e1 sau\u00f0ina \u00e1tu \u00fe\u00e1 <br \/>og fjandmenn \u00feeirra s\u00f6g\u00f0u: <br \/>V\u00e9r gerum ekkert rangt <br \/>\u00fev\u00ed a\u00f0 \u00feeir hafa syndga\u00f0 gegn Drottni, <br \/>hinu r\u00e9tta haglendi \u00feeirra, <br \/>og gegn von fe\u00f0ra \u00feeirra, Drottni. <\/span> <\/p>\n<h3 class=\"millifyrirsogn_2007\">\u00darslitaorrustan<\/h3>\n<p><span class=\"ljodatexti\"> <a name=\"8\"><span class=\"versanumer_ljod\">8<\/span><\/a>Fari\u00f0 fr\u00e1 Bab\u00fdlon og \u00far landi Kaldea<br \/>og veri\u00f0 sem forystusau\u00f0ir fyrir hj\u00f6r\u00f0inni.<br \/> <\/span> <span class=\"ljodatexti\"> <a name=\"9\"><span class=\"versanumer_ljod\">9<\/span><\/a>\u00dev\u00ed a\u00f0 \u00e9g stofna sj\u00e1lfur bandalag mikilla \u00fej\u00f3\u00f0a <br \/>og lei\u00f0i \u00fea\u00f0 gegn Bab\u00fdlon, <br \/>fr\u00e1 landinu \u00far nor\u00f0ri. <br \/>\u00dea\u00f0 fylkir s\u00e9r gegn Bab\u00fdlon <br \/>og \u00far nor\u00f0ri ver\u00f0ur h\u00fan unnin. <br \/>\u00d6rvar \u00feess eru sem giftus\u00f6m hetja <br \/>sem ekki sn\u00fdr aftur \u00e1n \u00feess a\u00f0 hafa dr\u00fdgt d\u00e1\u00f0.<br \/> <\/span> <span class=\"ljodatexti\"> <a name=\"10\"><span class=\"versanumer_ljod\">10<\/span><\/a>Land Kaldea ver\u00f0ur herfang, <br \/>allir sem r\u00e6na \u00fea\u00f0 f\u00e1 n\u00e6gju s\u00edna, <br \/>segir Drottinn.<br \/> <\/span> <span class=\"ljodatexti\"> <a name=\"11\"><span class=\"versanumer_ljod\">11<\/span><\/a>J\u00e1, gle\u00f0jist og fagni\u00f0, <br \/>\u00fe\u00e9r sem r\u00e6ndu\u00f0 erf\u00f0ahlut m\u00ednum.<br \/>J\u00e1, hoppi\u00f0 um eins og kv\u00edga \u00ed haga, <br \/>hv\u00edi\u00f0 eins og st\u00f3\u00f0hestar.<br \/> <\/span> <span class=\"ljodatexti\"> <a name=\"12\"><span class=\"versanumer_ljod\">12<\/span><\/a>M\u00f3\u00f0ir y\u00f0ar ver\u00f0ur au\u00f0m\u00fdkt, <br \/>h\u00fan sem f\u00e6ddi y\u00f0ur ver\u00f0ur sm\u00e1nu\u00f0: <br \/>J\u00e1, h\u00fan er aumust allra \u00fej\u00f3\u00f0a, <br \/>ey\u00f0im\u00f6rk, upp\u00feornu\u00f0 og skr\u00e6lnu\u00f0.<br \/> <\/span> <span class=\"ljodatexti\"> <a name=\"13\"><span class=\"versanumer_ljod\">13<\/span><\/a>H\u00fan ver\u00f0ur \u00f3bygg\u00f0 vegna heiftar Drottins, <br \/>h\u00fan ver\u00f0ur a\u00f0 algj\u00f6rri au\u00f0n. <br \/>Hvern sem \u00e1 lei\u00f0 hj\u00e1 Bab\u00fdlon mun hrylla vi\u00f0, <br \/>hann mun h\u00e6\u00f0ast a\u00f0 \u00f6llum \u00e1f\u00f6llum hennar.<br \/> <\/span> <span class=\"ljodatexti\"> <a name=\"14\"><span class=\"versanumer_ljod\">14<\/span><\/a>Bogaskyttur, fylki\u00f0 y\u00f0ur allar umhverfis Bab\u00fdlon. <br \/>Skj\u00f3ti\u00f0 \u00e1 hana. Spari\u00f0 ekki \u00f6rvarnar <br \/>\u00fev\u00ed a\u00f0 h\u00fan hefur syndga\u00f0 gegn Drottni.<br \/> <\/span> <span class=\"ljodatexti\"> <a name=\"15\"><span class=\"versanumer_ljod\">15<\/span><\/a>Hr\u00f3pi\u00f0 her\u00f3p gegn henni \u00far \u00f6llum \u00e1ttum. <br \/>H\u00fan hefur gefist upp. <span class=\"nedan_mal\" title=\" Or\u00f0r\u00e9tt: gefi\u00f0 h\u00f6ndina. \">[<\/span> <br \/>S\u00falur hennar hrynja, <br \/>m\u00fararnir jafna\u00f0ir vi\u00f0 j\u00f6r\u00f0u. <br \/>\u00deetta er hefnd Drottins, <br \/>hefni\u00f0 y\u00f0ar \u00e1 Bab\u00fdlon, <br \/>fari\u00f0 me\u00f0 hana eins og h\u00fan f\u00f3r me\u00f0 a\u00f0ra.<br \/> <\/span> <span class=\"ljodatexti\"> <a name=\"16\"><span class=\"versanumer_ljod\">16<\/span><\/a>Uppr\u00e6ti\u00f0 s\u00e1\u00f0menn \u00far Bab\u00fdlon <br \/>og \u00fe\u00e1 sem beita sig\u00f0inni um uppskerut\u00edmann. <br \/>Undan hinu ey\u00f0andi sver\u00f0i<br \/>sn\u00fdr hver og einn, sn\u00fdr aftur til \u00fej\u00f3\u00f0ar sinnar,<br \/>s\u00e9rhver fl\u00fdr til s\u00edns lands. <\/span> <br \/> <a name=\"17\"><span class=\"versanumer_2007\">17<\/span><\/a> \u00cdsrael var sundru\u00f0 sau\u00f0ahj\u00f6r\u00f0 <br \/>sem lj\u00f3n h\u00f6f\u00f0u tv\u00edstra\u00f0. Fyrst \u00e1t Ass\u00fdr\u00edukonungur nokku\u00f0 af henni en a\u00f0 lokum naga\u00f0i Neb\u00fakadresar, konungur \u00ed Bab\u00fdlon, beinin. <br \/> <a name=\"18\"><span class=\"versanumer_2007\">18<\/span><\/a> \u00deess vegna segir Drottinn hersveitanna, Gu\u00f0 \u00cdsraels, svo: \u00c9g mun draga konunginn og land hans til \u00e1byrg\u00f0ar eins og \u00e9g ger\u00f0i Ass\u00fdr\u00edukonung \u00e1byrgan. <br \/> <a name=\"19\"><span class=\"versanumer_2007\">19<\/span><\/a> En \u00e9g lei\u00f0i \u00cdsrael aftur heim \u00ed haglendi sitt, hann ver\u00f0ur \u00e1 beit \u00e1 Karmel og Basan, \u00e1 fj\u00f6llum Efra\u00edms og G\u00edlea\u00f0s mun hann se\u00f0ja hungur sitt. <br \/> <a name=\"20\"><span class=\"versanumer_2007\">20<\/span><\/a> \u00c1 \u00feeim d\u00f6gum og \u00e1 \u00feeirri t\u00ed\u00f0, segir Drottinn, ver\u00f0ur sektar \u00cdsraels leita\u00f0 \u00e1n \u00e1rangurs og synda J\u00fada \u00e1n \u00feess a\u00f0 \u00fe\u00e6r finnist \u00fev\u00ed a\u00f0 \u00e9g mun fyrirgefa \u00feeim sem \u00e9g skil eftir.<\/p>\n<h3 class=\"millifyrirsogn_2007\">Fagna\u00f0 yfir falli Bab\u00fdlonar<\/h3>\n<p><span class=\"ljodatexti\"> <a name=\"21\"><span class=\"versanumer_ljod\">21<\/span><\/a>S\u00e6ktu fram gegn Marata\u00edm <br \/>og \u00edb\u00faunum \u00ed Pekod. <span class=\"nedan_mal\" title=\" \u00c1tt er vi\u00f0 h\u00f6fu\u00f0borg Bab\u00fdlonar.\">[<\/span> <br \/>Helga\u00f0u \u00fe\u00e1 banni me\u00f0 sver\u00f0i,<br \/>segir Drottinn, <br \/>ger\u00f0u allt \u00fea\u00f0 sem \u00e9g hef bo\u00f0i\u00f0 \u00fe\u00e9r. <br \/> <\/span> <span class=\"ljodatexti\"> <a name=\"22\"><span class=\"versanumer_ljod\">22<\/span><\/a> Vopnagn\u00fdr glymur \u00ed landinu, <br \/>algj\u00f6r \u00f3sigur.<br \/> <\/span> <span class=\"ljodatexti\"> <a name=\"23\"><span class=\"versanumer_ljod\">23<\/span><\/a> Er ekki kylfan molu\u00f0 sem sl\u00f3 allan heiminn?<br \/>Hv\u00edl\u00edk hrygg\u00f0armynd er Bab\u00fdlon or\u00f0in <br \/>me\u00f0al allra \u00fej\u00f3\u00f0a.<br \/> <\/span> <span class=\"ljodatexti\"> <a name=\"24\"><span class=\"versanumer_ljod\">24<\/span><\/a> \u00de\u00fa lag\u00f0ir sn\u00f6ru og festist \u00ed henni sj\u00e1lf. <br \/>\u00c1\u00f0ur en \u00fe\u00fa vissir af, Bab\u00fdlon, <br \/>varstu gripin og tekin h\u00f6ndum <br \/>\u00fev\u00ed a\u00f0 \u00fe\u00fa bau\u00f0st Drottni birginn.<br \/> <\/span> <span class=\"ljodatexti\"> <a name=\"25\"><span class=\"versanumer_ljod\">25<\/span><\/a> Drottinn hefur opna\u00f0 vopnab\u00far sitt <br \/>og s\u00f3tt vopn heiftar sinnar <br \/>\u00fev\u00ed a\u00f0 Drottinn, Gu\u00f0 hersveitanna, <br \/>hefur verk a\u00f0 vinna \u00ed landi Kaldea.<br \/> <\/span> <span class=\"ljodatexti\"> <a name=\"26\"><span class=\"versanumer_ljod\">26<\/span><\/a> S\u00e6ki\u00f0 gegn henni \u00far \u00f6llum \u00e1ttum, <br \/>opni\u00f0 for\u00f0ab\u00farin. <br \/>Hr\u00fagi\u00f0 \u00f6llu saman eins og kornbing, <br \/>helgi\u00f0 \u00fea\u00f0 s\u00ed\u00f0an banni, <br \/>ekkert m\u00e1 eftir ver\u00f0a. <br \/> <\/span> <span class=\"ljodatexti\"> <a name=\"27\"><span class=\"versanumer_ljod\">27<\/span><\/a> Drepi\u00f0 alla uxana me\u00f0 sver\u00f0i, <br \/>lei\u00f0i\u00f0 \u00fe\u00e1 alla til sl\u00e1trunar. <br \/>Vei \u00feeim. \u00deeirra t\u00edmi er kominn, <br \/>dagur uppgj\u00f6rs.<br \/> <\/span> <span class=\"ljodatexti\"> <a name=\"28\"><span class=\"versanumer_ljod\">28<\/span><\/a> Hl\u00fd\u00f0i\u00f0 \u00e1! Fl\u00f3ttamennirnir, sem hafa sloppi\u00f0 fr\u00e1 landi Bab\u00fdlonar,<br \/>greina fr\u00e1 hefnd Drottins, Gu\u00f0s vors, \u00e1 S\u00edon, <br \/>hefnd fyrir musteri hans. <\/span> <\/p>\n<h3 class=\"millifyrirsogn_2007\">Uppgj\u00f6r vi\u00f0 Bab\u00fdlon<\/h3>\n<p><span class=\"ljodatexti\"> <a name=\"29\"><span class=\"versanumer_ljod\">29<\/span><\/a> Kve\u00f0ji\u00f0 til bogaskyttur gegn Bab\u00fdlon, <br \/>alla sem benda boga. <br \/>Setjist um hana \u00e1 allar hli\u00f0ar, <br \/>enginn skal komast undan. <br \/> Gjaldi\u00f0 Bab\u00fdlon verk hennar, <br \/>fari\u00f0 me\u00f0 hana eins og h\u00fan f\u00f3r me\u00f0 a\u00f0ra. <br \/>\u00dear sem h\u00fan hreykti s\u00e9r gegn Drottni, <br \/>gegn Hinum heilaga \u00ed \u00cdsrael,<br \/> <\/span> <span class=\"ljodatexti\"> <a name=\"30\"><span class=\"versanumer_ljod\">30<\/span><\/a> munu \u00e6skumenn hennar falla \u00e1 torgum <br \/>og allir hermenn hennar b\u00ed\u00f0a bana \u00e1 \u00feeim degi, <br \/>segir Drottinn.<br \/> <\/span> <span class=\"ljodatexti\"> <a name=\"31\"><span class=\"versanumer_ljod\">31<\/span><\/a> N\u00fa fer \u00e9g gegn \u00fe\u00e9r, hrokagikkur, <br \/>segir Drottinn, Gu\u00f0 hersveitanna, <br \/>\u00fev\u00ed a\u00f0 \u00feinn t\u00edmi er kominn, <br \/>dagur uppgj\u00f6rs.<br \/> <\/span> <span class=\"ljodatexti\"> <a name=\"32\"><span class=\"versanumer_ljod\">32<\/span><\/a> Hinn drambl\u00e1ti hrasar og dettur, <br \/>enginn hj\u00e1lpar honum \u00e1 f\u00e6tur. <br \/>\u00c9g kveiki \u00ed borgum hans, <br \/>eldurinn gleypir allt sem umhverfis hann er. <\/span> <\/p>\n<h3 class=\"millifyrirsogn_2007\">\u00cdsrael bjarga\u00f0<\/h3>\n<p><span class=\"ljodatexti\"> <a name=\"33\"><span class=\"versanumer_ljod\">33<\/span><\/a> Svo segir Drottinn hersveitanna: <br \/>\u00cdsraelsmenn eru k\u00faga\u00f0ir <br \/>og J\u00fadamenn einnig. <br \/>Allir \u00feeir sem fluttu \u00fe\u00e1 \u00ed \u00fatleg\u00f0 <br \/>hafa \u00fe\u00e1 \u00ed haldi, <br \/>vilja ekki l\u00e1ta \u00fe\u00e1 lausa.<br \/> <\/span> <span class=\"ljodatexti\"> <a name=\"34\"><span class=\"versanumer_ljod\">34<\/span><\/a> En endurlausnari \u00feeirra er m\u00e1ttugur, <br \/>Drottinn hersveitanna er nafn hans. <br \/>Hann mun sj\u00e1lfur reka r\u00e9ttar \u00feeirra <br \/>\u00feannig a\u00f0 hann f\u00e6ri heiminum hv\u00edld <br \/>en \u00edb\u00faum Bab\u00fdlonar \u00f3fri\u00f0.<br \/> <\/span> <span class=\"ljodatexti\"> <a name=\"35\"><span class=\"versanumer_ljod\">35<\/span><\/a> Sver\u00f0 gegn Kaldeum,<br \/>segir Drottinn, <br \/>gegn \u00edb\u00faum Bab\u00fdlonar, <br \/>gegn h\u00f6f\u00f0ingjum hennar og vitringum.<br \/> <\/span> <span class=\"ljodatexti\"> <a name=\"36\"><span class=\"versanumer_ljod\">36<\/span><\/a> Sver\u00f0 kemur gegn sp\u00e1prestunum <br \/>svo a\u00f0 \u00feeir ver\u00f0i a\u00f0 gl\u00f3pum. <br \/>Sver\u00f0 kemur gegn k\u00f6ppum Bab\u00fdlonar <br \/>svo a\u00f0 \u00feeir missi kjarkinn.<br \/> <\/span> <span class=\"ljodatexti\"> <a name=\"37\"><span class=\"versanumer_ljod\">37<\/span><\/a> Sver\u00f0 kemur gegn hestum hennar og v\u00f6gnum,<br \/>gegn \u00f6llum \u00fej\u00f3\u00f0unum sem \u00ed henni eru <br \/>svo a\u00f0 \u00fe\u00e6r ver\u00f0i a\u00f0 konum. <br \/>Sver\u00f0 kemur gegn fj\u00e1rsj\u00f3\u00f0um hennar <br \/>svo a\u00f0 \u00feeim ver\u00f0i r\u00e6nt.<br \/> <\/span> <span class=\"ljodatexti\"> <a name=\"38\"><span class=\"versanumer_ljod\">38<\/span><\/a> Sver\u00f0 kemur gegn vatni hennar <br \/>svo a\u00f0 \u00fea\u00f0 \u00feorni. <br \/>\u00dear sem \u00feetta er land skur\u00f0go\u00f0a <br \/>\u00e6ra l\u00edkneskin \u00fe\u00e1.<br \/> <\/span> <span class=\"ljodatexti\"> <a name=\"39\"><span class=\"versanumer_ljod\">39<\/span><\/a> \u00dev\u00ed munu ey\u00f0imerkurd\u00fdr og h\u00fdenur setjast \u00fear a\u00f0, <br \/>str\u00fatar munu b\u00faa \u00ed Bab\u00fdlon. <br \/>Aldrei mun neinn setjast \u00fear a\u00f0 framar, <br \/>\u00fear mun enginn b\u00faa fr\u00e1 kyni til kyns. <br \/> <\/span> <span class=\"ljodatexti\"> <a name=\"40\"><span class=\"versanumer_ljod\">40<\/span><\/a> Eins fer fyrir henni <br \/>og \u00feegar Gu\u00f0 eyddi S\u00f3d\u00f3mu og G\u00f3morru <br \/>og n\u00e1grannaborgum hennar,<br \/>segir Drottinn.<br \/>\u00dear mun enginn ma\u00f0ur b\u00faa<br \/>og enginn hafa \u00fear vi\u00f0dv\u00f6l. <\/span> <\/p>\n<h3 class=\"millifyrirsogn_2007\">\u00dej\u00f3\u00f0 \u00far nor\u00f0ri<\/h3>\n<p><span class=\"ljodatexti\"> <a name=\"41\"><span class=\"versanumer_ljod\">41<\/span><\/a> \u00dej\u00f3\u00f0 kemur \u00far nor\u00f0ri, <br \/>mikil \u00fej\u00f3\u00f0. <br \/>Voldugir konungar halda af sta\u00f0 <br \/>fr\u00e1 endim\u00f6rkum jar\u00f0ar.<br \/> <\/span> <span class=\"ljodatexti\"> <a name=\"42\"><span class=\"versanumer_ljod\">42<\/span><\/a> \u00deeir eru vopna\u00f0ir bogum og bj\u00fagsver\u00f0um, <br \/>\u00feeir eru grimmir og miskunnarlausir. <br \/>H\u00e1va\u00f0inn fr\u00e1 \u00feeim l\u00edkist hafgn\u00fd, <br \/>\u00feeir koma r\u00ed\u00f0andi \u00e1 hestum, <br \/>hver \u00feeirra b\u00fainn til bardaga gegn \u00fe\u00e9r, d\u00f3ttirin Bab\u00fdlon.<br \/> <\/span> <span class=\"ljodatexti\"> <a name=\"43\"><span class=\"versanumer_ljod\">43<\/span><\/a> \u00deegar konungur Bab\u00fdlonar heyr\u00f0i fr\u00e9ttina <br \/>l\u00f6mu\u00f0ust hendur hans, <br \/>angist greip hann <br \/>og hann kvaldist eins og kona \u00ed barnsnau\u00f0. <br \/> <\/span> <span class=\"ljodatexti\"> <a name=\"44\"><span class=\"versanumer_ljod\">44<\/span><\/a> L\u00edkt og lj\u00f3n, sem r\u00eds upp \u00far kjarrinu \u00e1 b\u00f6kkum J\u00f3rdanar <br \/>og st\u00edgur \u00fat \u00e1 s\u00edgr\u00e6nt engi\u00f0, <br \/>mun \u00e9g fl\u00e6ma \u00fe\u00e1 burt \u00e1 augabrag\u00f0i <br \/>og velja m\u00e9r bestu sau\u00f0ina a\u00f0 br\u00e1\u00f0.<br \/> \u00dev\u00ed a\u00f0 hver er jafnoki minn? <br \/>Hver getur krafi\u00f0 mig reikningsskila? <br \/>Hva\u00f0a hir\u00f0ir stenst frammi fyrir m\u00e9r?<br \/> <\/span> <span class=\"ljodatexti\"> <a name=\"45\"><span class=\"versanumer_ljod\">45<\/span><\/a> Heyri\u00f0 \u00fev\u00ed \u00e1kv\u00f6r\u00f0un Drottins <br \/>sem hann hefur teki\u00f0 um Bab\u00fdlon, <br \/>r\u00e1\u00f0in sem hann hefur r\u00e1\u00f0i\u00f0 gegn landi Kaldea: <br \/>Jafnvel hinir minnstu \u00far hj\u00f6r\u00f0inni ver\u00f0a dregnir burt, <br \/>sannarlega mun bithaga \u00feeirra hrylla vi\u00f0 \u00f6rl\u00f6gum \u00feeirra.<br \/> <\/span> <span class=\"ljodatexti\"> <a name=\"46\"><span class=\"versanumer_ljod\">46<\/span><\/a> J\u00f6r\u00f0in n\u00f6trar af hr\u00f3pinu: <br \/>\u201eBab\u00fdlon er unnin,\u201c<br \/>og \u00f3p hennar heyrist til annarra \u00fej\u00f3\u00f0a. <\/span> <\/p>\n","protected":false},"excerpt":{"rendered":"<p>Bab\u00fdlon fellur. Heimf\u00f6r \u00cdsraelsmanna 1 Or\u00f0i\u00f0 sem Drottinn flutti af munni Jerem\u00eda sp\u00e1manns gegn Bab\u00fdlon, landi Kaldea. 2Kunngj\u00f6ri\u00f0 me\u00f0al \u00fej\u00f3\u00f0anna og bo\u00f0i\u00f0 \u00fea\u00f0, hefji\u00f0 gunnf\u00e1na og bo\u00f0i\u00f0, \u00feegi\u00f0 ekki um \u00fea\u00f0 en segi\u00f0: Bab\u00fdlon er sigru\u00f0, Bel au\u00f0m\u00fdktur, Mard\u00fak skelfingu lostinn, skur\u00f0go\u00f0 Bab\u00fdlonar eru au\u00f0m\u00fdkt, go\u00f0 hennar skelfd. 3\u00dev\u00ed a\u00f0 \u00fej\u00f3\u00f0 \u00far nor\u00f0ri r\u00e6\u00f0st \u00e1 Bab\u00fdlon, h\u00fan leggur landi\u00f0 \u00ed ey\u00f0i svo a\u00f0 enginn b\u00fdr \u00fear framar, menn og skepnur fl\u00fdja, hverfa \u00e1 braut. 4\u00c1 \u00feeim d\u00f6gum og \u00e1 \u00feeim t\u00edma, segir Drottinn, munu \u00cdsraelsmenn koma heim og J\u00fadamenn me\u00f0 \u00feeim. Gr\u00e1tandi munu \u00feeir ganga og leita Drottins, Gu\u00f0s s\u00edns. <a href=\"https:\/\/biblian.is\/biblian\/jeremia-50-kafli\/\"> [&#8230;]<\/a><\/p>\n","protected":false},"author":1,"featured_media":0,"parent":0,"menu_order":0,"comment_status":"open","ping_status":"open","template":"bibliukaflar_NT.php","meta":{"footnotes":""},"class_list":["post-2412","page","type-page","status-publish","hentry"],"_links":{"self":[{"href":"https:\/\/biblian.is\/biblian\/wp-json\/wp\/v2\/pages\/2412","targetHints":{"allow":["GET"]}}],"collection":[{"href":"https:\/\/biblian.is\/biblian\/wp-json\/wp\/v2\/pages"}],"about":[{"href":"https:\/\/biblian.is\/biblian\/wp-json\/wp\/v2\/types\/page"}],"author":[{"embeddable":true,"href":"https:\/\/biblian.is\/biblian\/wp-json\/wp\/v2\/users\/1"}],"replies":[{"embeddable":true,"href":"https:\/\/biblian.is\/biblian\/wp-json\/wp\/v2\/comments?post=2412"}],"version-history":[{"count":0,"href":"https:\/\/biblian.is\/biblian\/wp-json\/wp\/v2\/pages\/2412\/revisions"}],"wp:attachment":[{"href":"https:\/\/biblian.is\/biblian\/wp-json\/wp\/v2\/media?parent=2412"}],"curies":[{"name":"wp","href":"https:\/\/api.w.org\/{rel}","templated":true}]}}