{"id":2411,"date":"2017-12-30T21:03:03","date_gmt":"2017-12-30T21:03:03","guid":{"rendered":"http:\/\/biblian.is\/biblian\/jerem%c2%92a-49-kafli\/"},"modified":"2024-07-03T12:50:13","modified_gmt":"2024-07-03T12:50:13","slug":"jeremia-49-kafli","status":"publish","type":"page","link":"https:\/\/biblian.is\/biblian\/jeremia-49-kafli\/","title":{"rendered":"Jerem\u00eda 49. kafli"},"content":{"rendered":"<h3 class=\"millifyrirsogn_2007\"> Gegn Amm\u00f3n\u00edtum<\/h3>\n<p><a name=\"1\"><span class=\"versanumer_2007\">1<\/span><\/a> Um Amm\u00f3n\u00edta.<br \/> <span class=\"ljodatexti\"> Svo segir Drottinn: <br \/>\u00c1 \u00cdsrael enga syni, <br \/>engan sem tekur arf eftir hann? <br \/>Hvers vegna t\u00f3k Milk\u00f3m \u00e6ttb\u00e1lk Ga\u00f0s \u00ed arf, <br \/>hv\u00ed settist \u00fej\u00f3\u00f0 Milk\u00f3ms a\u00f0 \u00ed borgum hans?<br \/> <\/span> <span class=\"ljodatexti\"> <a name=\"2\"><span class=\"versanumer_ljod\">2<\/span><\/a>\u00deeir dagar koma, segir Drottinn,<br \/>a\u00f0 \u00e9g l\u00e6t her\u00f3p gjalla gegn Rabba, borg Amm\u00f3n\u00edta. <br \/>H\u00fan skal ver\u00f0a a\u00f0 au\u00f0ri grj\u00f3tr\u00fast<br \/>og d\u00f3tturborgir hennar eyddar \u00ed eldi.<br \/>\u00de\u00e1 mun \u00cdsrael taka \u00ed arf <br \/>\u00fe\u00e1 sem t\u00f3ku arf hans, segir Drottinn.<br \/> <\/span> <span class=\"ljodatexti\"> <a name=\"3\"><span class=\"versanumer_ljod\">3<\/span><\/a>Kveina\u00f0u, Hesbon, <br \/>\u00fev\u00ed a\u00f0 ey\u00f0andinn heldur gegn \u00fe\u00e9r. <br \/>Gr\u00e1ti\u00f0, d\u00e6tur Rabba, <br \/>gyr\u00f0ist h\u00e6rusekk, harmi\u00f0, <br \/>reiki\u00f0 um me\u00f0 skinnsprettur <br \/>\u00fev\u00ed a\u00f0 Milk\u00f3m fer \u00ed \u00fatleg\u00f0<br \/>\u00e1samt prestum s\u00ednum og h\u00f6f\u00f0ingjum.<br \/> <\/span> <span class=\"ljodatexti\"> <a name=\"4\"><span class=\"versanumer_ljod\">4<\/span><\/a>Hvernig getur \u00fe\u00fa st\u00e6rt \u00feig af dalnum \u00fe\u00ednum,<br \/>sj\u00e1lfumgla\u00f0a d\u00f3ttir<br \/>sem treystir eigin au\u00f0i og segir: <br \/>\u201eHver skyldi r\u00e1\u00f0ast \u00e1 mig?\u201c<br \/> <\/span> <span class=\"ljodatexti\"> <a name=\"5\"><span class=\"versanumer_ljod\">5<\/span><\/a>N\u00fa sendi \u00e9g skelfingu yfir \u00feig \u00far \u00f6llum \u00e1ttum,<br \/>segir Drottinn, Gu\u00f0 hersveitanna.<br \/>\u00de\u00e9r ver\u00f0i\u00f0 hraktir brott, hver \u00ed s\u00edna \u00e1ttina,<br \/>og enginn mun sameina \u00fe\u00e1 sem fl\u00fdja.<br \/> <\/span> <span class=\"ljodatexti\"> <a name=\"6\"><span class=\"versanumer_ljod\">6<\/span><\/a>En eftir \u00fea\u00f0 mun \u00e9g sn\u00faa vi\u00f0 h\u00f6gum Amm\u00f3n\u00edta,<br \/>segir Drottinn. <\/span> <\/p>\n<h3 class=\"millifyrirsogn_2007\">Gegn Ed\u00f3m<\/h3>\n<p><span class=\"ljodatexti\"> <a name=\"7\"><span class=\"versanumer_ljod\">7<\/span><\/a>Um Ed\u00f3m.<br \/>Svo segir Drottinn hersveitanna:<br \/>Er engin speki framar \u00ed Teman?<br \/>Eru g\u00f3\u00f0 r\u00e1\u00f0 horfin hinum hyggnu?<br \/>Er speki \u00feeirra spillt?<br \/> <\/span> <span class=\"ljodatexti\"> <a name=\"8\"><span class=\"versanumer_ljod\">8<\/span><\/a>Fl\u00fdi\u00f0, sn\u00fai\u00f0 vi\u00f0, skr\u00ed\u00f0i\u00f0 \u00ed felur, <br \/>\u00fe\u00e9r sem b\u00fai\u00f0 \u00ed Dedan. <br \/>\u00dev\u00ed a\u00f0 \u00e9g sendi b\u00f6l yfir Esa\u00fa, <br \/>s\u00e1 t\u00edmi er kominn a\u00f0 \u00e9g geri sakirnar upp vi\u00f0 hann.<br \/> <\/span> <span class=\"ljodatexti\"> <a name=\"9\"><span class=\"versanumer_ljod\">9<\/span><\/a>R\u00e1\u00f0ist v\u00ednyrkjar a\u00f0 \u00fe\u00e9r <br \/>skilja \u00feeir ekkert eftir. <br \/>Komi \u00fej\u00f3far um n\u00f3tt <br \/>gera \u00feeir \u00feann usla sem \u00feeim s\u00fdnist.<br \/> <\/span> <span class=\"ljodatexti\"> <a name=\"10\"><span class=\"versanumer_ljod\">10<\/span><\/a>J\u00e1, \u00e9g mun sj\u00e1lfur afhj\u00fapa Esa\u00fa, <br \/>lj\u00f3stra upp um felusta\u00f0i hans <br \/>svo a\u00f0 hann f\u00e1i ekki dulist lengur. <br \/>Afkv\u00e6mi hans og skyldmenni ver\u00f0a uppr\u00e6tt, <br \/>n\u00e1gr\u00f6nnunum eytt svo a\u00f0 enginn getur sagt:<br \/> <\/span> <span class=\"ljodatexti\"> <a name=\"11\"><span class=\"versanumer_ljod\">11<\/span><\/a>\u201eSkildu muna\u00f0arleysingjana eftir.\u201c <br \/>\u00c9g skal halda \u00ed \u00feeim l\u00edfinu. <br \/>Ekkjurnar geta treyst m\u00e9r. <\/span> <br \/> <a name=\"12\"><span class=\"versanumer_2007\">12<\/span><\/a> J\u00e1, svo segir Drottinn: <br \/>Taki\u00f0 eftir. Ef \u00feeir sem ekki eru d\u00e6mdir til a\u00f0 drekka bikarinn ver\u00f0a a\u00f0 drekka hann ver\u00f0ur \u00fe\u00e9r \u00fe\u00e1 hl\u00edft vi\u00f0 \u00fev\u00ed? \u00de\u00e9r ver\u00f0ur ekki hl\u00edft \u00fev\u00ed a\u00f0 \u00fe\u00fa skalt drekka hann. <a name=\"13\"><span class=\"versanumer_2007\">13<\/span><\/a> J\u00e1, \u00e9g hef svari\u00f0 vi\u00f0 sj\u00e1lfan mig, segir Drottinn, a\u00f0 Bosra ver\u00f0i til skelfingar og sm\u00e1nar, henni skal ver\u00f0a eytt og b\u00f6lvun l\u00f6g\u00f0 \u00e1 hana og allar borgirnar, sem tilheyra henni, ver\u00f0a lag\u00f0ar \u00ed r\u00fast um alla framt\u00ed\u00f0. <br \/> <span class=\"ljodatexti\"> <a name=\"14\"><span class=\"versanumer_ljod\">14<\/span><\/a>\u00c9g hef heyrt \u00feau t\u00ed\u00f0indi fr\u00e1 Drottni <br \/>a\u00f0 bo\u00f0beri hafi veri\u00f0 sendur til \u00fej\u00f3\u00f0anna: <br \/>\u201eSameinist, r\u00e1\u00f0ist gegn Ed\u00f3m, <br \/>haldi\u00f0 til orrustu.\u201c<br \/> <\/span> <span class=\"ljodatexti\"> <a name=\"15\"><span class=\"versanumer_ljod\">15<\/span><\/a>\u00c9g geri \u00feig sm\u00e6sta \u00fej\u00f3\u00f0anna, <br \/>fyrirlitna me\u00f0al manna.<br \/> <\/span> <span class=\"ljodatexti\"> <a name=\"16\"><span class=\"versanumer_ljod\">16<\/span><\/a>Skelfingin sem \u00fe\u00fa veldur <br \/>og st\u00e6ril\u00e6ti \u00feitt blekktu \u00feig, <br \/>\u00fe\u00fa sem b\u00fdr\u00f0 \u00ed klettaskorum, <br \/>heldur \u00feig \u00e1 h\u00e1um tindum.<br \/>\u00de\u00f3 a\u00f0 \u00fe\u00fa gerir \u00fe\u00e9r hrei\u00f0ur jafnh\u00e1tt og \u00f6rn <br \/>steypi \u00e9g \u00fe\u00e9r ni\u00f0ur, segir Drottinn. <\/span> <br \/> <a name=\"17\"><span class=\"versanumer_2007\">17<\/span><\/a> Ed\u00f3m mun valda skelfingu. Hver sem fer \u00fear fram hj\u00e1 ver\u00f0ur skelfingu lostinn og bl\u00edstrar h\u00e1\u00f0slega yfir \u00f6llum \u00e1f\u00f6llunum sem Ed\u00f3m hefur or\u00f0i\u00f0 fyrir. <a name=\"18\"><span class=\"versanumer_2007\">18<\/span><\/a> Eins og \u00feegar S\u00f3d\u00f3ma og G\u00f3morra og n\u00e1grannaborgir \u00feeirra h\u00f6f\u00f0u veri\u00f0 eyddar, segir Drottinn, \u00fear mun enginn ma\u00f0ur b\u00faa og enginn hafa vi\u00f0dv\u00f6l. <br \/> <span class=\"ljodatexti\"> <a name=\"19\"><span class=\"versanumer_ljod\">19<\/span><\/a>L\u00edkt og lj\u00f3n, sem r\u00eds upp \u00far kjarrinu \u00e1 b\u00f6kkum J\u00f3rdanar<br \/>og st\u00edgur upp \u00e1 s\u00edgr\u00e6nt engi\u00f0, <br \/>mun \u00e9g fl\u00e6ma \u00fe\u00e1 burt \u00e1 augabrag\u00f0i <br \/>og velja m\u00e9r bestu sau\u00f0ina a\u00f0 br\u00e1\u00f0. <br \/> \u00dev\u00ed a\u00f0 hver er jafningi minn? <br \/>Hver krefur mig um reikningsskil? <br \/>Hva\u00f0a hir\u00f0ir stenst frammi fyrir m\u00e9r?<br \/> <\/span> <span class=\"ljodatexti\"> <a name=\"20\"><span class=\"versanumer_ljod\">20<\/span><\/a>Heyri\u00f0 \u00fev\u00ed \u00e1kv\u00f6r\u00f0un Drottins<br \/>sem hann hefur teki\u00f0 gegn Ed\u00f3m,<br \/>r\u00e1\u00f0in sem hann hefur r\u00e1\u00f0i\u00f0<br \/>gegn \u00edb\u00faunum \u00ed Teman:<br \/>Sannarlega ver\u00f0a jafnvel hinir minnstu \u00ed hj\u00f6r\u00f0inni<br \/>dregnir \u00ed burtu,<br \/>sannarlega mun \u00feeirra eigin bithaga <br \/>hrylla vi\u00f0 \u00f6rl\u00f6gum \u00feeirra.<br \/> <\/span> <span class=\"ljodatexti\"> <a name=\"21\"><span class=\"versanumer_ljod\">21<\/span><\/a>J\u00f6r\u00f0in n\u00f6trar vi\u00f0 braki\u00f0 af hruni \u00feeirra,<br \/>kveini\u00f0 \u00fea\u00f0an heyrist alla lei\u00f0 a\u00f0 Sefhafinu.<br \/> <\/span> <span class=\"ljodatexti\"> <a name=\"22\"><span class=\"versanumer_ljod\">22<\/span><\/a> Fjandma\u00f0urinn hefur sig til flugs,<br \/>kemur sv\u00edfandi eins og \u00f6rn <br \/>og \u00feenur v\u00e6ngina \u00fat yfir Bosra.<br \/>\u00deann dag ver\u00f0ur hjarta kappanna \u00ed Ed\u00f3m<br \/>eins og hjarta konu \u00ed barnsnau\u00f0. <\/span> <\/p>\n<h3 class=\"millifyrirsogn_2007\">Gegn Damaskus<\/h3>\n<p><span class=\"ljodatexti\"> <a name=\"23\"><span class=\"versanumer_ljod\">23<\/span><\/a> Um Damaskus:<br \/>Hamat og Arpad eru felmtri slegnar<br \/>\u00fev\u00ed a\u00f0 \u00feeim hafa borist \u00f3t\u00ed\u00f0indi.<br \/>\u00de\u00e6r eru i\u00f0andi af \u00e1hyggjum<br \/>eins og hafi\u00f0 sem aldrei getur veri\u00f0 kyrrt.<br \/> <\/span> <span class=\"ljodatexti\"> <a name=\"24\"><span class=\"versanumer_ljod\">24<\/span><\/a> \u00cdb\u00faana \u00ed Damaskus brestur kjark,<br \/>\u00feeir leggja \u00e1 fl\u00f3tta, gripnir skelfingu,<br \/>engjast eins og j\u00f3\u00f0sj\u00fak kona.<br \/> <\/span> <span class=\"ljodatexti\"> <a name=\"25\"><span class=\"versanumer_ljod\">25<\/span><\/a> Er hin gl\u00e6sta borg ekki gersamlega yfirgefin,<br \/>borg gle\u00f0i og glaums?<br \/> <\/span> <span class=\"ljodatexti\"> <a name=\"26\"><span class=\"versanumer_ljod\">26<\/span><\/a> \u00dev\u00ed munu \u00e6skumenn hennar falla \u00e1 torgunum<br \/>og allir hermenn farast \u00e1 \u00feeim degi,<br \/>segir Drottinn hersveitanna.<br \/> <\/span> <span class=\"ljodatexti\"> <a name=\"27\"><span class=\"versanumer_ljod\">27<\/span><\/a> \u00c9g mun leggja eld a\u00f0 borgarm\u00farum Damaskus<br \/>svo a\u00f0 hann gleypi hallir Benhadads. <\/span> <\/p>\n<h3 class=\"millifyrirsogn_2007\">Gegn arab\u00edskum \u00e6ttb\u00e1lkum<\/h3>\n<p><span class=\"ljodatexti\"> <a name=\"28\"><span class=\"versanumer_ljod\">28<\/span><\/a> Um Kedar og konungsr\u00edki Has\u00f3rs sem Neb\u00fakadresar <br \/>Bab\u00fdlon\u00edukonungur sigra\u00f0i:<br \/>Svo segir Drottinn:<br \/>Komi\u00f0, r\u00e1\u00f0ist \u00e1 Kedar.<br \/>Gerey\u00f0i\u00f0 austurbyggjum.<br \/> <\/span> <span class=\"ljodatexti\"> <a name=\"29\"><span class=\"versanumer_ljod\">29<\/span><\/a> \u00deeir munu r\u00e6na tj\u00f6ldum \u00feeirra og sau\u00f0ahj\u00f6r\u00f0um, <br \/>tjaldd\u00fakum \u00feeirra og \u00f6llum b\u00fana\u00f0i, <br \/>taka \u00falfalda \u00feeirra me\u00f0 s\u00e9r<br \/>og hr\u00f3pa yfir \u00feeim: \u201eSkelfing \u00far \u00f6llum \u00e1ttum.\u201c<br \/> <\/span> <span class=\"ljodatexti\"> <a name=\"30\"><span class=\"versanumer_ljod\">30<\/span><\/a> Leggi\u00f0 \u00e1 fl\u00f3tta, fl\u00fdi\u00f0 sem hra\u00f0ast. <br \/>Skr\u00ed\u00f0i\u00f0 \u00ed felur, <br \/>\u00fe\u00e9r sem b\u00fai\u00f0 \u00ed Has\u00f3r, segir Drottinn, <br \/>\u00fev\u00ed a\u00f0 Neb\u00fakadresar, konungur \u00ed Bab\u00fdlon, <br \/>hefur lagt \u00e1 r\u00e1\u00f0 gegn y\u00f0ur <br \/>og teki\u00f0 \u00e1kv\u00f6r\u00f0un.<br \/> <\/span> <span class=\"ljodatexti\"> <a name=\"31\"><span class=\"versanumer_ljod\">31<\/span><\/a> Komi\u00f0, r\u00e1\u00f0ist \u00e1 \u00feessa ugglausu \u00fej\u00f3\u00f0 <br \/>sem b\u00fdr vi\u00f0 \u00f6ryggi, segir Drottinn, <br \/>og hefur hvorki hur\u00f0ir n\u00e9 slagbranda og b\u00fdr ein s\u00e9r.<br \/> <\/span> <span class=\"ljodatexti\"> <a name=\"32\"><span class=\"versanumer_ljod\">32<\/span><\/a> \u00dalfaldar \u00feeirra ver\u00f0a r\u00e1nsfengur <br \/>og fj\u00f6lmargar nautahjar\u00f0ir herfang. <br \/>\u00c9g mun dreifa \u00feeim \u00fat \u00ed ve\u00f0ur og vind, <br \/>\u00feeim sem hafa skori\u00f0 h\u00e1ri\u00f0 fr\u00e1 gagnaugunum<br \/>mun \u00e9g senda b\u00f6l \u00far \u00f6llum \u00e1ttum, segir Drottinn.<br \/> <\/span> <span class=\"ljodatexti\"> <a name=\"33\"><span class=\"versanumer_ljod\">33<\/span><\/a> Has\u00f3r ver\u00f0ur b\u00fasta\u00f0ur sjakala, <br \/>\u00fear mun enginn ma\u00f0ur b\u00faa og enginn hafa \u00fear vi\u00f0dv\u00f6l. <\/span> <\/p>\n<h3 class=\"millifyrirsogn_2007\">Gegn Elam<\/h3>\n<p><span class=\"ljodatexti\"> <a name=\"34\"><span class=\"versanumer_ljod\">34<\/span><\/a> Or\u00f0 Drottins gegn Elam, sem kom til Jerem\u00eda sp\u00e1manns vi\u00f0 <br \/>upphaf stj\u00f3rnart\u00edma Sedek\u00eda J\u00fadakonungs:<br \/> <\/span> <span class=\"ljodatexti\"> <a name=\"35\"><span class=\"versanumer_ljod\">35<\/span><\/a> Svo segir Drottinn hersveitanna: <br \/>N\u00fa br\u00fdt \u00e9g boga Elam\u00edta,<br \/>\u00f6flugasta vopn \u00feeirra.<br \/> <\/span> <span class=\"ljodatexti\"> <a name=\"36\"><span class=\"versanumer_ljod\">36<\/span><\/a> \u00c9g hleypi \u00e1 Elam fj\u00f3rum vindum, <br \/>fr\u00e1 fj\u00f3rum hornum himins. <br \/>\u00c9g tv\u00edstra\u00f0i \u00feeim fyrir \u00f6llum \u00feessum vindum <br \/>og engin s\u00fa \u00fej\u00f3\u00f0 ver\u00f0ur til<br \/>a\u00f0 fl\u00f3ttamenn fr\u00e1 Elam komi \u00feanga\u00f0 ekki.<br \/> <\/span> <span class=\"ljodatexti\"> <a name=\"37\"><span class=\"versanumer_ljod\">37<\/span><\/a> \u00c9g sk\u00fdt Elam\u00edtum skelk \u00ed bringu <br \/>frammi fyrir fjandm\u00f6nnum \u00feeirra, <br \/>frammi fyrir \u00feeim sem s\u00e6kjast eftir l\u00edfi \u00feeirra. <br \/>\u00c9g sendi b\u00f6l gegn \u00feeim, <br \/>logandi rei\u00f0i m\u00edna, segir Drottinn. <br \/>\u00c9g sendi sver\u00f0i\u00f0 \u00e1 eftir \u00feeim <br \/>\u00fear til \u00e9g hef eytt \u00feeim.<br \/> <\/span> <span class=\"ljodatexti\"> <a name=\"38\"><span class=\"versanumer_ljod\">38<\/span><\/a> \u00c9g reisi h\u00e1s\u00e6ti mitt \u00ed Elam <br \/>og ey\u00f0i \u00fea\u00f0an konungi og h\u00f6f\u00f0ingjum, segir Drottinn.<br \/> <\/span> <span class=\"ljodatexti\"> <a name=\"39\"><span class=\"versanumer_ljod\">39<\/span><\/a> En eftir \u00fea\u00f0 mun \u00e9g sn\u00faa vi\u00f0 h\u00f6gum Elams, segir Drottinn. <\/span> <\/p>\n","protected":false},"excerpt":{"rendered":"<p>Gegn Amm\u00f3n\u00edtum 1 Um Amm\u00f3n\u00edta. Svo segir Drottinn: \u00c1 \u00cdsrael enga syni, engan sem tekur arf eftir hann? Hvers vegna t\u00f3k Milk\u00f3m \u00e6ttb\u00e1lk Ga\u00f0s \u00ed arf, hv\u00ed settist \u00fej\u00f3\u00f0 Milk\u00f3ms a\u00f0 \u00ed borgum hans? 2\u00deeir dagar koma, segir Drottinn,a\u00f0 \u00e9g l\u00e6t her\u00f3p gjalla gegn Rabba, borg Amm\u00f3n\u00edta. H\u00fan skal ver\u00f0a a\u00f0 au\u00f0ri grj\u00f3tr\u00fastog d\u00f3tturborgir hennar eyddar \u00ed eldi.\u00de\u00e1 mun \u00cdsrael taka \u00ed arf \u00fe\u00e1 sem t\u00f3ku arf hans, segir Drottinn. 3Kveina\u00f0u, Hesbon, \u00fev\u00ed a\u00f0 ey\u00f0andinn heldur gegn \u00fe\u00e9r. Gr\u00e1ti\u00f0, d\u00e6tur Rabba, gyr\u00f0ist h\u00e6rusekk, harmi\u00f0, reiki\u00f0 um me\u00f0 skinnsprettur \u00fev\u00ed a\u00f0 Milk\u00f3m fer \u00ed \u00fatleg\u00f0\u00e1samt prestum s\u00ednum og h\u00f6f\u00f0ingjum. 4Hvernig getur <a href=\"https:\/\/biblian.is\/biblian\/jeremia-49-kafli\/\"> [&#8230;]<\/a><\/p>\n","protected":false},"author":1,"featured_media":0,"parent":0,"menu_order":0,"comment_status":"open","ping_status":"open","template":"bibliukaflar_NT.php","meta":{"footnotes":""},"class_list":["post-2411","page","type-page","status-publish","hentry"],"_links":{"self":[{"href":"https:\/\/biblian.is\/biblian\/wp-json\/wp\/v2\/pages\/2411","targetHints":{"allow":["GET"]}}],"collection":[{"href":"https:\/\/biblian.is\/biblian\/wp-json\/wp\/v2\/pages"}],"about":[{"href":"https:\/\/biblian.is\/biblian\/wp-json\/wp\/v2\/types\/page"}],"author":[{"embeddable":true,"href":"https:\/\/biblian.is\/biblian\/wp-json\/wp\/v2\/users\/1"}],"replies":[{"embeddable":true,"href":"https:\/\/biblian.is\/biblian\/wp-json\/wp\/v2\/comments?post=2411"}],"version-history":[{"count":0,"href":"https:\/\/biblian.is\/biblian\/wp-json\/wp\/v2\/pages\/2411\/revisions"}],"wp:attachment":[{"href":"https:\/\/biblian.is\/biblian\/wp-json\/wp\/v2\/media?parent=2411"}],"curies":[{"name":"wp","href":"https:\/\/api.w.org\/{rel}","templated":true}]}}