{"id":2410,"date":"2017-12-30T21:03:03","date_gmt":"2017-12-30T21:03:03","guid":{"rendered":"http:\/\/biblian.is\/biblian\/jerem%c2%92a-48-kafli\/"},"modified":"2024-07-03T12:50:12","modified_gmt":"2024-07-03T12:50:12","slug":"jeremia-48-kafli","status":"publish","type":"page","link":"https:\/\/biblian.is\/biblian\/jeremia-48-kafli\/","title":{"rendered":"Jerem\u00eda 48. kafli"},"content":{"rendered":"<h3 class=\"millifyrirsogn_2007\"> Gegn M\u00f3ab: Ey\u00f0ing M\u00f3abs<\/h3>\n<p><a name=\"1\"><span class=\"versanumer_2007\">1<\/span><\/a> Um M\u00f3ab. <br \/> <span class=\"ljodatexti\"> Svo segir Drottinn hersveitanna, Gu\u00f0 \u00cdsraels: <br \/>Vei, Neb\u00f3, h\u00fan er l\u00f6g\u00f0 \u00ed ey\u00f0i, Kirjata\u00edm fallin, <br \/>virki\u00f0 er or\u00f0i\u00f0 til skammar, lagt \u00ed r\u00fast, <br \/> <\/span> <span class=\"ljodatexti\"> <a name=\"2\"><span class=\"versanumer_ljod\">2<\/span><\/a>vegsemd M\u00f3abs er horfin. <br \/>\u00cd Hesbon bruggu\u00f0u menn ill r\u00e1\u00f0 gegn r\u00edkinu: <br \/>\u201eKomi\u00f0, uppr\u00e6tum \u00fe\u00e1 sem \u00fej\u00f3\u00f0.\u201c <br \/>Madmen, \u00fe\u00fa munt einnig \u00feagna, sver\u00f0i\u00f0 eltir \u00feig. <span class=\"nedan_mal\" title=\" \u00c1 hebresku er h\u00e9r or\u00f0aleikur, annars vegar milli Hesbon og \u201ea\u00f0 brugga r\u00e1\u00f0\u201c og hins vegar milli Madmen og \u201ea\u00f0 \u00feagna\u201c.\">[<\/span> <br \/> <\/span> <span class=\"ljodatexti\"> <a name=\"3\"><span class=\"versanumer_ljod\">3<\/span><\/a>Heyri\u00f0 kveini\u00f0 fr\u00e1 H\u00f3r\u00f3na\u00edm, ey\u00f0ing og tort\u00edming.<br \/> <\/span> <span class=\"ljodatexti\"> <a name=\"4\"><span class=\"versanumer_ljod\">4<\/span><\/a>M\u00f3ab er mola\u00f0ur, kveinin heyrast allt til S\u00f3ar. <br \/> <\/span> <span class=\"ljodatexti\"> <a name=\"5\"><span class=\"versanumer_ljod\">5<\/span><\/a>Menn ganga gr\u00e1tandi upp st\u00edginn vi\u00f0 L\u00fak\u00edt, <br \/>\u00e1 veginum ni\u00f0ur til H\u00f3r\u00f3na\u00edm <br \/>heyrast skelfingar\u00f3p vegna tort\u00edmingarinnar.<br \/> <\/span> <span class=\"ljodatexti\"> <a name=\"6\"><span class=\"versanumer_ljod\">6<\/span><\/a>Fl\u00fdi\u00f0, bjargi\u00f0 l\u00edfi y\u00f0ar, <br \/>ver\u00f0i\u00f0 sem villiasnar \u00ed ey\u00f0im\u00f6rkinni. <br \/> <\/span> <span class=\"ljodatexti\"> <a name=\"7\"><span class=\"versanumer_ljod\">7<\/span><\/a>\u00dear sem \u00fe\u00fa treystir eigin verkum og au\u00f0i <br \/>ver\u00f0ur \u00fe\u00fa unnin, <br \/>Kamos mun fara \u00ed \u00fatleg\u00f0 <br \/>\u00e1samt prestum s\u00ednum og h\u00f6f\u00f0ingjum.<br \/> <\/span> <span class=\"ljodatexti\"> <a name=\"8\"><span class=\"versanumer_ljod\">8<\/span><\/a>Ey\u00f0andinn r\u00e6\u00f0st \u00e1 s\u00e9rhverja borg, <br \/>engin borg mun bjargast. <br \/>Dalurinn ver\u00f0ur eyddur <br \/>og sl\u00e9ttunni spillt <br \/>eins og Drottinn hefur sagt.<br \/> <\/span> <span class=\"ljodatexti\"> <a name=\"9\"><span class=\"versanumer_ljod\">9<\/span><\/a>Reisi\u00f0 minnisstein yfir M\u00f3ab <br \/>\u00fev\u00ed a\u00f0 honum ver\u00f0ur tort\u00edmt, <br \/>borgirnar ver\u00f0a lag\u00f0ar \u00ed au\u00f0n, <br \/>enginn mun b\u00faa \u00fear framar.<br \/> <\/span> <span class=\"ljodatexti\"> <a name=\"10\"><span class=\"versanumer_ljod\">10<\/span><\/a>B\u00f6lva\u00f0ur s\u00e9 s\u00e1 sem hikar vi\u00f0 a\u00f0 vinna verk Drottins. <br \/>B\u00f6lva\u00f0ur s\u00e9 s\u00e1 sem synjar sver\u00f0i s\u00ednu um bl\u00f3\u00f0.<br \/> <\/span> <span class=\"ljodatexti\"> <a name=\"11\"><span class=\"versanumer_ljod\">11<\/span><\/a>M\u00f3ab naut fri\u00f0ar fr\u00e1 \u00e6sku, <br \/>hann hv\u00edldi \u00ed n\u00e6\u00f0i eins og v\u00edn \u00e1 dreggjum. <br \/>Honum var ekki hellt \u00far einu keri \u00ed anna\u00f0 <br \/>og hann f\u00f3r aldrei \u00ed \u00fatleg\u00f0. <br \/>\u00dev\u00ed var\u00f0veitti hann brag\u00f0 sitt <br \/>og ilmurinn breyttist ekki.<br \/> <\/span> <span class=\"ljodatexti\"> <a name=\"12\"><span class=\"versanumer_ljod\">12<\/span><\/a>\u00deeir dagar koma, segir Drottinn,<br \/>\u00feegar \u00e9g sendi menn til a\u00f0 hella \u00far honum, <br \/>\u00feeir munu t\u00e6ma ker hans, brj\u00f3ta krukkur hans.<br \/> <\/span> <span class=\"ljodatexti\"> <a name=\"13\"><span class=\"versanumer_ljod\">13<\/span><\/a>M\u00f3ab ver\u00f0ur sm\u00e1na\u00f0ur af Kamos <br \/>eins og \u00cdsraelsmenn voru sm\u00e1na\u00f0ir af Betel sem \u00feeir treystu. <br \/> <\/span> <span class=\"ljodatexti\"> <a name=\"14\"><span class=\"versanumer_ljod\">14<\/span><\/a>Hvernig geti\u00f0 \u00fe\u00e9r sagt: \u201eV\u00e9r erum hetjur, <br \/>hraustir hermenn?\u201c<br \/> <\/span> <span class=\"ljodatexti\"> <a name=\"15\"><span class=\"versanumer_ljod\">15<\/span><\/a>Ey\u00f0andi M\u00f3abs heldur upp eftir gegn borgum hans <br \/>en bl\u00f3mi \u00e6skumanna hans fer ni\u00f0ur eftir og ver\u00f0ur sl\u00e1tra\u00f0, <br \/>segir konungurinn, Drottinn hersveitanna er nafn hans.<br \/> <\/span> <span class=\"ljodatexti\"> <a name=\"16\"><span class=\"versanumer_ljod\">16<\/span><\/a>Tort\u00edming M\u00f3abs er \u00ed n\u00e1nd, <br \/>\u00f3g\u00e6fan dynur br\u00e1tt yfir hann.<br \/> <\/span> <span class=\"ljodatexti\"> <a name=\"17\"><span class=\"versanumer_ljod\">17<\/span><\/a>S\u00fdni\u00f0 honum sam\u00fa\u00f0, n\u00e1grannar hans, <br \/>og allir sem \u00feekki\u00f0 nafn hans. <br \/>Segi\u00f0: \u201eHvers vegna brast hinn sterki stafur, <br \/>hinn d\u00fdrlegi veldissproti?\u201c <\/span> <\/p>\n<h3 class=\"millifyrirsogn_2007\">Fr\u00e1s\u00f6gn fl\u00f3ttamannanna<\/h3>\n<p><span class=\"ljodatexti\"> <a name=\"18\"><span class=\"versanumer_ljod\">18<\/span><\/a>St\u00edg ni\u00f0ur \u00far vegsemdinni, sestu \u00ed skarni\u00f0, <br \/>d\u00f3ttir, sem b\u00fdr\u00f0 \u00ed D\u00edbon,<br \/>\u00fev\u00ed a\u00f0 ey\u00f0andi M\u00f3abs heldur gegn \u00fe\u00e9r<br \/>og br\u00fdtur varnarvirki \u00fe\u00edn.<br \/> <\/span> <span class=\"ljodatexti\"> <a name=\"19\"><span class=\"versanumer_ljod\">19<\/span><\/a>\u00de\u00fa sem b\u00fdr\u00f0 \u00ed Ar\u00f3er, <br \/>gakktu \u00fat \u00e1 g\u00f6tuna og horf\u00f0u \u00ed kringum \u00feig, <br \/>spyr\u00f0u fl\u00f3ttamanninn og konuna sem komist hefur undan: \u201eHva\u00f0 ger\u00f0ist?\u201c<br \/> <\/span> <span class=\"ljodatexti\"> <a name=\"20\"><span class=\"versanumer_ljod\">20<\/span><\/a>M\u00f3ab var ni\u00f0url\u00e6g\u00f0ur, j\u00e1, ni\u00f0urbrotinn. <br \/>Gr\u00e1ti\u00f0 og kveini\u00f0. <br \/>Kunngj\u00f6ri\u00f0 vi\u00f0 Arnon: <br \/>M\u00f3ab hefur veri\u00f0 eytt.<br \/> <\/span> <span class=\"ljodatexti\"> <a name=\"21\"><span class=\"versanumer_ljod\">21<\/span><\/a>Refsid\u00f3mur kom yfir sl\u00e9ttlendi\u00f0, <br \/>yfir H\u00f3lon, Jahsa og Mefaat,<br \/> <\/span> <span class=\"ljodatexti\"> <a name=\"22\"><span class=\"versanumer_ljod\">22<\/span><\/a> yfir D\u00edbon, Neb\u00f3 og Bet-D\u00edblata\u00edm,<br \/> <\/span> <span class=\"ljodatexti\"> <a name=\"23\"><span class=\"versanumer_ljod\">23<\/span><\/a> yfir Kirjata\u00edm, Bet-Gam\u00fal og Bet-Meon,<br \/> <\/span> <span class=\"ljodatexti\"> <a name=\"24\"><span class=\"versanumer_ljod\">24<\/span><\/a> yfir Ker\u00ed\u00f3t og yfir Bosra, <br \/>yfir allar borgir \u00ed M\u00f3ab, n\u00e6r og fj\u00e6r.<br \/> <\/span> <span class=\"ljodatexti\"> <a name=\"25\"><span class=\"versanumer_ljod\">25<\/span><\/a> Horn M\u00f3abs var h\u00f6ggvi\u00f0 af, <br \/>armur hans brotinn, segir Drottinn.<br \/> <\/span> <span class=\"ljodatexti\"> <a name=\"26\"><span class=\"versanumer_ljod\">26<\/span><\/a> Geri\u00f0 M\u00f3ab drukkinn <br \/>\u00fev\u00ed a\u00f0 hann hefur hreykt s\u00e9r gegn Drottni, <br \/>hann skal \u00fev\u00ed sp\u00fdja og ver\u00f0a a\u00f0 athl\u00e6gi.<br \/> <\/span> <span class=\"ljodatexti\"> <a name=\"27\"><span class=\"versanumer_ljod\">27<\/span><\/a> Var\u00f0 \u00cdsrael \u00fe\u00e9r ekki a\u00f0hl\u00e1tursefni? <br \/>Var hann gripinn me\u00f0al \u00fej\u00f3fa <br \/>fyrst \u00fe\u00fa skekur \u00feig h\u00e1\u00f0slega <br \/>\u00ed hvert skipti sem \u00fe\u00fa nefnir hann?<br \/> <\/span> <span class=\"ljodatexti\"> <a name=\"28\"><span class=\"versanumer_ljod\">28<\/span><\/a> Fl\u00fdi\u00f0 borgirnar, setjist a\u00f0 \u00ed klettunum, <br \/>\u00fe\u00e9r, sem b\u00fai\u00f0 \u00ed M\u00f3ab, <br \/>fari\u00f0 a\u00f0 eins og d\u00fafan <br \/>sem gerir s\u00e9r hrei\u00f0ur \u00ed klettum, \u00ed gapandi gj\u00e1. <\/span> <\/p>\n<h3 class=\"millifyrirsogn_2007\">Hroki M\u00f3abs<\/h3>\n<p><span class=\"ljodatexti\"> <a name=\"29\"><span class=\"versanumer_ljod\">29<\/span><\/a> V\u00e9r h\u00f6fum heyrt um hroka M\u00f3abs, <br \/>hann er fram \u00far h\u00f3fi hrokafullur. <br \/>Um hroka hans og stolt h\u00f6fum v\u00e9r heyrt, <br \/>um dramb hans og ofmetna\u00f0.<br \/> <\/span> <span class=\"ljodatexti\"> <a name=\"30\"><span class=\"versanumer_ljod\">30<\/span><\/a> \u00c9g veit sj\u00e1lfur um ofl\u00e6ti hans, segir Drottinn, <br \/>marklaus g\u00edfuryr\u00f0i og einskisver\u00f0 verk.<br \/> <\/span> <span class=\"ljodatexti\"> <a name=\"31\"><span class=\"versanumer_ljod\">31<\/span><\/a> \u00deess vegna gr\u00e6t \u00e9g yfir M\u00f3ab, <br \/>\u00e9g harma allan M\u00f3ab, <br \/>kveina yfir f\u00f3lkinu \u00ed K\u00edr-Heres.<br \/> <\/span> <span class=\"ljodatexti\"> <a name=\"32\"><span class=\"versanumer_ljod\">32<\/span><\/a> \u00c9g gr\u00e6t meira yfir \u00fe\u00e9r, v\u00ednvi\u00f0ur \u00ed S\u00edbma, <br \/>en yfir Jeser, <br \/>greinar \u00fe\u00ednar h\u00e9ngu \u00fat yfir hafi\u00f0, <br \/>\u00fe\u00e6r n\u00e1\u00f0u til Jeser. <br \/>Ey\u00f0andinn kasta\u00f0i s\u00e9r yfir uppskeru \u00fe\u00edna <br \/>af \u00e1v\u00f6xtum og v\u00edni.<br \/> <\/span> <span class=\"ljodatexti\"> <a name=\"33\"><span class=\"versanumer_ljod\">33<\/span><\/a> F\u00f6gnu\u00f0ur og gle\u00f0i er horfin <br \/>\u00far v\u00edng\u00f6r\u00f0unum og \u00far M\u00f3abslandi. <br \/>V\u00edni\u00f0 er \u00feorri\u00f0 \u00ed v\u00ednpressunum, <br \/>enginn tre\u00f0ur \u00fe\u00e6r lengur, <br \/>fagna\u00f0ar\u00f3pin eru \u00fe\u00f6gnu\u00f0. <\/span> <br \/> <a name=\"34\"><span class=\"versanumer_2007\">34<\/span><\/a> Kveini\u00f0 fr\u00e1 Hesbon og Eleale glymur til Jahas, menn \u00e6pa fr\u00e1 S\u00f3ar til H\u00f3r\u00f3na\u00edm og Eglat-Selis\u00eda, j\u00e1, vatnsfarvegurinn vi\u00f0 Nimr\u00edm breytist \u00ed ey\u00f0im\u00f6rk.<br \/> <a name=\"35\"><span class=\"versanumer_2007\">35<\/span><\/a> \u00c9g mun hindra, segir Drottinn, a\u00f0 M\u00f3ab f\u00e6ri brennif\u00f3rnir \u00e1 f\u00f3rnarh\u00e6\u00f0inni og kveiki gu\u00f0um s\u00ednum f\u00f3rnareld. <a name=\"36\"><span class=\"versanumer_2007\">36<\/span><\/a> Hjarta mitt titrar vegna M\u00f3abs eins og flautut\u00f3nn og hjarta mitt titrar eins og flautut\u00f3nn vegna f\u00f3lksins fr\u00e1 K\u00edr-Heres \u00fev\u00ed a\u00f0 \u00fea\u00f0 hefur misst \u00fea\u00f0 sem eftir var af eigum \u00feess. <a name=\"37\"><span class=\"versanumer_2007\">37<\/span><\/a> S\u00e9rhvert h\u00f6fu\u00f0 er raka\u00f0, hvert skegg hefur veri\u00f0 skori\u00f0 af, \u00e1 hverjum handlegg eru skinnsprettur, um lendarnar h\u00e6rusekkur. <a name=\"38\"><span class=\"versanumer_2007\">38<\/span><\/a> \u00c1 hverju \u00feaki og hverju torgi \u00ed M\u00f3ab heyrist harmagr\u00e1tur \u00fev\u00ed a\u00f0 \u00e9g hef m\u00f6lbroti\u00f0 M\u00f3ab eins og gagnslaust leirker, segir Drottinn. <a name=\"39\"><span class=\"versanumer_2007\">39<\/span><\/a> \u00c6, hversu ni\u00f0urbrotinn er hann. Hversu skammarlega sneri M\u00f3ab baki \u00ed fjandmennina og fl\u00fd\u00f0i. Og M\u00f3ab er or\u00f0inn til athl\u00e6gis og skelfingar \u00f6llum n\u00e1gr\u00f6nnum s\u00ednum. <\/p>\n<h3 class=\"millifyrirsogn_2007\">D\u00f3mur yfir M\u00f3ab<\/h3>\n<p><span class=\"ljodatexti\"> <a name=\"40\"><span class=\"versanumer_ljod\">40<\/span><\/a> Svo segir Drottinn: <br \/>\u00d3vinurinn kemur sv\u00edfandi eins og \u00f6rn <br \/>og \u00feenur v\u00e6ngina \u00fat yfir M\u00f3ab.<br \/> <\/span> <span class=\"ljodatexti\"> <a name=\"41\"><span class=\"versanumer_ljod\">41<\/span><\/a> Borgirnar eru unnar, <br \/>fjallavirkin fallin, <br \/>\u00feann dag l\u00ed\u00f0ur k\u00f6ppunum \u00ed M\u00f3ab<br \/>eins og konu \u00ed barnsnau\u00f0.<br \/> <\/span> <span class=\"ljodatexti\"> <a name=\"42\"><span class=\"versanumer_ljod\">42<\/span><\/a> M\u00f3ab ver\u00f0ur afm\u00e1\u00f0ur, <br \/>hann ver\u00f0ur ekki \u00fej\u00f3\u00f0 framar <br \/>\u00fev\u00ed a\u00f0 hann hreykti s\u00e9r gegn Drottni. <br \/> <\/span> <span class=\"ljodatexti\"> <a name=\"43\"><span class=\"versanumer_ljod\">43<\/span><\/a> Geigur, gryfja og gildra \u00f3gna \u00fe\u00e9r <br \/>sem b\u00fdr\u00f0 \u00ed M\u00f3ab, segir Drottinn.<br \/> <\/span> <span class=\"ljodatexti\"> <a name=\"44\"><span class=\"versanumer_ljod\">44<\/span><\/a> S\u00e1 sem fl\u00fdr geiginn <br \/>fellur \u00ed gryfjuna, <br \/>s\u00e1 sem kemst upp \u00far gryfjunni <br \/>lendir \u00ed gildrunni. <br \/>J\u00e1, \u00feetta sendi \u00e9g yfir M\u00f3ab <br \/>\u00e1ri\u00f0 sem hann ver\u00f0ur dreginn til \u00e1byrg\u00f0ar.<br \/> <\/span> <span class=\"ljodatexti\"> <a name=\"45\"><span class=\"versanumer_ljod\">45<\/span><\/a> \u00cd skugga Hesbons standa \u00f6rmagna fl\u00f3ttamenn <br \/>en eldur br\u00fdst \u00fat \u00far Hesbon, <br \/>borg S\u00edhons stendur \u00ed lj\u00f3sum logum. <br \/>Eldurinn sleikir \u00feunnvanga M\u00f3abs, <br \/>hvirfil h\u00e1va\u00f0amannanna.<br \/> <\/span> <span class=\"ljodatexti\"> <a name=\"46\"><span class=\"versanumer_ljod\">46<\/span><\/a> Vei \u00fe\u00e9r, M\u00f3ab. <br \/>\u00de\u00fa, \u00fej\u00f3\u00f0 Kamoss, ert gl\u00f6tu\u00f0. <br \/>Synir \u00fe\u00ednir eru hraktir \u00ed \u00fatleg\u00f0, <br \/>d\u00e6tur \u00fe\u00ednar teknar til fanga.<br \/> <\/span> <span class=\"ljodatexti\"> <a name=\"47\"><span class=\"versanumer_ljod\">47<\/span><\/a> \u00dev\u00ed n\u00e6st mun \u00e9g sn\u00faa h\u00f6gum M\u00f3abs, segir Drottinn. <br \/>H\u00e9r l\u00fdkur d\u00f3msor\u00f0unum yfir M\u00f3ab. <\/span> <\/p>\n","protected":false},"excerpt":{"rendered":"<p>Gegn M\u00f3ab: Ey\u00f0ing M\u00f3abs 1 Um M\u00f3ab. Svo segir Drottinn hersveitanna, Gu\u00f0 \u00cdsraels: Vei, Neb\u00f3, h\u00fan er l\u00f6g\u00f0 \u00ed ey\u00f0i, Kirjata\u00edm fallin, virki\u00f0 er or\u00f0i\u00f0 til skammar, lagt \u00ed r\u00fast, 2vegsemd M\u00f3abs er horfin. \u00cd Hesbon bruggu\u00f0u menn ill r\u00e1\u00f0 gegn r\u00edkinu: \u201eKomi\u00f0, uppr\u00e6tum \u00fe\u00e1 sem \u00fej\u00f3\u00f0.\u201c Madmen, \u00fe\u00fa munt einnig \u00feagna, sver\u00f0i\u00f0 eltir \u00feig. [ 3Heyri\u00f0 kveini\u00f0 fr\u00e1 H\u00f3r\u00f3na\u00edm, ey\u00f0ing og tort\u00edming. 4M\u00f3ab er mola\u00f0ur, kveinin heyrast allt til S\u00f3ar. 5Menn ganga gr\u00e1tandi upp st\u00edginn vi\u00f0 L\u00fak\u00edt, \u00e1 veginum ni\u00f0ur til H\u00f3r\u00f3na\u00edm heyrast skelfingar\u00f3p vegna tort\u00edmingarinnar. 6Fl\u00fdi\u00f0, bjargi\u00f0 l\u00edfi y\u00f0ar, ver\u00f0i\u00f0 sem villiasnar \u00ed ey\u00f0im\u00f6rkinni. 7\u00dear sem \u00fe\u00fa treystir <a href=\"https:\/\/biblian.is\/biblian\/jeremia-48-kafli\/\"> [&#8230;]<\/a><\/p>\n","protected":false},"author":1,"featured_media":0,"parent":0,"menu_order":0,"comment_status":"open","ping_status":"open","template":"bibliukaflar_NT.php","meta":{"footnotes":""},"class_list":["post-2410","page","type-page","status-publish","hentry"],"_links":{"self":[{"href":"https:\/\/biblian.is\/biblian\/wp-json\/wp\/v2\/pages\/2410","targetHints":{"allow":["GET"]}}],"collection":[{"href":"https:\/\/biblian.is\/biblian\/wp-json\/wp\/v2\/pages"}],"about":[{"href":"https:\/\/biblian.is\/biblian\/wp-json\/wp\/v2\/types\/page"}],"author":[{"embeddable":true,"href":"https:\/\/biblian.is\/biblian\/wp-json\/wp\/v2\/users\/1"}],"replies":[{"embeddable":true,"href":"https:\/\/biblian.is\/biblian\/wp-json\/wp\/v2\/comments?post=2410"}],"version-history":[{"count":0,"href":"https:\/\/biblian.is\/biblian\/wp-json\/wp\/v2\/pages\/2410\/revisions"}],"wp:attachment":[{"href":"https:\/\/biblian.is\/biblian\/wp-json\/wp\/v2\/media?parent=2410"}],"curies":[{"name":"wp","href":"https:\/\/api.w.org\/{rel}","templated":true}]}}