{"id":2409,"date":"2017-12-30T21:03:03","date_gmt":"2017-12-30T21:03:03","guid":{"rendered":"http:\/\/biblian.is\/biblian\/jerem%c2%92a-47-kafli\/"},"modified":"2024-07-03T12:50:12","modified_gmt":"2024-07-03T12:50:12","slug":"jeremia-47-kafli","status":"publish","type":"page","link":"https:\/\/biblian.is\/biblian\/jeremia-47-kafli\/","title":{"rendered":"Jerem\u00eda 47. kafli"},"content":{"rendered":"<h3 class=\"millifyrirsogn_2007\"> Gegn Filisteum<\/h3>\n<p><a name=\"1\"><span class=\"versanumer_2007\">1<\/span><\/a> Or\u00f0 Drottins um Filistea sem kom til Jerem\u00eda sp\u00e1manns \u00e1\u00f0ur en fara\u00f3 t\u00f3k Gasa.<br \/> <span class=\"ljodatexti\"> <a name=\"2\"><span class=\"versanumer_ljod\">2<\/span><\/a>Svo segir Drottinn:<br \/>Vatn sem streymir \u00far nor\u00f0ri <br \/>mun brj\u00f3tast fram sem st\u00f3rflj\u00f3t, <br \/>\u00fea\u00f0 mun fl\u00e6\u00f0a yfir landi\u00f0 og allt sem \u00ed \u00fev\u00ed er, <br \/>borgirnar og \u00edb\u00faa \u00feeirra, <br \/>menn munu \u00e6pa h\u00e1tt <br \/>og allir \u00edb\u00faar landsins hlj\u00f3\u00f0a. <br \/> <\/span> <span class=\"ljodatexti\"> <a name=\"3\"><span class=\"versanumer_ljod\">3<\/span><\/a>\u00deegar h\u00f3fadynur str\u00ed\u00f0shesta \u00feeirra glymur, <br \/>dynurinn \u00ed herv\u00f6gnum \u00feeirra \u00e6rir og hj\u00f3l \u00feeirra hv\u00edna, <br \/>munu fe\u00f0ur ekki l\u00edta til barna sinna <br \/>\u00fev\u00ed a\u00f0 hendur \u00feeirra l\u00e9magnast. <br \/> <\/span> <span class=\"ljodatexti\"> <a name=\"4\"><span class=\"versanumer_ljod\">4<\/span><\/a>S\u00e1 dagur er kominn a\u00f0 \u00f6llum Filisteum ver\u00f0i eytt. <br \/>\u00d6llum sem komast undan og g\u00e6tu hj\u00e1lpa\u00f0 T\u00fdrus og S\u00eddon ver\u00f0ur tort\u00edmt <br \/>\u00fev\u00ed a\u00f0 Drottinn ey\u00f0ir Filisteum, <br \/>\u00f6llum sem eftir eru af \u00feeim sem koma fr\u00e1 Kaft\u00f3r.<br \/> <\/span> <span class=\"ljodatexti\"> <a name=\"5\"><span class=\"versanumer_ljod\">5<\/span><\/a>Gasa hefur raka\u00f0 \u00e1 sig skalla, Askalon er \u00fe\u00f6gnu\u00f0, <br \/>hve lengi \u00e6tli\u00f0 \u00fe\u00e9r a\u00f0 rista \u00e1 y\u00f0ur skinnsprettur, <br \/>\u00fe\u00e9r, sem eftir eru\u00f0 af ni\u00f0jum Anaks?<br \/> <\/span> <span class=\"ljodatexti\"> <a name=\"6\"><span class=\"versanumer_ljod\">6<\/span><\/a>Vei, sver\u00f0 Drottins, hven\u00e6r hv\u00edlist \u00fe\u00fa? <br \/>Far\u00f0u aftur \u00ed sl\u00ed\u00f0ri\u00f0, <br \/>taktu \u00e1 \u00feig n\u00e1\u00f0ir. <br \/>M\u00e1l er a\u00f0 linni. <br \/> <\/span> <span class=\"ljodatexti\"> <a name=\"7\"><span class=\"versanumer_ljod\">7<\/span><\/a>Hvernig g\u00e6ti \u00fea\u00f0 hv\u00edlst <br \/>\u00fev\u00ed a\u00f0 Drottinn gaf \u00fev\u00ed fyrirm\u00e6li? <br \/>Hann sendi \u00fea\u00f0 gegn Askalon <br \/>og landinu vi\u00f0 str\u00f6nd hafsins. <\/span> <\/p>\n","protected":false},"excerpt":{"rendered":"<p>Gegn Filisteum 1 Or\u00f0 Drottins um Filistea sem kom til Jerem\u00eda sp\u00e1manns \u00e1\u00f0ur en fara\u00f3 t\u00f3k Gasa. 2Svo segir Drottinn:Vatn sem streymir \u00far nor\u00f0ri mun brj\u00f3tast fram sem st\u00f3rflj\u00f3t, \u00fea\u00f0 mun fl\u00e6\u00f0a yfir landi\u00f0 og allt sem \u00ed \u00fev\u00ed er, borgirnar og \u00edb\u00faa \u00feeirra, menn munu \u00e6pa h\u00e1tt og allir \u00edb\u00faar landsins hlj\u00f3\u00f0a. 3\u00deegar h\u00f3fadynur str\u00ed\u00f0shesta \u00feeirra glymur, dynurinn \u00ed herv\u00f6gnum \u00feeirra \u00e6rir og hj\u00f3l \u00feeirra hv\u00edna, munu fe\u00f0ur ekki l\u00edta til barna sinna \u00fev\u00ed a\u00f0 hendur \u00feeirra l\u00e9magnast. 4S\u00e1 dagur er kominn a\u00f0 \u00f6llum Filisteum ver\u00f0i eytt. \u00d6llum sem komast undan og g\u00e6tu hj\u00e1lpa\u00f0 T\u00fdrus og S\u00eddon ver\u00f0ur tort\u00edmt <a href=\"https:\/\/biblian.is\/biblian\/jeremia-47-kafli\/\"> [&#8230;]<\/a><\/p>\n","protected":false},"author":1,"featured_media":0,"parent":0,"menu_order":0,"comment_status":"open","ping_status":"open","template":"bibliukaflar_NT.php","meta":{"footnotes":""},"class_list":["post-2409","page","type-page","status-publish","hentry"],"_links":{"self":[{"href":"https:\/\/biblian.is\/biblian\/wp-json\/wp\/v2\/pages\/2409","targetHints":{"allow":["GET"]}}],"collection":[{"href":"https:\/\/biblian.is\/biblian\/wp-json\/wp\/v2\/pages"}],"about":[{"href":"https:\/\/biblian.is\/biblian\/wp-json\/wp\/v2\/types\/page"}],"author":[{"embeddable":true,"href":"https:\/\/biblian.is\/biblian\/wp-json\/wp\/v2\/users\/1"}],"replies":[{"embeddable":true,"href":"https:\/\/biblian.is\/biblian\/wp-json\/wp\/v2\/comments?post=2409"}],"version-history":[{"count":0,"href":"https:\/\/biblian.is\/biblian\/wp-json\/wp\/v2\/pages\/2409\/revisions"}],"wp:attachment":[{"href":"https:\/\/biblian.is\/biblian\/wp-json\/wp\/v2\/media?parent=2409"}],"curies":[{"name":"wp","href":"https:\/\/api.w.org\/{rel}","templated":true}]}}