{"id":2408,"date":"2017-12-30T21:03:03","date_gmt":"2017-12-30T21:03:03","guid":{"rendered":"http:\/\/biblian.is\/biblian\/jerem%c2%92a-46-kafli\/"},"modified":"2024-07-03T12:50:12","modified_gmt":"2024-07-03T12:50:12","slug":"jeremia-46-kafli","status":"publish","type":"page","link":"https:\/\/biblian.is\/biblian\/jeremia-46-kafli\/","title":{"rendered":"Jerem\u00eda 46. kafli"},"content":{"rendered":"<h2 class=\"millifyrirsogn_2007\"> Sp\u00e1d\u00f3mar gegn \u00fej\u00f3\u00f0unum<\/h2>\n<p><a name=\"1\"><span class=\"versanumer_2007\">1<\/span><\/a> \u00deetta birtist Jerem\u00eda sp\u00e1manni sem or\u00f0 Drottins um \u00fej\u00f3\u00f0irnar.<\/p>\n<h3 class=\"millifyrirsogn_2007\">Gegn Egyptalandi: Orrusta vi\u00f0 Efrat<\/h3>\n<p><a name=\"2\"><span class=\"versanumer_2007\">2<\/span><\/a> Um Egyptaland: Gegn her Nek\u00f3s fara\u00f3s, konungs Egyptalands, sem var vi\u00f0 flj\u00f3ti\u00f0 Efrat, vi\u00f0 Karkemis, og Neb\u00fakadresar, konungur \u00ed Bab\u00fdlon, sigra\u00f0i \u00e1 fj\u00f3r\u00f0a stj\u00f3rnar\u00e1ri J\u00f3jak\u00edms J\u00f3s\u00edasonar J\u00fadakonungs:<br \/> <span class=\"ljodatexti\"> <a name=\"3\"><span class=\"versanumer_ljod\">3<\/span><\/a>B\u00faist sm\u00e1skj\u00f6ldum og langskj\u00f6ldum, <br \/>haldi\u00f0 til orrustu. <br \/> <\/span> <span class=\"ljodatexti\"> <a name=\"4\"><span class=\"versanumer_ljod\">4<\/span><\/a>Spenni\u00f0 vagnhestana fyrir <br \/>og st\u00edgi\u00f0 \u00e1 bak rei\u00f0hestunum. <br \/>Gangi\u00f0 fram me\u00f0 hj\u00e1lm \u00e1 h\u00f6f\u00f0i, <br \/>f\u00e6gi\u00f0 spj\u00f3tin, <br \/>b\u00faist brynju.<br \/> <\/span> <span class=\"ljodatexti\"> <a name=\"5\"><span class=\"versanumer_ljod\">5<\/span><\/a>Hva\u00f0 s\u00e9 \u00e9g? <br \/>\u00deeir skelfast. <br \/>\u00deeir h\u00f6rfa undan, <br \/>kapparnir eru yfirbuga\u00f0ir, <br \/>\u00feeir fl\u00fdja, l\u00edta ekki vi\u00f0. <br \/>\u00d3gn ste\u00f0jar a\u00f0 \u00far \u00f6llum \u00e1ttum, segir Drottinn.<br \/> <\/span> <span class=\"ljodatexti\"> <a name=\"6\"><span class=\"versanumer_ljod\">6<\/span><\/a>S\u00e1 sem er fr\u00e1r \u00e1 f\u00e6ti n\u00e6r ekki a\u00f0 fl\u00fdja, <br \/>kappinn kemst ekki undan. <br \/>Nor\u00f0ur fr\u00e1, \u00e1 b\u00f6kkum Efrats, hnj\u00f3ta \u00feeir og hrasa.<br \/> <\/span> <span class=\"ljodatexti\"> <a name=\"7\"><span class=\"versanumer_ljod\">7<\/span><\/a>Hver er \u00fea\u00f0 sem br\u00fdst fram eins og N\u00edl \u00ed vexti, <br \/>eins og dynjandi vatnsflaumur?<br \/> <\/span> <span class=\"ljodatexti\"> <a name=\"8\"><span class=\"versanumer_ljod\">8<\/span><\/a>Egyptar brj\u00f3tast fram eins og N\u00edl, <br \/>eins og dynjandi vatnsflaumur. <br \/>\u00deeir hugsa: \u00c9g mun brj\u00f3tast fram, fl\u00e6\u00f0a yfir landi\u00f0, <br \/>ey\u00f0a borgunum og \u00edb\u00faum \u00feeirra.<br \/> <\/span> <span class=\"ljodatexti\"> <a name=\"9\"><span class=\"versanumer_ljod\">9<\/span><\/a>\u00c1fram, str\u00ed\u00f0sf\u00e1kar, <br \/>\u00e6\u00f0i\u00f0 fram, hervagnar, <br \/>gangi\u00f0 fram, hermenn, <br \/>\u00fe\u00e9r skjaldberar fr\u00e1 K\u00fas og P\u00fat <br \/>og Lyd\u00edumenn sem spenni\u00f0 boga.<br \/> <\/span> <span class=\"ljodatexti\"> <a name=\"10\"><span class=\"versanumer_ljod\">10<\/span><\/a>\u00deessi dagur er dagur Drottins hersveitanna, <br \/>dagur hefndarinnar<br \/>er hann hefnir s\u00edn \u00e1 fjandm\u00f6nnum s\u00ednum. <br \/> Sver\u00f0i\u00f0 mun eta og se\u00f0jast, <br \/>ver\u00f0a drukki\u00f0 af bl\u00f3\u00f0i \u00feeirra, <br \/>\u00fev\u00ed a\u00f0 Gu\u00f0, Drottinn hersveitanna, <br \/>heldur f\u00f3rnarveislu \u00ed landinu fyrir nor\u00f0an, vi\u00f0 Efrat.<br \/> <\/span> <span class=\"ljodatexti\"> <a name=\"11\"><span class=\"versanumer_ljod\">11<\/span><\/a>Far\u00f0u upp til G\u00edlea\u00f0s og s\u00e6ktu gr\u00e6\u00f0andi smyrsl, <br \/>m\u00e6rin, d\u00f3ttirin Egyptaland. <br \/>Til einskis safnar\u00f0u a\u00f0 \u00fe\u00e9r lyfjum, <br \/>s\u00e1r \u00feitt gr\u00e6r ekki.<br \/> <\/span> <span class=\"ljodatexti\"> <a name=\"12\"><span class=\"versanumer_ljod\">12<\/span><\/a>\u00dej\u00f3\u00f0irnar fr\u00e9tta um sm\u00e1n \u00fe\u00edna, <br \/>harmakvein \u00feitt glymur um alla j\u00f6r\u00f0ina <br \/>\u00fev\u00ed a\u00f0 kappi hn\u00fdtur um kappa, <br \/>\u00feeir falla hver um annan. <\/span> <br \/> <a name=\"13\"><span class=\"versanumer_2007\">13<\/span><\/a> Or\u00f0i\u00f0, sem Drottinn flutti Jerem\u00eda sp\u00e1manni, um a\u00f0 Neb\u00fakadresar, konungur \u00ed Bab\u00fdlon, k\u00e6mi til a\u00f0 r\u00e1\u00f0ast \u00e1 Egyptaland:<br \/> <span class=\"ljodatexti\"> <a name=\"14\"><span class=\"versanumer_ljod\">14<\/span><\/a>Kunngj\u00f6ri\u00f0 \u00feetta \u00ed Egyptalandi, bo\u00f0i\u00f0 \u00fea\u00f0 \u00ed Migd\u00f3l, <br \/>bo\u00f0i\u00f0 \u00fea\u00f0 \u00ed N\u00f3f og Takpanes. <br \/>Segi\u00f0: \u201eR\u00edstu upp og vertu vi\u00f0b\u00fainn, <br \/>\u00fev\u00ed a\u00f0 sver\u00f0i\u00f0 gleypir allt umhverfis y\u00f0ur.\u201c<br \/> <\/span> <span class=\"ljodatexti\"> <a name=\"15\"><span class=\"versanumer_ljod\">15<\/span><\/a>Hvers vegna er hinn m\u00e1ttugi lag\u00f0ur a\u00f0 velli? <br \/>Hann stendur ekki uppr\u00e9ttur af \u00fev\u00ed a\u00f0 Drottinn hratt honum,<br \/> <\/span> <span class=\"ljodatexti\"> <a name=\"16\"><span class=\"versanumer_ljod\">16<\/span><\/a>hann l\u00e9t marga hrasa svo a\u00f0 \u00feeir f\u00e9llu. <br \/>\u00de\u00e1 s\u00f6g\u00f0u \u00feeir hver vi\u00f0 annan:<br \/>Komi\u00f0, sn\u00faum aftur til \u00fej\u00f3\u00f0ar vorrar, <br \/>til \u00e6ttlands vors, <br \/>undan hinu ey\u00f0andi sver\u00f0i.<br \/> <\/span> <span class=\"ljodatexti\"> <a name=\"17\"><span class=\"versanumer_ljod\">17<\/span><\/a>Nefni\u00f0 fara\u00f3 Egyptalandskonung <br \/>\u201eh\u00e1va\u00f0asegg sem l\u00e9t t\u00e6kif\u00e6ri\u00f0 ganga s\u00e9r \u00far greipum\u201c.<br \/> <\/span> <span class=\"ljodatexti\"> <a name=\"18\"><span class=\"versanumer_ljod\">18<\/span><\/a>Svo sannarlega sem \u00e9g lifi, segir konungurinn, <br \/>Drottinn hersveitanna er nafn hans: <br \/>Eins og Tabor ber af \u00f6\u00f0rum fj\u00f6llum,<br \/>eins og Karmel, sem gn\u00e6fir yfir hafi\u00f0, er hann sem n\u00e1lgast.<br \/> <\/span> <span class=\"ljodatexti\"> <a name=\"19\"><span class=\"versanumer_ljod\">19<\/span><\/a>Taktu saman farangur til \u00fatleg\u00f0ar, <br \/>\u00fe\u00fa, d\u00f3ttirin Egyptaland, sem b\u00fdr\u00f0 vi\u00f0 \u00f6ryggi, <br \/>\u00fev\u00ed a\u00f0 N\u00f3f ver\u00f0ur ey\u00f0im\u00f6rk, <br \/>brennd til \u00f6sku og mannau\u00f0.<br \/> <\/span> <span class=\"ljodatexti\"> <a name=\"20\"><span class=\"versanumer_ljod\">20<\/span><\/a>Egyptaland er \u00e1litleg kv\u00edga, <br \/>broddfluga r\u00e6\u00f0st \u00e1 hana \u00far nor\u00f0ri.<br \/> <\/span> <span class=\"ljodatexti\"> <a name=\"21\"><span class=\"versanumer_ljod\">21<\/span><\/a>M\u00e1lali\u00f0 mitt \u00ed landinu l\u00edkist alik\u00e1lfum <br \/>en \u00feeir h\u00f6rfa einnig undan, <br \/>fl\u00fdja allir sem einn og f\u00e1 ekki sta\u00f0ist <br \/>\u00feegar dagur ey\u00f0ingarinnar kemur yfir \u00fe\u00e1, <br \/>stund uppgj\u00f6rsins.<br \/> <\/span> <span class=\"ljodatexti\"> <a name=\"22\"><span class=\"versanumer_ljod\">22<\/span><\/a> Egyptaland hv\u00e6sir eins og na\u00f0ra <br \/>\u00feegar \u00feeir koma me\u00f0 her sinn. <br \/>\u00deeir gera \u00e1r\u00e1s me\u00f0 \u00f6xum eins og sk\u00f3garh\u00f6ggsmenn, <br \/> <\/span> <span class=\"ljodatexti\"> <a name=\"23\"><span class=\"versanumer_ljod\">23<\/span><\/a> \u00feeir fella sk\u00f3g Egyptalands, segir Drottinn, <br \/>\u00feeir eru \u00f3teljandi, fleiri en engisprettur, <br \/>engri t\u00f6lu ver\u00f0ur \u00e1 \u00fe\u00e1 komi\u00f0.<br \/> <\/span> <span class=\"ljodatexti\"> <a name=\"24\"><span class=\"versanumer_ljod\">24<\/span><\/a> D\u00f3ttirin Egyptaland ver\u00f0ur sv\u00edvirt, <br \/>seld \u00ed hendur \u00fej\u00f3\u00f0inni \u00far nor\u00f0ri. <\/span> <\/p>\n<h3 class=\"millifyrirsogn_2007\">Ni\u00f0url\u00e6ging Egyptalands<\/h3>\n<p><a name=\"25\"><span class=\"versanumer_2007\">25<\/span><\/a> Drottinn hersveitanna, Gu\u00f0 \u00cdsraels, hefur sagt: \u00c9g refsa Am\u00f3n fr\u00e1 N\u00f3, og fara\u00f3 og Egyptalandi og gu\u00f0um landsins og konungum, b\u00e6\u00f0i fara\u00f3 og \u00feeim sem treysta honum. <a name=\"26\"><span class=\"versanumer_2007\">26<\/span><\/a> \u00c9g mun selja \u00fe\u00e1 \u00ed hendur \u00feeim sem s\u00e6kjast eftir l\u00edfi \u00feeirra, \u00ed hendur Neb\u00fakadresari, konungi \u00ed Bab\u00fdlon, og m\u00f6nnum hans. En eftir \u00fea\u00f0 ver\u00f0ur Egyptaland byggt aftur eins og \u00e1 fyrri t\u00ed\u00f0, segir Drottinn.<\/p>\n<h3 class=\"millifyrirsogn_2007\">Bj\u00f6rgun \u00cdsraels<\/h3>\n<p><span class=\"ljodatexti\"> <a name=\"27\"><span class=\"versanumer_ljod\">27<\/span><\/a> En \u00fe\u00fa, \u00fej\u00f3nn minn, Jakob, \u00f3ttast ekki, <br \/>l\u00e1t ekki hugfallast, \u00cdsrael, <br \/>\u00fev\u00ed a\u00f0 \u00e9g bjarga \u00fe\u00e9r fr\u00e1 fjarl\u00e6gu landi <br \/>og ni\u00f0jum \u00fe\u00ednum \u00far \u00fatleg\u00f0. <br \/>Jakob mun sn\u00faa heim og nj\u00f3ta n\u00e6\u00f0is, <br \/>hann mun b\u00faa \u00fear \u00f3hultur <br \/>og enginn mun \u00f3gna honum.<br \/> <\/span> <span class=\"ljodatexti\"> <a name=\"28\"><span class=\"versanumer_ljod\">28<\/span><\/a> \u00de\u00fa, \u00fej\u00f3nn minn, Jakob, \u00f3ttast ekki, segir Drottinn, <br \/>\u00fev\u00ed a\u00f0 \u00e9g er me\u00f0 \u00fe\u00e9r. <br \/>\u00c9g mun ey\u00f0a \u00f6llum \u00feeim \u00fej\u00f3\u00f0um <br \/>sem \u00e9g hrakti \u00feig til. <br \/>\u00de\u00e9r mun \u00e9g aldrei ey\u00f0a<br \/>heldur mun \u00e9g hirta \u00feig vi\u00f0 h\u00e6fi, <br \/>\u00e9g get ekki l\u00e1ti\u00f0 \u00fe\u00e9r \u00f3hegnt me\u00f0 \u00f6llu. <\/span> <\/p>\n","protected":false},"excerpt":{"rendered":"<p>Sp\u00e1d\u00f3mar gegn \u00fej\u00f3\u00f0unum 1 \u00deetta birtist Jerem\u00eda sp\u00e1manni sem or\u00f0 Drottins um \u00fej\u00f3\u00f0irnar. Gegn Egyptalandi: Orrusta vi\u00f0 Efrat 2 Um Egyptaland: Gegn her Nek\u00f3s fara\u00f3s, konungs Egyptalands, sem var vi\u00f0 flj\u00f3ti\u00f0 Efrat, vi\u00f0 Karkemis, og Neb\u00fakadresar, konungur \u00ed Bab\u00fdlon, sigra\u00f0i \u00e1 fj\u00f3r\u00f0a stj\u00f3rnar\u00e1ri J\u00f3jak\u00edms J\u00f3s\u00edasonar J\u00fadakonungs: 3B\u00faist sm\u00e1skj\u00f6ldum og langskj\u00f6ldum, haldi\u00f0 til orrustu. 4Spenni\u00f0 vagnhestana fyrir og st\u00edgi\u00f0 \u00e1 bak rei\u00f0hestunum. Gangi\u00f0 fram me\u00f0 hj\u00e1lm \u00e1 h\u00f6f\u00f0i, f\u00e6gi\u00f0 spj\u00f3tin, b\u00faist brynju. 5Hva\u00f0 s\u00e9 \u00e9g? \u00deeir skelfast. \u00deeir h\u00f6rfa undan, kapparnir eru yfirbuga\u00f0ir, \u00feeir fl\u00fdja, l\u00edta ekki vi\u00f0. \u00d3gn ste\u00f0jar a\u00f0 \u00far \u00f6llum \u00e1ttum, segir Drottinn. 6S\u00e1 sem er fr\u00e1r \u00e1 <a href=\"https:\/\/biblian.is\/biblian\/jeremia-46-kafli\/\"> [&#8230;]<\/a><\/p>\n","protected":false},"author":1,"featured_media":0,"parent":0,"menu_order":0,"comment_status":"open","ping_status":"open","template":"bibliukaflar_NT.php","meta":{"footnotes":""},"class_list":["post-2408","page","type-page","status-publish","hentry"],"_links":{"self":[{"href":"https:\/\/biblian.is\/biblian\/wp-json\/wp\/v2\/pages\/2408","targetHints":{"allow":["GET"]}}],"collection":[{"href":"https:\/\/biblian.is\/biblian\/wp-json\/wp\/v2\/pages"}],"about":[{"href":"https:\/\/biblian.is\/biblian\/wp-json\/wp\/v2\/types\/page"}],"author":[{"embeddable":true,"href":"https:\/\/biblian.is\/biblian\/wp-json\/wp\/v2\/users\/1"}],"replies":[{"embeddable":true,"href":"https:\/\/biblian.is\/biblian\/wp-json\/wp\/v2\/comments?post=2408"}],"version-history":[{"count":0,"href":"https:\/\/biblian.is\/biblian\/wp-json\/wp\/v2\/pages\/2408\/revisions"}],"wp:attachment":[{"href":"https:\/\/biblian.is\/biblian\/wp-json\/wp\/v2\/media?parent=2408"}],"curies":[{"name":"wp","href":"https:\/\/api.w.org\/{rel}","templated":true}]}}