{"id":2406,"date":"2017-12-30T21:03:03","date_gmt":"2017-12-30T21:03:03","guid":{"rendered":"http:\/\/biblian.is\/biblian\/jerem%c2%92a-44-kafli\/"},"modified":"2024-07-03T12:50:12","modified_gmt":"2024-07-03T12:50:12","slug":"jeremia-44-kafli","status":"publish","type":"page","link":"https:\/\/biblian.is\/biblian\/jeremia-44-kafli\/","title":{"rendered":"Jerem\u00eda 44. kafli"},"content":{"rendered":"<h3 class=\"millifyrirsogn_2007\"> S\u00ed\u00f0asta r\u00e6\u00f0a Jerem\u00eda<\/h3>\n<p><a name=\"1\"><span class=\"versanumer_2007\">1<\/span><\/a> Or\u00f0i\u00f0 sem kom til Jerem\u00eda um alla J\u00fadamenn sem bjuggu \u00ed Egyptalandi og h\u00f6f\u00f0u sest a\u00f0 \u00ed Migd\u00f3l, Takpanes, N\u00f3f og Patrosh\u00e9ra\u00f0i: <a name=\"2\"><span class=\"versanumer_2007\">2<\/span><\/a> Svo segir Drottinn hersveitanna, Gu\u00f0 \u00cdsraels: \u00de\u00e9r hafi\u00f0 sj\u00e1lfir s\u00e9\u00f0 alla \u00fe\u00e1 \u00f3g\u00e6fu sem \u00e9g sendi yfir Jer\u00fasalem og allar a\u00f0rar borgir \u00ed J\u00fada. \u00de\u00e6r eru n\u00fa \u00ed r\u00fastum og enginn b\u00fdr \u00fear. <a name=\"3\"><span class=\"versanumer_2007\">3<\/span><\/a> \u00dea\u00f0 er aflei\u00f0ing illvirkjanna sem \u00feeir unnu. \u00deeir v\u00f6ktu rei\u00f0i m\u00edna me\u00f0 \u00fev\u00ed a\u00f0 fara til framandi gu\u00f0a sem hvorki \u00feeir sj\u00e1lfir, \u00fe\u00e9r n\u00e9 fe\u00f0ur y\u00f0ar \u00feekktu, kveikja fyrir \u00feeim f\u00f3rnareld og \u00fej\u00f3na \u00feeim. <a name=\"4\"><span class=\"versanumer_2007\">4<\/span><\/a> \u00c9g sendi \u00fej\u00f3na m\u00edna, sp\u00e1mennina, hva\u00f0 eftir anna\u00f0 til y\u00f0ar til a\u00f0 bo\u00f0a y\u00f0ur: Fremji\u00f0 ekki \u00feessa sv\u00edvir\u00f0u sem \u00e9g hata. <a name=\"5\"><span class=\"versanumer_2007\">5<\/span><\/a> En \u00feeir g\u00e1fu \u00fev\u00ed hvorki gaum n\u00e9 l\u00f6g\u00f0u vi\u00f0 hlustir. \u00deeir sneru \u00fev\u00ed ekki fr\u00e1 illvirkjum s\u00ednum og h\u00e6ttu ekki a\u00f0 kveikja f\u00f3rnareld fyrir framandi gu\u00f0um. <a name=\"6\"><span class=\"versanumer_2007\">6<\/span><\/a> \u00de\u00e1 var heift minni og rei\u00f0i \u00fathellt, h\u00fan brann \u00ed borgum J\u00fada og \u00e1 str\u00e6tum Jer\u00fasalem svo a\u00f0 \u00fe\u00e6r ur\u00f0u a\u00f0 r\u00fast, a\u00f0 au\u00f0n, og \u00fea\u00f0 eru \u00fe\u00e6r enn.<br \/> <a name=\"7\"><span class=\"versanumer_2007\">7<\/span><\/a> En n\u00fa segir Drottinn, Gu\u00f0 hersveitanna, Gu\u00f0 \u00cdsraels: Hvers vegna vilji\u00f0 \u00fe\u00e9r baka sj\u00e1lfum y\u00f0ur mikla \u00f3g\u00e6fu og uppr\u00e6ta sj\u00e1lfa y\u00f0ur \u00far J\u00fada, b\u00e6\u00f0i karla og konur, b\u00f6rn og brj\u00f3stmylkinga svo a\u00f0 enginn y\u00f0ar ver\u00f0i eftir? <a name=\"8\"><span class=\"versanumer_2007\">8<\/span><\/a> \u00de\u00e9r veki\u00f0 heift m\u00edna me\u00f0 handaverkum y\u00f0ar og kveiki\u00f0 f\u00f3rnareld fyrir framandi gu\u00f0um \u00ed Egyptalandi \u00fear sem \u00fe\u00e9r hafi\u00f0 leita\u00f0 h\u00e6lis. \u00de\u00e9r tort\u00edmi\u00f0 sj\u00e1lfum y\u00f0ur me\u00f0 \u00fev\u00ed og uppskeri\u00f0 form\u00e6lingar og h\u00e1\u00f0 allra \u00fej\u00f3\u00f0a jar\u00f0ar. <a name=\"9\"><span class=\"versanumer_2007\">9<\/span><\/a> Hafi\u00f0 \u00fe\u00e9r gleymt illvirkjunum sem fe\u00f0ur y\u00f0ar, J\u00fadakonungar og konur \u00feeirra, unnu og illvirkjunum sem \u00fe\u00e9r sj\u00e1lfir og konur y\u00f0ar unnu \u00ed J\u00fada og \u00e1 str\u00e6tum Jer\u00fasalem? <a name=\"10\"><span class=\"versanumer_2007\">10<\/span><\/a> Hinga\u00f0 til hafa \u00feeir hvorki i\u00f0rast n\u00e9 \u00f3ttast og hvorki fylgt l\u00f6gum m\u00ednum n\u00e9 fyrirm\u00e6lum sem \u00e9g lag\u00f0i fyrir y\u00f0ur og fe\u00f0ur y\u00f0ar.<br \/> <a name=\"11\"><span class=\"versanumer_2007\">11<\/span><\/a> \u00deess vegna segir Drottinn hersveitanna, Gu\u00f0 \u00cdsraels: \u00c9g sn\u00fd augliti m\u00ednu gegn y\u00f0ur til a\u00f0 valda b\u00f6linu, til a\u00f0 ey\u00f0a \u00f6llum J\u00fada. <a name=\"12\"><span class=\"versanumer_2007\">12<\/span><\/a> \u00c9g svipti \u00feeim burt sem eftir eru af J\u00fadam\u00f6nnum og \u00e1kv\u00e1\u00f0u a\u00f0 fara til Egyptalands og leita \u00fear h\u00e6lis. \u00deeir munu farast \u00ed Egyptalandi, h\u00e1ir og l\u00e1gir munu falla fyrir sver\u00f0i e\u00f0a farast \u00far hungri. \u00deeir munu deyja fyrir sver\u00f0i e\u00f0a \u00far hungri og ver\u00f0a efni b\u00f6lb\u00e6na og \u00edmynd skelfingar, form\u00e6linga og sm\u00e1nar. <a name=\"13\"><span class=\"versanumer_2007\">13<\/span><\/a> \u00c9g mun refsa \u00feeim sem sest hafa a\u00f0 \u00ed Egyptalandi eins og \u00e9g refsa\u00f0i Jer\u00fasalemb\u00faum, me\u00f0 sver\u00f0i, hungri og dreps\u00f3tt. <a name=\"14\"><span class=\"versanumer_2007\">14<\/span><\/a> Enginn \u00feeirra J\u00fadamanna, sem eftir eru og hafa leita\u00f0 h\u00e6lis \u00ed Egyptalandi, mun komast undan og bjargast n\u00e9 sn\u00faa aftur til J\u00fada \u00fe\u00f3 a\u00f0 \u00fe\u00e1 langi til a\u00f0 fara aftur \u00feanga\u00f0 og setjast \u00fear a\u00f0. \u00dea\u00f0 ver\u00f0a a\u00f0eins \u00f6rf\u00e1ir sem komast undan og sn\u00faa aftur heim.<br \/> <a name=\"15\"><span class=\"versanumer_2007\">15<\/span><\/a> Allir karlmenn, sem vissu a\u00f0 konur \u00feeirra kveiktu f\u00f3rnareld fyrir framandi gu\u00f0um, og allar konurnar, sem st\u00f3\u00f0u \u00fearna \u00ed st\u00f3rum h\u00f3p, og allir sem bjuggu \u00ed Egyptalandi og Patros sv\u00f6ru\u00f0u Jerem\u00eda og s\u00f6g\u00f0u: <a name=\"16\"><span class=\"versanumer_2007\">16<\/span><\/a> \u201eV\u00e9r hlustum ekki \u00e1 \u00feennan bo\u00f0skap sem \u00fe\u00fa hefur flutt oss \u00ed nafni Drottins. <a name=\"17\"><span class=\"versanumer_2007\">17<\/span><\/a> En v\u00e9r munum fylgja \u00ed einu og \u00f6llu \u00fev\u00ed sem v\u00e9r h\u00f6fum heiti\u00f0: v\u00e9r munum kveikja f\u00f3rnareld fyrir drottningu himins og f\u00e6ra henni dreypif\u00f3rnir. \u00dea\u00f0 ger\u00f0um b\u00e6\u00f0i v\u00e9r og forfe\u00f0ur vorir, konungar vorir og h\u00f6f\u00f0ingjar \u00ed borgum J\u00fada og \u00e1 str\u00e6tum Jer\u00fasalem. \u00de\u00e1 h\u00f6f\u00f0um v\u00e9r n\u00f3g til matar, oss farna\u00f0ist vel og v\u00e9r \u00feurftum ekki a\u00f0 \u00feola neina \u00f3g\u00e6fu. <a name=\"18\"><span class=\"versanumer_2007\">18<\/span><\/a> En s\u00ed\u00f0an v\u00e9r h\u00e6ttum a\u00f0 kveikja f\u00f3rnareld fyrir drottningu himins og f\u00e6ra henni dreypif\u00f3rnir hefur oss skort allt og v\u00e9r h\u00f6fum farist fyrir sver\u00f0i og \u00far hungri. <a name=\"19\"><span class=\"versanumer_2007\">19<\/span><\/a> \u00deegar v\u00e9r n\u00fa kveikjum f\u00f3rnareld fyrir drottningu himins og f\u00e6rum henni dreypif\u00f3rnir getur \u00fea\u00f0 \u00fe\u00e1 veri\u00f0 \u00e1n vilja og vitundar eiginmanna vorra a\u00f0 v\u00e9r gerum henni f\u00f3rnark\u00f6kur me\u00f0 mynd hennar og f\u00e6rum henni dreypif\u00f3rnir?\u201c<br \/> <a name=\"20\"><span class=\"versanumer_2007\">20<\/span><\/a> \u00de\u00e1 \u00e1varpa\u00f0i Jerem\u00eda allt f\u00f3lki\u00f0, karla og konur og alla a\u00f0ra sem h\u00f6f\u00f0u svara\u00f0 honum, og sag\u00f0i: <a name=\"21\"><span class=\"versanumer_2007\">21<\/span><\/a> \u201eVar \u00fea\u00f0 ekki f\u00f3rnareldurinn sem \u00fe\u00e9r kveiktu\u00f0 \u00ed borgum \u00ed J\u00fada og \u00e1 str\u00e6tunum \u00ed Jer\u00fasalem, b\u00e6\u00f0i \u00fe\u00e9r sj\u00e1lfir og forfe\u00f0ur y\u00f0ar, konungar y\u00f0ar og h\u00f6f\u00f0ingjar \u00e1samt b\u00e6ndum \u00ed bygg\u00f0um landsins, var \u00fea\u00f0 ekki \u00feessi f\u00f3rnareldur sem Drottinn minntist og haf\u00f0i \u00ed huga? <a name=\"22\"><span class=\"versanumer_2007\">22<\/span><\/a> Drottinn gat ekki lengur \u00feola\u00f0 illvirki y\u00f0ar og vi\u00f0urstyggilegt ath\u00e6fi. \u00deess vegna var land y\u00f0ar lagt \u00ed r\u00fast og \u00fea\u00f0 gereytt, l\u00f6g\u00f0 \u00e1 \u00fea\u00f0 b\u00f6lvun og \u00fea\u00f0 var\u00f0 \u00f3bygg\u00f0 eins og \u00fea\u00f0 er enn. <a name=\"23\"><span class=\"versanumer_2007\">23<\/span><\/a> \u00dear sem \u00fe\u00e9r kveiktu\u00f0 f\u00f3rnareld og syndgu\u00f0u\u00f0 gegn Drottni og hl\u00fdddu\u00f0 ekki bo\u00f0um Drottins og fylgdu\u00f0 hvorki eftir l\u00f6gum hans, \u00e1kv\u00e6\u00f0um n\u00e9 fyrirm\u00e6lum kom \u00feetta b\u00f6l sem enn varir yfir y\u00f0ur.\u201c<br \/> <a name=\"24\"><span class=\"versanumer_2007\">24<\/span><\/a> S\u00ed\u00f0an sag\u00f0i Jerem\u00eda vi\u00f0 allt f\u00f3lki\u00f0 og allar konurnar: \u201eHl\u00fd\u00f0i\u00f0 \u00e1 or\u00f0 Drottins, allir J\u00fadamenn, sem eru\u00f0 \u00ed Egyptalandi: <a name=\"25\"><span class=\"versanumer_2007\">25<\/span><\/a> Svo segir Drottinn hersveitanna, Gu\u00f0 \u00cdsraels: \u00de\u00e9r og konur y\u00f0ar hafi\u00f0 s\u00fdnt \u00fea\u00f0 \u00ed verki sem \u00fe\u00e9r hafi\u00f0 heiti\u00f0 \u00ed or\u00f0i. \u00de\u00e9r segi\u00f0: V\u00e9r viljum halda heiti\u00f0 sem v\u00e9r unnum og kveikja f\u00f3rnareld fyrir drottningu himins og f\u00e6ra henni dreypif\u00f3rnir. Haldi\u00f0 \u00fe\u00e1 heit y\u00f0ar og efni\u00f0 \u00fea\u00f0 sem \u00fe\u00e9r hafi\u00f0 heiti\u00f0. <a name=\"26\"><span class=\"versanumer_2007\">26<\/span><\/a> Hl\u00fd\u00f0i\u00f0 \u00e1 or\u00f0 Drottins, allir J\u00fadamenn sem b\u00fai\u00f0 \u00ed Egyptalandi: \u00c9g sver vi\u00f0 mitt mikla nafn, segir Drottinn: Enginn J\u00fadamanna skal h\u00e9r eftir nefna nafn mitt neins sta\u00f0ar \u00ed Egyptalandi og segja: Svo sannarlega sem Drottinn, Gu\u00f0 lifir. <a name=\"27\"><span class=\"versanumer_2007\">27<\/span><\/a> \u00c9g vaki yfir \u00feeim til \u00f3heilla en ekki til heilla. Allir J\u00fadamenn \u00ed Egyptalandi munu falla fyrir sver\u00f0i e\u00f0a farast \u00far hungri og \u00feeim ver\u00f0ur gereytt. <a name=\"28\"><span class=\"versanumer_2007\">28<\/span><\/a> \u00d6rf\u00e1ir sem komast undan sver\u00f0inu munu halda fr\u00e1 Egyptalandi heim til J\u00fada. Allir sem eftir eru af J\u00fadam\u00f6nnum og eru komnir til Egyptalands a\u00f0 leita \u00fear h\u00e6lis munu komast a\u00f0 raun um hvort \u00fea\u00f0 er mitt or\u00f0 e\u00f0a \u00feeirra sem r\u00e6tist. <a name=\"29\"><span class=\"versanumer_2007\">29<\/span><\/a> Og hafi\u00f0 \u00feetta til marks, segir Drottinn, um a\u00f0 \u00e9g mun vitja y\u00f0ar \u00e1 \u00feessum sta\u00f0 svo a\u00f0 \u00fe\u00e9r komist a\u00f0 raun um a\u00f0 \u00f3g\u00e6fan, sem \u00e9g hef \u00f3gna\u00f0 y\u00f0ur me\u00f0, mun \u00e1rei\u00f0anlega koma yfir y\u00f0ur. <a name=\"30\"><span class=\"versanumer_2007\">30<\/span><\/a> Svo segir Drottinn: \u00c9g sel Hofra fara\u00f3, konung Egyptalands, fjandm\u00f6nnum s\u00ednum \u00ed hendur og \u00ed hendur \u00feeim sem s\u00e6kjast eftir l\u00edfi hans, \u00e1 sama h\u00e1tt og \u00e9g seldi Sedek\u00eda J\u00fadakonung \u00ed hendur Neb\u00fakadresari, konungi \u00ed Bab\u00fdlon, sem var fjandma\u00f0ur hans og s\u00f3ttist eftir l\u00edfi hans.\u201c<\/p>\n","protected":false},"excerpt":{"rendered":"<p>S\u00ed\u00f0asta r\u00e6\u00f0a Jerem\u00eda 1 Or\u00f0i\u00f0 sem kom til Jerem\u00eda um alla J\u00fadamenn sem bjuggu \u00ed Egyptalandi og h\u00f6f\u00f0u sest a\u00f0 \u00ed Migd\u00f3l, Takpanes, N\u00f3f og Patrosh\u00e9ra\u00f0i: 2 Svo segir Drottinn hersveitanna, Gu\u00f0 \u00cdsraels: \u00de\u00e9r hafi\u00f0 sj\u00e1lfir s\u00e9\u00f0 alla \u00fe\u00e1 \u00f3g\u00e6fu sem \u00e9g sendi yfir Jer\u00fasalem og allar a\u00f0rar borgir \u00ed J\u00fada. \u00de\u00e6r eru n\u00fa \u00ed r\u00fastum og enginn b\u00fdr \u00fear. 3 \u00dea\u00f0 er aflei\u00f0ing illvirkjanna sem \u00feeir unnu. \u00deeir v\u00f6ktu rei\u00f0i m\u00edna me\u00f0 \u00fev\u00ed a\u00f0 fara til framandi gu\u00f0a sem hvorki \u00feeir sj\u00e1lfir, \u00fe\u00e9r n\u00e9 fe\u00f0ur y\u00f0ar \u00feekktu, kveikja fyrir \u00feeim f\u00f3rnareld og \u00fej\u00f3na \u00feeim. 4 \u00c9g sendi \u00fej\u00f3na m\u00edna, <a href=\"https:\/\/biblian.is\/biblian\/jeremia-44-kafli\/\"> [&#8230;]<\/a><\/p>\n","protected":false},"author":1,"featured_media":0,"parent":0,"menu_order":0,"comment_status":"open","ping_status":"open","template":"bibliukaflar_NT.php","meta":{"footnotes":""},"class_list":["post-2406","page","type-page","status-publish","hentry"],"_links":{"self":[{"href":"https:\/\/biblian.is\/biblian\/wp-json\/wp\/v2\/pages\/2406","targetHints":{"allow":["GET"]}}],"collection":[{"href":"https:\/\/biblian.is\/biblian\/wp-json\/wp\/v2\/pages"}],"about":[{"href":"https:\/\/biblian.is\/biblian\/wp-json\/wp\/v2\/types\/page"}],"author":[{"embeddable":true,"href":"https:\/\/biblian.is\/biblian\/wp-json\/wp\/v2\/users\/1"}],"replies":[{"embeddable":true,"href":"https:\/\/biblian.is\/biblian\/wp-json\/wp\/v2\/comments?post=2406"}],"version-history":[{"count":0,"href":"https:\/\/biblian.is\/biblian\/wp-json\/wp\/v2\/pages\/2406\/revisions"}],"wp:attachment":[{"href":"https:\/\/biblian.is\/biblian\/wp-json\/wp\/v2\/media?parent=2406"}],"curies":[{"name":"wp","href":"https:\/\/api.w.org\/{rel}","templated":true}]}}