{"id":2405,"date":"2017-12-30T21:03:03","date_gmt":"2017-12-30T21:03:03","guid":{"rendered":"http:\/\/biblian.is\/biblian\/jerem%c2%92a-43-kafli\/"},"modified":"2024-07-03T12:50:12","modified_gmt":"2024-07-03T12:50:12","slug":"jeremia-43-kafli","status":"publish","type":"page","link":"https:\/\/biblian.is\/biblian\/jeremia-43-kafli\/","title":{"rendered":"Jerem\u00eda 43. kafli"},"content":{"rendered":"<h3 class=\"millifyrirsogn_2007\"> F\u00f6rin til Egyptalands<\/h3>\n<p><a name=\"1\"><span class=\"versanumer_2007\">1<\/span><\/a> Jerem\u00eda lauk n\u00fa vi\u00f0 a\u00f0 flytja \u00f6llu f\u00f3lkinu \u00feessi or\u00f0 fr\u00e1 Drottni, Gu\u00f0i, en Drottinn, Gu\u00f0 \u00feeirra, haf\u00f0i sent hann me\u00f0 \u00feau til \u00feeirra. <a name=\"2\"><span class=\"versanumer_2007\">2<\/span><\/a> \u00de\u00e1 t\u00f3k Asarja H\u00f3sajason til m\u00e1ls og tala\u00f0i vi\u00f0 Jerem\u00eda \u00e1samt J\u00f3hanan Kareasyni og \u00f6llum hrokagikkjunum. \u00deeir s\u00f6g\u00f0u vi\u00f0 Jerem\u00eda: \u201e\u00dea\u00f0 sem \u00fe\u00fa segir er lygi. \u00dea\u00f0 var ekki Drottinn, Gu\u00f0 vor, sem sendi \u00feig me\u00f0 \u00feessi bo\u00f0: Fari\u00f0 ekki til Egyptalands til a\u00f0 leita \u00fear h\u00e6lis. <a name=\"3\"><span class=\"versanumer_2007\">3<\/span><\/a> Nei, \u00fea\u00f0 er Bar\u00fak Ner\u00edason sem \u00e6sir \u00feig upp gegn oss til \u00feess a\u00f0 selja oss Kaldeum \u00e1 vald svo a\u00f0 \u00feeir geti drepi\u00f0 oss e\u00f0a flutt oss \u00ed \u00fatleg\u00f0 til Bab\u00fdlonar.\u201c<br \/> <a name=\"4\"><span class=\"versanumer_2007\">4<\/span><\/a> Hvorki J\u00f3hanan Kareason, herforingjarnir n\u00e9 allt hitt f\u00f3lki\u00f0 hl\u00fdddi bo\u00f0i Drottins um a\u00f0 vera um kyrrt \u00ed J\u00fada. <a name=\"5\"><span class=\"versanumer_2007\">5<\/span><\/a> En J\u00f3hanan Kareason og allir herforingjarnir s\u00f6fnu\u00f0u saman \u00feeim sem eftir voru af J\u00fadam\u00f6nnum og h\u00f6f\u00f0u sn\u00fai\u00f0 heim fr\u00e1 \u00feeim \u00fej\u00f3\u00f0um sem \u00feeir h\u00f6f\u00f0u veri\u00f0 hraktir til og komi\u00f0 til J\u00fada til a\u00f0 setjast \u00fear a\u00f0. <a name=\"6\"><span class=\"versanumer_2007\">6<\/span><\/a> \u00dea\u00f0 voru karlar, konur og b\u00f6rn, einnig konungsd\u00e6turnar og allir hinir sem Neb\u00fasaradan, foringi l\u00edfvar\u00f0arins, haf\u00f0i l\u00e1ti\u00f0 vera um kyrrt hj\u00e1 Gedalja Ah\u00edkamssyni, Safanssonar. Jerem\u00eda sp\u00e1ma\u00f0ur og Bar\u00fak Ner\u00edason voru \u00e1 me\u00f0al \u00feeirra. <a name=\"7\"><span class=\"versanumer_2007\">7<\/span><\/a> \u00deeir h\u00e9ldu \u00fev\u00ed n\u00e6st til Egyptalands af \u00fev\u00ed a\u00f0 \u00feeir hl\u00fdddu ekki bo\u00f0i Drottins og f\u00f3ru til Takpanes. <\/p>\n<h3 class=\"millifyrirsogn_2007\">Neb\u00fakadresari sp\u00e1\u00f0 sigri \u00e1 Egyptum<\/h3>\n<p><a name=\"8\"><span class=\"versanumer_2007\">8<\/span><\/a> Or\u00f0 Drottins kom til Jerem\u00eda \u00ed Takpanes: <a name=\"9\"><span class=\"versanumer_2007\">9<\/span><\/a> Taktu \u00fe\u00e9r \u00ed h\u00f6nd nokkra st\u00f3ra steina og graf\u00f0u \u00fe\u00e1 ni\u00f0ur \u00ed leirinn milli m\u00farsteinanna \u00ed st\u00e9ttinni framan vi\u00f0 h\u00f6ll fara\u00f3s \u00ed Takpanes \u00ed vi\u00f0urvist nokkurra J\u00fadamanna <a name=\"10\"><span class=\"versanumer_2007\">10<\/span><\/a> og seg\u00f0u vi\u00f0 \u00fe\u00e1: Svo segir Drottinn hersveitanna, Gu\u00f0 \u00cdsraels: \u00c9g sendi eftir \u00fej\u00f3ni m\u00ednum, Neb\u00fakadresari, konungi \u00ed Bab\u00fdlon. \u00c9g mun koma h\u00e1s\u00e6ti hans fyrir \u00e1 \u00feessum steinum sem \u00e9g hef grafi\u00f0 ni\u00f0ur og hann mun \u00feenja h\u00e1s\u00e6tishimin sinn \u00fat yfir \u00fe\u00e1. <a name=\"11\"><span class=\"versanumer_2007\">11<\/span><\/a> Hann mun koma og sigra Egyptaland: S\u00e1 sem dau\u00f0anum er \u00e6tla\u00f0ur fer til dau\u00f0ans, s\u00e1 sem \u00fatleg\u00f0 er \u00e6tla\u00f0ur fer \u00ed \u00fatleg\u00f0, s\u00e1 sem sver\u00f0i er \u00e6tla\u00f0ur fer til sver\u00f0sins. <a name=\"12\"><span class=\"versanumer_2007\">12<\/span><\/a> Hann mun kveikja \u00ed h\u00fasum gu\u00f0a Egyptalands, brenna gu\u00f0ina til \u00f6sku e\u00f0a flytja \u00fe\u00e1 \u00ed \u00fatleg\u00f0. Hann mun afl\u00fasa Egyptaland, eins og smali sem t\u00ednir l\u00fdsnar af yfirh\u00f6fn sinni, og halda \u00fea\u00f0an \u00f3\u00e1reittur. <a name=\"13\"><span class=\"versanumer_2007\">13<\/span><\/a> Hann mun brj\u00f3ta steins\u00falurnar \u00ed Bet Semes \u00ed Egyptalandi og brenna h\u00fas gu\u00f0a Egyptalands til \u00f6sku. <\/p>\n","protected":false},"excerpt":{"rendered":"<p>F\u00f6rin til Egyptalands 1 Jerem\u00eda lauk n\u00fa vi\u00f0 a\u00f0 flytja \u00f6llu f\u00f3lkinu \u00feessi or\u00f0 fr\u00e1 Drottni, Gu\u00f0i, en Drottinn, Gu\u00f0 \u00feeirra, haf\u00f0i sent hann me\u00f0 \u00feau til \u00feeirra. 2 \u00de\u00e1 t\u00f3k Asarja H\u00f3sajason til m\u00e1ls og tala\u00f0i vi\u00f0 Jerem\u00eda \u00e1samt J\u00f3hanan Kareasyni og \u00f6llum hrokagikkjunum. \u00deeir s\u00f6g\u00f0u vi\u00f0 Jerem\u00eda: \u201e\u00dea\u00f0 sem \u00fe\u00fa segir er lygi. \u00dea\u00f0 var ekki Drottinn, Gu\u00f0 vor, sem sendi \u00feig me\u00f0 \u00feessi bo\u00f0: Fari\u00f0 ekki til Egyptalands til a\u00f0 leita \u00fear h\u00e6lis. 3 Nei, \u00fea\u00f0 er Bar\u00fak Ner\u00edason sem \u00e6sir \u00feig upp gegn oss til \u00feess a\u00f0 selja oss Kaldeum \u00e1 vald svo a\u00f0 \u00feeir geti <a href=\"https:\/\/biblian.is\/biblian\/jeremia-43-kafli\/\"> [&#8230;]<\/a><\/p>\n","protected":false},"author":1,"featured_media":0,"parent":0,"menu_order":0,"comment_status":"open","ping_status":"open","template":"bibliukaflar_NT.php","meta":{"footnotes":""},"class_list":["post-2405","page","type-page","status-publish","hentry"],"_links":{"self":[{"href":"https:\/\/biblian.is\/biblian\/wp-json\/wp\/v2\/pages\/2405","targetHints":{"allow":["GET"]}}],"collection":[{"href":"https:\/\/biblian.is\/biblian\/wp-json\/wp\/v2\/pages"}],"about":[{"href":"https:\/\/biblian.is\/biblian\/wp-json\/wp\/v2\/types\/page"}],"author":[{"embeddable":true,"href":"https:\/\/biblian.is\/biblian\/wp-json\/wp\/v2\/users\/1"}],"replies":[{"embeddable":true,"href":"https:\/\/biblian.is\/biblian\/wp-json\/wp\/v2\/comments?post=2405"}],"version-history":[{"count":0,"href":"https:\/\/biblian.is\/biblian\/wp-json\/wp\/v2\/pages\/2405\/revisions"}],"wp:attachment":[{"href":"https:\/\/biblian.is\/biblian\/wp-json\/wp\/v2\/media?parent=2405"}],"curies":[{"name":"wp","href":"https:\/\/api.w.org\/{rel}","templated":true}]}}