{"id":2403,"date":"2017-12-30T21:03:03","date_gmt":"2017-12-30T21:03:03","guid":{"rendered":"http:\/\/biblian.is\/biblian\/jerem%c2%92a-41-kafli\/"},"modified":"2024-07-03T12:50:11","modified_gmt":"2024-07-03T12:50:11","slug":"jeremia-41-kafli","status":"publish","type":"page","link":"https:\/\/biblian.is\/biblian\/jeremia-41-kafli\/","title":{"rendered":"Jerem\u00eda 41. kafli"},"content":{"rendered":"<p><a name=\"1\"><span class=\"versanumer_2007\">1<\/span><\/a> \u00cd sj\u00f6unda m\u00e1nu\u00f0inum bar \u00fea\u00f0 til a\u00f0 \u00cdsmael Netanjason, El\u00edsamasonar, sem var skyldur konungs\u00e6ttinni, kom til Gedalja Ah\u00edkamssonar, Safanssonar, \u00ed Mispa og t\u00edu menn me\u00f0 honum. \u00deegar \u00feeir sn\u00e6ddu me\u00f0 honum \u00ed Mispa <a name=\"2\"><span class=\"versanumer_2007\">2<\/span><\/a> reis \u00cdsmael Netanjason \u00e1 f\u00e6tur, \u00e1samt \u00feeim t\u00edu m\u00f6nnum sem komi\u00f0 h\u00f6f\u00f0u me\u00f0 honum, og hj\u00f3 Gedalja Ah\u00edkamsson, Safanssonar, banah\u00f6gg. \u00deannig drap hann \u00feann mann sem Bab\u00fdlon\u00edukonungur haf\u00f0i skipa\u00f0 landstj\u00f3ra. <a name=\"3\"><span class=\"versanumer_2007\">3<\/span><\/a> Hann drap einnig alla \u00fe\u00e1 J\u00fadamenn sem voru hj\u00e1 Gedalja \u00ed Mispa. \u00cdsmael drap enn fremur hermennina fr\u00e1 Kaldeu sem \u00fear voru. <br \/> <a name=\"4\"><span class=\"versanumer_2007\">4<\/span><\/a> Daginn eftir a\u00f0 Gedalja var myrtur, \u00e1\u00f0ur en nokku\u00f0 haf\u00f0i fr\u00e9st um \u00fea\u00f0, <a name=\"5\"><span class=\"versanumer_2007\">5<\/span><\/a> komu \u00e1ttat\u00edu menn fr\u00e1 S\u00edkem, S\u00edl\u00f3 og Samar\u00edu. H\u00f6f\u00f0u \u00feeir raka\u00f0 af s\u00e9r skeggi\u00f0, rifi\u00f0 f\u00f6t s\u00edn og rist \u00e1 sig skinnsprettur.<span class=\"nedan_mal\" title=\" Merki um sorg.\">[<\/span> \u00deeir h\u00f6f\u00f0u me\u00f0 s\u00e9r korn til f\u00f3rnar og reykelsi sem \u00feeir \u00e6tlu\u00f0u a\u00f0 fara me\u00f0 til h\u00fass Drottins. <a name=\"6\"><span class=\"versanumer_2007\">6<\/span><\/a> \u00cdsmael Netanjason gekk \u00fat \u00far Mispa til m\u00f3ts vi\u00f0 \u00fe\u00e1. Hann gr\u00e9t \u00e1 g\u00f6ngunni og \u00feegar hann m\u00e6tti \u00feeim sag\u00f0i hann: \u201eKomi\u00f0 til Gedalja Ah\u00edkamssonar.\u201c <a name=\"7\"><span class=\"versanumer_2007\">7<\/span><\/a> \u00deegar \u00feeir voru komnir inn \u00ed mi\u00f0ja borgina hj\u00f3 \u00cdsmael Netanjason og \u00feeir sem me\u00f0 honum voru mennina og fleyg\u00f0u \u00feeim \u00ed gryfju. <a name=\"8\"><span class=\"versanumer_2007\">8<\/span><\/a> En me\u00f0al \u00feeirra voru t\u00edu menn sem s\u00f6g\u00f0u vi\u00f0 \u00cdsmael: \u201eDreptu oss ekki. V\u00e9r eigum matarbirg\u00f0ir sem eru faldar \u00fati \u00e1 akri, hveiti, bygg, ol\u00edu og hunang.\u201c \u00de\u00e1 h\u00e6tti hann vi\u00f0 a\u00f0 drepa \u00fe\u00e1 mitt \u00e1 me\u00f0al skyldmenna \u00feeirra. <a name=\"9\"><span class=\"versanumer_2007\">9<\/span><\/a> En gryfjan sem \u00cdsmael kasta\u00f0i \u00ed \u00f6llum l\u00edkum \u00feeirra manna er hann drap var st\u00f3ra gryfjan sem Asa konungur haf\u00f0i l\u00e1ti\u00f0 gera til varnar gegn Basa \u00cdsraelskonungi. Hana fyllti \u00cdsmael Netanjason vegnum m\u00f6nnum. <br \/> <a name=\"10\"><span class=\"versanumer_2007\">10<\/span><\/a> \u00dev\u00ed n\u00e6st f\u00f3r \u00cdsmael Netanjason burt me\u00f0 allt f\u00f3lki\u00f0 sem eftir var \u00ed Mispa. Hann f\u00f3r b\u00e6\u00f0i me\u00f0 d\u00e6tur konungsins og alla a\u00f0ra sem eftir voru \u00ed Mispa og Neb\u00fasaradan, foringi l\u00edfvar\u00f0arins, haf\u00f0i sett Gedalja Ah\u00edkamsson landstj\u00f3ra yfir. \u00cdsmael Netanjason t\u00f3k f\u00f3lki\u00f0 me\u00f0 s\u00e9r og h\u00e9lt svo af sta\u00f0 til a\u00f0 komast yfir til Amm\u00f3n\u00edta. <br \/> <a name=\"11\"><span class=\"versanumer_2007\">11<\/span><\/a> J\u00f3hanan Kareason og allir herforingjarnir, sem me\u00f0 honum voru, fr\u00e9ttu n\u00fa um \u00f6ll illvirkin sem \u00cdsmael Netanjason haf\u00f0i frami\u00f0. <a name=\"12\"><span class=\"versanumer_2007\">12<\/span><\/a> \u00deeir h\u00e9ldu \u00fev\u00ed af sta\u00f0 \u00e1samt \u00f6llum m\u00f6nnum s\u00ednum til a\u00f0 r\u00e1\u00f0ast \u00e1 \u00cdsmael Netanjason. \u00deeir fundu hann vi\u00f0 st\u00f3ra vatni\u00f0 \u00ed G\u00edbeon. <a name=\"13\"><span class=\"versanumer_2007\">13<\/span><\/a> \u00deegar allt f\u00f3lki\u00f0, sem var me\u00f0 \u00cdsmael, kom auga \u00e1 J\u00f3hanan Kareason og alla herforingjana, sem voru me\u00f0 honum, gladdist \u00fea\u00f0. <a name=\"14\"><span class=\"versanumer_2007\">14<\/span><\/a> Allt f\u00f3lki\u00f0, sem \u00cdsmael haf\u00f0i flutt me\u00f0 s\u00e9r fr\u00e1 Mispa, yfirgaf hann n\u00fa og f\u00f3r yfir til J\u00f3hanans Kareasonar <a name=\"15\"><span class=\"versanumer_2007\">15<\/span><\/a> en \u00cdsmael Netanjason komst undan J\u00f3hanan \u00e1samt \u00e1tta m\u00f6nnum og fl\u00fd\u00f0i yfir til Amm\u00f3n\u00edta.<br \/> <a name=\"16\"><span class=\"versanumer_2007\">16<\/span><\/a> J\u00f3hanan Kareason og allir herforingjarnir, sem voru me\u00f0 honum, f\u00f3ru \u00fev\u00ed n\u00e6st fr\u00e1 G\u00edbeon me\u00f0 alla \u00fe\u00e1 sem eftir voru af f\u00f3lkinu og \u00cdsmael Netanjason haf\u00f0i teki\u00f0 me\u00f0 s\u00e9r fr\u00e1 Mispa eftir a\u00f0 hann haf\u00f0i drepi\u00f0 Gedalja Ah\u00edkamsson. \u00deeir t\u00f3ku me\u00f0 s\u00e9r hermenn, konur, b\u00f6rn og hir\u00f0menn, <a name=\"17\"><span class=\"versanumer_2007\">17<\/span><\/a> h\u00e9ldu af sta\u00f0 og n\u00e1mu svo sta\u00f0ar vi\u00f0 gistih\u00fas Kimhams sem er vi\u00f0 Betlehem. \u00deeir hug\u00f0ust fl\u00fdja til Egyptalands <a name=\"18\"><span class=\"versanumer_2007\">18<\/span><\/a> undan Kaldeum \u00fev\u00ed a\u00f0 \u00feeir voru hr\u00e6ddir vi\u00f0 \u00fe\u00e1 \u00fear sem \u00cdsmael Netanjason haf\u00f0i drepi\u00f0 Gedalja Ah\u00edkamsson sem konungurinn \u00ed Bab\u00fdlon haf\u00f0i skipa\u00f0 landstj\u00f3ra. <\/p>\n","protected":false},"excerpt":{"rendered":"<p>1 \u00cd sj\u00f6unda m\u00e1nu\u00f0inum bar \u00fea\u00f0 til a\u00f0 \u00cdsmael Netanjason, El\u00edsamasonar, sem var skyldur konungs\u00e6ttinni, kom til Gedalja Ah\u00edkamssonar, Safanssonar, \u00ed Mispa og t\u00edu menn me\u00f0 honum. \u00deegar \u00feeir sn\u00e6ddu me\u00f0 honum \u00ed Mispa 2 reis \u00cdsmael Netanjason \u00e1 f\u00e6tur, \u00e1samt \u00feeim t\u00edu m\u00f6nnum sem komi\u00f0 h\u00f6f\u00f0u me\u00f0 honum, og hj\u00f3 Gedalja Ah\u00edkamsson, Safanssonar, banah\u00f6gg. \u00deannig drap hann \u00feann mann sem Bab\u00fdlon\u00edukonungur haf\u00f0i skipa\u00f0 landstj\u00f3ra. 3 Hann drap einnig alla \u00fe\u00e1 J\u00fadamenn sem voru hj\u00e1 Gedalja \u00ed Mispa. \u00cdsmael drap enn fremur hermennina fr\u00e1 Kaldeu sem \u00fear voru. 4 Daginn eftir a\u00f0 Gedalja var myrtur, \u00e1\u00f0ur en nokku\u00f0 haf\u00f0i fr\u00e9st <a href=\"https:\/\/biblian.is\/biblian\/jeremia-41-kafli\/\"> [&#8230;]<\/a><\/p>\n","protected":false},"author":1,"featured_media":0,"parent":0,"menu_order":0,"comment_status":"open","ping_status":"open","template":"bibliukaflar_NT.php","meta":{"footnotes":""},"class_list":["post-2403","page","type-page","status-publish","hentry"],"_links":{"self":[{"href":"https:\/\/biblian.is\/biblian\/wp-json\/wp\/v2\/pages\/2403","targetHints":{"allow":["GET"]}}],"collection":[{"href":"https:\/\/biblian.is\/biblian\/wp-json\/wp\/v2\/pages"}],"about":[{"href":"https:\/\/biblian.is\/biblian\/wp-json\/wp\/v2\/types\/page"}],"author":[{"embeddable":true,"href":"https:\/\/biblian.is\/biblian\/wp-json\/wp\/v2\/users\/1"}],"replies":[{"embeddable":true,"href":"https:\/\/biblian.is\/biblian\/wp-json\/wp\/v2\/comments?post=2403"}],"version-history":[{"count":0,"href":"https:\/\/biblian.is\/biblian\/wp-json\/wp\/v2\/pages\/2403\/revisions"}],"wp:attachment":[{"href":"https:\/\/biblian.is\/biblian\/wp-json\/wp\/v2\/media?parent=2403"}],"curies":[{"name":"wp","href":"https:\/\/api.w.org\/{rel}","templated":true}]}}