{"id":2402,"date":"2017-12-30T21:03:03","date_gmt":"2017-12-30T21:03:03","guid":{"rendered":"http:\/\/biblian.is\/biblian\/jerem%c2%92a-40-kafli\/"},"modified":"2024-07-03T12:50:11","modified_gmt":"2024-07-03T12:50:11","slug":"jeremia-40-kafli","status":"publish","type":"page","link":"https:\/\/biblian.is\/biblian\/jeremia-40-kafli\/","title":{"rendered":"Jerem\u00eda 40. kafli"},"content":{"rendered":"<h3 class=\"millifyrirsogn_2007\"> Jerem\u00eda og Gedalja<\/h3>\n<p><a name=\"1\"><span class=\"versanumer_2007\">1<\/span><\/a> Or\u00f0i\u00f0 sem kom til Jerem\u00eda fr\u00e1 Drottni eftir a\u00f0 Neb\u00fasaradan, foringi l\u00edfvar\u00f0arins, haf\u00f0i leyft honum a\u00f0 fara fr\u00e1 Rama. \u00deegar Neb\u00fasaradan s\u00f3tti hann var hann hlekkja\u00f0ur innan um fanga fr\u00e1 Jer\u00fasalem og J\u00fada sem \u00e1tti a\u00f0 flytja til Bab\u00fdlonar. <a name=\"2\"><span class=\"versanumer_2007\">2<\/span><\/a> \u00deegar foringi l\u00edfvar\u00f0arins fann Jerem\u00eda sag\u00f0i hann vi\u00f0 hann: \u201eDrottinn, Gu\u00f0 \u00feinn, h\u00f3ta\u00f0i \u00feessum sta\u00f0 \u00feessari \u00f3g\u00e6fu. <a name=\"3\"><span class=\"versanumer_2007\">3<\/span><\/a> Drottinn hefur l\u00e1ti\u00f0 \u00fea\u00f0 ver\u00f0a sem hann h\u00f3ta\u00f0i og framkv\u00e6mt \u00fea\u00f0 \u00fev\u00ed a\u00f0 \u00fe\u00e9r hafi\u00f0 syndga\u00f0 gegn Drottni. \u00dear sem \u00fe\u00e9r hl\u00fdddu\u00f0 ekki fyrirm\u00e6lum hans hlaut \u00feessi \u00f3g\u00e6fa a\u00f0 koma yfir y\u00f0ur. <a name=\"4\"><span class=\"versanumer_2007\">4<\/span><\/a> N\u00fa leysi \u00e9g af \u00fe\u00e9r hlekkina sem eru \u00e1 h\u00f6ndum \u00fe\u00ednum. Ef \u00fe\u00fa vilt koma me\u00f0 m\u00e9r til Bab\u00fdlonar skaltu koma og \u00e9g mun annast \u00feig vel. En viljir \u00fe\u00fa ekki koma me\u00f0 m\u00e9r til Bab\u00fdlonar l\u00e1ttu \u00fea\u00f0 \u00fe\u00e1 \u00f3gert. Sj\u00e1\u00f0u, allt landi\u00f0 liggur opi\u00f0 fyrir \u00fe\u00e9r, \u00fe\u00fa getur fari\u00f0 hvert sem \u00fe\u00fa vilt. <a name=\"5\"><span class=\"versanumer_2007\">5<\/span><\/a> Ef \u00fe\u00fa vilt vera h\u00e9r um kyrrt sn\u00fa\u00f0u \u00fe\u00e1 vi\u00f0 til Gedalja Ah\u00edkamssonar, Safanssonar, sem konungurinn \u00ed Bab\u00fdlon hefur sett yfir borgirnar \u00ed J\u00fada. \u00de\u00fa getur sest a\u00f0 hj\u00e1 honum me\u00f0al f\u00f3lksins e\u00f0a fari\u00f0 hvert sem \u00fe\u00fa vilt.\u201c Foringi l\u00edfvar\u00f0arins f\u00e9kk honum \u00fev\u00ed n\u00e6st nesti, gaf honum gj\u00f6f og kvaddi hann. <a name=\"6\"><span class=\"versanumer_2007\">6<\/span><\/a> En Jerem\u00eda f\u00f3r til Gedalja Ah\u00edkamssonar \u00ed Mispa. Hann settist a\u00f0 hj\u00e1 honum me\u00f0al f\u00f3lksins sem eftir var \u00ed landinu. <\/p>\n<h3 class=\"millifyrirsogn_2007\">Gedalja landstj\u00f3ri \u00ed J\u00fada<\/h3>\n<p><a name=\"7\"><span class=\"versanumer_2007\">7<\/span><\/a> Allir herforingjarnir, sem enn voru dreif\u00f0ir um landi\u00f0 \u00e1samt m\u00f6nnum s\u00ednum, fr\u00e9ttu n\u00fa a\u00f0 konungurinn \u00ed Bab\u00fdlon hef\u00f0i skipa\u00f0 Gedalja Ah\u00edkamsson landstj\u00f3ra og a\u00f0 hann hef\u00f0i fali\u00f0 honum umsj\u00f3n me\u00f0 k\u00f6rlum, konum og b\u00f6rnum og \u00feeim f\u00e1t\u00e6klingum \u00ed landinu sem ekki h\u00f6f\u00f0u veri\u00f0 fluttir til Bab\u00fdlonar. <a name=\"8\"><span class=\"versanumer_2007\">8<\/span><\/a> \u00deeir h\u00e9ldu n\u00fa til Gedalja \u00ed Mispa \u00e1samt m\u00f6nnum s\u00ednum. \u00deetta voru \u00feeir \u00cdsmael Netanjason, J\u00f3hanan og J\u00f3natan Kareasynir, Seraja Tanh\u00fametsson, einnig synir Efa\u00ed fr\u00e1 Net\u00f3fa og Jesanja, sonur manns nokkurs fr\u00e1 Maaka. <a name=\"9\"><span class=\"versanumer_2007\">9<\/span><\/a> Gedalja Ah\u00edkamsson, Safanssonar, vann \u00feeim og m\u00f6nnum \u00feeirra ei\u00f0 og sag\u00f0i: \u201e\u00d3ttist ekki a\u00f0 \u00fej\u00f3na Kaldeum. Veri\u00f0 um kyrrt \u00ed landinu og \u00fej\u00f3ni\u00f0 konunginum \u00ed Bab\u00fdlon, \u00fe\u00e1 mun y\u00f0ur vel farnast. <a name=\"10\"><span class=\"versanumer_2007\">10<\/span><\/a> \u00c9g b\u00fd sj\u00e1lfur \u00ed Mispa til a\u00f0 vera fulltr\u00fai y\u00f0ar gagnvart Kaldeum \u00feegar \u00feeir koma til vor. En \u00fe\u00e9r skulu\u00f0 birgja y\u00f0ur upp af v\u00edni, \u00e1v\u00f6xtum og ol\u00edu, setja \u00ed geymsluker y\u00f0ar og vera um kyrrt \u00ed borgunum sem \u00fe\u00e9r taki\u00f0 til eignar.\u201c <a name=\"11\"><span class=\"versanumer_2007\">11<\/span><\/a> J\u00fadamennirnir, sem voru \u00ed M\u00f3ab, hj\u00e1 Amm\u00f3n\u00edtum e\u00f0a \u00ed Ed\u00f3m, og hinir, sem voru \u00ed \u00fdmsum \u00f6\u00f0rum l\u00f6ndum, fr\u00e9ttu n\u00fa a\u00f0 konungurinn \u00ed Bab\u00fdlon hef\u00f0i skili\u00f0 einhverja eftir \u00ed J\u00fada og sett Gedalja Ah\u00edkamsson, Safanssonar, landstj\u00f3ra yfir \u00fea\u00f0. <a name=\"12\"><span class=\"versanumer_2007\">12<\/span><\/a> J\u00fadamennirnir sneru \u00fe\u00e1 allir heim fr\u00e1 hverjum \u00feeim sta\u00f0 sem \u00feeir h\u00f6f\u00f0u veri\u00f0 hraktir til og h\u00e9ldu til J\u00fada, til Gedalja \u00ed Mispa. V\u00edn- og \u00e1vaxtauppskera var\u00f0 mj\u00f6g mikil.<\/p>\n<h3 class=\"millifyrirsogn_2007\">Gedalja myrtur<\/h3>\n<p><a name=\"13\"><span class=\"versanumer_2007\">13<\/span><\/a> Einhverju sinni komu J\u00f3hanan Kareason og allir herforingjarnir, sem enn voru dreif\u00f0ir um landi\u00f0, til Gedalja \u00ed Mispa <a name=\"14\"><span class=\"versanumer_2007\">14<\/span><\/a> og spur\u00f0u hann: \u201eEr \u00fe\u00e9r kunnugt um \u00fea\u00f0 a\u00f0 Baalis, konungur Amm\u00f3n\u00edta, hefur sent \u00cdsmael Netanjason til \u00feess a\u00f0 r\u00e1\u00f0a \u00fe\u00e9r bana?\u201c En Gedalja Ah\u00edkamsson tr\u00fa\u00f0i \u00feeim ekki. <a name=\"15\"><span class=\"versanumer_2007\">15<\/span><\/a> \u00de\u00e1 lag\u00f0i J\u00f3hanan Kareason til vi\u00f0 Gedalja \u00e1 laun \u00ed Mispa: \u201e\u00c9g skal fara og drepa \u00cdsmael Netanjason \u00e1n \u00feess a\u00f0 nokkur ver\u00f0i \u00feess v\u00eds. Hvers vegna \u00e6tti hann a\u00f0 r\u00e1\u00f0a \u00fe\u00e9r bana svo a\u00f0 allir J\u00fadamennirnir, sem hafa safnast saman um \u00feig, tv\u00edstrist og \u00fea\u00f0 sem eftir er af J\u00fadam\u00f6nnum ver\u00f0i a\u00f0 engu?\u201c <a name=\"16\"><span class=\"versanumer_2007\">16<\/span><\/a> En Gedalja Ah\u00edkamsson svara\u00f0i J\u00f3hanan Kareasyni: \u201eL\u00e1ttu \u00feetta \u00f3gert. \u00dea\u00f0 sem \u00fe\u00fa segir um \u00cdsmael er ekki satt.\u201c <\/p>\n","protected":false},"excerpt":{"rendered":"<p>Jerem\u00eda og Gedalja 1 Or\u00f0i\u00f0 sem kom til Jerem\u00eda fr\u00e1 Drottni eftir a\u00f0 Neb\u00fasaradan, foringi l\u00edfvar\u00f0arins, haf\u00f0i leyft honum a\u00f0 fara fr\u00e1 Rama. \u00deegar Neb\u00fasaradan s\u00f3tti hann var hann hlekkja\u00f0ur innan um fanga fr\u00e1 Jer\u00fasalem og J\u00fada sem \u00e1tti a\u00f0 flytja til Bab\u00fdlonar. 2 \u00deegar foringi l\u00edfvar\u00f0arins fann Jerem\u00eda sag\u00f0i hann vi\u00f0 hann: \u201eDrottinn, Gu\u00f0 \u00feinn, h\u00f3ta\u00f0i \u00feessum sta\u00f0 \u00feessari \u00f3g\u00e6fu. 3 Drottinn hefur l\u00e1ti\u00f0 \u00fea\u00f0 ver\u00f0a sem hann h\u00f3ta\u00f0i og framkv\u00e6mt \u00fea\u00f0 \u00fev\u00ed a\u00f0 \u00fe\u00e9r hafi\u00f0 syndga\u00f0 gegn Drottni. \u00dear sem \u00fe\u00e9r hl\u00fdddu\u00f0 ekki fyrirm\u00e6lum hans hlaut \u00feessi \u00f3g\u00e6fa a\u00f0 koma yfir y\u00f0ur. 4 N\u00fa leysi \u00e9g af \u00fe\u00e9r <a href=\"https:\/\/biblian.is\/biblian\/jeremia-40-kafli\/\"> [&#8230;]<\/a><\/p>\n","protected":false},"author":1,"featured_media":0,"parent":0,"menu_order":0,"comment_status":"open","ping_status":"open","template":"bibliukaflar_NT.php","meta":{"footnotes":""},"class_list":["post-2402","page","type-page","status-publish","hentry"],"_links":{"self":[{"href":"https:\/\/biblian.is\/biblian\/wp-json\/wp\/v2\/pages\/2402","targetHints":{"allow":["GET"]}}],"collection":[{"href":"https:\/\/biblian.is\/biblian\/wp-json\/wp\/v2\/pages"}],"about":[{"href":"https:\/\/biblian.is\/biblian\/wp-json\/wp\/v2\/types\/page"}],"author":[{"embeddable":true,"href":"https:\/\/biblian.is\/biblian\/wp-json\/wp\/v2\/users\/1"}],"replies":[{"embeddable":true,"href":"https:\/\/biblian.is\/biblian\/wp-json\/wp\/v2\/comments?post=2402"}],"version-history":[{"count":0,"href":"https:\/\/biblian.is\/biblian\/wp-json\/wp\/v2\/pages\/2402\/revisions"}],"wp:attachment":[{"href":"https:\/\/biblian.is\/biblian\/wp-json\/wp\/v2\/media?parent=2402"}],"curies":[{"name":"wp","href":"https:\/\/api.w.org\/{rel}","templated":true}]}}