{"id":2401,"date":"2017-12-30T21:03:03","date_gmt":"2017-12-30T21:03:03","guid":{"rendered":"http:\/\/biblian.is\/biblian\/jerem%c2%92a-39-kafli\/"},"modified":"2024-07-03T12:50:11","modified_gmt":"2024-07-03T12:50:11","slug":"jeremia-39-kafli","status":"publish","type":"page","link":"https:\/\/biblian.is\/biblian\/jeremia-39-kafli\/","title":{"rendered":"Jerem\u00eda 39. kafli"},"content":{"rendered":"<h3 class=\"millifyrirsogn_2007\"> Jer\u00fasalem fellur<\/h3>\n<p><a name=\"1\"><span class=\"versanumer_2007\">1<\/span><\/a> \u00c1 n\u00edunda stj\u00f3rnar\u00e1ri Sedek\u00eda J\u00fadakonungs, \u00ed t\u00edunda m\u00e1nu\u00f0inum, h\u00e9lt Neb\u00fakadresar, konungur \u00ed Bab\u00fdlon, gegn Jer\u00fasalem me\u00f0 allan her sinn og settist um hana. <a name=\"2\"><span class=\"versanumer_2007\">2<\/span><\/a> \u00c1 ellefta stj\u00f3rnar\u00e1ri Sedek\u00eda, \u00e1 n\u00edunda degi fj\u00f3r\u00f0a m\u00e1na\u00f0arins, var borgarm\u00farinn rofinn. <a name=\"3\"><span class=\"versanumer_2007\">3<\/span><\/a> \u00de\u00e1 komu allir herforingjar konungsins \u00ed Bab\u00fdlon og settust ni\u00f0ur \u00ed mi\u00f0hli\u00f0inu, \u00feeir Nergalsareser, h\u00f6f\u00f0ingi yfir S\u00edm Mag\u00edr, Neb\u00fasarsek\u00edm hir\u00f0stj\u00f3ri, Nergalsareser, yfirma\u00f0ur emb\u00e6ttismanna, og a\u00f0rir herforingjar konungsins \u00ed Bab\u00fdlon. <br \/> <a name=\"4\"><span class=\"versanumer_2007\">4<\/span><\/a> \u00deegar Sedek\u00eda J\u00fadakonungur og allir hermennirnir s\u00e1u \u00feetta l\u00f6g\u00f0u \u00feeir \u00e1 fl\u00f3tta. Um n\u00f3ttina komust \u00feeir \u00fat \u00far borginni og f\u00f3ru um gar\u00f0 konungs og hli\u00f0i\u00f0 milli beggja m\u00faranna. S\u00ed\u00f0an h\u00e9ldu \u00feeir \u00ed \u00e1ttina til J\u00f3rdanardalsins. <a name=\"5\"><span class=\"versanumer_2007\">5<\/span><\/a> En hersveitir Kaldea veittu \u00feeim eftirf\u00f6r og n\u00e1\u00f0u Sedek\u00eda \u00e1 sl\u00e9ttunum vi\u00f0 Jer\u00edk\u00f3. \u00deeir t\u00f3ku hann til fanga og f\u00f3ru me\u00f0 hann nor\u00f0ur til Ribla \u00ed Hamath\u00e9ra\u00f0i og leiddu hann fyrir Neb\u00fakadresar konung \u00ed Bab\u00fdlon. Hann kva\u00f0 upp d\u00f3m yfir Sedek\u00eda. <a name=\"6\"><span class=\"versanumer_2007\">6<\/span><\/a> Konungurinn \u00ed Bab\u00fdlon l\u00e9t h\u00e1lsh\u00f6ggva syni Sedek\u00eda \u00ed Ribla fyrir augum hans. Konungurinn \u00ed Bab\u00fdlon l\u00e9t einnig h\u00e1lsh\u00f6ggva alla a\u00f0alsmenn \u00ed J\u00fada. <a name=\"7\"><span class=\"versanumer_2007\">7<\/span><\/a> Hann l\u00e9t blinda Sedek\u00eda og setja hann \u00ed hlekki til a\u00f0 flytja hann til Bab\u00fdlonar.<br \/> <a name=\"8\"><span class=\"versanumer_2007\">8<\/span><\/a> Kaldear brenndu b\u00e6\u00f0i h\u00f6ll konungs og h\u00fas almennings til \u00f6sku og rifu ni\u00f0ur borgarm\u00fara Jer\u00fasalem. <a name=\"9\"><span class=\"versanumer_2007\">9<\/span><\/a> Neb\u00fasaradan, foringi l\u00edfvar\u00f0arins, flutti \u00fe\u00e1 sem eftir voru \u00ed borginni \u00ed \u00fatleg\u00f0 til Bab\u00fdlonar \u00e1samt li\u00f0hlaupunum, sem h\u00f6f\u00f0u leita\u00f0 til hans, og \u00f6\u00f0rum sem eftir voru. <a name=\"10\"><span class=\"versanumer_2007\">10<\/span><\/a> Neb\u00fasaradan, foringi l\u00edfvar\u00f0arins, skildi eftir \u00ed J\u00fada nokkra f\u00e1t\u00e6klinga sem ekkert \u00e1ttu. Hann gaf \u00feeim um lei\u00f0 v\u00edngar\u00f0a og akurl\u00f6nd. <\/p>\n<h3 class=\"millifyrirsogn_2007\">Jerem\u00eda sleppt \u00far haldi<\/h3>\n<p><a name=\"11\"><span class=\"versanumer_2007\">11<\/span><\/a> Neb\u00fakadresar, konungur \u00ed Bab\u00fdlon, haf\u00f0i gefi\u00f0 Neb\u00fasaradan, foringja l\u00edfvar\u00f0arins, svohlj\u00f3\u00f0andi fyrirm\u00e6li um Jerem\u00eda: <a name=\"12\"><span class=\"versanumer_2007\">12<\/span><\/a> \u201eS\u00e6ktu hann og g\u00e6ttu hans vel. Ger\u00f0u honum ekkert illt en far\u00f0u me\u00f0 hann eins og hann m\u00e6list til.\u201c <a name=\"13\"><span class=\"versanumer_2007\">13<\/span><\/a> Neb\u00fasaradan, foringi l\u00edfvar\u00f0arins, Neb\u00fasasban hir\u00f0stj\u00f3ri og Nergalsareser herforingi og allir a\u00f0rir emb\u00e6ttismenn konungsins \u00ed Bab\u00fdlon sendu \u00fe\u00e1 menn af sta\u00f0 <a name=\"14\"><span class=\"versanumer_2007\">14<\/span><\/a> til a\u00f0 s\u00e6kja Jerem\u00eda \u00far forgar\u00f0i var\u00f0li\u00f0sins og fengu hann Gedalja Ah\u00edkamssyni, Safanssonar, \u00ed hendur til a\u00f0 hann f\u00e6ri me\u00f0 hann heim. Eftir \u00fea\u00f0 bj\u00f3 Jerem\u00eda me\u00f0al f\u00f3lksins.<br \/> <a name=\"15\"><span class=\"versanumer_2007\">15<\/span><\/a> \u00deegar Jerem\u00eda var enn \u00ed haldi \u00ed forgar\u00f0i var\u00f0li\u00f0sins barst honum or\u00f0 fr\u00e1 Drottni: <a name=\"16\"><span class=\"versanumer_2007\">16<\/span><\/a> \u201eFar\u00f0u og seg\u00f0u vi\u00f0 Ebed Melek fr\u00e1 K\u00fas: Svo segir Drottinn hersveitanna, Gu\u00f0 \u00cdsraels: Br\u00e1tt l\u00e6t \u00e9g or\u00f0 m\u00edn gegn \u00feessari borg r\u00e6tast henni til ills en ekki til g\u00f3\u00f0s. \u00deann dag munu \u00feau r\u00e6tast fyrir augum \u00fe\u00ednum. <a name=\"17\"><span class=\"versanumer_2007\">17<\/span><\/a> \u00c9g mun bjarga \u00fe\u00e9r \u00e1 \u00feeim degi, segir Drottinn, svo a\u00f0 \u00fe\u00fa fallir ekki \u00feeim \u00ed hendur sem \u00fe\u00fa \u00f3ttast. <a name=\"18\"><span class=\"versanumer_2007\">18<\/span><\/a> J\u00e1, \u00e9g mun l\u00e1ta \u00feig komast undan svo a\u00f0 \u00fe\u00fa fallir ekki fyrir sver\u00f0i. L\u00edf \u00feitt ver\u00f0ur herfang \u00feitt \u00fev\u00ed a\u00f0 \u00fe\u00fa treystir m\u00e9r, segir Drottinn.\u201c<\/p>\n","protected":false},"excerpt":{"rendered":"<p>Jer\u00fasalem fellur 1 \u00c1 n\u00edunda stj\u00f3rnar\u00e1ri Sedek\u00eda J\u00fadakonungs, \u00ed t\u00edunda m\u00e1nu\u00f0inum, h\u00e9lt Neb\u00fakadresar, konungur \u00ed Bab\u00fdlon, gegn Jer\u00fasalem me\u00f0 allan her sinn og settist um hana. 2 \u00c1 ellefta stj\u00f3rnar\u00e1ri Sedek\u00eda, \u00e1 n\u00edunda degi fj\u00f3r\u00f0a m\u00e1na\u00f0arins, var borgarm\u00farinn rofinn. 3 \u00de\u00e1 komu allir herforingjar konungsins \u00ed Bab\u00fdlon og settust ni\u00f0ur \u00ed mi\u00f0hli\u00f0inu, \u00feeir Nergalsareser, h\u00f6f\u00f0ingi yfir S\u00edm Mag\u00edr, Neb\u00fasarsek\u00edm hir\u00f0stj\u00f3ri, Nergalsareser, yfirma\u00f0ur emb\u00e6ttismanna, og a\u00f0rir herforingjar konungsins \u00ed Bab\u00fdlon. 4 \u00deegar Sedek\u00eda J\u00fadakonungur og allir hermennirnir s\u00e1u \u00feetta l\u00f6g\u00f0u \u00feeir \u00e1 fl\u00f3tta. Um n\u00f3ttina komust \u00feeir \u00fat \u00far borginni og f\u00f3ru um gar\u00f0 konungs og hli\u00f0i\u00f0 milli beggja m\u00faranna. S\u00ed\u00f0an <a href=\"https:\/\/biblian.is\/biblian\/jeremia-39-kafli\/\"> [&#8230;]<\/a><\/p>\n","protected":false},"author":1,"featured_media":0,"parent":0,"menu_order":0,"comment_status":"open","ping_status":"open","template":"bibliukaflar_NT.php","meta":{"footnotes":""},"class_list":["post-2401","page","type-page","status-publish","hentry"],"_links":{"self":[{"href":"https:\/\/biblian.is\/biblian\/wp-json\/wp\/v2\/pages\/2401","targetHints":{"allow":["GET"]}}],"collection":[{"href":"https:\/\/biblian.is\/biblian\/wp-json\/wp\/v2\/pages"}],"about":[{"href":"https:\/\/biblian.is\/biblian\/wp-json\/wp\/v2\/types\/page"}],"author":[{"embeddable":true,"href":"https:\/\/biblian.is\/biblian\/wp-json\/wp\/v2\/users\/1"}],"replies":[{"embeddable":true,"href":"https:\/\/biblian.is\/biblian\/wp-json\/wp\/v2\/comments?post=2401"}],"version-history":[{"count":0,"href":"https:\/\/biblian.is\/biblian\/wp-json\/wp\/v2\/pages\/2401\/revisions"}],"wp:attachment":[{"href":"https:\/\/biblian.is\/biblian\/wp-json\/wp\/v2\/media?parent=2401"}],"curies":[{"name":"wp","href":"https:\/\/api.w.org\/{rel}","templated":true}]}}