{"id":2400,"date":"2017-12-30T21:03:03","date_gmt":"2017-12-30T21:03:03","guid":{"rendered":"http:\/\/biblian.is\/biblian\/jerem%c2%92a-38-kafli\/"},"modified":"2024-07-03T12:50:10","modified_gmt":"2024-07-03T12:50:10","slug":"jeremia-38-kafli","status":"publish","type":"page","link":"https:\/\/biblian.is\/biblian\/jeremia-38-kafli\/","title":{"rendered":"Jerem\u00eda 38. kafli"},"content":{"rendered":"<h3 class=\"millifyrirsogn_2007\"> Jerem\u00eda bjarga\u00f0 \u00far d\u00fdflissu<\/h3>\n<p><a name=\"1\"><span class=\"versanumer_2007\">1<\/span><\/a> Sefatja Mattansson, Gedalja Pash\u00farsson, J\u00fakal Selemjason og Pash\u00far Malk\u00edason heyr\u00f0u bo\u00f0skapinn sem Jerem\u00eda haf\u00f0i flutt \u00f6llu f\u00f3lkinu \u00feegar hann sag\u00f0i: <a name=\"2\"><span class=\"versanumer_2007\">2<\/span><\/a> \u201eSvo segir Drottinn: S\u00e1 sem ver\u00f0ur um kyrrt \u00ed \u00feessari borg mun falla fyrir sver\u00f0i, af hungri e\u00f0a dreps\u00f3tt. S\u00e1 sem yfirgefur hana og fer til Kaldea heldur l\u00edfi. L\u00edf hans ver\u00f0ur herfang hans og hann heldur l\u00edfi. <a name=\"3\"><span class=\"versanumer_2007\">3<\/span><\/a> Svo segir Drottinn: \u00deessi borg ver\u00f0ur vissulega seld her Bab\u00fdlon\u00edukonungs \u00ed hendur og hann mun taka hana.\u201c<br \/> <a name=\"4\"><span class=\"versanumer_2007\">4<\/span><\/a> \u00de\u00e1 s\u00f6g\u00f0u h\u00f6f\u00f0ingjarnir vi\u00f0 konung: \u201e\u00dea\u00f0 ver\u00f0ur a\u00f0 taka \u00feennan mann af l\u00edfi. Hann dregur \u00far hugrekki \u00feeirra hermanna sem eftir eru \u00ed borginni og hugrekki alls f\u00f3lksins me\u00f0 \u00fev\u00ed a\u00f0 flytja \u00feennan bo\u00f0skap. \u00dev\u00ed a\u00f0 \u00feessi ma\u00f0ur stu\u00f0lar ekki a\u00f0 velfarna\u00f0i \u00feessa f\u00f3lks heldur \u00f3farna\u00f0i.\u201c <a name=\"5\"><span class=\"versanumer_2007\">5<\/span><\/a> Sedek\u00eda konungur svara\u00f0i: \u201eHann er \u00e1 y\u00f0ar valdi \u00fev\u00ed a\u00f0 konungurinn getur ekki sta\u00f0i\u00f0 gegn y\u00f0ur.\u201c<br \/> <a name=\"6\"><span class=\"versanumer_2007\">6<\/span><\/a> \u00de\u00e1 gripu \u00feeir Jerem\u00eda og settu hann \u00ed gryfju Malk\u00eda, sonar konungs, sem er \u00ed forgar\u00f0i var\u00f0li\u00f0sins. \u00deeir l\u00e9tu Jerem\u00eda s\u00edga ni\u00f0ur \u00ed reipi. Ekkert vatn var \u00ed gryfjunni, a\u00f0eins le\u00f0ja, og s\u00f6kk Jerem\u00eda ofan \u00ed le\u00f0juna.<br \/> <a name=\"7\"><span class=\"versanumer_2007\">7<\/span><\/a> Ebed Melek fr\u00e1 K\u00fas var geldingur sem \u00fej\u00f3na\u00f0i \u00ed konungsh\u00f6llinni. Hann heyr\u00f0i a\u00f0 Jerem\u00eda hef\u00f0i veri\u00f0 varpa\u00f0 \u00ed gryfjuna. Konungur sat \u00fe\u00e1 \u00ed Benjam\u00ednshli\u00f0i <a name=\"8\"><span class=\"versanumer_2007\">8<\/span><\/a> en Ebed Melek kom fr\u00e1 h\u00f6llinni og sag\u00f0i vi\u00f0 konung: <a name=\"9\"><span class=\"versanumer_2007\">9<\/span><\/a> \u201eHerra minn og konungur. \u00deessir menn hafa unni\u00f0 n\u00ed\u00f0ingsverk me\u00f0 \u00f6llu \u00fev\u00ed sem \u00feeir hafa gert Jerem\u00eda sp\u00e1manni. \u00deeir k\u00f6stu\u00f0u honum \u00ed gryfjuna og \u00fear mun hann deyja \u00far hungri \u00fev\u00ed a\u00f0 brau\u00f0 er ekki lengur til \u00ed borginni.\u201c <a name=\"10\"><span class=\"versanumer_2007\">10<\/span><\/a> Konungur gaf \u00fe\u00e1 Ebed Melek fr\u00e1 K\u00fas \u00feessi fyrirm\u00e6li: \u201eTaktu me\u00f0 \u00fe\u00e9r \u00ferj\u00e1 menn h\u00e9\u00f0an og drag\u00f0u Jerem\u00eda sp\u00e1mann upp \u00far gryfjunni \u00e1\u00f0ur en hann l\u00e6tur l\u00edfi\u00f0.\u201c <a name=\"11\"><span class=\"versanumer_2007\">11<\/span><\/a> Ebed Melek t\u00f3k \u00fe\u00e1 mennina me\u00f0 s\u00e9r og h\u00e9lt til konungshallarinnar og \u00ed kl\u00e6\u00f0ageymsluna. \u00deanga\u00f0 s\u00f3tti hann rifna og slitna fatar\u00e6fla og l\u00e9t s\u00edga \u00ed reipum ni\u00f0ur \u00ed gryfjuna til Jerem\u00eda. <a name=\"12\"><span class=\"versanumer_2007\">12<\/span><\/a> Ebed Melek fr\u00e1 K\u00fas sag\u00f0i vi\u00f0 Jerem\u00eda: \u201eSettu larfana \u00ed handarkrikana undir reipin.\u201c Jerem\u00eda ger\u00f0i \u00fea\u00f0 <a name=\"13\"><span class=\"versanumer_2007\">13<\/span><\/a> og s\u00ed\u00f0an dr\u00f3gu \u00feeir hann upp me\u00f0 reipum. \u00deegar \u00feeir h\u00f6f\u00f0u dregi\u00f0 hann upp dvaldist Jerem\u00eda \u00ed forgar\u00f0i var\u00f0li\u00f0sins.<\/p>\n<h3 class=\"millifyrirsogn_2007\">S\u00ed\u00f0asta samtal sp\u00e1mannsins og Sedek\u00eda<\/h3>\n<p><a name=\"14\"><span class=\"versanumer_2007\">14<\/span><\/a> Sedek\u00eda konungur sendi mann eftir Jerem\u00eda sp\u00e1manni a\u00f0 \u00feri\u00f0ja innganginum \u00ed h\u00fas Drottins. Konungur sag\u00f0i vi\u00f0 Jerem\u00eda: \u201e\u00c9g \u00e6tla a\u00f0 spyrja \u00feig nokkurs. Leyndu mig engu.\u201c <a name=\"15\"><span class=\"versanumer_2007\">15<\/span><\/a> Jerem\u00eda svara\u00f0i Sedek\u00eda: \u201eEf \u00e9g svara \u00fe\u00e9r l\u00e6tur\u00f0u \u00e1rei\u00f0anlega taka mig af l\u00edfi og ef \u00e9g gef \u00fe\u00e9r r\u00e1\u00f0 hlustar\u00f0u ekki \u00e1 mig.\u201c <a name=\"16\"><span class=\"versanumer_2007\">16<\/span><\/a> \u00dev\u00ed n\u00e6st vann Sedek\u00eda konungur Jerem\u00eda ei\u00f0 \u00e1 laun og sag\u00f0i: \u201eSvo sannarlega sem Drottinn lifir, sem gaf oss l\u00edfi\u00f0, mun \u00e9g hvorki l\u00e1ta taka \u00feig af l\u00edfi n\u00e9 f\u00e1 \u00feig \u00feeim m\u00f6nnum \u00ed hendur sem s\u00e6kjast eftir l\u00edfi \u00fe\u00ednu.\u201c <a name=\"17\"><span class=\"versanumer_2007\">17<\/span><\/a> \u00de\u00e1 sag\u00f0i Jerem\u00eda vi\u00f0 Sedek\u00eda: \u201eSvo segir Drottinn, Gu\u00f0 hersveitanna, Gu\u00f0 \u00cdsraels: Ef \u00fe\u00fa gengur \u00fat til herforingja konungsins \u00ed Bab\u00fdlon heldur\u00f0u l\u00edfi, \u00feessi borg ver\u00f0ur ekki brennd og munt \u00fe\u00fa og fj\u00f6lskylda \u00fe\u00edn l\u00edfi halda. <a name=\"18\"><span class=\"versanumer_2007\">18<\/span><\/a> En gangir \u00fe\u00fa ekki \u00fat til herforingja konungsins \u00ed Bab\u00fdlon ver\u00f0ur \u00feessi borg seld Kaldeum \u00ed hendur. \u00deeir munu ey\u00f0a hana \u00ed eldi og sj\u00e1lfur muntu ekki ganga \u00feeim \u00far greipum.\u201c<br \/> <a name=\"19\"><span class=\"versanumer_2007\">19<\/span><\/a> Sedek\u00eda konungur svara\u00f0i Jerem\u00eda: \u201e\u00c9g \u00f3ttast J\u00fadamennina sem gerst hafa li\u00f0hlaupar og fari\u00f0 til Kaldea, a\u00f0 Kaldear selji mig \u00feeim \u00ed hendur og \u00feeir leiki mig gr\u00e1tt.\u201c<br \/> <a name=\"20\"><span class=\"versanumer_2007\">20<\/span><\/a> Jerem\u00eda sag\u00f0i: \u201e\u00de\u00fa ver\u00f0ur ekki framseldur. Hl\u00fdddu \u00e1 or\u00f0 Drottins, sem \u00e9g flyt \u00fe\u00e9r, svo a\u00f0 \u00fe\u00e9r vegni vel og \u00fe\u00fa haldir l\u00edfi. <a name=\"21\"><span class=\"versanumer_2007\">21<\/span><\/a> En viljir \u00fe\u00fa ekki ganga \u00fat til \u00feeirra hefur Drottinn birt m\u00e9r \u00feetta: <a name=\"22\"><span class=\"versanumer_2007\">22<\/span><\/a> \u00c9g s\u00e1 a\u00f0 allar konurnar, sem voru eftir \u00ed h\u00fasi J\u00fadakonungs, voru leiddar \u00fat til herforingja konungsins \u00ed Bab\u00fdlon. \u00de\u00e6r s\u00f6g\u00f0u: <br \/> <span class=\"ljodatexti\"> G\u00f3\u00f0vinir \u00fe\u00ednir hafa blekkt \u00feig, <br \/>\u00feeir hafa or\u00f0i\u00f0 \u00fe\u00e9r yfirsterkari. <br \/> \u00deegar f\u00e6tur \u00fe\u00ednir s\u00f6kkva \u00ed fora\u00f0i\u00f0<br \/>sn\u00faa \u00feeir vi\u00f0 \u00fe\u00e9r baki. <\/span> <br \/> <a name=\"23\"><span class=\"versanumer_2007\">23<\/span><\/a> Allar konur \u00fe\u00ednar og b\u00f6rn ver\u00f0a leidd \u00fat til Kaldea. Sj\u00e1lfur muntu ekki ganga \u00feeim \u00far greipum heldur ver\u00f0ur \u00fe\u00fa gripinn og seldur konunginum \u00ed Bab\u00fdlon \u00ed hendur og \u00feessi borg ver\u00f0ur eydd \u00ed eldi.\u201c <br \/> <a name=\"24\"><span class=\"versanumer_2007\">24<\/span><\/a> \u00de\u00e1 sag\u00f0i Sedek\u00eda vi\u00f0 Jerem\u00eda: \u201eEnginn m\u00e1 vita neitt um \u00feetta samtal, annars muntu deyja. <a name=\"25\"><span class=\"versanumer_2007\">25<\/span><\/a> En ef h\u00f6f\u00f0ingjarnir fr\u00e9tta a\u00f0 \u00e9g hafi tala\u00f0 vi\u00f0 \u00feig koma \u00feeir til \u00fe\u00edn og segja: Sk\u00fdr\u00f0u okkur fr\u00e1 \u00fev\u00ed sem \u00fe\u00fa sag\u00f0ir vi\u00f0 konung. Leyndu okkur engu, e\u00f0a vi\u00f0 drepum \u00feig. Hva\u00f0 sag\u00f0i konungur vi\u00f0 \u00feig? <a name=\"26\"><span class=\"versanumer_2007\">26<\/span><\/a> En \u00fe\u00fa skalt svara \u00feeim: \u00c9g ba\u00f0 konung um a\u00f0 ver\u00f0a ekki sendur aftur \u00ed h\u00fas J\u00f3natans til \u00feess a\u00f0 deyja \u00fear.\u201c <br \/> <a name=\"27\"><span class=\"versanumer_2007\">27<\/span><\/a> Allir h\u00f6f\u00f0ingjarnir komu til Jerem\u00eda og spur\u00f0u hann. Hann svara\u00f0i \u00feeim n\u00e1kv\u00e6mlega eins og konungur haf\u00f0i fyrir hann lagt. \u00deeir l\u00e9tu hann \u00fe\u00e1 eiga sig \u00fev\u00ed a\u00f0 enginn haf\u00f0i heyrt samtali\u00f0.<br \/> <a name=\"28\"><span class=\"versanumer_2007\">28<\/span><\/a> Jerem\u00eda var n\u00fa um kyrrt \u00ed forgar\u00f0i var\u00f0li\u00f0sins, allt til \u00feess dags er Jer\u00fasalem var tekin.<\/p>\n","protected":false},"excerpt":{"rendered":"<p>Jerem\u00eda bjarga\u00f0 \u00far d\u00fdflissu 1 Sefatja Mattansson, Gedalja Pash\u00farsson, J\u00fakal Selemjason og Pash\u00far Malk\u00edason heyr\u00f0u bo\u00f0skapinn sem Jerem\u00eda haf\u00f0i flutt \u00f6llu f\u00f3lkinu \u00feegar hann sag\u00f0i: 2 \u201eSvo segir Drottinn: S\u00e1 sem ver\u00f0ur um kyrrt \u00ed \u00feessari borg mun falla fyrir sver\u00f0i, af hungri e\u00f0a dreps\u00f3tt. S\u00e1 sem yfirgefur hana og fer til Kaldea heldur l\u00edfi. L\u00edf hans ver\u00f0ur herfang hans og hann heldur l\u00edfi. 3 Svo segir Drottinn: \u00deessi borg ver\u00f0ur vissulega seld her Bab\u00fdlon\u00edukonungs \u00ed hendur og hann mun taka hana.\u201c 4 \u00de\u00e1 s\u00f6g\u00f0u h\u00f6f\u00f0ingjarnir vi\u00f0 konung: \u201e\u00dea\u00f0 ver\u00f0ur a\u00f0 taka \u00feennan mann af l\u00edfi. Hann dregur \u00far hugrekki <a href=\"https:\/\/biblian.is\/biblian\/jeremia-38-kafli\/\"> [&#8230;]<\/a><\/p>\n","protected":false},"author":1,"featured_media":0,"parent":0,"menu_order":0,"comment_status":"open","ping_status":"open","template":"bibliukaflar_NT.php","meta":{"footnotes":""},"class_list":["post-2400","page","type-page","status-publish","hentry"],"_links":{"self":[{"href":"https:\/\/biblian.is\/biblian\/wp-json\/wp\/v2\/pages\/2400","targetHints":{"allow":["GET"]}}],"collection":[{"href":"https:\/\/biblian.is\/biblian\/wp-json\/wp\/v2\/pages"}],"about":[{"href":"https:\/\/biblian.is\/biblian\/wp-json\/wp\/v2\/types\/page"}],"author":[{"embeddable":true,"href":"https:\/\/biblian.is\/biblian\/wp-json\/wp\/v2\/users\/1"}],"replies":[{"embeddable":true,"href":"https:\/\/biblian.is\/biblian\/wp-json\/wp\/v2\/comments?post=2400"}],"version-history":[{"count":0,"href":"https:\/\/biblian.is\/biblian\/wp-json\/wp\/v2\/pages\/2400\/revisions"}],"wp:attachment":[{"href":"https:\/\/biblian.is\/biblian\/wp-json\/wp\/v2\/media?parent=2400"}],"curies":[{"name":"wp","href":"https:\/\/api.w.org\/{rel}","templated":true}]}}