{"id":2398,"date":"2017-12-30T21:03:03","date_gmt":"2017-12-30T21:03:03","guid":{"rendered":"http:\/\/biblian.is\/biblian\/jerem%c2%92a-36-kafli\/"},"modified":"2024-07-03T12:50:10","modified_gmt":"2024-07-03T12:50:10","slug":"jeremia-36-kafli","status":"publish","type":"page","link":"https:\/\/biblian.is\/biblian\/jeremia-36-kafli\/","title":{"rendered":"Jerem\u00eda 36. kafli"},"content":{"rendered":"<h2 class=\"millifyrirsogn_2007\">Fr\u00e1sagnir Bar\u00faks <\/h2>\n<h3 class=\"millifyrirsogn_2007\">J\u00f3jak\u00edm og bo\u00f0un Jerem\u00eda<\/h3>\n<p><a name=\"1\"><span class=\"versanumer_2007\">1<\/span><\/a> \u00c1 fj\u00f3r\u00f0a stj\u00f3rnar\u00e1ri J\u00f3jak\u00edms J\u00f3s\u00edasonar J\u00fadakonungs kom \u00feetta or\u00f0 til Jerem\u00eda fr\u00e1 Drottni: <br \/> <a name=\"2\"><span class=\"versanumer_2007\">2<\/span><\/a> F\u00e1\u00f0u \u00fe\u00e9r b\u00f3k og skr\u00e1\u00f0u \u00e1 hana allt sem \u00e9g hef bo\u00f0a\u00f0 \u00fe\u00e9r gegn \u00cdsrael og J\u00fada og gegn \u00f6llum \u00fej\u00f3\u00f0um, fr\u00e1 \u00feeim degi er \u00e9g h\u00f3f a\u00f0 tala til \u00fe\u00edn, allt fr\u00e1 stj\u00f3rnart\u00ed\u00f0 J\u00f3s\u00eda og til \u00feessa dags. <a name=\"3\"><span class=\"versanumer_2007\">3<\/span><\/a> \u00deegar \u00e6ttb\u00e1lkur J\u00fada heyrir um allt \u00fea\u00f0 illa sem \u00e9g hyggst gera \u00feeim munu \u00feeir ef til vill hlusta. \u00de\u00e1 mun hver og einn sn\u00faa af s\u00ednum vonda vegi og \u00e9g fyrirgefa \u00feeim sekt \u00feeirra og synd.<br \/> <a name=\"4\"><span class=\"versanumer_2007\">4<\/span><\/a> \u00de\u00e1 kalla\u00f0i Jerem\u00eda \u00e1 Bar\u00fak Ner\u00edason og Bar\u00fak skrifa\u00f0i \u00e1 b\u00f3k allt \u00fea\u00f0 sem Jerem\u00eda las honum fyrir og Drottinn haf\u00f0i flutt honum. <a name=\"5\"><span class=\"versanumer_2007\">5<\/span><\/a> S\u00ed\u00f0an gaf Jerem\u00eda Bar\u00fak \u00feessi fyrirm\u00e6li: \u201e\u00c9g fer huldu h\u00f6f\u00f0i. \u00c9g get ekki fari\u00f0 \u00ed h\u00fas Drottins. <a name=\"6\"><span class=\"versanumer_2007\">6<\/span><\/a> En far \u00fe\u00fa \u00e1 f\u00f6studegi og lestu fyrir s\u00f6fnu\u00f0inn \u00far b\u00f3kinni or\u00f0 Drottins sem \u00fe\u00fa hefur skrifa\u00f0 upp eftir m\u00e9r. \u00de\u00fa skalt einnig lesa fyrir alla \u00fe\u00e1 J\u00fadamenn sem koma \u00feanga\u00f0 fr\u00e1 borgum s\u00ednum. <a name=\"7\"><span class=\"versanumer_2007\">7<\/span><\/a> Ef til vill kemur b\u00e6n \u00feeirra um miskunn fyrir auglit Drottins og ef til vill sn\u00faa \u00feeir hver og einn fr\u00e1 villu s\u00edns vegar \u00fev\u00ed a\u00f0 Drottinn hefur h\u00f3ta\u00f0 \u00feessu f\u00f3lki rei\u00f0i og heift.\u201c<br \/> <a name=\"8\"><span class=\"versanumer_2007\">8<\/span><\/a> Bar\u00fak Ner\u00edason ger\u00f0i allt, sem Jerem\u00eda sp\u00e1ma\u00f0ur f\u00f3l honum, og las or\u00f0 Drottins upp \u00far b\u00f3kinni \u00ed h\u00fasi Drottins.<br \/> <a name=\"9\"><span class=\"versanumer_2007\">9<\/span><\/a> \u00c1 fimmta stj\u00f3rnar\u00e1ri J\u00f3jak\u00edms J\u00f3s\u00edasonar J\u00fadakonungs voru gefin \u00fat fyrirm\u00e6li \u00ed n\u00edunda m\u00e1nu\u00f0inum um f\u00f6stu fyrir augliti Drottins. Allir Jer\u00fasalemb\u00faar og allir sem komu fr\u00e1 borgum s\u00ednum \u00ed J\u00fada til Jer\u00fasalem voru kalla\u00f0ir til f\u00f6stunnar. <a name=\"10\"><span class=\"versanumer_2007\">10<\/span><\/a> \u00de\u00e1 las Bar\u00fak bo\u00f0skap Jerem\u00eda upp \u00far b\u00f3kinni \u00ed \u00e1heyrn alls f\u00f3lksins \u00ed h\u00fasi Drottins, \u00ed herbergi Gemar\u00eda Safanssonar r\u00edkisritara sem er vi\u00f0 efri forgar\u00f0inn vi\u00f0 innganginn \u00ed N\u00fdja hli\u00f0i\u00f0 a\u00f0 h\u00fasi Drottins.<br \/> <a name=\"11\"><span class=\"versanumer_2007\">11<\/span><\/a> \u00deegar M\u00edka Gemar\u00edason, Safanssonar, haf\u00f0i hlusta\u00f0 \u00e1 allan bo\u00f0skap Drottins sem var \u00ed b\u00f3kinni <a name=\"12\"><span class=\"versanumer_2007\">12<\/span><\/a> f\u00f3r hann ni\u00f0ur \u00ed h\u00f6ll konungsins og \u00ed herbergi r\u00edkisritarans \u00fear sem allir \u00e6\u00f0ri emb\u00e6ttismennirnir h\u00e9ldu sig. \u00dear voru El\u00edsama r\u00edkisritari, Delaja Semajason, Elnatan Akb\u00f3rsson, Gemar\u00eda Safansson, Sedek\u00eda Hanan\u00edason og allir hinir emb\u00e6ttismennirnir. <a name=\"13\"><span class=\"versanumer_2007\">13<\/span><\/a> M\u00edka sk\u00fdr\u00f0i \u00feeim fr\u00e1 bo\u00f0skapnum, sem hann haf\u00f0i hl\u00fdtt \u00e1 \u00feegar Bar\u00fak las upp \u00far b\u00f3kinni \u00ed \u00e1heyrn f\u00f3lksins.<br \/> <a name=\"14\"><span class=\"versanumer_2007\">14<\/span><\/a> \u00de\u00e1 sendu allir emb\u00e6ttismennirnir Jah\u00fad\u00ed Natan\u00edason, Selem\u00edasonar, K\u00fas\u00edsonar, til Bar\u00faks me\u00f0 \u00feessi bo\u00f0: \u201eTaktu me\u00f0 \u00fe\u00e9r b\u00f3kina sem \u00fe\u00fa last \u00far \u00ed \u00e1heyrn f\u00f3lksins og komdu hinga\u00f0.\u201c Bar\u00fak Ner\u00edason t\u00f3k me\u00f0 s\u00e9r b\u00f3kina og kom til \u00feeirra. <a name=\"15\"><span class=\"versanumer_2007\">15<\/span><\/a> \u00de\u00e1 s\u00f6g\u00f0u \u00feeir vi\u00f0 hann: \u201eF\u00e1\u00f0u \u00fe\u00e9r s\u00e6ti og lestu hana fyrir oss.\u201c Bar\u00fak las hana fyrir \u00fe\u00e1. <br \/> <a name=\"16\"><span class=\"versanumer_2007\">16<\/span><\/a> \u00deegar \u00feeir h\u00f6f\u00f0u hl\u00fdtt \u00e1 bo\u00f0skapinn ur\u00f0u \u00feeir skelfingu lostnir, litu hver \u00e1 annan og s\u00f6g\u00f0u: \u201eV\u00e9r ver\u00f0um a\u00f0 sk\u00fdra konungi fr\u00e1 \u00feessu \u00f6llu.\u201c <a name=\"17\"><span class=\"versanumer_2007\">17<\/span><\/a> En \u00feeir spur\u00f0u Bar\u00fak og s\u00f6g\u00f0u: \u201eSeg\u00f0u oss n\u00fa hvernig \u00fe\u00fa skrifa\u00f0ir allt \u00feetta.\u201c <a name=\"18\"><span class=\"versanumer_2007\">18<\/span><\/a> Bar\u00fak svara\u00f0i \u00feeim: \u201eJerem\u00eda las m\u00e9r \u00fea\u00f0 fyrir og \u00e9g skrifa\u00f0i \u00fea\u00f0 me\u00f0 bleki \u00e1 b\u00f3kina.\u201c <a name=\"19\"><span class=\"versanumer_2007\">19<\/span><\/a> \u00de\u00e1 s\u00f6g\u00f0u emb\u00e6ttismennirnir vi\u00f0 Bar\u00fak: \u201eFar\u00f0u \u00ed felur \u00e1samt Jerem\u00eda. Enginn m\u00e1 vita hvar \u00fei\u00f0 eru\u00f0.\u201c <a name=\"20\"><span class=\"versanumer_2007\">20<\/span><\/a> \u00dev\u00ed n\u00e6st gengu \u00feeir fyrir konung \u00ed hallargar\u00f0inum eftir a\u00f0 hafa komi\u00f0 b\u00f3kinni fyrir \u00ed herbergi El\u00edsama r\u00edkisritara. S\u00ed\u00f0an s\u00f6g\u00f0u \u00feeir konungi allt af l\u00e9tta. <\/p>\n<h3 class=\"millifyrirsogn_2007\">J\u00f3jak\u00edm brennir b\u00f3kina<\/h3>\n<p><a name=\"21\"><span class=\"versanumer_2007\">21<\/span><\/a> \u00de\u00e1 sendi konungur Jah\u00fad\u00ed til \u00feess a\u00f0 s\u00e6kja b\u00f3kina og hann t\u00f3k hana me\u00f0 s\u00e9r \u00far herbergi El\u00edsama r\u00edkisritara. \u00dev\u00ed n\u00e6st las Jah\u00fad\u00ed hana \u00ed \u00e1heyrn konungs og allra emb\u00e6ttismannanna sem st\u00f3\u00f0u umhverfis hann.<br \/> <a name=\"22\"><span class=\"versanumer_2007\">22<\/span><\/a> Konungur dvaldist \u00ed vetrarh\u00f6llinni \u00fev\u00ed a\u00f0 \u00feetta var \u00ed n\u00edunda m\u00e1nu\u00f0inum. Kolaeldur loga\u00f0i \u00ed eldst\u00e6\u00f0inu fyrir framan hann. <a name=\"23\"><span class=\"versanumer_2007\">23<\/span><\/a> \u00cd hvert skipti sem Jah\u00fad\u00ed haf\u00f0i lesi\u00f0 \u00ferj\u00e1 e\u00f0a fj\u00f3ra d\u00e1lka skar konungur \u00fe\u00e1 af b\u00f3krullunni me\u00f0 pennahn\u00edf og fleyg\u00f0i \u00ed eldinn \u00ed eldst\u00e6\u00f0inu \u00fear til \u00f6ll b\u00f3kin var brunnin. <a name=\"24\"><span class=\"versanumer_2007\">24<\/span><\/a> Hvorki var\u00f0 konungur hr\u00e6ddur n\u00e9 \u00feeir af \u00fej\u00f3num hans sem heyr\u00f0u \u00feessi or\u00f0. Enginn \u00feeirra reif kl\u00e6\u00f0i s\u00edn. <a name=\"25\"><span class=\"versanumer_2007\">25<\/span><\/a> \u00de\u00f3 a\u00f0 Elnatan, Delaja og Gemar\u00eda leg\u00f0u fast a\u00f0 konungi a\u00f0 brenna ekki b\u00f3kina hlusta\u00f0i hann ekki \u00e1 \u00fe\u00e1. <a name=\"26\"><span class=\"versanumer_2007\">26<\/span><\/a> Hins vegar skipa\u00f0i konungur konungssyninum Jerahmeel, Seraja Asr\u00edelssyni og Selemja Abdeelssyni a\u00f0 s\u00e6kja Bar\u00fak skrifara og Jerem\u00eda sp\u00e1mann. En Drottinn faldi \u00fe\u00e1.<br \/> <a name=\"27\"><span class=\"versanumer_2007\">27<\/span><\/a> \u00deegar konungur haf\u00f0i brennt b\u00f3kina me\u00f0 bo\u00f0skapnum, sem Bar\u00fak haf\u00f0i skrifa\u00f0 eftir Jerem\u00eda, kom or\u00f0 Drottins til Jerem\u00eda: <a name=\"28\"><span class=\"versanumer_2007\">28<\/span><\/a> \u201eF\u00e1\u00f0u \u00fe\u00e9r a\u00f0ra b\u00f3k og skrifa\u00f0u \u00e1 hana \u00f6ll \u00feau or\u00f0 sem voru \u00e1 hinni fyrri sem J\u00f3jak\u00edm J\u00fadakonungur brenndi. <a name=\"29\"><span class=\"versanumer_2007\">29<\/span><\/a> En um J\u00f3jak\u00edm J\u00fadakonung skaltu segja: Svo segir Drottinn: \u00de\u00fa brenndir \u00feessa b\u00f3k og sag\u00f0ir: Hvers vegna skrifa\u00f0ir \u00fe\u00fa \u00e1 hana a\u00f0 konungurinn \u00ed Bab\u00fdlon mundi koma og ey\u00f0a \u00feetta land og afm\u00e1 \u00fea\u00f0an menn og skepnur? <a name=\"30\"><span class=\"versanumer_2007\">30<\/span><\/a> \u00deess vegna segir Drottinn \u00feetta um J\u00f3jak\u00edm konung \u00ed J\u00fada: Hann skal engan ni\u00f0ja eiga er sitji \u00ed h\u00e1s\u00e6ti Dav\u00ed\u00f0s. L\u00edk hans mun liggja \u00fati \u00ed hitanum \u00e1 daginn og \u00ed kuldanum um n\u00e6tur. <a name=\"31\"><span class=\"versanumer_2007\">31<\/span><\/a> \u00c9g dreg hann sj\u00e1lfan, ni\u00f0ja hans og \u00fej\u00f3na til \u00e1byrg\u00f0ar vegna sektar \u00feeirra. \u00c9g sendi allt \u00fea\u00f0 b\u00f6l yfir \u00fe\u00e1 og \u00edb\u00faana \u00ed Jer\u00fasalem og J\u00fada, sem \u00e9g h\u00f3ta\u00f0i \u00feeim og \u00feeir skeyttu ekki um.\u201c<br \/> <a name=\"32\"><span class=\"versanumer_2007\">32<\/span><\/a> \u00de\u00e1 t\u00f3k Jerem\u00eda a\u00f0ra b\u00f3k og f\u00e9kk hana Bar\u00fak Ner\u00edasyni skrifara. Hann rita\u00f0i \u00e1 b\u00f3kina \u00fea\u00f0 sem Jerem\u00eda las fyrir, allt \u00fea\u00f0 sem sta\u00f0i\u00f0 haf\u00f0i \u00e1 b\u00f3kinni sem J\u00f3jak\u00edm J\u00fadakonungur haf\u00f0i brennt. Enn fremur var b\u00e6tt vi\u00f0 miklum bo\u00f0skap sem l\u00edktist hinum.<\/p>\n","protected":false},"excerpt":{"rendered":"<p>Fr\u00e1sagnir Bar\u00faks J\u00f3jak\u00edm og bo\u00f0un Jerem\u00eda 1 \u00c1 fj\u00f3r\u00f0a stj\u00f3rnar\u00e1ri J\u00f3jak\u00edms J\u00f3s\u00edasonar J\u00fadakonungs kom \u00feetta or\u00f0 til Jerem\u00eda fr\u00e1 Drottni: 2 F\u00e1\u00f0u \u00fe\u00e9r b\u00f3k og skr\u00e1\u00f0u \u00e1 hana allt sem \u00e9g hef bo\u00f0a\u00f0 \u00fe\u00e9r gegn \u00cdsrael og J\u00fada og gegn \u00f6llum \u00fej\u00f3\u00f0um, fr\u00e1 \u00feeim degi er \u00e9g h\u00f3f a\u00f0 tala til \u00fe\u00edn, allt fr\u00e1 stj\u00f3rnart\u00ed\u00f0 J\u00f3s\u00eda og til \u00feessa dags. 3 \u00deegar \u00e6ttb\u00e1lkur J\u00fada heyrir um allt \u00fea\u00f0 illa sem \u00e9g hyggst gera \u00feeim munu \u00feeir ef til vill hlusta. \u00de\u00e1 mun hver og einn sn\u00faa af s\u00ednum vonda vegi og \u00e9g fyrirgefa \u00feeim sekt \u00feeirra og synd. 4 \u00de\u00e1 <a href=\"https:\/\/biblian.is\/biblian\/jeremia-36-kafli\/\"> [&#8230;]<\/a><\/p>\n","protected":false},"author":1,"featured_media":0,"parent":0,"menu_order":0,"comment_status":"open","ping_status":"open","template":"bibliukaflar_NT.php","meta":{"footnotes":""},"class_list":["post-2398","page","type-page","status-publish","hentry"],"_links":{"self":[{"href":"https:\/\/biblian.is\/biblian\/wp-json\/wp\/v2\/pages\/2398","targetHints":{"allow":["GET"]}}],"collection":[{"href":"https:\/\/biblian.is\/biblian\/wp-json\/wp\/v2\/pages"}],"about":[{"href":"https:\/\/biblian.is\/biblian\/wp-json\/wp\/v2\/types\/page"}],"author":[{"embeddable":true,"href":"https:\/\/biblian.is\/biblian\/wp-json\/wp\/v2\/users\/1"}],"replies":[{"embeddable":true,"href":"https:\/\/biblian.is\/biblian\/wp-json\/wp\/v2\/comments?post=2398"}],"version-history":[{"count":0,"href":"https:\/\/biblian.is\/biblian\/wp-json\/wp\/v2\/pages\/2398\/revisions"}],"wp:attachment":[{"href":"https:\/\/biblian.is\/biblian\/wp-json\/wp\/v2\/media?parent=2398"}],"curies":[{"name":"wp","href":"https:\/\/api.w.org\/{rel}","templated":true}]}}