{"id":2397,"date":"2017-12-30T21:02:57","date_gmt":"2017-12-30T21:02:57","guid":{"rendered":"http:\/\/biblian.is\/biblian\/jerem%c2%92a-35-kafli\/"},"modified":"2024-07-03T12:50:10","modified_gmt":"2024-07-03T12:50:10","slug":"jeremia-35-kafli","status":"publish","type":"page","link":"https:\/\/biblian.is\/biblian\/jeremia-35-kafli\/","title":{"rendered":"Jerem\u00eda 35. kafli"},"content":{"rendered":"<h3 class=\"millifyrirsogn_2007\"> Ford\u00e6mi Rekab\u00edta<\/h3>\n<p><a name=\"1\"><span class=\"versanumer_2007\">1<\/span><\/a> Or\u00f0i\u00f0 sem kom til Jerem\u00eda fr\u00e1 Drottni \u00feegar J\u00f3jak\u00edm J\u00f3s\u00edason var konungur \u00ed J\u00fada: <br \/> <a name=\"2\"><span class=\"versanumer_2007\">2<\/span><\/a> Far\u00f0u \u00ed h\u00fas Rekab\u00edtanna,<span class=\"nedan_mal\" title=\" Rekab\u00edtar voru tr\u00faarregla. \u00deeir neyttu ekki v\u00edns \u00fear sem v\u00ednyrkjunni tengdust kanverskir tr\u00faarsi\u00f0ir. \u00deeir l\u00edktust nas\u00edreum (4M\u00f3s 6.1-6.21).\">[<\/span> tala\u00f0u vi\u00f0 \u00fe\u00e1 og far\u00f0u me\u00f0 \u00fe\u00e1 \u00ed h\u00fas Drottins, \u00ed eitthvert herbergi\u00f0, og gef\u00f0u \u00feeim v\u00edn a\u00f0 drekka.<br \/> <a name=\"3\"><span class=\"versanumer_2007\">3<\/span><\/a> \u00de\u00e1 s\u00f3tti \u00e9g Jaasanja Jerem\u00edason, Habasinjasonar, br\u00e6\u00f0ur hans og alla syni og allan flokk Rekab\u00edta. <a name=\"4\"><span class=\"versanumer_2007\">4<\/span><\/a> \u00c9g f\u00f3r me\u00f0 \u00fe\u00e1 \u00ed h\u00fas Drottins, \u00ed herbergi sona Hanans, sonar gu\u00f0smannsins Jigdalja, en \u00fea\u00f0 er vi\u00f0 hli\u00f0ina \u00e1 herbergi h\u00f6f\u00f0ingjanna sem er yfir herbergi Maaseja Sall\u00famssonar \u00fer\u00f6skuldsvar\u00f0ar. <br \/> <a name=\"5\"><span class=\"versanumer_2007\">5<\/span><\/a> \u00dev\u00ed n\u00e6st bar \u00e9g sk\u00e1lar fullar af v\u00edni og bikara fyrir mennina \u00far flokki Rekab\u00edta og sag\u00f0i vi\u00f0 \u00fe\u00e1: \u201eDrekki\u00f0 n\u00fa d\u00e1l\u00edti\u00f0 v\u00edn.\u201c <a name=\"6\"><span class=\"versanumer_2007\">6<\/span><\/a> \u00deeir sv\u00f6ru\u00f0u: \u201eV\u00e9r drekkum aldrei v\u00edn \u00fev\u00ed a\u00f0 J\u00f3nadab Rekabsson, \u00e6ttfa\u00f0ir vor, skipa\u00f0i svo fyrir: \u00de\u00e9r megi\u00f0 aldrei drekka v\u00edn, hvorki \u00fe\u00e9r sj\u00e1lfir n\u00e9 afkomendur y\u00f0ar. <a name=\"7\"><span class=\"versanumer_2007\">7<\/span><\/a> \u00de\u00e9r megi\u00f0 hvorki reisa h\u00fas n\u00e9 s\u00e1 s\u00e6\u00f0i og hvorki gr\u00f3\u00f0ursetja n\u00e9 eiga v\u00edngar\u00f0a. \u00de\u00e9r skulu\u00f0 b\u00faa \u00ed tj\u00f6ldum alla \u00e6vi svo a\u00f0 \u00fe\u00e9r lifi\u00f0 lengi \u00ed landinu sem \u00fe\u00e9r dvelji\u00f0 \u00ed sem a\u00f0komumenn. <a name=\"8\"><span class=\"versanumer_2007\">8<\/span><\/a> V\u00e9r h\u00f6fum hl\u00fdtt \u00f6llum fyrirm\u00e6lum J\u00f3nadabs Rekabssonar, \u00e6ttf\u00f6\u00f0ur vors, sem hann setti oss. \u00dev\u00ed drekkum v\u00e9r ekki v\u00edn svo lengi sem v\u00e9r lifum, hvorki v\u00e9r sj\u00e1lfir, konur vorar, synir n\u00e9 d\u00e6tur. <a name=\"9\"><span class=\"versanumer_2007\">9<\/span><\/a> V\u00e9r reisum ekki h\u00fas til a\u00f0 b\u00faa \u00ed, v\u00e9r eigum hvorki v\u00edngar\u00f0, akur n\u00e9 s\u00e1\u00f0korn, <a name=\"10\"><span class=\"versanumer_2007\">10<\/span><\/a> heldur b\u00faum v\u00e9r \u00ed tj\u00f6ldum. V\u00e9r fylgjum \u00ed \u00f6llu \u00fev\u00ed sem J\u00f3nadab, \u00e6ttfa\u00f0ir vor, gaf oss fyrirm\u00e6li um. <a name=\"11\"><span class=\"versanumer_2007\">11<\/span><\/a> En \u00feegar Neb\u00fakadresar konungur \u00ed Bab\u00fdlon ger\u00f0i innr\u00e1s \u00ed landi\u00f0 s\u00f6g\u00f0um v\u00e9r: Komi\u00f0, v\u00e9r skulum fara til Jer\u00fasalem undan her Kaldea og Aramea. \u00deess vegna b\u00faum v\u00e9r \u00ed Jer\u00fasalem.\u201c<br \/> <a name=\"12\"><span class=\"versanumer_2007\">12<\/span><\/a> \u00de\u00e1 kom or\u00f0 Drottins til Jerem\u00eda: <br \/> <a name=\"13\"><span class=\"versanumer_2007\">13<\/span><\/a> Svo segir Drottinn hersveitanna, Gu\u00f0 \u00cdsraels: Far\u00f0u og seg\u00f0u vi\u00f0 \u00edb\u00faana \u00ed Jer\u00fasalem og J\u00fada: Vilji\u00f0 \u00fe\u00e9r ekki hl\u00fd\u00f0a \u00e1 or\u00f0 m\u00edn og l\u00e1ta y\u00f0ur segjast? segir Drottinn. <a name=\"14\"><span class=\"versanumer_2007\">14<\/span><\/a> Bo\u00f0 J\u00f3nadabs Rekabssonar hafa veri\u00f0 haldin \u00ed hei\u00f0ri. Hann skylda\u00f0i ni\u00f0ja s\u00edna til a\u00f0 drekka ekki v\u00edn og \u00feeir hafa ekki drukki\u00f0 \u00fea\u00f0 hinga\u00f0 til. \u00deeir hafa hl\u00fdtt bo\u00f0i \u00e6ttf\u00f6\u00f0ur s\u00edns en \u00e9g hef tala\u00f0 til y\u00f0ar seint og snemma en \u00fe\u00e9r hafi\u00f0 ekki hl\u00fdtt m\u00e9r. <a name=\"15\"><span class=\"versanumer_2007\">15<\/span><\/a> \u00c9g hef hva\u00f0 eftir anna\u00f0 sent y\u00f0ur \u00fej\u00f3na m\u00edna, sp\u00e1mennina, til a\u00f0 bo\u00f0a: Sn\u00fai\u00f0 y\u00f0ur, hver af s\u00ednum vonda vegi, og b\u00e6ti\u00f0 breytni y\u00f0ar. Elti\u00f0 ekki a\u00f0ra gu\u00f0i til a\u00f0 \u00fej\u00f3na \u00feeim. \u00de\u00e1 munu\u00f0 \u00fe\u00e9r b\u00faa \u00e1fram \u00ed landinu sem \u00e9g gaf fe\u00f0rum y\u00f0ar. En \u00fe\u00e9r l\u00f6g\u00f0u\u00f0 ekki vi\u00f0 hlustir og hl\u00fdddu\u00f0 m\u00e9r ekki. <a name=\"16\"><span class=\"versanumer_2007\">16<\/span><\/a> J\u00e1, ni\u00f0jar J\u00f3nadabs Rekabssonar hafa haldi\u00f0 \u00ed hei\u00f0ri fyrirm\u00e6li \u00e6ttf\u00f6\u00f0ur s\u00edns, sem hann gaf \u00feeim, en \u00feetta f\u00f3lk hlustar ekki \u00e1 mig.<br \/> <a name=\"17\"><span class=\"versanumer_2007\">17<\/span><\/a> \u00deess vegna segir Drottinn, Gu\u00f0 hersveitanna, Gu\u00f0 \u00cdsraels: \u00c9g sendi yfir J\u00fada og alla Jer\u00fasalemb\u00faa allt \u00fea\u00f0 b\u00f6l sem \u00e9g hef h\u00f3ta\u00f0. \u00deeir hlustu\u00f0u ekki \u00feegar \u00e9g tala\u00f0i til \u00feeirra og sv\u00f6ru\u00f0u ekki \u00fe\u00f3tt \u00e9g hr\u00f3pa\u00f0i til \u00feeirra.<br \/> <a name=\"18\"><span class=\"versanumer_2007\">18<\/span><\/a> En Jerem\u00eda sag\u00f0i vi\u00f0 flokk Rekab\u00edta: Svo segir Drottinn hersveitanna, Gu\u00f0 \u00cdsraels: \u00de\u00e9r hafi\u00f0 hl\u00fdtt fyrirm\u00e6lum J\u00f3nadabs, \u00e6ttf\u00f6\u00f0ur y\u00f0ar, virt \u00f6ll bo\u00f0 hans og framfylgt \u00f6llu \u00fev\u00ed sem hann setti y\u00f0ur. <a name=\"19\"><span class=\"versanumer_2007\">19<\/span><\/a> \u00deess vegna segir Drottinn hersveitanna, Gu\u00f0 \u00cdsraels: Aldrei skal skorta afkomanda af \u00e6tt J\u00f3nadabs Rekabssonar til a\u00f0 \u00fej\u00f3na fyrir augliti m\u00ednu.<\/p>\n","protected":false},"excerpt":{"rendered":"<p>Ford\u00e6mi Rekab\u00edta 1 Or\u00f0i\u00f0 sem kom til Jerem\u00eda fr\u00e1 Drottni \u00feegar J\u00f3jak\u00edm J\u00f3s\u00edason var konungur \u00ed J\u00fada: 2 Far\u00f0u \u00ed h\u00fas Rekab\u00edtanna,[ tala\u00f0u vi\u00f0 \u00fe\u00e1 og far\u00f0u me\u00f0 \u00fe\u00e1 \u00ed h\u00fas Drottins, \u00ed eitthvert herbergi\u00f0, og gef\u00f0u \u00feeim v\u00edn a\u00f0 drekka. 3 \u00de\u00e1 s\u00f3tti \u00e9g Jaasanja Jerem\u00edason, Habasinjasonar, br\u00e6\u00f0ur hans og alla syni og allan flokk Rekab\u00edta. 4 \u00c9g f\u00f3r me\u00f0 \u00fe\u00e1 \u00ed h\u00fas Drottins, \u00ed herbergi sona Hanans, sonar gu\u00f0smannsins Jigdalja, en \u00fea\u00f0 er vi\u00f0 hli\u00f0ina \u00e1 herbergi h\u00f6f\u00f0ingjanna sem er yfir herbergi Maaseja Sall\u00famssonar \u00fer\u00f6skuldsvar\u00f0ar. 5 \u00dev\u00ed n\u00e6st bar \u00e9g sk\u00e1lar fullar af v\u00edni og bikara fyrir mennina <a href=\"https:\/\/biblian.is\/biblian\/jeremia-35-kafli\/\"> [&#8230;]<\/a><\/p>\n","protected":false},"author":1,"featured_media":0,"parent":0,"menu_order":0,"comment_status":"open","ping_status":"open","template":"bibliukaflar_NT.php","meta":{"footnotes":""},"class_list":["post-2397","page","type-page","status-publish","hentry"],"_links":{"self":[{"href":"https:\/\/biblian.is\/biblian\/wp-json\/wp\/v2\/pages\/2397","targetHints":{"allow":["GET"]}}],"collection":[{"href":"https:\/\/biblian.is\/biblian\/wp-json\/wp\/v2\/pages"}],"about":[{"href":"https:\/\/biblian.is\/biblian\/wp-json\/wp\/v2\/types\/page"}],"author":[{"embeddable":true,"href":"https:\/\/biblian.is\/biblian\/wp-json\/wp\/v2\/users\/1"}],"replies":[{"embeddable":true,"href":"https:\/\/biblian.is\/biblian\/wp-json\/wp\/v2\/comments?post=2397"}],"version-history":[{"count":0,"href":"https:\/\/biblian.is\/biblian\/wp-json\/wp\/v2\/pages\/2397\/revisions"}],"wp:attachment":[{"href":"https:\/\/biblian.is\/biblian\/wp-json\/wp\/v2\/media?parent=2397"}],"curies":[{"name":"wp","href":"https:\/\/api.w.org\/{rel}","templated":true}]}}