{"id":2392,"date":"2017-12-30T21:02:57","date_gmt":"2017-12-30T21:02:57","guid":{"rendered":"http:\/\/biblian.is\/biblian\/jerem%c2%92a-30-kafli\/"},"modified":"2024-07-03T13:00:49","modified_gmt":"2024-07-03T13:00:49","slug":"jeremia-30-kafli","status":"publish","type":"page","link":"https:\/\/biblian.is\/biblian\/jeremia-30-kafli\/","title":{"rendered":"Jerem\u00eda 30. kafli"},"content":{"rendered":"<h2 class=\"millifyrirsogn_2007\"> B\u00f3k huggunarinnar<\/h2>\n<p><a name=\"1\"><span class=\"versanumer_2007\">1<\/span><\/a> Or\u00f0i\u00f0 sem kom fr\u00e1 Drottni til Jerem\u00eda: <br \/> <a name=\"2\"><span class=\"versanumer_2007\">2<\/span><\/a> Svo segir Drottinn, Gu\u00f0 \u00cdsraels: Skr\u00e1\u00f0u \u00ed b\u00f3k \u00f6ll \u00feau or\u00f0 sem \u00e9g hef flutt \u00fe\u00e9r. <a name=\"3\"><span class=\"versanumer_2007\">3<\/span><\/a> \u00dev\u00ed a\u00f0 \u00feeir dagar koma, segir Drottinn, a\u00f0 \u00e9g sn\u00fd vi\u00f0 hag \u00fej\u00f3\u00f0ar minnar, \u00cdsraels og J\u00fada, segir Drottinn. \u00c9g mun lei\u00f0a \u00fe\u00e1 aftur til landsins sem \u00e9g f\u00e9kk fe\u00f0rum \u00feeirra og \u00feeir t\u00f3ku til eignar. <br \/> <a name=\"4\"><span class=\"versanumer_2007\">4<\/span><\/a> \u00deetta eru or\u00f0in sem Drottinn flutti \u00cdsrael og J\u00fada. <\/p>\n<h3 class=\"millifyrirsogn_2007\">\u00d3ttast ekki, \u00e9g er me\u00f0 \u00fe\u00e9r<\/h3>\n<p><span class=\"ljodatexti\"> <a name=\"5\"><span class=\"versanumer_ljod\">5<\/span><\/a>Svo segir Drottinn: <br \/>V\u00e9r heyrum angistar\u00f3p <br \/>til marks um \u00f3tta en ekki fri\u00f0.<br \/> <\/span> <span class=\"ljodatexti\"> <a name=\"6\"><span class=\"versanumer_ljod\">6<\/span><\/a>Spyrji\u00f0 og g\u00e6ti\u00f0 a\u00f0: <br \/>Getur karl ali\u00f0 barn? <br \/>Hv\u00ed eru allir karlmenn, sem \u00e9g s\u00e9, <br \/>me\u00f0 hendur \u00e1 lendum eins og kona me\u00f0 j\u00f3\u00f0s\u00f3tt?<br \/>Hv\u00ed er hvert andlit n\u00e1bleikt?<br \/> <\/span> <span class=\"ljodatexti\"> <a name=\"7\"><span class=\"versanumer_ljod\">7<\/span><\/a>J\u00e1, mikill er \u00feessi dagur,<br \/>engum \u00f6\u00f0rum l\u00edkur.<br \/>\u00deetta er \u00ferengingat\u00ed\u00f0 fyrir Jakob <br \/>en honum ver\u00f0ur bjarga\u00f0. <\/span> <br \/> <a name=\"8\"><span class=\"versanumer_2007\">8<\/span><\/a> \u00deann dag, segir Drottinn hersveitanna, mun \u00e9g brj\u00f3ta oki\u00f0 af h\u00e1lsi hans og sl\u00edta hlekki hans. \u00deeir munu ekki lengur \u00fer\u00e6la fyrir framandi menn <a name=\"9\"><span class=\"versanumer_2007\">9<\/span><\/a> heldur \u00fej\u00f3na Drottni, Gu\u00f0i s\u00ednum, og Dav\u00ed\u00f0, konungi s\u00ednum, sem \u00e9g mun hefja upp \u00feeirra vegna.<br \/> <span class=\"ljodatexti\"> <a name=\"10\"><span class=\"versanumer_ljod\">10<\/span><\/a>\u00d3ttast ekki, \u00fej\u00f3nn minn, Jakob, <br \/>segir Drottinn, <br \/>og l\u00e1t ekki hugfallast, \u00cdsrael. <br \/> \u00c9g mun sj\u00e1lfur bjarga \u00fe\u00e9r \u00far fjarl\u00e6gu landi, <br \/>ni\u00f0jum \u00fe\u00ednum \u00far landinu \u00fear sem \u00feeir eru \u00fatlagar. <br \/>Jakob mun sn\u00faa heim og n\u00e6\u00f0is nj\u00f3ta. <br \/>Hann mun b\u00faa \u00fear \u00f3hultur <br \/>og enginn \u00f3gna honum.<br \/> <\/span> <span class=\"ljodatexti\"> <a name=\"11\"><span class=\"versanumer_ljod\">11<\/span><\/a>J\u00e1, \u00e9g er me\u00f0 \u00fe\u00e9r, segir Drottinn, <br \/>til a\u00f0 bjarga \u00fe\u00e9r. <br \/>\u00c9g mun ey\u00f0a \u00f6llum \u00feeim \u00fej\u00f3\u00f0um <br \/>sem \u00e9g dreif\u00f0i \u00fe\u00e9r \u00e1 me\u00f0al. <br \/>\u00de\u00e9r einum mun \u00e9g aldrei ey\u00f0a <br \/>en \u00e9g mun refsa \u00fe\u00e9r vi\u00f0 h\u00e6fi <br \/>og ekki l\u00e1ta \u00fe\u00e9r me\u00f0 \u00f6llu \u00f3hegnt. <br \/> <\/span> <span class=\"ljodatexti\"> <a name=\"12\"><span class=\"versanumer_ljod\">12<\/span><\/a>Svo segir Drottinn: <br \/>Brot \u00feitt ver\u00f0ur ekki gr\u00e6tt, <br \/>s\u00e1r \u00feitt ekki l\u00e6kna\u00f0. <br \/> <\/span> <span class=\"ljodatexti\"> <a name=\"13\"><span class=\"versanumer_ljod\">13<\/span><\/a>Enginn leitar r\u00e9ttar \u00fe\u00edns. <br \/>Meini\u00f0 hefst illa vi\u00f0, <br \/>\u00fe\u00fa f\u00e6r\u00f0 enga b\u00f3t.<br \/> <\/span> <span class=\"ljodatexti\"> <a name=\"14\"><span class=\"versanumer_ljod\">14<\/span><\/a>Allir vinir \u00fe\u00ednir hafa gleymt \u00fe\u00e9r,<br \/>\u00feeir vitja \u00fe\u00edn ekki <br \/>\u00fev\u00ed a\u00f0 \u00e9g laust \u00feig sem fjandmann, <br \/>hirti \u00feig har\u00f0lega<br \/>\u00fev\u00ed a\u00f0 sekt \u00fe\u00edn var mikil, <br \/>syndir \u00fe\u00ednar margar.<br \/> <\/span> <span class=\"ljodatexti\"> <a name=\"15\"><span class=\"versanumer_ljod\">15<\/span><\/a>Hv\u00ed hlj\u00f3\u00f0ar \u00fe\u00fa vegna \u00e1verka \u00fe\u00edns, <br \/>vegna \u00f3l\u00e6knandi kvalar \u00feinnar? <br \/>Vegna mikillar sektar \u00feinnar <br \/>og fj\u00f6lmargra synda <br \/>hef \u00e9g gert \u00fe\u00e9r \u00feetta. <br \/> <\/span> <span class=\"ljodatexti\"> <a name=\"16\"><span class=\"versanumer_ljod\">16<\/span><\/a>En allir sem gleyptu \u00feig ver\u00f0a gleyptir <br \/>og allir sem k\u00fagu\u00f0u \u00feig ger\u00f0ir \u00fatl\u00e6gir. <br \/>\u00deeir sem r\u00e6ndu \u00feig ver\u00f0a r\u00e6ndir, <br \/>\u00fe\u00e1 sem t\u00f3ku af \u00fe\u00e9r herfang geri \u00e9g a\u00f0 herfangi. <br \/> <\/span> <span class=\"ljodatexti\"> <a name=\"17\"><span class=\"versanumer_ljod\">17<\/span><\/a>\u00c9g mun gr\u00e6\u00f0a \u00feig, <br \/>l\u00e6kna s\u00e1r \u00fe\u00edn, <br \/>segir Drottinn, \u00fev\u00ed a\u00f0 \u00fe\u00fa varst nefnd \u201ehin brottrekna\u201c, <br \/>\u201eS\u00edon sem enginn spyr um\u201c. <\/span> <\/p>\n<h3 class=\"millifyrirsogn_2007\">Endurreisn \u00fej\u00f3\u00f0arinnar<\/h3>\n<p><span class=\"ljodatexti\"> <a name=\"18\"><span class=\"versanumer_ljod\">18<\/span><\/a>Svo segir Drottinn: <br \/>\u00c9g sn\u00fd vi\u00f0 h\u00f6gum Jakobs tjalda <br \/>og s\u00fdni b\u00fast\u00f6\u00f0um hans miskunn. <br \/>Borgin skal endurreist \u00e1 r\u00fastunum <br \/>og h\u00f6llin standa \u00fear sem h\u00fan hefur alltaf sta\u00f0i\u00f0.<br \/> <\/span> <span class=\"ljodatexti\"> <a name=\"19\"><span class=\"versanumer_ljod\">19<\/span><\/a>\u00dea\u00f0an skal hlj\u00f3ma lofs\u00f6ngur og f\u00f6gnu\u00f0ur. <br \/>\u00c9g fj\u00f6lga \u00feeim, \u00feeir ver\u00f0a ekki f\u00e1ir, <br \/>\u00e9g veiti \u00feeim vir\u00f0ingu, \u00feeir ver\u00f0a ekki l\u00edtilsvirtir.<br \/> <\/span> <span class=\"ljodatexti\"> <a name=\"20\"><span class=\"versanumer_ljod\">20<\/span><\/a>Synir Jakobs ver\u00f0a sem for\u00f0um <br \/>og s\u00f6fnu\u00f0ur hans ver\u00f0ur st\u00f6\u00f0ugur fyrir augliti m\u00ednu <br \/>en alla k\u00fagara hans dreg \u00e9g til \u00e1byrg\u00f0ar.<br \/> <\/span> <span class=\"ljodatexti\"> <a name=\"21\"><span class=\"versanumer_ljod\">21<\/span><\/a>Afkomandi hans ver\u00f0ur lei\u00f0togi hans, <br \/>af \u00e6tt hans kemur drottnari hans. <br \/>\u00c9g mun leyfa honum a\u00f0 ganga fram fyrir mig<br \/>svo a\u00f0 hann geti n\u00e1lgast mig. <br \/>Hver annar mundi h\u00e6tta l\u00edfi s\u00ednu <br \/>til a\u00f0 n\u00e1lgast mig? segir Drottinn.<br \/> <\/span> <span class=\"ljodatexti\"> <a name=\"22\"><span class=\"versanumer_ljod\">22<\/span><\/a> \u00de\u00e9r ver\u00f0i\u00f0 m\u00edn \u00fej\u00f3\u00f0 <br \/>og \u00e9g ver\u00f0 y\u00f0ar Gu\u00f0.<br \/> <\/span> <span class=\"ljodatexti\"> <a name=\"23\"><span class=\"versanumer_ljod\">23<\/span><\/a> J\u00e1, stormur Drottins, rei\u00f0i hans, br\u00fdst fram, <br \/>hvirfilvindur sem steypist yfir h\u00f6fu\u00f0 hinna \u00f3gu\u00f0legu.<br \/> <\/span> <span class=\"ljodatexti\"> <a name=\"24\"><span class=\"versanumer_ljod\">24<\/span><\/a> B\u00e1landi rei\u00f0i Drottins linnir ekki <br \/>fyrr en hann hefur a\u00f0 fullu <br \/>framkv\u00e6mt fyrir\u00e6tlanir hjarta s\u00edns. <br \/>S\u00ed\u00f0ar munu\u00f0 \u00fe\u00e9r skilja \u00fea\u00f0. <\/span> <\/p>\n","protected":false},"excerpt":{"rendered":"<p>B\u00f3k huggunarinnar 1 Or\u00f0i\u00f0 sem kom fr\u00e1 Drottni til Jerem\u00eda: 2 Svo segir Drottinn, Gu\u00f0 \u00cdsraels: Skr\u00e1\u00f0u \u00ed b\u00f3k \u00f6ll \u00feau or\u00f0 sem \u00e9g hef flutt \u00fe\u00e9r. 3 \u00dev\u00ed a\u00f0 \u00feeir dagar koma, segir Drottinn, a\u00f0 \u00e9g sn\u00fd vi\u00f0 hag \u00fej\u00f3\u00f0ar minnar, \u00cdsraels og J\u00fada, segir Drottinn. \u00c9g mun lei\u00f0a \u00fe\u00e1 aftur til landsins sem \u00e9g f\u00e9kk fe\u00f0rum \u00feeirra og \u00feeir t\u00f3ku til eignar. 4 \u00deetta eru or\u00f0in sem Drottinn flutti \u00cdsrael og J\u00fada. \u00d3ttast ekki, \u00e9g er me\u00f0 \u00fe\u00e9r 5Svo segir Drottinn: V\u00e9r heyrum angistar\u00f3p til marks um \u00f3tta en ekki fri\u00f0. 6Spyrji\u00f0 og g\u00e6ti\u00f0 a\u00f0: Getur karl ali\u00f0 <a href=\"https:\/\/biblian.is\/biblian\/jeremia-30-kafli\/\"> [&#8230;]<\/a><\/p>\n","protected":false},"author":1,"featured_media":0,"parent":0,"menu_order":0,"comment_status":"open","ping_status":"open","template":"bibliukaflar_NT.php","meta":{"footnotes":""},"class_list":["post-2392","page","type-page","status-publish","hentry"],"_links":{"self":[{"href":"https:\/\/biblian.is\/biblian\/wp-json\/wp\/v2\/pages\/2392","targetHints":{"allow":["GET"]}}],"collection":[{"href":"https:\/\/biblian.is\/biblian\/wp-json\/wp\/v2\/pages"}],"about":[{"href":"https:\/\/biblian.is\/biblian\/wp-json\/wp\/v2\/types\/page"}],"author":[{"embeddable":true,"href":"https:\/\/biblian.is\/biblian\/wp-json\/wp\/v2\/users\/1"}],"replies":[{"embeddable":true,"href":"https:\/\/biblian.is\/biblian\/wp-json\/wp\/v2\/comments?post=2392"}],"version-history":[{"count":0,"href":"https:\/\/biblian.is\/biblian\/wp-json\/wp\/v2\/pages\/2392\/revisions"}],"wp:attachment":[{"href":"https:\/\/biblian.is\/biblian\/wp-json\/wp\/v2\/media?parent=2392"}],"curies":[{"name":"wp","href":"https:\/\/api.w.org\/{rel}","templated":true}]}}