{"id":2390,"date":"2017-12-30T21:02:57","date_gmt":"2017-12-30T21:02:57","guid":{"rendered":"http:\/\/biblian.is\/biblian\/jerem%c2%92a-28-kafli\/"},"modified":"2024-07-03T12:50:08","modified_gmt":"2024-07-03T12:50:08","slug":"jeremia-28-kafli","status":"publish","type":"page","link":"https:\/\/biblian.is\/biblian\/jeremia-28-kafli\/","title":{"rendered":"Jerem\u00eda 28. kafli"},"content":{"rendered":"<h3 class=\"millifyrirsogn_2007\"> Jerem\u00eda og Hananja<\/h3>\n<p><a name=\"1\"><span class=\"versanumer_2007\">1<\/span><\/a> \u00deetta sama \u00e1r \u00e1varpa\u00f0i Hananja sp\u00e1ma\u00f0ur Ass\u00farsson fr\u00e1 G\u00edbeon mig \u00ed h\u00fasi Drottins. \u00dea\u00f0 var vi\u00f0 upphaf stj\u00f3rnar Sedek\u00eda J\u00fadakonungs, \u00e1 fj\u00f3r\u00f0a \u00e1rinu, \u00ed fimmta m\u00e1nu\u00f0inum, a\u00f0 hann tala\u00f0i vi\u00f0 mig frammi fyrir prestunum og \u00f6llu f\u00f3lkinu og sag\u00f0i: <a name=\"2\"><span class=\"versanumer_2007\">2<\/span><\/a> \u201eSvo segir Drottinn hersveitanna, Gu\u00f0 \u00cdsraels: \u00c9g br\u00fdt ok konungsins \u00ed Bab\u00fdlon. <a name=\"3\"><span class=\"versanumer_2007\">3<\/span><\/a> Innan tveggja \u00e1ra mun \u00e9g senda aftur til \u00feessa sta\u00f0ar \u00f6ll \u00feau ker \u00far h\u00fasi Drottins sem Neb\u00fakadnesar konungur \u00ed Bab\u00fdlon t\u00f3k me\u00f0 s\u00e9r h\u00e9\u00f0an og flutti til Bab\u00fdlonar. <a name=\"4\"><span class=\"versanumer_2007\">4<\/span><\/a> \u00c9g mun einnig flytja Jekonja<span class=\"nedan_mal\" title=\" \u00de.e. J\u00f3jak\u00edn.\">[<\/span> J\u00f3jak\u00edmsson J\u00fadakonung og alla \u00fatlagana fr\u00e1 J\u00fada aftur til \u00feessa sta\u00f0ar, segir Drottinn, \u00fev\u00ed a\u00f0 \u00e9g mun brj\u00f3ta ok konungsins \u00ed Bab\u00fdlon.\u201c <br \/> <a name=\"5\"><span class=\"versanumer_2007\">5<\/span><\/a> Jerem\u00eda sp\u00e1ma\u00f0ur svara\u00f0i Hananja sp\u00e1manni frammi fyrir prestunum og \u00f6llu f\u00f3lkinu sem var \u00ed h\u00fasi Drottins. <a name=\"6\"><span class=\"versanumer_2007\">6<\/span><\/a> Jerem\u00eda sp\u00e1ma\u00f0ur sag\u00f0i: \u201eJ\u00e1, vonandi gerir Drottinn \u00feetta. Vonandi l\u00e6tur Drottinn forsp\u00e1 \u00fe\u00edna r\u00e6tast og flytur kerin \u00far h\u00fasi Drottins \u00e1samt \u00f6llu f\u00f3lkinu aftur hinga\u00f0 fr\u00e1 Bab\u00fdlon. <a name=\"7\"><span class=\"versanumer_2007\">7<\/span><\/a> En hlusta\u00f0u n\u00fa \u00e1 \u00fea\u00f0 sem \u00e9g flyt \u00fe\u00e9r og \u00f6llu f\u00f3lkinu: <a name=\"8\"><span class=\"versanumer_2007\">8<\/span><\/a> Fyrri t\u00ed\u00f0ar sp\u00e1menn, sem uppi voru \u00e1 undan m\u00e9r og \u00fe\u00e9r, fluttu m\u00f6rgum l\u00f6ndum og voldugum r\u00edkjum bo\u00f0skap um str\u00ed\u00f0, b\u00f6l og dreps\u00f3tt. <a name=\"9\"><span class=\"versanumer_2007\">9<\/span><\/a> Hvort sp\u00e1ma\u00f0ur, sem bo\u00f0ar heill, er \u00ed raun sendur af Drottni sannast af \u00fev\u00ed a\u00f0 or\u00f0 hans r\u00e6tast.\u201c <br \/> <a name=\"10\"><span class=\"versanumer_2007\">10<\/span><\/a> \u00de\u00e1 t\u00f3k Hananja oki\u00f0 af h\u00e1lsi Jerem\u00eda sp\u00e1manni og braut \u00fea\u00f0. <a name=\"11\"><span class=\"versanumer_2007\">11<\/span><\/a> \u00dev\u00ed n\u00e6st sag\u00f0i Hananja sp\u00e1ma\u00f0ur frammi fyrir prestunum og \u00f6llu f\u00f3lkinu: \u201eSvo segir Drottinn: \u00c1\u00f0ur en tv\u00f6 \u00e1r eru li\u00f0in mun \u00e9g \u00e1 sama h\u00e1tt brj\u00f3ta ok Neb\u00fakadnesars konungs \u00ed Bab\u00fdlon af h\u00e1lsi allra \u00fej\u00f3\u00f0a.\u201c En Jerem\u00eda sp\u00e1ma\u00f0ur gekk lei\u00f0ar sinnar.<br \/> <a name=\"12\"><span class=\"versanumer_2007\">12<\/span><\/a> Eftir a\u00f0 Hananja sp\u00e1ma\u00f0ur haf\u00f0i broti\u00f0 oki\u00f0 af h\u00e1lsi Jerem\u00eda sp\u00e1manni kom or\u00f0 Drottins til Jerem\u00eda sp\u00e1manns: <a name=\"13\"><span class=\"versanumer_2007\">13<\/span><\/a> Far \u00fe\u00fa og seg\u00f0u vi\u00f0 Hananja: Svo segir Drottinn: \u00de\u00fa braust ok \u00far tr\u00e9, \u00ed sta\u00f0 \u00feess skaltu gera ok \u00far j\u00e1rni. <a name=\"14\"><span class=\"versanumer_2007\">14<\/span><\/a> \u00dev\u00ed a\u00f0 svo segir Drottinn hersveitanna, Gu\u00f0 \u00cdsraels: \u00c9g legg ok \u00far j\u00e1rni \u00e1 h\u00e1ls allra \u00feessara \u00fej\u00f3\u00f0a svo a\u00f0 \u00fe\u00e6r \u00fej\u00f3ni Neb\u00fakadnesari konungi \u00ed Bab\u00fdlon. \u00de\u00e6r skulu \u00fej\u00f3na honum og \u00e9g f\u00e6 honum jafnvel d\u00fdr merkurinnar.<br \/> <a name=\"15\"><span class=\"versanumer_2007\">15<\/span><\/a> Jerem\u00eda sp\u00e1ma\u00f0ur sag\u00f0i vi\u00f0 Hananja sp\u00e1mann: \u201eHlusta\u00f0u n\u00fa, Hananja. Drottinn hefur ekki sent \u00feig. \u00de\u00fa hefur blekkt \u00feetta f\u00f3lk til a\u00f0 rei\u00f0a sig \u00e1 lygar. <a name=\"16\"><span class=\"versanumer_2007\">16<\/span><\/a> \u00deess vegna segir Drottinn: \u00c9g sendi \u00feig \u00ed burt af yfirbor\u00f0i jar\u00f0ar. \u00de\u00fa deyr\u00f0 \u00e1 \u00feessu \u00e1ri \u00fev\u00ed a\u00f0 \u00fe\u00fa hefur hvatt til fr\u00e1hvarfs fr\u00e1 Drottni.\u201c <br \/> <a name=\"17\"><span class=\"versanumer_2007\">17<\/span><\/a> Hananja sp\u00e1ma\u00f0ur d\u00f3 \u00feetta \u00e1r \u00ed sj\u00f6unda m\u00e1nu\u00f0inum.<\/p>\n","protected":false},"excerpt":{"rendered":"<p>Jerem\u00eda og Hananja 1 \u00deetta sama \u00e1r \u00e1varpa\u00f0i Hananja sp\u00e1ma\u00f0ur Ass\u00farsson fr\u00e1 G\u00edbeon mig \u00ed h\u00fasi Drottins. \u00dea\u00f0 var vi\u00f0 upphaf stj\u00f3rnar Sedek\u00eda J\u00fadakonungs, \u00e1 fj\u00f3r\u00f0a \u00e1rinu, \u00ed fimmta m\u00e1nu\u00f0inum, a\u00f0 hann tala\u00f0i vi\u00f0 mig frammi fyrir prestunum og \u00f6llu f\u00f3lkinu og sag\u00f0i: 2 \u201eSvo segir Drottinn hersveitanna, Gu\u00f0 \u00cdsraels: \u00c9g br\u00fdt ok konungsins \u00ed Bab\u00fdlon. 3 Innan tveggja \u00e1ra mun \u00e9g senda aftur til \u00feessa sta\u00f0ar \u00f6ll \u00feau ker \u00far h\u00fasi Drottins sem Neb\u00fakadnesar konungur \u00ed Bab\u00fdlon t\u00f3k me\u00f0 s\u00e9r h\u00e9\u00f0an og flutti til Bab\u00fdlonar. 4 \u00c9g mun einnig flytja Jekonja[ J\u00f3jak\u00edmsson J\u00fadakonung og alla \u00fatlagana fr\u00e1 J\u00fada aftur <a href=\"https:\/\/biblian.is\/biblian\/jeremia-28-kafli\/\"> [&#8230;]<\/a><\/p>\n","protected":false},"author":1,"featured_media":0,"parent":0,"menu_order":0,"comment_status":"open","ping_status":"open","template":"bibliukaflar_NT.php","meta":{"footnotes":""},"class_list":["post-2390","page","type-page","status-publish","hentry"],"_links":{"self":[{"href":"https:\/\/biblian.is\/biblian\/wp-json\/wp\/v2\/pages\/2390","targetHints":{"allow":["GET"]}}],"collection":[{"href":"https:\/\/biblian.is\/biblian\/wp-json\/wp\/v2\/pages"}],"about":[{"href":"https:\/\/biblian.is\/biblian\/wp-json\/wp\/v2\/types\/page"}],"author":[{"embeddable":true,"href":"https:\/\/biblian.is\/biblian\/wp-json\/wp\/v2\/users\/1"}],"replies":[{"embeddable":true,"href":"https:\/\/biblian.is\/biblian\/wp-json\/wp\/v2\/comments?post=2390"}],"version-history":[{"count":0,"href":"https:\/\/biblian.is\/biblian\/wp-json\/wp\/v2\/pages\/2390\/revisions"}],"wp:attachment":[{"href":"https:\/\/biblian.is\/biblian\/wp-json\/wp\/v2\/media?parent=2390"}],"curies":[{"name":"wp","href":"https:\/\/api.w.org\/{rel}","templated":true}]}}