{"id":2389,"date":"2017-12-30T21:02:57","date_gmt":"2017-12-30T21:02:57","guid":{"rendered":"http:\/\/biblian.is\/biblian\/jerem%c2%92a-27-kafli\/"},"modified":"2024-07-03T12:50:08","modified_gmt":"2024-07-03T12:50:08","slug":"jeremia-27-kafli","status":"publish","type":"page","link":"https:\/\/biblian.is\/biblian\/jeremia-27-kafli\/","title":{"rendered":"Jerem\u00eda 27. kafli"},"content":{"rendered":"<h3 class=\"millifyrirsogn_2007\"> Ok Bab\u00fdlonar<\/h3>\n<p><a name=\"1\"><span class=\"versanumer_2007\">1<\/span><\/a> \u00cd upphafi stj\u00f3rnar J\u00f3jak\u00edms J\u00f3s\u00edasonar J\u00fadakonungs kom \u00feetta or\u00f0 fr\u00e1 Drottni til Jerem\u00eda:<br \/> <a name=\"2\"><span class=\"versanumer_2007\">2<\/span><\/a> Svo sag\u00f0i Drottinn vi\u00f0 mig: Taktu reipi og ok og legg\u00f0u \u00e1 h\u00e1ls \u00fe\u00e9r. <a name=\"3\"><span class=\"versanumer_2007\">3<\/span><\/a> Sendu s\u00ed\u00f0an bo\u00f0 til konungsins \u00ed Ed\u00f3m, konungsins \u00ed M\u00f3ab, konungs Amm\u00f3n\u00edta, konungsins \u00ed T\u00fdrus og konungsins \u00ed S\u00eddon me\u00f0 sendim\u00f6nnunum sem komnir eru til Jer\u00fasalem, til Sedek\u00eda J\u00fadakonungs. <a name=\"4\"><span class=\"versanumer_2007\">4<\/span><\/a> Feldu \u00feeim a\u00f0 flytja h\u00fasb\u00e6ndum s\u00ednum \u00feessi bo\u00f0: Svo segir Drottinn hersveitanna, Gu\u00f0 \u00cdsraels: Segi\u00f0 h\u00fasb\u00e6ndum y\u00f0ar: <a name=\"5\"><span class=\"versanumer_2007\">5<\/span><\/a> \u00c9g er s\u00e1 sem skapa\u00f0i heiminn, mennina og d\u00fdrin \u00e1 j\u00f6r\u00f0inni. \u00c9g ger\u00f0i \u00fea\u00f0 me\u00f0 m\u00ednum mikla m\u00e6tti og \u00fatr\u00e9ttum armi og gef \u00fea\u00f0 \u00feeim sem m\u00e9r \u00fe\u00f3knast. <a name=\"6\"><span class=\"versanumer_2007\">6<\/span><\/a> N\u00fa sel \u00e9g \u00f6ll \u00feessi l\u00f6nd \u00fej\u00f3ni m\u00ednum, Neb\u00fakadnesari Bab\u00fdlon\u00edukonungi, \u00ed hendur. \u00c9g f\u00e6 honum jafnvel d\u00fdr merkurinnar til \u00feess a\u00f0 \u00feau \u00fej\u00f3ni honum. <a name=\"7\"><span class=\"versanumer_2007\">7<\/span><\/a> Allar \u00fej\u00f3\u00f0ir skulu \u00fej\u00f3na honum, syni hans og sonarsyni \u00fear til s\u00e1 t\u00edmi kemur yfir landi\u00f0 a\u00f0 voldugar \u00fej\u00f3\u00f0ir og miklir konungar gera \u00fea\u00f0 s\u00e9r undirgefi\u00f0. <a name=\"8\"><span class=\"versanumer_2007\">8<\/span><\/a> En vilji einhver \u00fej\u00f3\u00f0 e\u00f0a konungsr\u00edki ekki \u00fej\u00f3na Neb\u00fakadnesari konungi \u00ed Bab\u00fdlon og ekki beygja h\u00e1ls sinn undir ok hans mun \u00e9g refsa \u00feeirri \u00fej\u00f3\u00f0 me\u00f0 sver\u00f0i, hungursney\u00f0 og dreps\u00f3tt, segir Drottinn, \u00fear til \u00e9g hef tort\u00edmt henni me\u00f0 hendi hans.<br \/> <a name=\"9\"><span class=\"versanumer_2007\">9<\/span><\/a> En hlusti\u00f0 ekki \u00e1 sp\u00e1menn y\u00f0ar, sp\u00e1sagnamenn, \u00fe\u00e1 sem drauma dreymir, \u00fe\u00e1 sem sk\u00fdra fyrirbo\u00f0a e\u00f0a galdramenn \u00feegar \u00feeir segja vi\u00f0 y\u00f0ur: \u201e\u00de\u00e9r ver\u00f0i\u00f0 ekki \u00fej\u00f3nar konungsins \u00ed Bab\u00fdlon.\u201c <a name=\"10\"><span class=\"versanumer_2007\">10<\/span><\/a> \u00dev\u00ed a\u00f0 \u00feeir bo\u00f0a y\u00f0ur lygar og hrekja y\u00f0ur me\u00f0 \u00fev\u00ed fr\u00e1 f\u00f6\u00f0urlandi y\u00f0ar. \u00c9g rek y\u00f0ur \u00ed burtu svo a\u00f0 \u00fe\u00e9r farist. <a name=\"11\"><span class=\"versanumer_2007\">11<\/span><\/a> En \u00fe\u00e1 \u00fej\u00f3\u00f0 sem beygir h\u00e1ls sinn undir ok konungsins \u00ed Bab\u00fdlon og \u00fej\u00f3nar honum l\u00e6t \u00e9g vera \u00f3\u00e1reitta \u00ed landi s\u00ednu. H\u00fan skal b\u00faa \u00ed \u00fev\u00ed og yrkja \u00fea\u00f0, segir Drottinn.<br \/> <a name=\"12\"><span class=\"versanumer_2007\">12<\/span><\/a> Sedek\u00eda J\u00fadakonungi flutti \u00e9g \u00feennan sama bo\u00f0skap. \u00c9g sag\u00f0i: Beygi\u00f0 h\u00e1lsinn undir ok konungsins \u00ed Bab\u00fdlon. \u00dej\u00f3ni\u00f0 honum og \u00fej\u00f3\u00f0 hans svo a\u00f0 \u00fe\u00e9r haldi\u00f0 l\u00edfi. <a name=\"13\"><span class=\"versanumer_2007\">13<\/span><\/a> Hvers vegna viltu falla \u00e1samt \u00fej\u00f3\u00f0 \u00feinni fyrir sver\u00f0i, hungursney\u00f0 og dreps\u00f3tt sem Drottinn hefur h\u00f3ta\u00f0 \u00feeirri \u00fej\u00f3\u00f0 sem ekki vill \u00fej\u00f3na konunginum \u00ed Bab\u00fdlon? <a name=\"14\"><span class=\"versanumer_2007\">14<\/span><\/a> Hlusti\u00f0 ekki \u00e1 r\u00e6\u00f0ur sp\u00e1mannanna sem segja vi\u00f0 y\u00f0ur: \u201e\u00de\u00e9r ver\u00f0i\u00f0 ekki \u00fej\u00f3nar konungsins \u00ed Bab\u00fdlon.\u201c \u00dev\u00ed a\u00f0 \u00feeir bo\u00f0a y\u00f0ur lygar. <a name=\"15\"><span class=\"versanumer_2007\">15<\/span><\/a> \u00c9g hef ekki sent \u00fe\u00e1, segir Drottinn, \u00feeir bo\u00f0a lygar \u00ed m\u00ednu nafni. \u00dea\u00f0 ver\u00f0ur til \u00feess a\u00f0 \u00e9g hrek y\u00f0ur brott svo a\u00f0 \u00fe\u00e9r farist \u00e1samt sp\u00e1m\u00f6nnunum sem flytja y\u00f0ur bo\u00f0skap. <br \/> <a name=\"16\"><span class=\"versanumer_2007\">16<\/span><\/a> En vi\u00f0 prestana og allt \u00feetta f\u00f3lk sag\u00f0i \u00e9g: Svo segir Drottinn: Hlusti\u00f0 ekki \u00e1 r\u00e6\u00f0ur sp\u00e1mannanna sem flytja y\u00f0ur bo\u00f0skap og segja: \u201eKerin \u00far h\u00fasi Drottins ver\u00f0a flj\u00f3tlega flutt hinga\u00f0 aftur fr\u00e1 Bab\u00fdlon.\u201c \u00deeir bo\u00f0a y\u00f0ur lygar. <a name=\"17\"><span class=\"versanumer_2007\">17<\/span><\/a> Hlusti\u00f0 ekki \u00e1 \u00fe\u00e1! Gerist \u00fej\u00f3nar konungsins \u00ed Bab\u00fdlon svo a\u00f0 \u00fe\u00e9r haldi\u00f0 l\u00edfi. Hvers vegna \u00e1 \u00feessi borg a\u00f0 ver\u00f0a a\u00f0 r\u00fast? <a name=\"18\"><span class=\"versanumer_2007\">18<\/span><\/a> Ef \u00feeir eru sp\u00e1menn og or\u00f0 Drottins er hj\u00e1 \u00feeim hlj\u00f3ta \u00feeir a\u00f0 bi\u00f0ja Drottin hersveitanna um a\u00f0 kerin, sem enn eru eftir \u00ed h\u00fasi Drottins og \u00ed h\u00f6ll J\u00fadakonungs og \u00ed Jer\u00fasalem, fari ekki til Bab\u00fdlonar. <a name=\"19\"><span class=\"versanumer_2007\">19<\/span><\/a> \u00dev\u00ed a\u00f0 svo segir Drottinn hersveitanna um s\u00falurnar, hafi\u00f0, vagngrindurnar og a\u00f0ra gripi sem ur\u00f0u eftir \u00ed \u00feessari borg <a name=\"20\"><span class=\"versanumer_2007\">20<\/span><\/a> og Neb\u00fakadnesar konungur \u00ed Bab\u00fdlon t\u00f3k ekki me\u00f0 s\u00e9r \u00feegar hann flutti Jekonja J\u00f3jak\u00edmsson J\u00fadakonung \u00ed \u00fatleg\u00f0 fr\u00e1 Jer\u00fasalem til Bab\u00fdlonar \u00e1samt \u00f6llum hef\u00f0arm\u00f6nnunum \u00ed J\u00fada og Jer\u00fasalem. <a name=\"21\"><span class=\"versanumer_2007\">21<\/span><\/a> J\u00e1, svo segir Drottinn hersveitanna, Gu\u00f0 \u00cdsraels, um kerin sem voru eftir \u00ed h\u00fasi Drottins og h\u00f6ll J\u00fadakonungs og \u00ed Jer\u00fasalem: <a name=\"22\"><span class=\"versanumer_2007\">22<\/span><\/a> \u00deau ver\u00f0a flutt til Bab\u00fdlonar og \u00fear ver\u00f0a \u00feau \u00fear til \u00e9g tek \u00feau \u00ed m\u00edna v\u00f6rslu, segir Drottinn, og flyt \u00feau aftur til \u00feessa sta\u00f0ar.<\/p>\n","protected":false},"excerpt":{"rendered":"<p>Ok Bab\u00fdlonar 1 \u00cd upphafi stj\u00f3rnar J\u00f3jak\u00edms J\u00f3s\u00edasonar J\u00fadakonungs kom \u00feetta or\u00f0 fr\u00e1 Drottni til Jerem\u00eda: 2 Svo sag\u00f0i Drottinn vi\u00f0 mig: Taktu reipi og ok og legg\u00f0u \u00e1 h\u00e1ls \u00fe\u00e9r. 3 Sendu s\u00ed\u00f0an bo\u00f0 til konungsins \u00ed Ed\u00f3m, konungsins \u00ed M\u00f3ab, konungs Amm\u00f3n\u00edta, konungsins \u00ed T\u00fdrus og konungsins \u00ed S\u00eddon me\u00f0 sendim\u00f6nnunum sem komnir eru til Jer\u00fasalem, til Sedek\u00eda J\u00fadakonungs. 4 Feldu \u00feeim a\u00f0 flytja h\u00fasb\u00e6ndum s\u00ednum \u00feessi bo\u00f0: Svo segir Drottinn hersveitanna, Gu\u00f0 \u00cdsraels: Segi\u00f0 h\u00fasb\u00e6ndum y\u00f0ar: 5 \u00c9g er s\u00e1 sem skapa\u00f0i heiminn, mennina og d\u00fdrin \u00e1 j\u00f6r\u00f0inni. \u00c9g ger\u00f0i \u00fea\u00f0 me\u00f0 m\u00ednum mikla m\u00e6tti og \u00fatr\u00e9ttum <a href=\"https:\/\/biblian.is\/biblian\/jeremia-27-kafli\/\"> [&#8230;]<\/a><\/p>\n","protected":false},"author":1,"featured_media":0,"parent":0,"menu_order":0,"comment_status":"open","ping_status":"open","template":"bibliukaflar_NT.php","meta":{"footnotes":""},"class_list":["post-2389","page","type-page","status-publish","hentry"],"_links":{"self":[{"href":"https:\/\/biblian.is\/biblian\/wp-json\/wp\/v2\/pages\/2389","targetHints":{"allow":["GET"]}}],"collection":[{"href":"https:\/\/biblian.is\/biblian\/wp-json\/wp\/v2\/pages"}],"about":[{"href":"https:\/\/biblian.is\/biblian\/wp-json\/wp\/v2\/types\/page"}],"author":[{"embeddable":true,"href":"https:\/\/biblian.is\/biblian\/wp-json\/wp\/v2\/users\/1"}],"replies":[{"embeddable":true,"href":"https:\/\/biblian.is\/biblian\/wp-json\/wp\/v2\/comments?post=2389"}],"version-history":[{"count":0,"href":"https:\/\/biblian.is\/biblian\/wp-json\/wp\/v2\/pages\/2389\/revisions"}],"wp:attachment":[{"href":"https:\/\/biblian.is\/biblian\/wp-json\/wp\/v2\/media?parent=2389"}],"curies":[{"name":"wp","href":"https:\/\/api.w.org\/{rel}","templated":true}]}}