{"id":2388,"date":"2017-12-30T21:02:57","date_gmt":"2017-12-30T21:02:57","guid":{"rendered":"http:\/\/biblian.is\/biblian\/jerem%c2%92a-26-kafli\/"},"modified":"2024-07-03T12:50:08","modified_gmt":"2024-07-03T12:50:08","slug":"jeremia-26-kafli","status":"publish","type":"page","link":"https:\/\/biblian.is\/biblian\/jeremia-26-kafli\/","title":{"rendered":"Jerem\u00eda 26. kafli"},"content":{"rendered":"<h2 class=\"millifyrirsogn_2007\">S\u00f6gukaflar \u00far l\u00edfi Jerem\u00eda <\/h2>\n<h3 class=\"millifyrirsogn_2007\">Musterisr\u00e6\u00f0an<\/h3>\n<p><a name=\"1\"><span class=\"versanumer_2007\">1<\/span><\/a> \u00cd upphafi stj\u00f3rnar J\u00f3jak\u00edms J\u00f3s\u00edasonar J\u00fadakonungs kom \u00feetta or\u00f0 fr\u00e1 Drottni: <a name=\"2\"><span class=\"versanumer_2007\">2<\/span><\/a> Svo segir Drottinn: Gakktu inn \u00ed forgar\u00f0 h\u00fass Drottins og \u00e1varpa\u00f0u alla \u00fe\u00e1 sem koma fr\u00e1 borgunum \u00ed J\u00fada til a\u00f0 bi\u00f0jast fyrir \u00ed h\u00fasi Drottins. Flyttu \u00feeim allt sem \u00e9g b\u00fd\u00f0 \u00fe\u00e9r \u00e1n \u00feess a\u00f0 draga neitt undan. <a name=\"3\"><span class=\"versanumer_2007\">3<\/span><\/a> Ef til vill hlusta \u00feeir og sn\u00faa hver og einn fr\u00e1 villu s\u00edns vegar. \u00de\u00e1 mun \u00e9g i\u00f0rast \u00feeirrar \u00f3g\u00e6fu sem \u00e9g hug\u00f0ist lei\u00f0a yfir \u00fe\u00e1 vegna illrar breytni \u00feeirra.<br \/> <a name=\"4\"><span class=\"versanumer_2007\">4<\/span><\/a> \u00de\u00fa skalt segja vi\u00f0 \u00fe\u00e1: Svo segir Drottinn: Ef \u00fe\u00e9r hl\u00fd\u00f0i\u00f0 ekki \u00e1 mig og fylgi\u00f0 ekki l\u00f6gm\u00e1li m\u00ednu sem \u00e9g hef lagt fyrir y\u00f0ur <a name=\"5\"><span class=\"versanumer_2007\">5<\/span><\/a> og hlusti\u00f0 ekki \u00e1 r\u00e6\u00f0ur \u00fej\u00f3na minna, sp\u00e1mannanna, sem \u00e9g hef hva\u00f0 eftir anna\u00f0 sent til y\u00f0ar \u00e1n \u00feess a\u00f0 \u00fe\u00e9r hlustu\u00f0u\u00f0 \u00e1 \u00fe\u00e1, <a name=\"6\"><span class=\"versanumer_2007\">6<\/span><\/a> mun \u00e9g fara me\u00f0 \u00feetta h\u00fas eins og S\u00edl\u00f3. \u00deessa borg mun \u00e9g gera a\u00f0 b\u00f6lvun fyrir allar \u00fej\u00f3\u00f0ir jar\u00f0ar.<br \/> <a name=\"7\"><span class=\"versanumer_2007\">7<\/span><\/a> Prestarnir, sp\u00e1mennirnir og allt f\u00f3lki\u00f0 hlusta\u00f0i \u00e1 Jerem\u00eda \u00feegar hann flutti \u00feessa r\u00e6\u00f0u \u00ed h\u00fasi Drottins. <a name=\"8\"><span class=\"versanumer_2007\">8<\/span><\/a> En \u00feegar Jerem\u00eda haf\u00f0i loki\u00f0 vi\u00f0 a\u00f0 segja allt \u00fea\u00f0 sem Drottinn haf\u00f0i fali\u00f0 honum a\u00f0 tala til f\u00f3lksins gripu prestarnir hann, sp\u00e1mennirnir og allt f\u00f3lki\u00f0 og hr\u00f3pu\u00f0u: \u201e\u00de\u00fa skalt svo sannarlega deyja. <a name=\"9\"><span class=\"versanumer_2007\">9<\/span><\/a> Hvers vegna bo\u00f0ar \u00fe\u00fa \u00ed nafni Drottins a\u00f0 fyrir \u00feessu h\u00fasi fari eins og S\u00edl\u00f3 og \u00feessi borg ver\u00f0i l\u00f6g\u00f0 \u00ed r\u00fast og yfirgefin?\u201c S\u00ed\u00f0an \u00feyrptist allt f\u00f3lki\u00f0 a\u00f0 Jerem\u00eda \u00ed h\u00fasi Drottins.<br \/> <a name=\"10\"><span class=\"versanumer_2007\">10<\/span><\/a> \u00deegar h\u00f6f\u00f0ingjar J\u00fada fr\u00e9ttu \u00feetta gengu \u00feeir fr\u00e1 konungsh\u00f6llinni til h\u00fass Drottins og settust vi\u00f0 N\u00fdja hli\u00f0i\u00f0. <a name=\"11\"><span class=\"versanumer_2007\">11<\/span><\/a> \u00dev\u00ed n\u00e6st \u00e1v\u00f6rpu\u00f0u prestarnir og sp\u00e1mennirnir h\u00f6f\u00f0ingjana og allt f\u00f3lki\u00f0 og s\u00f6g\u00f0u: \u201e\u00deessi ma\u00f0ur er dau\u00f0asekur \u00fev\u00ed a\u00f0 hann hefur flutt sp\u00e1d\u00f3msor\u00f0 gegn \u00feessari borg eins og \u00fe\u00e9r hafi\u00f0 heyrt me\u00f0 eigin eyrum.\u201c<br \/> <a name=\"12\"><span class=\"versanumer_2007\">12<\/span><\/a> \u00de\u00e1 \u00e1varpa\u00f0i Jerem\u00eda h\u00f6f\u00f0ingjana og allt f\u00f3lki\u00f0 og sag\u00f0i: \u201eDrottinn sendi mig til a\u00f0 tala gegn \u00feessu h\u00fasi og \u00feessari borg allt sem \u00fe\u00e9r hafi\u00f0 heyrt. <a name=\"13\"><span class=\"versanumer_2007\">13<\/span><\/a> B\u00e6ti\u00f0 n\u00fa framfer\u00f0i y\u00f0ar og breytni og hl\u00fd\u00f0i\u00f0 \u00e1 bo\u00f0 Drottins, Gu\u00f0s y\u00f0ar. \u00de\u00e1 mun Drottinn i\u00f0rast \u00feeirrar \u00f3g\u00e6fu sem hann hefur bo\u00f0a\u00f0 y\u00f0ur. <a name=\"14\"><span class=\"versanumer_2007\">14<\/span><\/a> Sj\u00e1lfur er \u00e9g \u00e1 y\u00f0ar valdi. Fari\u00f0 me\u00f0 mig eins og y\u00f0ur s\u00fdnist best og r\u00e9ttast. <a name=\"15\"><span class=\"versanumer_2007\">15<\/span><\/a> En \u00fea\u00f0 skulu\u00f0 \u00fe\u00e9r vita fyrir v\u00edst a\u00f0 l\u00edfl\u00e1ti\u00f0 \u00fe\u00e9r mig l\u00e1ti\u00f0 \u00fe\u00e9r saklaust bl\u00f3\u00f0 koma yfir sj\u00e1lfa y\u00f0ur, \u00feessa borg og \u00edb\u00faa hennar. Drottinn hefur \u00ed sannleika sent mig til y\u00f0ar til \u00feess a\u00f0 flytja y\u00f0ur \u00feessa r\u00e6\u00f0u.\u201c<br \/> <a name=\"16\"><span class=\"versanumer_2007\">16<\/span><\/a> \u00de\u00e1 s\u00f6g\u00f0u h\u00f6f\u00f0ingjarnir vi\u00f0 allt f\u00f3lki\u00f0, prestana og sp\u00e1mennina: \u201e\u00deessi ma\u00f0ur er ekki dau\u00f0asekur \u00fev\u00ed a\u00f0 hann hefur tala\u00f0 til vor \u00ed nafni Drottins, Gu\u00f0s vors.\u201c <a name=\"17\"><span class=\"versanumer_2007\">17<\/span><\/a> \u00ddmsir af \u00f6ldungum landsins risu \u00fe\u00e1 \u00e1 f\u00e6tur, \u00e1v\u00f6rpu\u00f0u allt f\u00f3lki\u00f0 og s\u00f6g\u00f0u: <a name=\"18\"><span class=\"versanumer_2007\">18<\/span><\/a> \u201eM\u00edka fr\u00e1 M\u00f3reset var sp\u00e1ma\u00f0ur \u00feegar Hisk\u00eda var konungur \u00ed J\u00fada. Hann sag\u00f0i vi\u00f0 alla J\u00fadamenn: <br \/> <span class=\"ljodatexti\"> Svo segir Drottinn hersveitanna: <br \/>S\u00edon ver\u00f0ur pl\u00e6g\u00f0 sem akur, <br \/>Jer\u00fasalem ver\u00f0ur r\u00fast <br \/>og musterisfjalli\u00f0 kjarri vaxnar h\u00e6\u00f0ir. <\/span> <br \/> <a name=\"19\"><span class=\"versanumer_2007\">19<\/span><\/a> L\u00e9tu Hisk\u00eda J\u00fadakonungur og allir J\u00fadamenn taka hann af l\u00edfi? \u00d3tta\u00f0ist hann ekki \u00f6llu heldur Drottin svo a\u00f0 hann milda\u00f0i auglit Drottins sem h\u00e6tti vi\u00f0 a\u00f0 senda \u00feeim \u00fe\u00e1 \u00f3g\u00e6fu sem hann haf\u00f0i h\u00f3ta\u00f0? En v\u00e9r erum a\u00f0 \u00fev\u00ed komnir a\u00f0 kalla \u00f3g\u00e6fu yfir sj\u00e1lfa oss.\u201c<\/p>\n<h3 class=\"millifyrirsogn_2007\">Mor\u00f0i\u00f0 \u00e1 \u00dar\u00eda sp\u00e1manni<\/h3>\n<p><a name=\"20\"><span class=\"versanumer_2007\">20<\/span><\/a> Annar ma\u00f0ur, \u00dar\u00eda Semajason, sp\u00e1\u00f0i \u00ed nafni Drottins. Hann var fr\u00e1 Kirjat Jear\u00edm. Hann flutti bo\u00f0skap gegn \u00feessari borg og \u00feessu landi alveg eins og Jerem\u00eda. <a name=\"21\"><span class=\"versanumer_2007\">21<\/span><\/a> \u00deegar J\u00f3jak\u00edm konungur, allir herforingjar hans og hir\u00f0menn heyr\u00f0u um r\u00e6\u00f0ur hans leita\u00f0ist konungur vi\u00f0 a\u00f0 r\u00e1\u00f0a hann af d\u00f6gum. En \u00feegar \u00dar\u00eda fr\u00e9tti \u00fea\u00f0 var\u00f0 hann hr\u00e6ddur og fl\u00fd\u00f0i og komst til Egyptalands. <a name=\"22\"><span class=\"versanumer_2007\">22<\/span><\/a> En J\u00f3jak\u00edm konungur sendi Elnatan Akb\u00f3rsson til Egyptalands \u00e1samt nokkrum m\u00f6nnum \u00f6\u00f0rum. <a name=\"23\"><span class=\"versanumer_2007\">23<\/span><\/a> \u00deeir s\u00f3ttu \u00dar\u00eda til Egyptalands og f\u00f3ru me\u00f0 hann til J\u00f3jak\u00edms konungs. Hann l\u00e9t taka hann af l\u00edfi me\u00f0 sver\u00f0i og henda l\u00edki hans \u00e1 grafir m\u00fagamanna. <a name=\"24\"><span class=\"versanumer_2007\">24<\/span><\/a> En Jerem\u00eda naut verndar Ah\u00edkams Safanssonar svo a\u00f0 hann var ekki framseldur m\u00fagnum \u00ed hendur til l\u00edfl\u00e1ts. <\/p>\n","protected":false},"excerpt":{"rendered":"<p>S\u00f6gukaflar \u00far l\u00edfi Jerem\u00eda Musterisr\u00e6\u00f0an 1 \u00cd upphafi stj\u00f3rnar J\u00f3jak\u00edms J\u00f3s\u00edasonar J\u00fadakonungs kom \u00feetta or\u00f0 fr\u00e1 Drottni: 2 Svo segir Drottinn: Gakktu inn \u00ed forgar\u00f0 h\u00fass Drottins og \u00e1varpa\u00f0u alla \u00fe\u00e1 sem koma fr\u00e1 borgunum \u00ed J\u00fada til a\u00f0 bi\u00f0jast fyrir \u00ed h\u00fasi Drottins. Flyttu \u00feeim allt sem \u00e9g b\u00fd\u00f0 \u00fe\u00e9r \u00e1n \u00feess a\u00f0 draga neitt undan. 3 Ef til vill hlusta \u00feeir og sn\u00faa hver og einn fr\u00e1 villu s\u00edns vegar. \u00de\u00e1 mun \u00e9g i\u00f0rast \u00feeirrar \u00f3g\u00e6fu sem \u00e9g hug\u00f0ist lei\u00f0a yfir \u00fe\u00e1 vegna illrar breytni \u00feeirra. 4 \u00de\u00fa skalt segja vi\u00f0 \u00fe\u00e1: Svo segir Drottinn: Ef \u00fe\u00e9r hl\u00fd\u00f0i\u00f0 <a href=\"https:\/\/biblian.is\/biblian\/jeremia-26-kafli\/\"> [&#8230;]<\/a><\/p>\n","protected":false},"author":1,"featured_media":0,"parent":0,"menu_order":0,"comment_status":"open","ping_status":"open","template":"bibliukaflar_NT.php","meta":{"footnotes":""},"class_list":["post-2388","page","type-page","status-publish","hentry"],"_links":{"self":[{"href":"https:\/\/biblian.is\/biblian\/wp-json\/wp\/v2\/pages\/2388","targetHints":{"allow":["GET"]}}],"collection":[{"href":"https:\/\/biblian.is\/biblian\/wp-json\/wp\/v2\/pages"}],"about":[{"href":"https:\/\/biblian.is\/biblian\/wp-json\/wp\/v2\/types\/page"}],"author":[{"embeddable":true,"href":"https:\/\/biblian.is\/biblian\/wp-json\/wp\/v2\/users\/1"}],"replies":[{"embeddable":true,"href":"https:\/\/biblian.is\/biblian\/wp-json\/wp\/v2\/comments?post=2388"}],"version-history":[{"count":0,"href":"https:\/\/biblian.is\/biblian\/wp-json\/wp\/v2\/pages\/2388\/revisions"}],"wp:attachment":[{"href":"https:\/\/biblian.is\/biblian\/wp-json\/wp\/v2\/media?parent=2388"}],"curies":[{"name":"wp","href":"https:\/\/api.w.org\/{rel}","templated":true}]}}