{"id":2387,"date":"2017-12-30T21:02:57","date_gmt":"2017-12-30T21:02:57","guid":{"rendered":"http:\/\/biblian.is\/biblian\/jerem%c2%92a-25-kafli\/"},"modified":"2024-07-03T12:50:08","modified_gmt":"2024-07-03T12:50:08","slug":"jeremia-25-kafli","status":"publish","type":"page","link":"https:\/\/biblian.is\/biblian\/jeremia-25-kafli\/","title":{"rendered":"Jerem\u00eda 25. kafli"},"content":{"rendered":"<h3 class=\"millifyrirsogn_2007\"> Bab\u00fdlon, refsiv\u00f6ndur Drottins<\/h3>\n<p><a name=\"1\"><span class=\"versanumer_2007\">1<\/span><\/a> Or\u00f0 kom til Jerem\u00eda um alla J\u00fadamenn \u00e1 fj\u00f3r\u00f0a stj\u00f3rnar\u00e1ri J\u00f3jak\u00edms J\u00f3s\u00edasonar J\u00fadakonungs. \u00dea\u00f0 var fyrsta stj\u00f3rnar\u00e1r Neb\u00fakadresars, konungs \u00ed Bab\u00fdlon. <a name=\"2\"><span class=\"versanumer_2007\">2<\/span><\/a> \u00deetta er or\u00f0i\u00f0 sem Jerem\u00eda sp\u00e1ma\u00f0ur flutti allri \u00fej\u00f3\u00f0 J\u00fada og \u00f6llum Jer\u00fasalemb\u00faum:<br \/> <a name=\"3\"><span class=\"versanumer_2007\">3<\/span><\/a> Or\u00f0 Drottins hefur komi\u00f0 til m\u00edn \u00ed tuttugu og \u00ferj\u00fa \u00e1r, fr\u00e1 \u00fev\u00ed \u00e1 \u00ferett\u00e1nda stj\u00f3rnar\u00e1ri J\u00f3s\u00eda Am\u00f3nssonar J\u00fadakonungs og til \u00feessa dags. \u00c9g hef hva\u00f0 eftir anna\u00f0 flutt y\u00f0ur \u00fea\u00f0 en \u00fe\u00e9r hafi\u00f0 ekki hlusta\u00f0. <a name=\"4\"><span class=\"versanumer_2007\">4<\/span><\/a> Drottinn hefur hva\u00f0 eftir anna\u00f0 sent alla \u00fej\u00f3na s\u00edna, sp\u00e1mennina, til y\u00f0ar. En \u00fe\u00e9r g\u00e1fu\u00f0 \u00fev\u00ed engan gaum og l\u00f6g\u00f0u\u00f0 ekki vi\u00f0 hlustir.<br \/> <a name=\"5\"><span class=\"versanumer_2007\">5<\/span><\/a> \u00c9g sag\u00f0i: Hverfi\u00f0 n\u00fa, hver og einn, af y\u00f0ar vonda vegi og fr\u00e1 y\u00f0ar illu breytni. \u00de\u00e1 geti\u00f0 \u00fe\u00e9r b\u00fai\u00f0 \u00e1fram \u00ed landinu sem Drottinn gaf y\u00f0ur og fe\u00f0rum y\u00f0ar til \u00e6varandi eignar. <a name=\"6\"><span class=\"versanumer_2007\">6<\/span><\/a> Elti\u00f0 ekki a\u00f0ra gu\u00f0i, \u00fej\u00f3ni\u00f0 \u00feeim hvorki n\u00e9 tilbi\u00f0ji\u00f0 \u00fe\u00e1. \u00de\u00e9r skulu\u00f0 ekki vekja rei\u00f0i m\u00edna me\u00f0 handaverkum y\u00f0ar svo a\u00f0 \u00e9g valdi y\u00f0ur ekki \u00f3g\u00e6fu. <a name=\"7\"><span class=\"versanumer_2007\">7<\/span><\/a> En \u00fe\u00e9r hlustu\u00f0u\u00f0 ekki \u00e1 mig, segir Drottinn, heldur v\u00f6ktu\u00f0 rei\u00f0i m\u00edna me\u00f0 handaverkum y\u00f0ar, sj\u00e1lfum y\u00f0ur til ills. <br \/> <a name=\"8\"><span class=\"versanumer_2007\">8<\/span><\/a> \u00deess vegna segir Drottinn hersveitanna: \u00dear sem \u00fe\u00e9r hafi\u00f0 ekki hlusta\u00f0 \u00e1 r\u00e6\u00f0u m\u00edna, segir Drottinn, <a name=\"9\"><span class=\"versanumer_2007\">9<\/span><\/a> sendi \u00e9g eftir \u00f6llum \u00e6ttb\u00e1lkunum fyrir nor\u00f0an, segir Drottinn, \u00e1samt \u00fej\u00f3ni m\u00ednum, Neb\u00fakadresari, konungi \u00ed Bab\u00fdlon. \u00c9g mun stefna \u00feeim gegn \u00feessu landi og \u00edb\u00faum \u00feess og gegn \u00f6llum \u00fej\u00f3\u00f0unum umhverfis \u00fe\u00e1. \u00c9g helga \u00fe\u00e1 banni og geri \u00fe\u00e1 a\u00f0 \u00f3gn, a\u00f0hl\u00e1tursefni og \u00e6varandi sm\u00e1n. <a name=\"10\"><span class=\"versanumer_2007\">10<\/span><\/a> \u00c9g l\u00e6t hverfa gle\u00f0i\u00f3p og fagna\u00f0arhr\u00f3p me\u00f0al \u00feeirra, raddir br\u00fa\u00f0guma, kvarnarhlj\u00f3\u00f0 og lampalj\u00f3s. <a name=\"11\"><span class=\"versanumer_2007\">11<\/span><\/a> Allt \u00feetta land ver\u00f0ur r\u00fast og au\u00f0n. \u00dej\u00f3\u00f0irnar \u00fear ver\u00f0a \u00fer\u00e6lar konungsins \u00ed Bab\u00fdlon \u00ed sj\u00f6t\u00edu \u00e1r.<br \/> <a name=\"12\"><span class=\"versanumer_2007\">12<\/span><\/a> A\u00f0 sj\u00f6t\u00edu \u00e1rum li\u00f0num mun \u00e9g draga konunginn \u00ed Bab\u00fdlon til \u00e1byrg\u00f0ar og \u00fej\u00f3\u00f0 hans vegna sektar \u00feeirra, segir Drottinn, og einnig land Kaldea og geri \u00fea\u00f0 a\u00f0 \u00e6varandi ey\u00f0im\u00f6rk. <a name=\"13\"><span class=\"versanumer_2007\">13<\/span><\/a> \u00c9g mun l\u00e1ta allt sem \u00e9g hef tala\u00f0 gegn \u00feessu landi r\u00e6tast, allt sem skr\u00e1\u00f0 er \u00ed \u00feessa b\u00f3k og r\u00e6\u00f0ur Jerem\u00eda gegn \u00f6llum \u00fej\u00f3\u00f0um. <a name=\"14\"><span class=\"versanumer_2007\">14<\/span><\/a> \u00de\u00e6r munu einnig ver\u00f0a \u00fer\u00e6lar margra \u00fej\u00f3\u00f0a og voldugra konunga. \u00deannig mun \u00e9g endurgjalda \u00feeim breytni \u00feeirra og handaverk.<\/p>\n<h3 class=\"millifyrirsogn_2007\">Bikar rei\u00f0innar<\/h3>\n<p><a name=\"15\"><span class=\"versanumer_2007\">15<\/span><\/a> Svo sag\u00f0i Drottinn, Gu\u00f0 \u00cdsraels, vi\u00f0 mig: <br \/>Tak vi\u00f0 \u00feessum v\u00ednbikar \u00far hendi minni, bikar rei\u00f0innar, og l\u00e1ttu allar \u00fe\u00e6r \u00fej\u00f3\u00f0ir sem \u00e9g sendi \u00feig til drekka \u00far honum. <a name=\"16\"><span class=\"versanumer_2007\">16<\/span><\/a> \u00de\u00e6r eiga a\u00f0 drekka svo a\u00f0 \u00fe\u00e6r reiki um og ver\u00f0i viti s\u00ednu fj\u00e6r andsp\u00e6nis sver\u00f0inu sem \u00e9g mun senda mitt \u00e1 me\u00f0al \u00feeirra.<br \/> <a name=\"17\"><span class=\"versanumer_2007\">17<\/span><\/a> \u00de\u00e1 t\u00f3k \u00e9g vi\u00f0 bikarnum \u00far hendi Drottins og l\u00e9t allar \u00fej\u00f3\u00f0ir, sem Drottinn haf\u00f0i sent mig til, drekka \u00far honum: <a name=\"18\"><span class=\"versanumer_2007\">18<\/span><\/a> Jer\u00fasalem og borgirnar \u00ed J\u00fada, konunga hennar og h\u00f6f\u00f0ingja, til a\u00f0 leggja borgirnar \u00ed r\u00fast og gera \u00fe\u00e6r a\u00f0 ey\u00f0im\u00f6rk, a\u00f0 a\u00f0hl\u00e1tursefni og tilefni form\u00e6linga eins og n\u00fa er fram komi\u00f0, <a name=\"19\"><span class=\"versanumer_2007\">19<\/span><\/a> fara\u00f3 Egyptalandskonung, \u00fej\u00f3na hans og hir\u00f0menn og alla \u00feegna hans, <a name=\"20\"><span class=\"versanumer_2007\">20<\/span><\/a> alla \u00fej\u00f3\u00f0abl\u00f6nduna, alla konunga \u00ed \u00daslandi, alla konunga Filistea \u00e1samt Askalon, Gasa, Ekron og \u00fev\u00ed sem eftir er af Asd\u00f3d, <a name=\"21\"><span class=\"versanumer_2007\">21<\/span><\/a> Ed\u00f3m, M\u00f3ab og Amm\u00f3n\u00edta, <a name=\"22\"><span class=\"versanumer_2007\">22<\/span><\/a> alla konunga \u00ed T\u00fdrus og alla konunga \u00ed S\u00eddon og konunga eyjanna sem eru handan hafsins, <a name=\"23\"><span class=\"versanumer_2007\">23<\/span><\/a> Dedan, Tema og B\u00fas og alla me\u00f0 h\u00e1ri\u00f0 skori\u00f0 stutt, <a name=\"24\"><span class=\"versanumer_2007\">24<\/span><\/a> alla konunga Arab\u00edu og alla konunga bl\u00f6ndu\u00f0u \u00fej\u00f3\u00f0anna sem b\u00faa \u00ed ey\u00f0im\u00f6rkinni, <a name=\"25\"><span class=\"versanumer_2007\">25<\/span><\/a> alla konunga \u00ed Simr\u00ed, Elam og Med\u00edu, <a name=\"26\"><span class=\"versanumer_2007\">26<\/span><\/a> alla konunga fyrir nor\u00f0an, b\u00e6\u00f0i n\u00e6r og fj\u00e6r, hvern eftir annan. \u00c9g l\u00e6t \u00f6ll konungsr\u00edki heims drekka og s\u00ed\u00f0astur allra \u00e1 konungur Sesak<span class=\"nedan_mal\" title=\" Sesak merkir sennilega Bab\u00fdlon.\">[<\/span> a\u00f0 drekka. <br \/> <a name=\"27\"><span class=\"versanumer_2007\">27<\/span><\/a> \u00de\u00fa skalt segja vi\u00f0 \u00fe\u00e1: Svo segir Drottinn hersveitanna, Gu\u00f0 \u00cdsraels: \u201eDrekki\u00f0, gerist drukknir, sp\u00fdi\u00f0, detti\u00f0 ni\u00f0ur og r\u00edsi\u00f0 ekki upp aftur vegna sver\u00f0sins sem \u00e9g sendi mitt \u00e1 me\u00f0al y\u00f0ar.\u201c <a name=\"28\"><span class=\"versanumer_2007\">28<\/span><\/a> En ef \u00feeir neita a\u00f0 taka vi\u00f0 bikarnum \u00far hendi \u00fe\u00e9r og drekka skaltu segja vi\u00f0 \u00fe\u00e1: Svo segir Drottinn hersveitanna: \u201e\u00de\u00e9r ver\u00f0i\u00f0 a\u00f0 drekka!\u201c <br \/> <a name=\"29\"><span class=\"versanumer_2007\">29<\/span><\/a> Sj\u00e1, \u00e9g hefst \u00feegar handa vi\u00f0 a\u00f0 lei\u00f0a \u00f3g\u00e6fu yfir borgina sem kennd er vi\u00f0 mig. \u00c6ttu\u00f0 \u00fe\u00e9r \u00fe\u00e1 a\u00f0 komast undan? Nei, \u00fe\u00e9r komist ekki undan \u00fev\u00ed a\u00f0 \u00e9g b\u00fd\u00f0 \u00fat sver\u00f0i gegn \u00f6llum \u00edb\u00faum jar\u00f0arinnar, segir Drottinn hersveitanna.<\/p>\n<h3 class=\"millifyrirsogn_2007\">D\u00f3mur yfir \u00fej\u00f3\u00f0unum<\/h3>\n<p><span class=\"ljodatexti\"> <a name=\"30\"><span class=\"versanumer_ljod\">30<\/span><\/a> \u00de\u00fa skalt bo\u00f0a \u00feeim allt \u00feetta og segja: <br \/>Drottinn \u00f6skrar sem lj\u00f3n fr\u00e1 h\u00e6\u00f0um, <br \/>hann l\u00e6tur r\u00f6dd s\u00edna gjalla fr\u00e1 s\u00ednum heilaga b\u00fasta\u00f0. <br \/>Hann \u00ferumar h\u00e1tt yfir haga sinn, <br \/>hr\u00f3par fagnandi eins og \u00feeir sem tro\u00f0a v\u00ednber.<br \/> <\/span> <span class=\"ljodatexti\"> <a name=\"31\"><span class=\"versanumer_ljod\">31<\/span><\/a> H\u00e1reystin berst til allra \u00edb\u00faa heims,<br \/>allt til endimarka jar\u00f0ar <br \/>\u00fev\u00ed a\u00f0 Drottinn h\u00f6f\u00f0ar m\u00e1l gegn \u00fej\u00f3\u00f0unum, <br \/>heldur r\u00e9tt yfir \u00f6llum dau\u00f0legum<br \/>og gefur hina gu\u00f0lausu sver\u00f0inu \u00e1 vald, segir Drottinn.<br \/> <\/span> <span class=\"ljodatexti\"> <a name=\"32\"><span class=\"versanumer_ljod\">32<\/span><\/a> Svo segir Drottinn hersveitanna: <br \/>\u00d3g\u00e6fan berst fr\u00e1 \u00fej\u00f3\u00f0 til \u00fej\u00f3\u00f0ar, <br \/>voldugur stormur geisar fr\u00e1 endim\u00f6rkum jar\u00f0ar. <\/span> <br \/> <a name=\"33\"><span class=\"versanumer_2007\">33<\/span><\/a> \u00deeir sem felldir ver\u00f0a af Drottni munu \u00e1 \u00feeim degi liggja dreif\u00f0ir um alla j\u00f6r\u00f0ina. \u00deeir ver\u00f0a hvorki syrg\u00f0ir n\u00e9 \u00feeim safna\u00f0 saman og \u00feeir ver\u00f0a ekki grafnir. \u00deeir ver\u00f0a a\u00f0 \u00e1bur\u00f0i fyrir jar\u00f0veginn.<br \/> <span class=\"ljodatexti\"> <a name=\"34\"><span class=\"versanumer_ljod\">34<\/span><\/a> Harmi\u00f0, hir\u00f0ar, og kveini\u00f0, <br \/>velti\u00f0 y\u00f0ur \u00ed rykinu, lei\u00f0togar hjar\u00f0arinnar. <br \/>\u00dev\u00ed a\u00f0 s\u00e1 t\u00edmi er kominn <br \/>a\u00f0 y\u00f0ur ver\u00f0i sl\u00e1tra\u00f0, <br \/>\u00e9g mola y\u00f0ur og \u00fe\u00e9r falli\u00f0 til jar\u00f0ar<br \/>eins og skrautlegt leirker.<br \/> <\/span> <span class=\"ljodatexti\"> <a name=\"35\"><span class=\"versanumer_ljod\">35<\/span><\/a> Hir\u00f0arnir finna ekkert skj\u00f3l,<br \/>lei\u00f0togar hjar\u00f0arinnar komast ekki undan. <br \/> <\/span> <span class=\"ljodatexti\"> <a name=\"36\"><span class=\"versanumer_ljod\">36<\/span><\/a> Hlusti\u00f0, hir\u00f0arnir kveina, <br \/>lei\u00f0togar hjar\u00f0arinnar harma <br \/>\u00fev\u00ed a\u00f0 Drottinn ey\u00f0ir haglendi \u00feeirra,<br \/> <\/span> <span class=\"ljodatexti\"> <a name=\"37\"><span class=\"versanumer_ljod\">37<\/span><\/a> hin fri\u00f0s\u00e6lu beitil\u00f6nd eru svi\u00f0in <br \/>af brennandi rei\u00f0i Drottins.<br \/> <\/span> <span class=\"ljodatexti\"> <a name=\"38\"><span class=\"versanumer_ljod\">38<\/span><\/a> Hann kom \u00fat \u00far fylgsni s\u00ednu eins og lj\u00f3n, <br \/>land \u00feeirra er lagt \u00ed ey\u00f0i af \u00f3gnandi sver\u00f0i hans<br \/>og fyrir hans gl\u00f3andi heift. <\/span> <\/p>\n","protected":false},"excerpt":{"rendered":"<p>Bab\u00fdlon, refsiv\u00f6ndur Drottins 1 Or\u00f0 kom til Jerem\u00eda um alla J\u00fadamenn \u00e1 fj\u00f3r\u00f0a stj\u00f3rnar\u00e1ri J\u00f3jak\u00edms J\u00f3s\u00edasonar J\u00fadakonungs. \u00dea\u00f0 var fyrsta stj\u00f3rnar\u00e1r Neb\u00fakadresars, konungs \u00ed Bab\u00fdlon. 2 \u00deetta er or\u00f0i\u00f0 sem Jerem\u00eda sp\u00e1ma\u00f0ur flutti allri \u00fej\u00f3\u00f0 J\u00fada og \u00f6llum Jer\u00fasalemb\u00faum: 3 Or\u00f0 Drottins hefur komi\u00f0 til m\u00edn \u00ed tuttugu og \u00ferj\u00fa \u00e1r, fr\u00e1 \u00fev\u00ed \u00e1 \u00ferett\u00e1nda stj\u00f3rnar\u00e1ri J\u00f3s\u00eda Am\u00f3nssonar J\u00fadakonungs og til \u00feessa dags. \u00c9g hef hva\u00f0 eftir anna\u00f0 flutt y\u00f0ur \u00fea\u00f0 en \u00fe\u00e9r hafi\u00f0 ekki hlusta\u00f0. 4 Drottinn hefur hva\u00f0 eftir anna\u00f0 sent alla \u00fej\u00f3na s\u00edna, sp\u00e1mennina, til y\u00f0ar. En \u00fe\u00e9r g\u00e1fu\u00f0 \u00fev\u00ed engan gaum og l\u00f6g\u00f0u\u00f0 ekki vi\u00f0 hlustir. <a href=\"https:\/\/biblian.is\/biblian\/jeremia-25-kafli\/\"> [&#8230;]<\/a><\/p>\n","protected":false},"author":1,"featured_media":0,"parent":0,"menu_order":0,"comment_status":"open","ping_status":"open","template":"bibliukaflar_NT.php","meta":{"footnotes":""},"class_list":["post-2387","page","type-page","status-publish","hentry"],"_links":{"self":[{"href":"https:\/\/biblian.is\/biblian\/wp-json\/wp\/v2\/pages\/2387","targetHints":{"allow":["GET"]}}],"collection":[{"href":"https:\/\/biblian.is\/biblian\/wp-json\/wp\/v2\/pages"}],"about":[{"href":"https:\/\/biblian.is\/biblian\/wp-json\/wp\/v2\/types\/page"}],"author":[{"embeddable":true,"href":"https:\/\/biblian.is\/biblian\/wp-json\/wp\/v2\/users\/1"}],"replies":[{"embeddable":true,"href":"https:\/\/biblian.is\/biblian\/wp-json\/wp\/v2\/comments?post=2387"}],"version-history":[{"count":0,"href":"https:\/\/biblian.is\/biblian\/wp-json\/wp\/v2\/pages\/2387\/revisions"}],"wp:attachment":[{"href":"https:\/\/biblian.is\/biblian\/wp-json\/wp\/v2\/media?parent=2387"}],"curies":[{"name":"wp","href":"https:\/\/api.w.org\/{rel}","templated":true}]}}