{"id":2386,"date":"2017-12-30T21:02:57","date_gmt":"2017-12-30T21:02:57","guid":{"rendered":"http:\/\/biblian.is\/biblian\/jerem%c2%92a-24-kafli\/"},"modified":"2024-07-03T12:50:07","modified_gmt":"2024-07-03T12:50:07","slug":"jeremia-24-kafli","status":"publish","type":"page","link":"https:\/\/biblian.is\/biblian\/jeremia-24-kafli\/","title":{"rendered":"Jerem\u00eda 24. kafli"},"content":{"rendered":"<h3 class=\"millifyrirsogn_2007\"> Tv\u00e6r f\u00edkjuk\u00f6rfur<\/h3>\n<p><a name=\"1\"><span class=\"versanumer_2007\">1<\/span><\/a> Drottinn s\u00fdndi m\u00e9r: Tv\u00e6r k\u00f6rfur me\u00f0 f\u00edkjum st\u00f3\u00f0u fyrir framan musteri Drottins. \u00deetta var eftir a\u00f0 Neb\u00fakadresar, konungur \u00ed Bab\u00fdlon, haf\u00f0i reki\u00f0 Jekonja J\u00f3jak\u00edmsson J\u00fadakonung \u00ed \u00fatleg\u00f0 fr\u00e1 Jer\u00fasalem \u00e1samt h\u00f6f\u00f0ingjum J\u00fada, tr\u00e9smi\u00f0um og j\u00e1rnsmi\u00f0um og flutt \u00fe\u00e1 til Bab\u00fdlonar. <a name=\"2\"><span class=\"versanumer_2007\">2<\/span><\/a> \u00cd annarri k\u00f6rfunni voru mj\u00f6g g\u00f3\u00f0ar f\u00edkjur, jafng\u00f3\u00f0ar og snemmsprottnar f\u00edkjur en \u00ed hinni voru mj\u00f6g vondar f\u00edkjur, svo vondar a\u00f0 \u00fe\u00e6r voru \u00f3\u00e6tar. <a name=\"3\"><span class=\"versanumer_2007\">3<\/span><\/a> Drottinn spur\u00f0i mig: Hva\u00f0 s\u00e9r\u00f0u, Jerem\u00eda? \u00c9g svara\u00f0i: F\u00edkjur. G\u00f3\u00f0u f\u00edkjurnar eru mj\u00f6g g\u00f3\u00f0ar en \u00fe\u00e6r vondu eru mj\u00f6g vondar, svo vondar a\u00f0 \u00fe\u00e6r eru \u00f3\u00e6tar.<br \/> <a name=\"4\"><span class=\"versanumer_2007\">4<\/span><\/a> \u00de\u00e1 kom or\u00f0 Drottins til m\u00edn: <br \/> <a name=\"5\"><span class=\"versanumer_2007\">5<\/span><\/a> Svo segir Drottinn, Gu\u00f0 \u00cdsraels: \u00c9g l\u00edt \u00e1 \u00fatlagana fr\u00e1 J\u00fada sem \u00e9g hrakti fr\u00e1 \u00feessum sta\u00f0 til lands Kaldea og vi\u00f0urkenni a\u00f0 \u00feeir eru g\u00f3\u00f0ir eins og \u00feessar g\u00f3\u00f0u f\u00edkjur. <a name=\"6\"><span class=\"versanumer_2007\">6<\/span><\/a> \u00c9g l\u00edt til \u00feeirra me\u00f0 vel\u00fe\u00f3knun og flyt \u00fe\u00e1 aftur til \u00feessa lands. \u00c9g mun reisa \u00fe\u00e1 vi\u00f0 og ekki r\u00edfa \u00fe\u00e1 ni\u00f0ur, \u00e9g mun gr\u00f3\u00f0ursetja \u00fe\u00e1 og ekki r\u00edfa \u00fe\u00e1 upp me\u00f0 r\u00f3tum. <a name=\"7\"><span class=\"versanumer_2007\">7<\/span><\/a> \u00c9g mun gefa \u00feeim l\u00f6ngun til a\u00f0 \u00feekkja mig og vi\u00f0urkenna a\u00f0 \u00e9g er Drottinn. \u00deeir munu ver\u00f0a m\u00edn \u00fej\u00f3\u00f0 og \u00e9g ver\u00f0 \u00feeirra Gu\u00f0 \u00feegar \u00feeir sn\u00faa s\u00e9r til m\u00edn af heilum huga.<br \/> <a name=\"8\"><span class=\"versanumer_2007\">8<\/span><\/a> En \u00e9g mun fara me\u00f0 Sedek\u00eda J\u00fadakonung, hir\u00f0menn hans og \u00fe\u00e1 sem eftir eru af Jer\u00fasalemb\u00faum, b\u00e6\u00f0i \u00fe\u00e1 sem eru enn \u00ed \u00feessu landi og \u00fe\u00e1 sem sest hafa a\u00f0 \u00ed Egyptalandi, eins og \u00e9g fer me\u00f0 vondu f\u00edkjurnar sem eru svo vondar a\u00f0 \u00fe\u00e6r eru \u00f3\u00e6tar, segir Drottinn. <a name=\"9\"><span class=\"versanumer_2007\">9<\/span><\/a> \u00c9g geri \u00fe\u00e1 \u00f6llum konungsr\u00edkjum jar\u00f0ar a\u00f0 \u00f3gnvekjandi vi\u00f0urstygg\u00f0, l\u00e6t \u00fe\u00e1 ver\u00f0a fyrir h\u00e1\u00f0i og spotti, gysi og form\u00e6lingum, hvert sem \u00e9g hrek \u00fe\u00e1. <a name=\"10\"><span class=\"versanumer_2007\">10<\/span><\/a> \u00c9g sendi sver\u00f0, hungur og dreps\u00f3tt gegn \u00feeim \u00fear til \u00feeim hefur veri\u00f0 eytt \u00far landinu sem \u00e9g gaf \u00feeim og fe\u00f0rum \u00feeirra.<\/p>\n","protected":false},"excerpt":{"rendered":"<p>Tv\u00e6r f\u00edkjuk\u00f6rfur 1 Drottinn s\u00fdndi m\u00e9r: Tv\u00e6r k\u00f6rfur me\u00f0 f\u00edkjum st\u00f3\u00f0u fyrir framan musteri Drottins. \u00deetta var eftir a\u00f0 Neb\u00fakadresar, konungur \u00ed Bab\u00fdlon, haf\u00f0i reki\u00f0 Jekonja J\u00f3jak\u00edmsson J\u00fadakonung \u00ed \u00fatleg\u00f0 fr\u00e1 Jer\u00fasalem \u00e1samt h\u00f6f\u00f0ingjum J\u00fada, tr\u00e9smi\u00f0um og j\u00e1rnsmi\u00f0um og flutt \u00fe\u00e1 til Bab\u00fdlonar. 2 \u00cd annarri k\u00f6rfunni voru mj\u00f6g g\u00f3\u00f0ar f\u00edkjur, jafng\u00f3\u00f0ar og snemmsprottnar f\u00edkjur en \u00ed hinni voru mj\u00f6g vondar f\u00edkjur, svo vondar a\u00f0 \u00fe\u00e6r voru \u00f3\u00e6tar. 3 Drottinn spur\u00f0i mig: Hva\u00f0 s\u00e9r\u00f0u, Jerem\u00eda? \u00c9g svara\u00f0i: F\u00edkjur. G\u00f3\u00f0u f\u00edkjurnar eru mj\u00f6g g\u00f3\u00f0ar en \u00fe\u00e6r vondu eru mj\u00f6g vondar, svo vondar a\u00f0 \u00fe\u00e6r eru \u00f3\u00e6tar. 4 \u00de\u00e1 kom or\u00f0 Drottins <a href=\"https:\/\/biblian.is\/biblian\/jeremia-24-kafli\/\"> [&#8230;]<\/a><\/p>\n","protected":false},"author":1,"featured_media":0,"parent":0,"menu_order":0,"comment_status":"open","ping_status":"open","template":"bibliukaflar_NT.php","meta":{"footnotes":""},"class_list":["post-2386","page","type-page","status-publish","hentry"],"_links":{"self":[{"href":"https:\/\/biblian.is\/biblian\/wp-json\/wp\/v2\/pages\/2386","targetHints":{"allow":["GET"]}}],"collection":[{"href":"https:\/\/biblian.is\/biblian\/wp-json\/wp\/v2\/pages"}],"about":[{"href":"https:\/\/biblian.is\/biblian\/wp-json\/wp\/v2\/types\/page"}],"author":[{"embeddable":true,"href":"https:\/\/biblian.is\/biblian\/wp-json\/wp\/v2\/users\/1"}],"replies":[{"embeddable":true,"href":"https:\/\/biblian.is\/biblian\/wp-json\/wp\/v2\/comments?post=2386"}],"version-history":[{"count":0,"href":"https:\/\/biblian.is\/biblian\/wp-json\/wp\/v2\/pages\/2386\/revisions"}],"wp:attachment":[{"href":"https:\/\/biblian.is\/biblian\/wp-json\/wp\/v2\/media?parent=2386"}],"curies":[{"name":"wp","href":"https:\/\/api.w.org\/{rel}","templated":true}]}}