{"id":2385,"date":"2017-12-30T21:02:57","date_gmt":"2017-12-30T21:02:57","guid":{"rendered":"http:\/\/biblian.is\/biblian\/jerem%c2%92a-23-kafli\/"},"modified":"2024-07-03T12:50:07","modified_gmt":"2024-07-03T12:50:07","slug":"jeremia-23-kafli","status":"publish","type":"page","link":"https:\/\/biblian.is\/biblian\/jeremia-23-kafli\/","title":{"rendered":"Jerem\u00eda 23. kafli"},"content":{"rendered":"<h3 class=\"millifyrirsogn_2007\"> Framt\u00ed\u00f0 konungs\u00e6ttar og \u00fej\u00f3\u00f0ar<\/h3>\n<p><a name=\"1\"><span class=\"versanumer_2007\">1<\/span><\/a> Vei hir\u00f0unum sem lei\u00f0a sau\u00f0ina afvega og tv\u00edstra hj\u00f6r\u00f0inni sem \u00e9g g\u00e6ti, segir Drottinn. <a name=\"2\"><span class=\"versanumer_2007\">2<\/span><\/a> \u00deess vegna segir Drottinn, Gu\u00f0 \u00cdsraels, um hir\u00f0ana sem g\u00e6ta \u00fej\u00f3\u00f0ar minnar: \u00de\u00e9r hafi\u00f0 tv\u00edstra\u00f0 sau\u00f0um m\u00ednum og sundra\u00f0 \u00feeim og ekki sinnt \u00feeim. N\u00fa mun \u00e9g draga y\u00f0ur til \u00e1byrg\u00f0ar fyrir illvirki y\u00f0ar, segir Drottinn. <a name=\"3\"><span class=\"versanumer_2007\">3<\/span><\/a> En \u00e9g mun sj\u00e1lfur safna saman \u00feeim sem eftir eru af sau\u00f0um m\u00ednum fr\u00e1 \u00f6llum \u00feeim l\u00f6ndum sem \u00e9g tv\u00edstra\u00f0i \u00feeim til. \u00c9g mun lei\u00f0a \u00fe\u00e1 aftur \u00ed haglendi \u00feeirra og \u00feeir ver\u00f0a frj\u00f3samir og \u00feeim mun fj\u00f6lga. <a name=\"4\"><span class=\"versanumer_2007\">4<\/span><\/a> \u00c9g mun setja hir\u00f0a yfir \u00fe\u00e1 sem munu g\u00e6ta \u00feeirra. \u00deeir munu hvorki skelfast framar n\u00e9 \u00f3ttast og einskis \u00feeirra ver\u00f0ur sakna\u00f0, segir Drottinn.<br \/> <a name=\"5\"><span class=\"versanumer_2007\">5<\/span><\/a> Sj\u00e1, \u00feeir dagar koma, segir Drottinn, a\u00f0 \u00e9g mun l\u00e1ta r\u00e9ttl\u00e1tan kvist vaxa af \u00e6tt Dav\u00ed\u00f0s. Hann mun r\u00edkja sem konungur, breyta viturlega og i\u00f0ka r\u00e9tt og r\u00e9ttl\u00e6ti \u00ed landinu. <a name=\"6\"><span class=\"versanumer_2007\">6<\/span><\/a> Um hans daga ver\u00f0ur J\u00fada bjarga\u00f0 og \u00cdsrael mun b\u00faa \u00f3hultur. \u00deetta er nafni\u00f0 sem honum ver\u00f0ur gefi\u00f0: \u201eDrottinn er r\u00e9ttl\u00e6ti vort.\u201c<br \/> <a name=\"7\"><span class=\"versanumer_2007\">7<\/span><\/a> \u00deeir dagar koma, segir Drottinn, a\u00f0 ekki ver\u00f0ur lengur sagt: \u201eSvo sannarlega sem Drottinn lifir, sem leiddi \u00cdsraelsmenn \u00fat af Egyptalandi,\u201c <a name=\"8\"><span class=\"versanumer_2007\">8<\/span><\/a> heldur: \u201eSvo sannarlega sem Drottinn lifir, sem leiddi ni\u00f0ja \u00cdsraels og flutti \u00fe\u00e1 heim fr\u00e1 landinu \u00ed nor\u00f0ri og fr\u00e1 \u00f6llum \u00feeim l\u00f6ndum sem \u00e9g hrakti \u00fe\u00e1 til svo a\u00f0 \u00feeir g\u00e6tu b\u00fai\u00f0 \u00ed eigin landi.\u201c<\/p>\n<h3 class=\"millifyrirsogn_2007\">Deilt \u00e1 sp\u00e1menn og presta<\/h3>\n<p><span class=\"ljodatexti\"> <a name=\"9\"><span class=\"versanumer_ljod\">9<\/span><\/a>Um sp\u00e1mennina: <br \/>Hjarta\u00f0 \u00ed brj\u00f3sti m\u00e9r brestur, <br \/>\u00f6ll bein m\u00edn skj\u00e1lfa. <br \/>\u00c9g er eins og drukkinn ma\u00f0ur, <br \/>eins og ma\u00f0ur sem er ofur\u00f6lvi <br \/>vegna Drottins og vegna hans heil\u00f6gu or\u00f0a.<br \/> <\/span> <span class=\"ljodatexti\"> <a name=\"10\"><span class=\"versanumer_ljod\">10<\/span><\/a>Landi\u00f0 er fullt af h\u00f3rk\u00f6rlum, <br \/>landi\u00f0 syrgir vegna b\u00f6lvunarinnar, <br \/>beitil\u00f6ndin \u00ed \u00f3bygg\u00f0unum skr\u00e6lna. <br \/>\u00deeir hlaupa \u00e1 eftir illskunni, <br \/>rangindi eru styrkur \u00feeirra.<br \/> <\/span> <span class=\"ljodatexti\"> <a name=\"11\"><span class=\"versanumer_ljod\">11<\/span><\/a>B\u00e6\u00f0i sp\u00e1menn og prestar eru gu\u00f0lausir,<br \/>\u00e9g hef jafnvel or\u00f0i\u00f0 var vi\u00f0 illsku \u00feeirra \u00ed h\u00fasi m\u00ednu, <br \/>segir Drottinn.<br \/> <\/span> <span class=\"ljodatexti\"> <a name=\"12\"><span class=\"versanumer_ljod\">12<\/span><\/a>\u00deess vegna mun vegur \u00feeirra reynast \u00feeim h\u00e1ll, <br \/>\u00feeim ver\u00f0ur hrint \u00fat \u00ed myrkri\u00f0 <br \/>og \u00fear hrasa \u00feeir. <br \/>\u00dev\u00ed a\u00f0 \u00e9g f\u00e6ri \u00feeim \u00f3g\u00e6fu <br \/>\u00e1ri\u00f0 sem \u00feeim ver\u00f0ur refsa\u00f0, segir Drottinn. <\/span> <\/p>\n<h3 class=\"millifyrirsogn_2007\">Si\u00f0leysi sp\u00e1mannanna<\/h3>\n<p><span class=\"ljodatexti\"> <a name=\"13\"><span class=\"versanumer_ljod\">13<\/span><\/a>\u00c1 me\u00f0al sp\u00e1mannanna \u00ed Samar\u00edu <br \/>hef \u00e9g einnig s\u00e9\u00f0 andstyggilegt ath\u00e6fi: <br \/>\u00deeir sp\u00e1\u00f0u \u00ed nafni Baals <br \/>og leiddu \u00fej\u00f3\u00f0 m\u00edna, \u00cdsrael, afvega.<br \/> <\/span> <span class=\"ljodatexti\"> <a name=\"14\"><span class=\"versanumer_ljod\">14<\/span><\/a>Og me\u00f0al sp\u00e1mannanna \u00ed Jer\u00fasalem <br \/>hef \u00e9g s\u00e9\u00f0 hryllilegt ath\u00e6fi. <br \/>\u00deeir h\u00f3rast og lj\u00faga, <br \/>sty\u00f0ja illvirkja, <br \/>svo a\u00f0 enginn \u00feeirra hverfur fr\u00e1 illri breytni sinni. <br \/>Fyrir m\u00e9r eru \u00feeir allir or\u00f0nir eins og S\u00f3d\u00f3ma, <br \/>borgarb\u00faar eins og G\u00f3morra.<br \/> <\/span> <span class=\"ljodatexti\"> <a name=\"15\"><span class=\"versanumer_ljod\">15<\/span><\/a>\u00deess vegna segir Drottinn hersveitanna um sp\u00e1mennina: <br \/>\u00c9g gef \u00feeim malurt a\u00f0 eta <br \/>og eitra\u00f0 vatn a\u00f0 drekka <br \/>\u00fev\u00ed a\u00f0 si\u00f0leysi\u00f0 hefur brei\u00f0st \u00fat um allt landi\u00f0 <br \/>fr\u00e1 sp\u00e1m\u00f6nnunum \u00ed Jer\u00fasalem. <\/span> <\/p>\n<h3 class=\"millifyrirsogn_2007\">Einkenni falssp\u00e1manna<\/h3>\n<p><span class=\"ljodatexti\"> <a name=\"16\"><span class=\"versanumer_ljod\">16<\/span><\/a>Svo segir Drottinn hersveitanna: <br \/>Hlusti\u00f0 ekki \u00e1 or\u00f0 sp\u00e1mannanna. <br \/>\u00deeir flytja y\u00f0ur bo\u00f0skap <br \/>en \u00feeir blekkja y\u00f0ur, <br \/>\u00feeir flytja uppspunnar s\u00fdnir <br \/>og ekki af v\u00f6rum Drottins. <br \/> <\/span> <span class=\"ljodatexti\"> <a name=\"17\"><span class=\"versanumer_ljod\">17<\/span><\/a>\u00deeir segja s\u00edfellt vi\u00f0 \u00fe\u00e1 sem fyrirl\u00edta or\u00f0 Drottins: <br \/>\u201e\u00de\u00e9r hlj\u00f3ti\u00f0 heill.\u201c <br \/>Og vi\u00f0 hvern sem fylgir \u00fever\u00fa\u00f0 eigin hugar segja \u00feeir: <br \/>\u201eEngin \u00f3g\u00e6fa kemur yfir y\u00f0ur.\u201c<br \/> <\/span> <span class=\"ljodatexti\"> <a name=\"18\"><span class=\"versanumer_ljod\">18<\/span><\/a>En hver hefur sta\u00f0i\u00f0 \u00ed r\u00e1\u00f0i Drottins, <br \/>s\u00e9\u00f0 hann og heyrt or\u00f0 hans? <br \/>Hver hefur hl\u00fdtt \u00e1 or\u00f0 hans og bo\u00f0a\u00f0 \u00fea\u00f0?<br \/> <\/span> <span class=\"ljodatexti\"> <a name=\"19\"><span class=\"versanumer_ljod\">19<\/span><\/a>Sj\u00e1, stormur Drottins br\u00fdst fram, <br \/>hvirfilbylur steypist yfir h\u00f6fu\u00f0 hinna \u00f3gu\u00f0legu.<br \/> <\/span> <span class=\"ljodatexti\"> <a name=\"20\"><span class=\"versanumer_ljod\">20<\/span><\/a>Rei\u00f0i Drottins slotar ekki <br \/>fyrr en hann hefur framkv\u00e6mt og fullkomna\u00f0<br \/>fyrir\u00e6tlanir hjarta s\u00edns. <br \/>S\u00ed\u00f0ar meir munu\u00f0 \u00fe\u00e9r skilja \u00fea\u00f0.<br \/> <\/span> <span class=\"ljodatexti\"> <a name=\"21\"><span class=\"versanumer_ljod\">21<\/span><\/a>\u00c9g sendi ekki \u00feessa sp\u00e1menn, <br \/>samt hlaupa \u00feeir, <br \/>\u00e9g tala\u00f0i ekki til \u00feeirra, <br \/>samt sp\u00e1 \u00feeir. <br \/> <\/span> <span class=\"ljodatexti\"> <a name=\"22\"><span class=\"versanumer_ljod\">22<\/span><\/a> Hef\u00f0u \u00feeir veri\u00f0 \u00ed r\u00e1\u00f0i m\u00ednu, <br \/>\u00fe\u00e1 hef\u00f0u \u00feeir bo\u00f0a\u00f0 \u00fej\u00f3\u00f0 minni or\u00f0 m\u00edn <br \/>og sn\u00fai\u00f0 henni fr\u00e1 villu s\u00edns vegar <br \/>og vondri breytni. <\/span> <\/p>\n<h3 class=\"millifyrirsogn_2007\">Sp\u00e1menn \u00e1n umbo\u00f0s<\/h3>\n<p><span class=\"ljodatexti\"> <a name=\"23\"><span class=\"versanumer_ljod\">23<\/span><\/a> Er \u00e9g a\u00f0eins Gu\u00f0 \u00ed n\u00e1nd? segir Drottinn, <br \/>en ekki Gu\u00f0 \u00ed fjarl\u00e6g\u00f0? <br \/> <\/span> <span class=\"ljodatexti\"> <a name=\"24\"><span class=\"versanumer_ljod\">24<\/span><\/a> Getur nokkur falist \u00ed fylgsnum <br \/>\u00fear sem \u00e9g get ekki s\u00e9\u00f0 hann? spyr Drottinn. <br \/>Er \u00fea\u00f0 ekki \u00e9g <br \/>sem fylli b\u00e6\u00f0i himin og j\u00f6r\u00f0? spyr Drottinn. <\/span> <br \/> <a name=\"25\"><span class=\"versanumer_2007\">25<\/span><\/a> \u00c9g hef heyrt hva\u00f0 sp\u00e1mennirnir, sem bo\u00f0a lygi \u00ed m\u00ednu nafni, segja: \u201eMig dreymdi draum, mig dreymdi draum.\u201c <a name=\"26\"><span class=\"versanumer_2007\">26<\/span><\/a> Hve lengi getur \u00feetta gengi\u00f0? Er nafn mitt \u00ed huga \u00feeirra sp\u00e1manna sem bo\u00f0a lygi og blekkingu \u00far eigin hjarta?<br \/> <a name=\"27\"><span class=\"versanumer_2007\">27<\/span><\/a> \u00deeir reyna a\u00f0 f\u00e1 \u00fej\u00f3\u00f0 m\u00edna til a\u00f0 gleyma nafni m\u00ednu me\u00f0 draumunum sem \u00feeir segja hver \u00f6\u00f0rum, r\u00e9tt eins og forfe\u00f0ur \u00feeirra gleymdu nafni m\u00ednu vegna Baals. <a name=\"28\"><span class=\"versanumer_2007\">28<\/span><\/a> S\u00e1 sp\u00e1ma\u00f0ur sem hefur dreymt draum segir a\u00f0eins eigin draum en s\u00e1 sem hefur mitt or\u00f0 flytur or\u00f0 mitt \u00ed sannleika. <br \/> <span class=\"ljodatexti\"> Hva\u00f0 er sameiginlegt h\u00e1lmstr\u00e1i og korni? spyr Drottinn.<br \/> <\/span> <span class=\"ljodatexti\"> <a name=\"29\"><span class=\"versanumer_ljod\">29<\/span><\/a> Er or\u00f0 mitt ekki eins og eldur? spyr Drottinn, <br \/>eins og hamar sem molar kletta?<br \/> <\/span> <span class=\"ljodatexti\"> <a name=\"30\"><span class=\"versanumer_ljod\">30<\/span><\/a> \u00c9g sn\u00fdst gegn sp\u00e1m\u00f6nnunum, segir Drottinn, <br \/>af \u00fev\u00ed a\u00f0 \u00feeir stela or\u00f0um m\u00ednum<br \/>hver fr\u00e1 \u00f6\u00f0rum. <\/span> <br \/> <a name=\"31\"><span class=\"versanumer_2007\">31<\/span><\/a> N\u00fa sn\u00fdst \u00e9g gegn sp\u00e1m\u00f6nnunum, segir Drottinn. \u00deeir nota eigin tungu til a\u00f0 flytja bo\u00f0 fr\u00e1 Gu\u00f0i. <a name=\"32\"><span class=\"versanumer_2007\">32<\/span><\/a> N\u00fa sn\u00fdst \u00e9g gegn sp\u00e1m\u00f6nnunum sem segja logna drauma, segir Drottinn, og blekkja \u00fej\u00f3\u00f0 m\u00edna me\u00f0 lygum s\u00ednum og raupi. \u00c9g hef hvorki sent \u00fe\u00e1 n\u00e9 gefi\u00f0 \u00feeim fyrirm\u00e6li, \u00feeir eru \u00feessari \u00fej\u00f3\u00f0 til einskis gagns, segir Drottinn.<\/p>\n<h3 class=\"millifyrirsogn_2007\">H\u00e1\u00f0syr\u00f0i gegn sp\u00e1mannsor\u00f0inu<\/h3>\n<p><a name=\"33\"><span class=\"versanumer_2007\">33<\/span><\/a> \u00deegar \u00feetta f\u00f3lk, einhver sp\u00e1ma\u00f0ur e\u00f0a prestur, spyr \u00feig: \u201eHver er byr\u00f0i Drottins?\u201c skaltu svara \u00feeim: \u00de\u00e9r eru\u00f0 byr\u00f0in og \u00e9g fleygi y\u00f0ur af m\u00e9r, segir Drottinn. <a name=\"34\"><span class=\"versanumer_2007\">34<\/span><\/a> Ef einhver sp\u00e1ma\u00f0ur, prestur e\u00f0a annar af \u00feessu f\u00f3lki, nefnir \u201ebyr\u00f0i Drottins\u201c mun \u00e9g draga \u00feann til \u00e1byrg\u00f0ar \u00e1samt fj\u00f6lskyldu sinni.<br \/> <a name=\"35\"><span class=\"versanumer_2007\">35<\/span><\/a> En \u00feannig skulu\u00f0 \u00fe\u00e9r spyrja hver annan og segja hver vi\u00f0 annan: \u201eHverju hefur Drottinn svara\u00f0 og hva\u00f0 hefur Drottinn sagt?\u201c <a name=\"36\"><span class=\"versanumer_2007\">36<\/span><\/a> En minnist aldrei framar \u00e1 \u201ebyr\u00f0i Drottins\u201c \u00fev\u00ed a\u00f0 fyrir hvern mann er hans eigi\u00f0 or\u00f0 byr\u00f0i af \u00fev\u00ed a\u00f0 \u00fe\u00e9r hafi\u00f0 rangf\u00e6rt or\u00f0 hins lifandi Gu\u00f0s, Drottins hersveitanna, Gu\u00f0s vors. <a name=\"37\"><span class=\"versanumer_2007\">37<\/span><\/a> \u00deannig skaltu spyrja sp\u00e1manninn: \u201eHverju hefur Drottinn svara\u00f0 \u00fe\u00e9r og hva\u00f0 hefur Drottinn sagt?\u201c <a name=\"38\"><span class=\"versanumer_2007\">38<\/span><\/a> En ef \u00fe\u00e9r nefni\u00f0 \u201ebyr\u00f0i Drottins\u201c, segir Drottinn: \u00de\u00e9r hafi\u00f0 nefnt \u201ebyr\u00f0i Drottins\u201c, \u00fe\u00f3 a\u00f0 \u00e9g hafi sent y\u00f0ur bo\u00f0bera til a\u00f0 segja: Nefni\u00f0 ekki \u201ebyr\u00f0i Drottins\u201c. <a name=\"39\"><span class=\"versanumer_2007\">39<\/span><\/a> \u00deess vegna lyfti \u00e9g y\u00f0ur upp og fleygi y\u00f0ur burt fr\u00e1 augliti m\u00ednu \u00e1samt borginni sem \u00e9g gaf y\u00f0ur og forfe\u00f0rum y\u00f0ar. <a name=\"40\"><span class=\"versanumer_2007\">40<\/span><\/a> \u00c9g legg \u00e1 y\u00f0ur \u00e6varandi sk\u00f6mm og sm\u00e1n sem aldrei gleymist.<\/p>\n","protected":false},"excerpt":{"rendered":"<p>Framt\u00ed\u00f0 konungs\u00e6ttar og \u00fej\u00f3\u00f0ar 1 Vei hir\u00f0unum sem lei\u00f0a sau\u00f0ina afvega og tv\u00edstra hj\u00f6r\u00f0inni sem \u00e9g g\u00e6ti, segir Drottinn. 2 \u00deess vegna segir Drottinn, Gu\u00f0 \u00cdsraels, um hir\u00f0ana sem g\u00e6ta \u00fej\u00f3\u00f0ar minnar: \u00de\u00e9r hafi\u00f0 tv\u00edstra\u00f0 sau\u00f0um m\u00ednum og sundra\u00f0 \u00feeim og ekki sinnt \u00feeim. N\u00fa mun \u00e9g draga y\u00f0ur til \u00e1byrg\u00f0ar fyrir illvirki y\u00f0ar, segir Drottinn. 3 En \u00e9g mun sj\u00e1lfur safna saman \u00feeim sem eftir eru af sau\u00f0um m\u00ednum fr\u00e1 \u00f6llum \u00feeim l\u00f6ndum sem \u00e9g tv\u00edstra\u00f0i \u00feeim til. \u00c9g mun lei\u00f0a \u00fe\u00e1 aftur \u00ed haglendi \u00feeirra og \u00feeir ver\u00f0a frj\u00f3samir og \u00feeim mun fj\u00f6lga. 4 \u00c9g mun setja hir\u00f0a <a href=\"https:\/\/biblian.is\/biblian\/jeremia-23-kafli\/\"> [&#8230;]<\/a><\/p>\n","protected":false},"author":1,"featured_media":0,"parent":0,"menu_order":0,"comment_status":"open","ping_status":"open","template":"bibliukaflar_NT.php","meta":{"footnotes":""},"class_list":["post-2385","page","type-page","status-publish","hentry"],"_links":{"self":[{"href":"https:\/\/biblian.is\/biblian\/wp-json\/wp\/v2\/pages\/2385","targetHints":{"allow":["GET"]}}],"collection":[{"href":"https:\/\/biblian.is\/biblian\/wp-json\/wp\/v2\/pages"}],"about":[{"href":"https:\/\/biblian.is\/biblian\/wp-json\/wp\/v2\/types\/page"}],"author":[{"embeddable":true,"href":"https:\/\/biblian.is\/biblian\/wp-json\/wp\/v2\/users\/1"}],"replies":[{"embeddable":true,"href":"https:\/\/biblian.is\/biblian\/wp-json\/wp\/v2\/comments?post=2385"}],"version-history":[{"count":0,"href":"https:\/\/biblian.is\/biblian\/wp-json\/wp\/v2\/pages\/2385\/revisions"}],"wp:attachment":[{"href":"https:\/\/biblian.is\/biblian\/wp-json\/wp\/v2\/media?parent=2385"}],"curies":[{"name":"wp","href":"https:\/\/api.w.org\/{rel}","templated":true}]}}