{"id":2384,"date":"2017-12-30T21:02:57","date_gmt":"2017-12-30T21:02:57","guid":{"rendered":"http:\/\/biblian.is\/biblian\/jerem%c2%92a-22-kafli\/"},"modified":"2024-07-03T12:50:07","modified_gmt":"2024-07-03T12:50:07","slug":"jeremia-22-kafli","status":"publish","type":"page","link":"https:\/\/biblian.is\/biblian\/jeremia-22-kafli\/","title":{"rendered":"Jerem\u00eda 22. kafli"},"content":{"rendered":"<h3 class=\"millifyrirsogn_2007\"> Konungar vara\u00f0ir vi\u00f0<\/h3>\n<p><a name=\"1\"><span class=\"versanumer_2007\">1<\/span><\/a> Svo segir Drottinn: <br \/>Far\u00f0u ni\u00f0ur a\u00f0 h\u00f6ll J\u00fadakonungs og seg\u00f0u: <a name=\"2\"><span class=\"versanumer_2007\">2<\/span><\/a> Hl\u00fdddu \u00e1 or\u00f0 Drottins, J\u00fadakonungur, sem situr \u00ed h\u00e1s\u00e6ti Dav\u00ed\u00f0s, \u00fe\u00fa sj\u00e1lfur, hir\u00f0menn \u00fe\u00ednir og \u00fej\u00f3\u00f0, \u00fe\u00e9r sem gangi\u00f0 um \u00feessi hli\u00f0. <a name=\"3\"><span class=\"versanumer_2007\">3<\/span><\/a> Svo segir Drottinn: Framfylgi\u00f0 r\u00e9tti og r\u00e9ttl\u00e6ti. Bjargi\u00f0 \u00feeim sem r\u00e6ndur hefur veri\u00f0 \u00far greipum k\u00fagarans. Hafi\u00f0 ekkert ranglega af a\u00f0komumanni, muna\u00f0arleysingja e\u00f0a ekkju. K\u00fagi\u00f0 engan. \u00dathelli\u00f0 ekki saklausu bl\u00f3\u00f0i \u00e1 \u00feessum sta\u00f0. <a name=\"4\"><span class=\"versanumer_2007\">4<\/span><\/a> Ef \u00fe\u00e9r framfylgi\u00f0 \u00feessu bo\u00f0i munu konungar, sem sitja \u00ed h\u00e1s\u00e6ti Dav\u00ed\u00f0s, fara um \u00feetta hli\u00f0. \u00deeir sj\u00e1lfir, hir\u00f0menn \u00feeirra og \u00fej\u00f3\u00f0 munu koma akandi \u00ed v\u00f6gnum og r\u00ed\u00f0andi \u00e1 hestum. <a name=\"5\"><span class=\"versanumer_2007\">5<\/span><\/a> En ef \u00fe\u00e9r hl\u00fd\u00f0i\u00f0 ekki \u00feessum or\u00f0um sver \u00e9g vi\u00f0 sj\u00e1lfan mig, segir Drottinn, a\u00f0 \u00feessi h\u00f6ll ver\u00f0ur l\u00f6g\u00f0 \u00ed r\u00fast.<br \/> <a name=\"6\"><span class=\"versanumer_2007\">6<\/span><\/a> Svo segir Drottinn um h\u00f6ll konungsins \u00ed J\u00fada: Fyrir m\u00e9r ertu sem G\u00edlea\u00f0, sem tindur L\u00edbanons, en \u00e9g sver a\u00f0 \u00e9g mun gera \u00feig a\u00f0 au\u00f0n, a\u00f0 \u00f3bygg\u00f0ri borg.<br \/> <a name=\"7\"><span class=\"versanumer_2007\">7<\/span><\/a> \u00c9g helga ey\u00f0endur gegn \u00fe\u00e9r. \u00deeir munu h\u00f6ggva ni\u00f0ur voldug sedrustr\u00e9 \u00fe\u00edn og varpa \u00feeim \u00e1 eld. <br \/> <a name=\"8\"><span class=\"versanumer_2007\">8<\/span><\/a> Margar \u00fej\u00f3\u00f0ir munu fara fram hj\u00e1 \u00feessari borg. \u00deegar menn spyrja hverjir a\u00f0ra: \u201eHvers vegna hefur Drottinn fari\u00f0 svona me\u00f0 \u00feessa miklu borg?\u201c <a name=\"9\"><span class=\"versanumer_2007\">9<\/span><\/a> ver\u00f0ur svara\u00f0: \u201eAf \u00fev\u00ed a\u00f0 \u00feeir sni\u00f0gengu s\u00e1ttm\u00e1lann vi\u00f0 Drottin, Gu\u00f0 sinn, tilb\u00e1\u00f0u a\u00f0ra gu\u00f0i og \u00fej\u00f3nu\u00f0u \u00feeim.\u201c<\/p>\n<h3 class=\"millifyrirsogn_2007\">Sall\u00fam<\/h3>\n<p><a name=\"10\"><span class=\"versanumer_2007\">10<\/span><\/a> Gr\u00e1ti\u00f0 ekki hinn dau\u00f0a<span class=\"nedan_mal\" title=\" \u00c1tt er vi\u00f0 J\u00f3s\u00eda sem f\u00e9ll vi\u00f0 Megidd\u00f3 \u00e1ri\u00f0 609.\">[<\/span> og syrgi\u00f0 hann ekki. Nei, gr\u00e1ti\u00f0 \u00feann sem var\u00f0 a\u00f0 fara \u00fev\u00ed a\u00f0 hann sn\u00fdr ekki heim, hann mun ekki sj\u00e1 f\u00f6\u00f0urland sitt aftur. <a name=\"11\"><span class=\"versanumer_2007\">11<\/span><\/a> \u00dev\u00ed a\u00f0 svo segir Drottinn um Sall\u00fam J\u00f3s\u00edason J\u00fadakonung sem var\u00f0 konungur eftir f\u00f6\u00f0ur sinn en var\u00f0 a\u00f0 yfirgefa \u00feennan sta\u00f0: Hann sn\u00fdr ekki aftur hinga\u00f0 <a name=\"12\"><span class=\"versanumer_2007\">12<\/span><\/a> \u00fev\u00ed a\u00f0 hann ver\u00f0ur fluttur \u00ed \u00fatleg\u00f0 og \u00fear mun hann deyja. \u00deetta land mun hann aldrei framar l\u00edta. <\/p>\n<h3 class=\"millifyrirsogn_2007\">J\u00f3jak\u00edm<\/h3>\n<p><span class=\"ljodatexti\"> <a name=\"13\"><span class=\"versanumer_ljod\">13<\/span><\/a>Vei \u00feeim sem byggir h\u00fas sitt me\u00f0 rangl\u00e6ti, <br \/>sali s\u00edna me\u00f0 rangindum <br \/>og l\u00e6tur landa sinn \u00fer\u00e6la \u00e1n launa<br \/>og grei\u00f0ir honum ekkert.<br \/> <\/span> <span class=\"ljodatexti\"> <a name=\"14\"><span class=\"versanumer_ljod\">14<\/span><\/a>Hann segir: \u201e\u00c9g byggi m\u00e9r st\u00f3rt h\u00fas <br \/>og r\u00famg\u00f3\u00f0ar vistarverur.\u201c <br \/>Hann setur \u00ed \u00fea\u00f0 glugga, \u00feiljar \u00fea\u00f0 sedrusvi\u00f0i <br \/>og m\u00e1lar \u00fea\u00f0 rautt. <br \/> <\/span> <span class=\"ljodatexti\"> <a name=\"15\"><span class=\"versanumer_ljod\">15<\/span><\/a>R\u00edkir \u00fe\u00fa sem konungur <br \/>af \u00fev\u00ed a\u00f0 \u00fe\u00fa s\u00fdnir yfirbur\u00f0i \u00ed byggingum \u00far sedrusvi\u00f0i? <br \/>\u00c1t fa\u00f0ir \u00feinn ekki l\u00edka og drakk? <br \/>En hann lag\u00f0i stund \u00e1 r\u00e9tt og r\u00e9ttl\u00e6ti <br \/>og honum vegna\u00f0i \u00fev\u00ed vel. <br \/> <\/span> <span class=\"ljodatexti\"> <a name=\"16\"><span class=\"versanumer_ljod\">16<\/span><\/a>Hann rak r\u00e9ttar hinna umkomulausu og snau\u00f0u<br \/>og allt gekk vel. <br \/>Er \u00fea\u00f0 ekki a\u00f0 j\u00e1ta mig? <br \/>spyr Drottinn.<br \/> <\/span> <span class=\"ljodatexti\"> <a name=\"17\"><span class=\"versanumer_ljod\">17<\/span><\/a>En \u00fe\u00fa s\u00e9r\u00f0 hvorki n\u00e9 hugsar um anna\u00f0 <br \/>en eigin gr\u00f3\u00f0a, <br \/>a\u00f0 \u00fathella saklausu bl\u00f3\u00f0i, <br \/>k\u00faga og skattp\u00edna.<br \/> <\/span> <span class=\"ljodatexti\"> <a name=\"18\"><span class=\"versanumer_ljod\">18<\/span><\/a>\u00deess vegna segir Drottinn um J\u00f3jak\u00edm <br \/>son J\u00f3s\u00eda J\u00fadakonungs: <br \/>Enginn mun syrgja hann og segja: <br \/>\u201e\u00c6, br\u00f3\u00f0ir minn, vei, systir m\u00edn.\u201c <br \/>Enginn mun syrgja hann og segja: <br \/>\u201e\u00c6, herra, vei, konungur.\u201c<br \/> <\/span> <span class=\"ljodatexti\"> <a name=\"19\"><span class=\"versanumer_ljod\">19<\/span><\/a>Hann ver\u00f0ur grafinn eins og asni, <br \/>hann ver\u00f0ur dreginn burt og honum fleygt <br \/>fyrir utan borgarhli\u00f0 Jer\u00fasalem. <\/span> <\/p>\n<h3 class=\"millifyrirsogn_2007\">Fall Jer\u00fasalem<\/h3>\n<p><span class=\"ljodatexti\"> <a name=\"20\"><span class=\"versanumer_ljod\">20<\/span><\/a>Gakktu upp \u00e1 L\u00edbanonsfj\u00f6ll og hr\u00f3pa\u00f0u, <br \/>hef\u00f0u upp raust \u00fe\u00edna \u00ed Basan, <br \/>hr\u00f3pa\u00f0u fr\u00e1 Abar\u00edmfj\u00f6llum <br \/>\u00fev\u00ed a\u00f0 allir elskhugar \u00fe\u00ednir eru sundurmola\u00f0ir.<br \/> <\/span> <span class=\"ljodatexti\"> <a name=\"21\"><span class=\"versanumer_ljod\">21<\/span><\/a>\u00c9g tala\u00f0i til \u00fe\u00edn \u00feegar \u00fe\u00fa varst enn \u00e1hyggjulaus <br \/>en \u00fe\u00fa sag\u00f0ir: \u201e\u00c9g vil ekki hlusta.\u201c <br \/>\u00deannig var breytni \u00fe\u00edn fr\u00e1 \u00e6sku: <br \/>\u00de\u00fa hl\u00fdddir ekki bo\u00f0um m\u00ednum. <br \/> <\/span> <span class=\"ljodatexti\"> <a name=\"22\"><span class=\"versanumer_ljod\">22<\/span><\/a> Stormurinn mun hir\u00f0a alla hir\u00f0a \u00fe\u00edna <br \/>og elskhugar \u00fe\u00ednir fara \u00ed \u00fatleg\u00f0. <br \/>\u00de\u00e1 hl\u00fdtur \u00fe\u00fa sm\u00e1n og sk\u00f6mm <br \/>fyrir alla illsku \u00fe\u00edna. <br \/> <\/span> <span class=\"ljodatexti\"> <a name=\"23\"><span class=\"versanumer_ljod\">23<\/span><\/a> \u00de\u00fa sem b\u00fdr\u00f0 \u00e1 L\u00edbanon, <br \/>gerir \u00fe\u00e9r hrei\u00f0ur \u00ed sedrustrj\u00e1m, <br \/>hve mj\u00f6g muntu stynja <br \/>\u00feegar \u00fe\u00fa f\u00e6r\u00f0 hr\u00ed\u00f0ir <br \/>og \u00fej\u00e1ist eins og j\u00f3\u00f0sj\u00fak kona. <\/span> <\/p>\n<h3 class=\"millifyrirsogn_2007\">J\u00f3jak\u00edn<\/h3>\n<p><a name=\"24\"><span class=\"versanumer_2007\">24<\/span><\/a> Svo sannarlega sem \u00e9g lifi, segir Drottinn, jafnvel \u00fe\u00f3tt Konja J\u00f3jak\u00edmsson J\u00fadakonungur v\u00e6ri innsiglishringur \u00e1 h\u00e6gri hendi minni mundi \u00e9g sl\u00edta \u00feig \u00fea\u00f0an. <a name=\"25\"><span class=\"versanumer_2007\">25<\/span><\/a> \u00c9g sel \u00feig \u00ed hendur \u00feeim sem s\u00e6kjast eftir l\u00edfi \u00fe\u00ednu, \u00ed hendur \u00feeim sem \u00fe\u00fa \u00f3ttast, \u00ed hendur Neb\u00fakadresari konungi \u00ed Bab\u00fdlon og \u00ed hendur Kaldeum. <a name=\"26\"><span class=\"versanumer_2007\">26<\/span><\/a> \u00c9g varpa \u00fe\u00e9r og m\u00f3\u00f0ur \u00feinni, sem \u00f3l \u00feig, til annars lands \u00fear sem \u00fei\u00f0 f\u00e6ddust ekki og \u00fear munu\u00f0 \u00fei\u00f0 deyja. <a name=\"27\"><span class=\"versanumer_2007\">27<\/span><\/a> En \u00feau munu aldrei sn\u00faa aftur heim til landsins sem \u00feau \u00fer\u00e1 a\u00f0 hverfa aftur til.<br \/> <a name=\"28\"><span class=\"versanumer_2007\">28<\/span><\/a> Er \u00feessi ma\u00f0ur, Konja, \u00f3noth\u00e6ft \u00edl\u00e1t sem \u00e1 a\u00f0 brj\u00f3ta, er hann ver\u00f0laust ker? Hvers vegna hefur honum og ni\u00f0jum hans veri\u00f0 fleygt \u00ed burtu og \u00feeir hraktir til lands sem \u00feeir \u00feekkja ekki? <br \/> <span class=\"ljodatexti\"> <a name=\"29\"><span class=\"versanumer_ljod\">29<\/span><\/a> Land, land, land, heyr or\u00f0 Drottins.<br \/> <\/span> <span class=\"ljodatexti\"> <a name=\"30\"><span class=\"versanumer_ljod\">30<\/span><\/a> Svo segir Drottinn: <br \/>Skr\u00e1i\u00f0 \u00feennan mann barnlausan,<br \/>mann sem ekkert hefur or\u00f0i\u00f0 \u00far <br \/>\u00fev\u00ed a\u00f0 engum ni\u00f0ja hans <br \/>mun takast a\u00f0 setjast \u00ed h\u00e1s\u00e6ti Dav\u00ed\u00f0s<br \/>og r\u00edkja framar yfir J\u00fada. <\/span> <\/p>\n","protected":false},"excerpt":{"rendered":"<p>Konungar vara\u00f0ir vi\u00f0 1 Svo segir Drottinn: Far\u00f0u ni\u00f0ur a\u00f0 h\u00f6ll J\u00fadakonungs og seg\u00f0u: 2 Hl\u00fdddu \u00e1 or\u00f0 Drottins, J\u00fadakonungur, sem situr \u00ed h\u00e1s\u00e6ti Dav\u00ed\u00f0s, \u00fe\u00fa sj\u00e1lfur, hir\u00f0menn \u00fe\u00ednir og \u00fej\u00f3\u00f0, \u00fe\u00e9r sem gangi\u00f0 um \u00feessi hli\u00f0. 3 Svo segir Drottinn: Framfylgi\u00f0 r\u00e9tti og r\u00e9ttl\u00e6ti. Bjargi\u00f0 \u00feeim sem r\u00e6ndur hefur veri\u00f0 \u00far greipum k\u00fagarans. Hafi\u00f0 ekkert ranglega af a\u00f0komumanni, muna\u00f0arleysingja e\u00f0a ekkju. K\u00fagi\u00f0 engan. \u00dathelli\u00f0 ekki saklausu bl\u00f3\u00f0i \u00e1 \u00feessum sta\u00f0. 4 Ef \u00fe\u00e9r framfylgi\u00f0 \u00feessu bo\u00f0i munu konungar, sem sitja \u00ed h\u00e1s\u00e6ti Dav\u00ed\u00f0s, fara um \u00feetta hli\u00f0. \u00deeir sj\u00e1lfir, hir\u00f0menn \u00feeirra og \u00fej\u00f3\u00f0 munu koma akandi \u00ed v\u00f6gnum og <a href=\"https:\/\/biblian.is\/biblian\/jeremia-22-kafli\/\"> [&#8230;]<\/a><\/p>\n","protected":false},"author":1,"featured_media":0,"parent":0,"menu_order":0,"comment_status":"open","ping_status":"open","template":"bibliukaflar_NT.php","meta":{"footnotes":""},"class_list":["post-2384","page","type-page","status-publish","hentry"],"_links":{"self":[{"href":"https:\/\/biblian.is\/biblian\/wp-json\/wp\/v2\/pages\/2384","targetHints":{"allow":["GET"]}}],"collection":[{"href":"https:\/\/biblian.is\/biblian\/wp-json\/wp\/v2\/pages"}],"about":[{"href":"https:\/\/biblian.is\/biblian\/wp-json\/wp\/v2\/types\/page"}],"author":[{"embeddable":true,"href":"https:\/\/biblian.is\/biblian\/wp-json\/wp\/v2\/users\/1"}],"replies":[{"embeddable":true,"href":"https:\/\/biblian.is\/biblian\/wp-json\/wp\/v2\/comments?post=2384"}],"version-history":[{"count":0,"href":"https:\/\/biblian.is\/biblian\/wp-json\/wp\/v2\/pages\/2384\/revisions"}],"wp:attachment":[{"href":"https:\/\/biblian.is\/biblian\/wp-json\/wp\/v2\/media?parent=2384"}],"curies":[{"name":"wp","href":"https:\/\/api.w.org\/{rel}","templated":true}]}}