{"id":2383,"date":"2017-12-30T21:02:57","date_gmt":"2017-12-30T21:02:57","guid":{"rendered":"http:\/\/biblian.is\/biblian\/jerem%c2%92a-21-kafli\/"},"modified":"2024-07-03T12:50:07","modified_gmt":"2024-07-03T12:50:07","slug":"jeremia-21-kafli","status":"publish","type":"page","link":"https:\/\/biblian.is\/biblian\/jeremia-21-kafli\/","title":{"rendered":"Jerem\u00eda 21. kafli"},"content":{"rendered":"<h3 class=\"millifyrirsogn_2007\"> Jer\u00fasalem mun falla<\/h3>\n<p><a name=\"1\"><span class=\"versanumer_2007\">1<\/span><\/a> Or\u00f0i\u00f0 sem kom til Jerem\u00eda fr\u00e1 Drottni \u00feegar Sedek\u00eda konungur sendi Pash\u00far Malk\u00edason og Sefan\u00eda prest Maasejason til hans me\u00f0 \u00feessa or\u00f0sendingu: <a name=\"2\"><span class=\"versanumer_2007\">2<\/span><\/a> Leita\u00f0u r\u00e1\u00f0a hj\u00e1 Drottni fyrir oss \u00fev\u00ed a\u00f0 Neb\u00fakadresar konungur \u00ed Bab\u00fdlon herjar \u00e1 oss. Ef til vill mun Drottinn gera fyrir oss eitt af m\u00f6rgum kraftaverkum s\u00ednum og kn\u00fdja Neb\u00fakadresar til undanhalds.<br \/> <a name=\"3\"><span class=\"versanumer_2007\">3<\/span><\/a> Jerem\u00eda sag\u00f0i vi\u00f0 \u00fe\u00e1: \u00deetta skulu\u00f0 \u00fe\u00e9r segja vi\u00f0 Sedek\u00eda: <a name=\"4\"><span class=\"versanumer_2007\">4<\/span><\/a> Svo segir Drottinn, Gu\u00f0 \u00cdsraels: \u00c9g mun sn\u00faa vopnunum \u00ed h\u00f6ndum y\u00f0ar gegn y\u00f0ur \u00feegar \u00fe\u00e9r fari\u00f0 a\u00f0 berjast me\u00f0 \u00feeim vi\u00f0 konunginn \u00ed Bab\u00fdlon og Kaldea sem s\u00e6kja a\u00f0 y\u00f0ur utan vi\u00f0 borgarm\u00farana. \u00c9g mun safna \u00feeim saman mitt \u00ed \u00feessari borg. <a name=\"5\"><span class=\"versanumer_2007\">5<\/span><\/a> \u00c9g mun sj\u00e1lfur berjast gegn y\u00f0ur me\u00f0 uppr\u00e9ttri hendi og sterkum armi, me\u00f0 rei\u00f0i, heift og mikilli br\u00e6\u00f0i. <a name=\"6\"><span class=\"versanumer_2007\">6<\/span><\/a> \u00c9g mun lj\u00f3sta \u00edb\u00faa \u00feessarar borgar, b\u00e6\u00f0i menn og skepnur, \u00feeir skulu deyja \u00ed \u00f3gurlegri dreps\u00f3tt. <a name=\"7\"><span class=\"versanumer_2007\">7<\/span><\/a> Eftir \u00fea\u00f0, segir Drottinn, mun \u00e9g selja Sedek\u00eda J\u00fadakonung \u00e1samt hir\u00f0m\u00f6nnum hans og \u00fej\u00f3\u00f0 og \u00f6llum \u00ed \u00feessari borg, sem hafa bjargast undan dreps\u00f3tt, sver\u00f0i og hungri, \u00ed hendur Neb\u00fakadresari Bab\u00fdlon\u00edukonungi og \u00ed hendur fjandm\u00f6nnum \u00feeirra og \u00feeirra sem s\u00e6kjast eftir l\u00edfi \u00feeirra. \u00deeir munu fella \u00fe\u00e1 me\u00f0 sver\u00f0seggjum hl\u00edf\u00f0arlaust, v\u00e6g\u00f0arlaust og miskunnarlaust.<br \/> <a name=\"8\"><span class=\"versanumer_2007\">8<\/span><\/a> Og enn skaltu segja \u00feessu f\u00f3lki: Svo segir Drottinn: \u00c9g legg fyrir y\u00f0ur veginn til l\u00edfsins og veginn til dau\u00f0ans. <a name=\"9\"><span class=\"versanumer_2007\">9<\/span><\/a> S\u00e1 sem ver\u00f0ur um kyrrt \u00ed \u00feessari borg mun l\u00e1ta l\u00edfi\u00f0 fyrir sver\u00f0i, hungri og dreps\u00f3tt. En s\u00e1 sem gengur \u00fat og gefst upp fyrir Kaldeunum sem sitja um y\u00f0ur mun lifa og f\u00e1 eigi\u00f0 l\u00edf a\u00f0 herfangi. <a name=\"10\"><span class=\"versanumer_2007\">10<\/span><\/a> \u00dev\u00ed a\u00f0 \u00e9g sn\u00fd andliti m\u00ednu gegn \u00feessari borg til a\u00f0 f\u00e6ra henni \u00f3g\u00e6fu en ekki heill, segir Drottinn. H\u00fan ver\u00f0ur seld konunginum \u00ed Bab\u00fdlon \u00ed hendur, hann mun brenna hana \u00ed eldi.<\/p>\n<h3 class=\"millifyrirsogn_2007\">Skyldur konungsins<\/h3>\n<p><span class=\"ljodatexti\"> <a name=\"11\"><span class=\"versanumer_ljod\">11<\/span><\/a>Til konungs\u00e6ttar J\u00fada:<br \/>Hl\u00fd\u00f0i\u00f0 \u00e1 or\u00f0 Drottins, <a name=\"12\"><span class=\"versanumer_2007\">12<\/span><\/a> \u00e6tt Dav\u00ed\u00f0s. <br \/>Svo segir Drottinn: <br \/>Felli\u00f0 r\u00e9ttl\u00e1ta d\u00f3ma hvern morgun, <br \/>bjargi\u00f0 \u00far greipum k\u00fagarans <br \/>\u00feeim sem r\u00e6nt hefur veri\u00f0 <br \/>svo a\u00f0 heift m\u00edn brj\u00f3tist ekki \u00fat sem eldur<br \/>vegna illvirkja \u00feeirra, <br \/>b\u00e1l sem enginn getur sl\u00f6kkt. <br \/> <\/span> <span class=\"ljodatexti\"> <a name=\"13\"><span class=\"versanumer_ljod\">13<\/span><\/a>N\u00fa r\u00e6\u00f0st \u00e9g gegn \u00fe\u00e9r sem gn\u00e6fir yfir dalinn, <br \/>gegn klettinum \u00e1 sl\u00e9ttunni, segir Drottinn. <br \/>\u00de\u00e9r spyrji\u00f0: Hver getur r\u00e1\u00f0ist \u00e1 oss <br \/>og hver kemst inn \u00ed b\u00fasta\u00f0i vora?<br \/> <\/span> <span class=\"ljodatexti\"> <a name=\"14\"><span class=\"versanumer_ljod\">14<\/span><\/a>\u00c9g dreg y\u00f0ur til \u00e1byrg\u00f0ar fyrir verk y\u00f0ar, <br \/>segir Drottinn, <br \/>og legg eld a\u00f0 sk\u00f3ginum, <br \/>hann skal gleypa allt umhverfis sig. <\/span> <\/p>\n","protected":false},"excerpt":{"rendered":"<p>Jer\u00fasalem mun falla 1 Or\u00f0i\u00f0 sem kom til Jerem\u00eda fr\u00e1 Drottni \u00feegar Sedek\u00eda konungur sendi Pash\u00far Malk\u00edason og Sefan\u00eda prest Maasejason til hans me\u00f0 \u00feessa or\u00f0sendingu: 2 Leita\u00f0u r\u00e1\u00f0a hj\u00e1 Drottni fyrir oss \u00fev\u00ed a\u00f0 Neb\u00fakadresar konungur \u00ed Bab\u00fdlon herjar \u00e1 oss. Ef til vill mun Drottinn gera fyrir oss eitt af m\u00f6rgum kraftaverkum s\u00ednum og kn\u00fdja Neb\u00fakadresar til undanhalds. 3 Jerem\u00eda sag\u00f0i vi\u00f0 \u00fe\u00e1: \u00deetta skulu\u00f0 \u00fe\u00e9r segja vi\u00f0 Sedek\u00eda: 4 Svo segir Drottinn, Gu\u00f0 \u00cdsraels: \u00c9g mun sn\u00faa vopnunum \u00ed h\u00f6ndum y\u00f0ar gegn y\u00f0ur \u00feegar \u00fe\u00e9r fari\u00f0 a\u00f0 berjast me\u00f0 \u00feeim vi\u00f0 konunginn \u00ed Bab\u00fdlon og Kaldea sem <a href=\"https:\/\/biblian.is\/biblian\/jeremia-21-kafli\/\"> [&#8230;]<\/a><\/p>\n","protected":false},"author":1,"featured_media":0,"parent":0,"menu_order":0,"comment_status":"open","ping_status":"open","template":"bibliukaflar_NT.php","meta":{"footnotes":""},"class_list":["post-2383","page","type-page","status-publish","hentry"],"_links":{"self":[{"href":"https:\/\/biblian.is\/biblian\/wp-json\/wp\/v2\/pages\/2383","targetHints":{"allow":["GET"]}}],"collection":[{"href":"https:\/\/biblian.is\/biblian\/wp-json\/wp\/v2\/pages"}],"about":[{"href":"https:\/\/biblian.is\/biblian\/wp-json\/wp\/v2\/types\/page"}],"author":[{"embeddable":true,"href":"https:\/\/biblian.is\/biblian\/wp-json\/wp\/v2\/users\/1"}],"replies":[{"embeddable":true,"href":"https:\/\/biblian.is\/biblian\/wp-json\/wp\/v2\/comments?post=2383"}],"version-history":[{"count":0,"href":"https:\/\/biblian.is\/biblian\/wp-json\/wp\/v2\/pages\/2383\/revisions"}],"wp:attachment":[{"href":"https:\/\/biblian.is\/biblian\/wp-json\/wp\/v2\/media?parent=2383"}],"curies":[{"name":"wp","href":"https:\/\/api.w.org\/{rel}","templated":true}]}}