{"id":2382,"date":"2017-12-30T21:02:57","date_gmt":"2017-12-30T21:02:57","guid":{"rendered":"http:\/\/biblian.is\/biblian\/jerem%c2%92a-20-kafli\/"},"modified":"2024-07-03T12:50:07","modified_gmt":"2024-07-03T12:50:07","slug":"jeremia-20-kafli","status":"publish","type":"page","link":"https:\/\/biblian.is\/biblian\/jeremia-20-kafli\/","title":{"rendered":"Jerem\u00eda 20. kafli"},"content":{"rendered":"<h3 class=\"millifyrirsogn_2007\"> Jerem\u00eda h\u00fa\u00f0str\u00fdktur<\/h3>\n<p><a name=\"1\"><span class=\"versanumer_2007\">1<\/span><\/a> Pash\u00far Immersson prestur, sem var yfirumsj\u00f3narma\u00f0ur \u00ed h\u00fasi Drottins, heyr\u00f0i Jerem\u00eda flytja \u00feessa r\u00e6\u00f0u. <a name=\"2\"><span class=\"versanumer_2007\">2<\/span><\/a> Hann l\u00e9t \u00fev\u00ed h\u00fa\u00f0str\u00fdkja Jerem\u00eda sp\u00e1mann og setja hann \u00ed gapastokkinn sem var \u00ed efra Benjam\u00ednshli\u00f0inu vi\u00f0 h\u00fas Drottins. <a name=\"3\"><span class=\"versanumer_2007\">3<\/span><\/a> \u00deegar Pash\u00far sleppti Jerem\u00eda \u00far gapastokknum morguninn eftir sag\u00f0i Jerem\u00eda vi\u00f0 hann: \u201eDrottinn nefnir \u00feig ekki lengur Pash\u00far heldur Skelfingu hvarvetna. <a name=\"4\"><span class=\"versanumer_2007\">4<\/span><\/a> \u00dev\u00ed a\u00f0 svo segir Drottinn: \u00c9g geri \u00feig a\u00f0 skelfingu fyrir sj\u00e1lfan \u00feig og alla vini \u00fe\u00edna. \u00deeir munu falla fyrir sver\u00f0i fjandmanna sinna og \u00fe\u00fa munt horfa \u00e1 \u00fea\u00f0 me\u00f0 eigin augum. \u00c9g mun selja allt J\u00fada \u00ed hendur konungsins \u00ed Bab\u00fdlon. Hann mun flytja \u00edb\u00faana \u00ed \u00fatleg\u00f0 til Bab\u00fdlonar og h\u00f6ggva \u00fe\u00e1 me\u00f0 sver\u00f0i. <a name=\"5\"><span class=\"versanumer_2007\">5<\/span><\/a> \u00c9g framsel allan au\u00f0 \u00feessarar borgar, allar eignir hennar, alla d\u00fdrgripi hennar og alla fj\u00e1rsj\u00f3\u00f0i J\u00fadakonunga \u00ed hendur fjandmanna \u00feeirra. \u00deeir munu taka \u00fea\u00f0 herfangi og flytja til Bab\u00fdlonar. <a name=\"6\"><span class=\"versanumer_2007\">6<\/span><\/a> En \u00fe\u00fa, Pash\u00far, fer\u00f0 \u00ed \u00fatleg\u00f0 \u00e1samt \u00f6llum sem b\u00faa \u00ed h\u00fasi \u00fe\u00ednu. \u00de\u00fa fer\u00f0 til Bab\u00fdlonar \u00fear sem \u00fe\u00fa deyr\u00f0 og ver\u00f0ur grafinn, \u00fe\u00fa og allir vinir \u00fe\u00ednir sem \u00fe\u00fa hefur bo\u00f0a\u00f0 lygi.\u201c<\/p>\n<h3 class=\"millifyrirsogn_2007\">Harmlj\u00f3\u00f0 sp\u00e1mannsins<\/h3>\n<p><span class=\"ljodatexti\"> <a name=\"7\"><span class=\"versanumer_ljod\">7<\/span><\/a>\u00de\u00fa blekktir mig, Drottinn, og \u00e9g l\u00e9t blekkjast, <br \/>\u00fe\u00fa t\u00f3kst mig t\u00f6kum og barst h\u00e6rri hlut. <br \/>\u00c9g ver\u00f0 s\u00edfellt a\u00f0 athl\u00e6gi, <br \/>allir h\u00e6\u00f0a mig.<br \/> <\/span> <span class=\"ljodatexti\"> <a name=\"8\"><span class=\"versanumer_ljod\">8<\/span><\/a>\u00cd hvert skipti sem \u00e9g tala ver\u00f0 \u00e9g a\u00f0 hr\u00f3pa <br \/>og ver\u00f0 a\u00f0 kalla: \u201eOfbeldi og k\u00fagun.\u201c <br \/>\u00dev\u00ed a\u00f0 or\u00f0 Drottins var\u00f0 m\u00e9r til skammar <br \/>og skapraunar allan daginn. <br \/> <\/span> <span class=\"ljodatexti\"> <a name=\"9\"><span class=\"versanumer_ljod\">9<\/span><\/a>Ef \u00e9g sag\u00f0i: \u201e\u00c9g vil ekki hugsa um hann lengur <br \/>og ekki tala \u00ed hans nafni,\u201c <br \/>fannst m\u00e9r eldur loga \u00ed hjarta m\u00e9r, <br \/>brenna \u00ed beinum m\u00ednum. <br \/>\u00c9g \u00f6rmagna\u00f0ist vi\u00f0 \u00e1reynsluna,<br \/>h\u00fan var\u00f0 m\u00e9r um megn.<br \/> <\/span> <span class=\"ljodatexti\"> <a name=\"10\"><span class=\"versanumer_ljod\">10<\/span><\/a>\u00c9g hef heyrt baktal fj\u00f6ldans: <br \/>\u201eSkelfing hvarvetna. <br \/>K\u00e6ri\u00f0 hann, v\u00e9r skulum k\u00e6ra hann.\u201c <br \/>Allir n\u00e1nir vinir m\u00ednir b\u00ed\u00f0a \u00feess a\u00f0 \u00e9g hrasi: <br \/>\u201eEf til vill l\u00e6tur hann blekkjast <br \/>svo a\u00f0 v\u00e9r getum yfirbuga\u00f0 hann <br \/>og hefnt vor \u00e1 honum.\u201c<br \/> <\/span> <span class=\"ljodatexti\"> <a name=\"11\"><span class=\"versanumer_ljod\">11<\/span><\/a>En Drottinn stendur me\u00f0 m\u00e9r eins og voldug hetja, <br \/>\u00feess vegna hrasa \u00feeir sem ofs\u00e6kja mig og sigra ekki. <br \/>\u00deeir gera sj\u00e1lfum s\u00e9r hneisu \u00fev\u00ed a\u00f0 \u00feeir erfi\u00f0a \u00e1n \u00e1rangurs, <br \/>baka s\u00e9r \u00e6varandi sm\u00e1n sem aldrei gleymist.<br \/> <\/span> <span class=\"ljodatexti\"> <a name=\"12\"><span class=\"versanumer_ljod\">12<\/span><\/a>Drottinn hersveitanna, \u00fe\u00fa sem pr\u00f3far hinn r\u00e9ttl\u00e1ta, <br \/>\u00fe\u00fa sem s\u00e9r\u00f0 n\u00fdrun og hjarta\u00f0, <br \/>l\u00e1ttu mig sj\u00e1 hefnd \u00fe\u00edna \u00e1 \u00feeim.<br \/>\u00de\u00e9r fel \u00e9g m\u00e1lsta\u00f0 minn.<br \/> <\/span> <span class=\"ljodatexti\"> <a name=\"13\"><span class=\"versanumer_ljod\">13<\/span><\/a>Lofsyngi\u00f0 Drottni, vegsami\u00f0 Drottin <br \/>\u00fev\u00ed a\u00f0 hann frelsar l\u00edf hins snau\u00f0a <br \/>\u00far greipum illvirkjanna.<br \/> <\/span> <span class=\"ljodatexti\"> <a name=\"14\"><span class=\"versanumer_ljod\">14<\/span><\/a>B\u00f6lva\u00f0ur s\u00e9 dagurinn \u00feegar \u00e9g f\u00e6ddist. <br \/>Dagurinn, sem m\u00f3\u00f0ir m\u00edn \u00f3l mig, <br \/>s\u00e9 ekki blessa\u00f0ur.<br \/> <\/span> <span class=\"ljodatexti\"> <a name=\"15\"><span class=\"versanumer_ljod\">15<\/span><\/a>B\u00f6lva\u00f0ur s\u00e9 ma\u00f0urinn <br \/>sem f\u00e6r\u00f0i f\u00f6\u00f0ur m\u00ednum gle\u00f0it\u00ed\u00f0indin: <br \/>\u201e\u00de\u00e9r er f\u00e6ddur sonur,\u201c <br \/>og gladdi hann me\u00f0 \u00fev\u00ed st\u00f3rlega.<br \/> <\/span> <span class=\"ljodatexti\"> <a name=\"16\"><span class=\"versanumer_ljod\">16<\/span><\/a>Fyrir \u00feessum manni fari eins og borgunum <br \/>sem Drottinn eyddi v\u00e6g\u00f0arlaust: <br \/>Hann heyri ney\u00f0ar\u00f3p a\u00f0 morgni <br \/>og her\u00f3p um h\u00e1degi <br \/> <\/span> <span class=\"ljodatexti\"> <a name=\"17\"><span class=\"versanumer_ljod\">17<\/span><\/a>\u00fev\u00ed a\u00f0 hann eyddi m\u00e9r ekki \u00ed m\u00f3\u00f0urkvi\u00f0i <br \/>svo a\u00f0 m\u00f3\u00f0ir m\u00edn yr\u00f0i m\u00e9r gr\u00f6f <br \/>og m\u00f3\u00f0url\u00edf hennar \u00e6vinlega \u00feunga\u00f0.<br \/> <\/span> <span class=\"ljodatexti\"> <a name=\"18\"><span class=\"versanumer_ljod\">18<\/span><\/a>Hvers vegna \u00feurfti \u00e9g a\u00f0 koma \u00far skauti m\u00f3\u00f0ur minnar<br \/>til \u00feess a\u00f0 sj\u00e1 m\u00e6\u00f0u og andstreymi <br \/>og enda \u00e6vidaga m\u00edna \u00ed sm\u00e1n? <\/span> <\/p>\n","protected":false},"excerpt":{"rendered":"<p>Jerem\u00eda h\u00fa\u00f0str\u00fdktur 1 Pash\u00far Immersson prestur, sem var yfirumsj\u00f3narma\u00f0ur \u00ed h\u00fasi Drottins, heyr\u00f0i Jerem\u00eda flytja \u00feessa r\u00e6\u00f0u. 2 Hann l\u00e9t \u00fev\u00ed h\u00fa\u00f0str\u00fdkja Jerem\u00eda sp\u00e1mann og setja hann \u00ed gapastokkinn sem var \u00ed efra Benjam\u00ednshli\u00f0inu vi\u00f0 h\u00fas Drottins. 3 \u00deegar Pash\u00far sleppti Jerem\u00eda \u00far gapastokknum morguninn eftir sag\u00f0i Jerem\u00eda vi\u00f0 hann: \u201eDrottinn nefnir \u00feig ekki lengur Pash\u00far heldur Skelfingu hvarvetna. 4 \u00dev\u00ed a\u00f0 svo segir Drottinn: \u00c9g geri \u00feig a\u00f0 skelfingu fyrir sj\u00e1lfan \u00feig og alla vini \u00fe\u00edna. \u00deeir munu falla fyrir sver\u00f0i fjandmanna sinna og \u00fe\u00fa munt horfa \u00e1 \u00fea\u00f0 me\u00f0 eigin augum. \u00c9g mun selja allt J\u00fada \u00ed hendur <a href=\"https:\/\/biblian.is\/biblian\/jeremia-20-kafli\/\"> [&#8230;]<\/a><\/p>\n","protected":false},"author":1,"featured_media":0,"parent":0,"menu_order":0,"comment_status":"open","ping_status":"open","template":"bibliukaflar_NT.php","meta":{"footnotes":""},"class_list":["post-2382","page","type-page","status-publish","hentry"],"_links":{"self":[{"href":"https:\/\/biblian.is\/biblian\/wp-json\/wp\/v2\/pages\/2382","targetHints":{"allow":["GET"]}}],"collection":[{"href":"https:\/\/biblian.is\/biblian\/wp-json\/wp\/v2\/pages"}],"about":[{"href":"https:\/\/biblian.is\/biblian\/wp-json\/wp\/v2\/types\/page"}],"author":[{"embeddable":true,"href":"https:\/\/biblian.is\/biblian\/wp-json\/wp\/v2\/users\/1"}],"replies":[{"embeddable":true,"href":"https:\/\/biblian.is\/biblian\/wp-json\/wp\/v2\/comments?post=2382"}],"version-history":[{"count":0,"href":"https:\/\/biblian.is\/biblian\/wp-json\/wp\/v2\/pages\/2382\/revisions"}],"wp:attachment":[{"href":"https:\/\/biblian.is\/biblian\/wp-json\/wp\/v2\/media?parent=2382"}],"curies":[{"name":"wp","href":"https:\/\/api.w.org\/{rel}","templated":true}]}}