{"id":2381,"date":"2017-12-30T21:02:57","date_gmt":"2017-12-30T21:02:57","guid":{"rendered":"http:\/\/biblian.is\/biblian\/jerem%c2%92a-19-kafli\/"},"modified":"2024-07-03T12:50:06","modified_gmt":"2024-07-03T12:50:06","slug":"jeremia-19-kafli","status":"publish","type":"page","link":"https:\/\/biblian.is\/biblian\/jeremia-19-kafli\/","title":{"rendered":"Jerem\u00eda 19. kafli"},"content":{"rendered":"<h3 class=\"millifyrirsogn_2007\"> Fall Jer\u00fasalem sagt fyrir<\/h3>\n<p><a name=\"1\"><span class=\"versanumer_2007\">1<\/span><\/a> Svo sag\u00f0i Drottinn:<br \/>Far\u00f0u og kauptu leirkr\u00fas og haf\u00f0u me\u00f0 \u00fe\u00e9r nokkra af \u00f6ldungum \u00fej\u00f3\u00f0arinnar og nokkra helstu prestana. <a name=\"2\"><span class=\"versanumer_2007\">2<\/span><\/a> Gakktu s\u00ed\u00f0an \u00fat \u00ed Hinnomssonardal sem er vi\u00f0 Leirbrotahli\u00f0i\u00f0. \u00dear skaltu kunngj\u00f6ra \u00feau or\u00f0 sem \u00e9g flyt \u00fe\u00e9r <a name=\"3\"><span class=\"versanumer_2007\">3<\/span><\/a> og segja: Heyri\u00f0 or\u00f0 Drottins, J\u00fadakonungar og Jer\u00fasalemb\u00faar. Svo segir Drottinn hersveitanna, Gu\u00f0 \u00cdsraels: N\u00fa sendi \u00e9g \u00fev\u00edl\u00edkt b\u00f6l yfir \u00feennan sta\u00f0 a\u00f0 gjalla mun \u00ed eyrum allra \u00feeirra sem um \u00fea\u00f0 heyra. <a name=\"4\"><span class=\"versanumer_2007\">4<\/span><\/a> \u00deetta geri \u00e9g af \u00fev\u00ed a\u00f0 \u00fe\u00e9r hafi\u00f0 sviki\u00f0 mig og gert m\u00e9r \u00feennan sta\u00f0 framandi me\u00f0 \u00fev\u00ed a\u00f0 f\u00e6ra \u00fear reykelsisf\u00f3rnir \u00f6\u00f0rum gu\u00f0um sem hvorki \u00fe\u00e9r sj\u00e1lfir, fe\u00f0ur y\u00f0ar n\u00e9 J\u00fadakonungar h\u00f6f\u00f0u \u00e1\u00f0ur \u00feekkt. \u00deeir hafa fyllt \u00feennan sta\u00f0 af saklausu bl\u00f3\u00f0i. <a name=\"5\"><span class=\"versanumer_2007\">5<\/span><\/a> \u00deeir bygg\u00f0u f\u00f3rnarh\u00e6\u00f0ir til a\u00f0 f\u00e6ra Baal \u00fear syni s\u00edna a\u00f0 brennif\u00f3rn. \u00dea\u00f0 hef \u00e9g aldrei bo\u00f0i\u00f0 og aldrei nefnt, \u00fea\u00f0 hefur aldrei komi\u00f0 m\u00e9r \u00ed hug.<br \/> <a name=\"6\"><span class=\"versanumer_2007\">6<\/span><\/a> \u00dev\u00ed skulu \u00feeir dagar koma, segir Drottinn, a\u00f0 \u00feessi sta\u00f0ur ver\u00f0ur ekki lengur nefndur T\u00f3fet e\u00f0a Hinnomssonardalur heldur Dr\u00e1psdalur. <a name=\"7\"><span class=\"versanumer_2007\">7<\/span><\/a> \u00c9g mun spilla r\u00e1\u00f0ager\u00f0 J\u00fadamanna og Jer\u00fasalemb\u00faa \u00e1 \u00feessum sta\u00f0. \u00c9g mun fella \u00fe\u00e1 me\u00f0 sver\u00f0i frammi fyrir fjandm\u00f6nnum s\u00ednum, me\u00f0 hendi \u00feeirra sem sitja um l\u00edf \u00feeirra. \u00c9g mun gefa fuglum himinsins og d\u00fdrum merkurinnar l\u00edk \u00feeirra a\u00f0 \u00e6ti. <a name=\"8\"><span class=\"versanumer_2007\">8<\/span><\/a> \u00c9g mun gera \u00feessa borg a\u00f0 sta\u00f0 sem menn hryllir vi\u00f0 og \u00feeir h\u00e6\u00f0ast a\u00f0.<span class=\"nedan_mal\" title=\" Or\u00f0r\u00e9tt: \u2026 og a\u00f0 tilefni til bl\u00edsturs. Bl\u00edstri\u00f0 getur anna\u00f0hvort veri\u00f0 merki um h\u00e1\u00f0 og fyrirlitningu e\u00f0a a\u00f0fer\u00f0 til a\u00f0 f\u00e6la burt illa anda.\">[<\/span> Hvern sem \u00e1 lei\u00f0 um hana mun hrylla vi\u00f0 og hann h\u00e6\u00f0ast a\u00f0 henni vegna allra \u00feeirra \u00e1falla sem h\u00fan hefur or\u00f0i\u00f0 fyrir. <a name=\"9\"><span class=\"versanumer_2007\">9<\/span><\/a> \u00c9g mun l\u00e1ta \u00fe\u00e1 eta hold sona sinna og d\u00e6tra. \u00deeir munu eta hold hver annars \u00ed \u00feeirri ney\u00f0 og \u00ferengingu sem fjandmenn \u00feeirra og \u00feeir sem sitja um l\u00edf \u00feeirra munu valda \u00feeim.<br \/> <a name=\"10\"><span class=\"versanumer_2007\">10<\/span><\/a> S\u00ed\u00f0an skaltu brj\u00f3ta kr\u00fasina fyrir augum \u00feeirra sem fara me\u00f0 \u00fe\u00e9r <a name=\"11\"><span class=\"versanumer_2007\">11<\/span><\/a> og segja vi\u00f0 \u00fe\u00e1: Svo segir Drottinn hersveitanna: \u00c9g br\u00fdt \u00feessa \u00fej\u00f3\u00f0 og \u00feessa borg eins og \u00feegar leirker er broti\u00f0 svo a\u00f0 \u00fea\u00f0 ver\u00f0i ekki gert heilt aftur. \u00cd T\u00f3fet ver\u00f0a svo margir jar\u00f0a\u00f0ir a\u00f0 ekkert r\u00fam ver\u00f0ur \u00fear til a\u00f0 grafa fleiri.<span class=\"nedan_mal\" title=\" \u00d6nnur hugsanleg \u00fe\u00fd\u00f0ing: \u00cd T\u00f3fet ver\u00f0a (\u00feeir l\u00e1tnu) jar\u00f0a\u00f0ir \u00fev\u00ed a\u00f0 a\u00f0rir legsta\u00f0ir eru ekki fyrir hendi til a\u00f0 jar\u00f0a \u00ed.\">[<\/span> <a name=\"12\"><span class=\"versanumer_2007\">12<\/span><\/a> \u00deannig mun \u00e9g fara me\u00f0 \u00feennan sta\u00f0 og \u00edb\u00faa hans, segir Drottinn, svo a\u00f0 \u00feessi borg ver\u00f0i eins og T\u00f3fet. <a name=\"13\"><span class=\"versanumer_2007\">13<\/span><\/a> H\u00fasin \u00ed Jer\u00fasalem og h\u00fas J\u00fadakonunga skulu ver\u00f0a \u00f3hrein eins og \u00feessi sta\u00f0ur, T\u00f3fet, \u00f6ll h\u00fasin \u00fear sem \u00f6llum himinsins her hafa veri\u00f0 f\u00e6r\u00f0ar reykelsisf\u00f3rnir \u00e1 \u00fe\u00f6kunum og \u00f6\u00f0rum gu\u00f0um dreypif\u00f3rnir.<br \/> <a name=\"14\"><span class=\"versanumer_2007\">14<\/span><\/a> \u00deegar Jerem\u00eda kom fr\u00e1 T\u00f3fet \u00feanga\u00f0 sem Drottinn haf\u00f0i sent hann til a\u00f0 flytja bo\u00f0skap sinn t\u00f3k hann s\u00e9r st\u00f6\u00f0u \u00ed forgar\u00f0i h\u00fass Drottins og \u00e1varpa\u00f0i allan s\u00f6fnu\u00f0inn: <br \/> <a name=\"15\"><span class=\"versanumer_2007\">15<\/span><\/a> Svo segir Drottinn hersveitanna, \u00cdsraels Gu\u00f0: \u00c9g sendi alla \u00fe\u00e1 \u00f3g\u00e6fu, sem \u00e9g hef h\u00f3ta\u00f0, yfir \u00feessa borg og borgirnar, sem henni heyra til, vegna \u00feess a\u00f0 \u00edb\u00faarnir hafa \u00feverskallast vi\u00f0 og ekki hl\u00fdtt \u00e1 or\u00f0 m\u00edn. <\/p>\n","protected":false},"excerpt":{"rendered":"<p>Fall Jer\u00fasalem sagt fyrir 1 Svo sag\u00f0i Drottinn:Far\u00f0u og kauptu leirkr\u00fas og haf\u00f0u me\u00f0 \u00fe\u00e9r nokkra af \u00f6ldungum \u00fej\u00f3\u00f0arinnar og nokkra helstu prestana. 2 Gakktu s\u00ed\u00f0an \u00fat \u00ed Hinnomssonardal sem er vi\u00f0 Leirbrotahli\u00f0i\u00f0. \u00dear skaltu kunngj\u00f6ra \u00feau or\u00f0 sem \u00e9g flyt \u00fe\u00e9r 3 og segja: Heyri\u00f0 or\u00f0 Drottins, J\u00fadakonungar og Jer\u00fasalemb\u00faar. Svo segir Drottinn hersveitanna, Gu\u00f0 \u00cdsraels: N\u00fa sendi \u00e9g \u00fev\u00edl\u00edkt b\u00f6l yfir \u00feennan sta\u00f0 a\u00f0 gjalla mun \u00ed eyrum allra \u00feeirra sem um \u00fea\u00f0 heyra. 4 \u00deetta geri \u00e9g af \u00fev\u00ed a\u00f0 \u00fe\u00e9r hafi\u00f0 sviki\u00f0 mig og gert m\u00e9r \u00feennan sta\u00f0 framandi me\u00f0 \u00fev\u00ed a\u00f0 f\u00e6ra \u00fear reykelsisf\u00f3rnir \u00f6\u00f0rum <a href=\"https:\/\/biblian.is\/biblian\/jeremia-19-kafli\/\"> [&#8230;]<\/a><\/p>\n","protected":false},"author":1,"featured_media":0,"parent":0,"menu_order":0,"comment_status":"open","ping_status":"open","template":"bibliukaflar_NT.php","meta":{"footnotes":""},"class_list":["post-2381","page","type-page","status-publish","hentry"],"_links":{"self":[{"href":"https:\/\/biblian.is\/biblian\/wp-json\/wp\/v2\/pages\/2381","targetHints":{"allow":["GET"]}}],"collection":[{"href":"https:\/\/biblian.is\/biblian\/wp-json\/wp\/v2\/pages"}],"about":[{"href":"https:\/\/biblian.is\/biblian\/wp-json\/wp\/v2\/types\/page"}],"author":[{"embeddable":true,"href":"https:\/\/biblian.is\/biblian\/wp-json\/wp\/v2\/users\/1"}],"replies":[{"embeddable":true,"href":"https:\/\/biblian.is\/biblian\/wp-json\/wp\/v2\/comments?post=2381"}],"version-history":[{"count":0,"href":"https:\/\/biblian.is\/biblian\/wp-json\/wp\/v2\/pages\/2381\/revisions"}],"wp:attachment":[{"href":"https:\/\/biblian.is\/biblian\/wp-json\/wp\/v2\/media?parent=2381"}],"curies":[{"name":"wp","href":"https:\/\/api.w.org\/{rel}","templated":true}]}}