{"id":2379,"date":"2017-12-30T21:02:57","date_gmt":"2017-12-30T21:02:57","guid":{"rendered":"http:\/\/biblian.is\/biblian\/jerem%c2%92a-17-kafli\/"},"modified":"2024-07-03T12:50:06","modified_gmt":"2024-07-03T12:50:06","slug":"jeremia-17-kafli","status":"publish","type":"page","link":"https:\/\/biblian.is\/biblian\/jeremia-17-kafli\/","title":{"rendered":"Jerem\u00eda 17. kafli"},"content":{"rendered":"<h3 class=\"millifyrirsogn_2007\"> J\u00fadam\u00f6nnum refsa\u00f0<\/h3>\n<p><span class=\"ljodatexti\"> <a name=\"1\"><span class=\"versanumer_ljod\">1<\/span><\/a>Synd J\u00fadamanna er skr\u00e1\u00f0 me\u00f0 j\u00e1rnpenna,<br \/>grafin me\u00f0 demantsoddi <br \/>\u00ed t\u00f6flur hjartna \u00feeirra <br \/>og \u00e1 altarishorn \u00feeirra <br \/> <\/span> <span class=\"ljodatexti\"> <a name=\"2\"><span class=\"versanumer_ljod\">2<\/span><\/a>svo a\u00f0 synir \u00feeirra muni \u00f6lturu \u00feeirra og As\u00e9rust\u00f3lpa <br \/>undir laufgu\u00f0um trj\u00e1m \u00e1 h\u00e6\u00f0unum, <br \/> <\/span> <span class=\"ljodatexti\"> <a name=\"3\"><span class=\"versanumer_ljod\">3<\/span><\/a>\u00ed fj\u00f6llunum \u00e1 h\u00e1lendinu. <br \/>\u00c9g framsel au\u00f0 \u00feinn og fj\u00e1rsj\u00f3\u00f0i sem herfang, <br \/>sem endurgjald fyrir allar syndir \u00fe\u00ednar <br \/>sem \u00fe\u00fa hefur dr\u00fdgt um allt land \u00feitt.<br \/> <\/span> <span class=\"ljodatexti\"> <a name=\"4\"><span class=\"versanumer_ljod\">4<\/span><\/a>\u00de\u00fa ver\u00f0ur a\u00f0 l\u00e1ta af hendi erf\u00f0aland \u00feitt <br \/>sem \u00e9g gaf \u00fe\u00e9r. <br \/>\u00c9g geri \u00feig a\u00f0 \u00fer\u00e6li fjandmanna \u00feinna <br \/>\u00ed landi sem \u00fe\u00fa \u00feekkir ekki <br \/>\u00fev\u00ed a\u00f0 rei\u00f0i m\u00edn hefur blossa\u00f0 upp, <br \/>h\u00fan brennur \u00e6vinlega. <\/span> <\/p>\n<h3 class=\"millifyrirsogn_2007\">Traust til Gu\u00f0s, ekki manna<\/h3>\n<p><span class=\"ljodatexti\"> <a name=\"5\"><span class=\"versanumer_ljod\">5<\/span><\/a>Svo segir Drottinn: <br \/>B\u00f6lva\u00f0ur er s\u00e1 sem treystir m\u00f6nnum<br \/>og rei\u00f0ir sig \u00e1 styrk dau\u00f0legra <br \/>en hjarta hans v\u00edkur fr\u00e1 Drottni.<br \/> <\/span> <span class=\"ljodatexti\"> <a name=\"6\"><span class=\"versanumer_ljod\">6<\/span><\/a>Hann er eins og nakinn runni \u00ed ey\u00f0im\u00f6rk <br \/>og ver\u00f0ur ekki hins g\u00f3\u00f0a var sem fram hj\u00e1 fer.<br \/>Hann ver\u00f0ur a\u00f0 b\u00faa \u00ed svi\u00f0nu landi \u00ed ey\u00f0im\u00f6rkinni, <br \/>\u00e1 \u00f3byggilegri saltsl\u00e9ttu.<br \/> <\/span> <span class=\"ljodatexti\"> <a name=\"7\"><span class=\"versanumer_ljod\">7<\/span><\/a>Blessa\u00f0ur er s\u00e1 ma\u00f0ur sem treystir Drottni,<br \/>Drottinn er athvarf hans.<br \/> <\/span> <span class=\"ljodatexti\"> <a name=\"8\"><span class=\"versanumer_ljod\">8<\/span><\/a>Hann er sem tr\u00e9, gr\u00f3\u00f0ursett vi\u00f0 vatn <br \/>og teygir r\u00e6tur s\u00ednar a\u00f0 l\u00e6knum, <br \/>\u00fea\u00f0 \u00f3ttast ekki a\u00f0 sumarhitinn komi <br \/>\u00fev\u00ed a\u00f0 lauf \u00feess er s\u00edgr\u00e6nt. <br \/>\u00dea\u00f0 er \u00e1hyggjulaust \u00ed \u00feurru \u00e1rfer\u00f0i, <br \/>ber \u00e1v\u00f6xt \u00e1n afl\u00e1ts. <\/span> <\/p>\n<h3 class=\"millifyrirsogn_2007\">Spakm\u00e6li<\/h3>\n<p><span class=\"ljodatexti\"> <a name=\"9\"><span class=\"versanumer_ljod\">9<\/span><\/a>Svikult er hjarta\u00f0 framar \u00f6llu \u00f6\u00f0ru <br \/>og forhert. Hver skilur \u00fea\u00f0?<br \/> <\/span> <span class=\"ljodatexti\"> <a name=\"10\"><span class=\"versanumer_ljod\">10<\/span><\/a>\u00c9g, Drottinn, rannsaka hjarta\u00f0 og pr\u00f3fa n\u00fdrun, <br \/>geld hverjum manni eftir breytni hans <br \/>og \u00e1v\u00f6xtum verka hans.<br \/> <\/span> <span class=\"ljodatexti\"> <a name=\"11\"><span class=\"versanumer_ljod\">11<\/span><\/a>S\u00e1 er safnar rangfengnum au\u00f0i <br \/>er eins og akurh\u00e6na <br \/>sem liggur \u00e1 eggjum sem h\u00fan hefur ekki verpt. <br \/>\u00c1 mi\u00f0ri \u00e6vi tapar hann au\u00f0\u00e6funum, <br \/>vi\u00f0 \u00e6vilok telst hann heimskingi. <\/span> <\/p>\n<h3 class=\"millifyrirsogn_2007\">B\u00e6n Jerem\u00eda<\/h3>\n<p><span class=\"ljodatexti\"> <a name=\"12\"><span class=\"versanumer_ljod\">12<\/span><\/a>H\u00e1s\u00e6ti d\u00fdr\u00f0arinnar er upp hafi\u00f0 fr\u00e1 \u00f6ndver\u00f0u. <br \/>\u00dea\u00f0 er helgista\u00f0ur vor. <br \/> <\/span> <span class=\"ljodatexti\"> <a name=\"13\"><span class=\"versanumer_ljod\">13<\/span><\/a>Drottinn, von \u00cdsraels, <br \/>allir sem yfirgefa \u00feig hlj\u00f3ta vans\u00e6md, <br \/>\u00feeir sem sn\u00faa fr\u00e1 \u00fe\u00e9r ver\u00f0a skr\u00e1\u00f0ir \u00ed sand <br \/>\u00fev\u00ed a\u00f0 \u00feeir hafa yfirgefi\u00f0 Drottin, <br \/>lind hins lifandi vatns.<br \/> <\/span> <span class=\"ljodatexti\"> <a name=\"14\"><span class=\"versanumer_ljod\">14<\/span><\/a>L\u00e6kna mig, Drottinn, svo a\u00f0 \u00e9g ver\u00f0i heill, <br \/>hj\u00e1lpa m\u00e9r svo a\u00f0 \u00e9g bjargist<br \/>\u00fev\u00ed a\u00f0 \u00fe\u00fa ert lofs\u00f6ngur minn.<br \/> <\/span> <span class=\"ljodatexti\"> <a name=\"15\"><span class=\"versanumer_ljod\">15<\/span><\/a>N\u00fa spyrja menn mig: <br \/>\u201eHvar er or\u00f0 Drottins? N\u00fa \u00e6tti \u00fea\u00f0 a\u00f0 r\u00e6tast.\u201c<br \/> <\/span> <span class=\"ljodatexti\"> <a name=\"16\"><span class=\"versanumer_ljod\">16<\/span><\/a>\u00c9g hef hvorki \u00fer\u00e1be\u00f0i\u00f0 \u00feig um \u00f3g\u00e6fu <br \/>n\u00e9 \u00f3ska\u00f0 eftir \u00f3heilladeginum. <br \/>\u00de\u00fa veist sj\u00e1lfur hva\u00f0 varir m\u00ednar hafa sagt, <br \/>\u00fea\u00f0 liggur lj\u00f3st fyrir augliti \u00fe\u00ednu. <br \/> <\/span> <span class=\"ljodatexti\"> <a name=\"17\"><span class=\"versanumer_ljod\">17<\/span><\/a>Vertu ekki \u00f3gnvaldur minn, <br \/>\u00fe\u00fa sem ert athvarf mitt \u00e1 \u00f3heilladeginum.<br \/> <\/span> <span class=\"ljodatexti\"> <a name=\"18\"><span class=\"versanumer_ljod\">18<\/span><\/a>Ofs\u00e6kjendur m\u00ednir skulu sm\u00e1na\u00f0ir<br \/>en \u00e9g ver\u00f0 ekki sm\u00e1na\u00f0ur,<br \/>\u00feeir skulu skelfast<br \/>en \u00e9g skelfist ekki. <br \/>Sendu \u00f3heilladaginn yfir \u00fe\u00e1, <br \/>brj\u00f3ttu \u00fe\u00e1 ni\u00f0ur,<br \/>brj\u00f3ttu \u00fe\u00e1 ni\u00f0ur enn og aftur. <\/span> <\/p>\n<h3 class=\"millifyrirsogn_2007\">Hv\u00edldardagsbo\u00f0<\/h3>\n<p><a name=\"19\"><span class=\"versanumer_2007\">19<\/span><\/a> Drottinn sag\u00f0i vi\u00f0 mig: Far\u00f0u og taktu \u00fe\u00e9r st\u00f6\u00f0u \u00ed hli\u00f0i, \u00dej\u00f3\u00f0hli\u00f0inu, sem J\u00fadakonungar fara um \u00feegar \u00feeir koma heim e\u00f0a fara \u00ed herna\u00f0, og \u00ed \u00f6llum borgarhli\u00f0um Jer\u00fasalem. <a name=\"20\"><span class=\"versanumer_2007\">20<\/span><\/a> Seg\u00f0u vi\u00f0 borgarb\u00faa: \u201eHl\u00fd\u00f0i\u00f0 \u00e1 or\u00f0 Drottins, J\u00fadakonungar, allir J\u00fadamenn og allir Jer\u00fasalemb\u00faar sem komi\u00f0 inn um \u00feessi hli\u00f0. <a name=\"21\"><span class=\"versanumer_2007\">21<\/span><\/a> Svo segir Drottinn: G\u00e6ti\u00f0 y\u00f0ar, l\u00edf y\u00f0ar liggur vi\u00f0. Beri\u00f0 enga byr\u00f0i \u00e1 hv\u00edldardegi og flytji\u00f0 ekkert inn um hli\u00f0 Jer\u00fasalem. <a name=\"22\"><span class=\"versanumer_2007\">22<\/span><\/a> Beri\u00f0 engar byr\u00f0ar \u00far h\u00fasum y\u00f0ar \u00e1 hv\u00edldardegi og vinni\u00f0 ekkert verk. Haldi\u00f0 hv\u00edldardaginn heilagan eins og \u00e9g bau\u00f0 fe\u00f0rum y\u00f0ar.\u201c<br \/> <a name=\"23\"><span class=\"versanumer_2007\">23<\/span><\/a> En \u00feeir g\u00e1fu engan gaum a\u00f0 \u00fev\u00ed og l\u00f6g\u00f0u ekki vi\u00f0 hlustir heldur \u00feversk\u00f6llu\u00f0ust og vildu hvorki hl\u00fd\u00f0a n\u00e9 l\u00e1ta s\u00e9r segjast.<br \/> <a name=\"24\"><span class=\"versanumer_2007\">24<\/span><\/a> En ef \u00fe\u00e9r hl\u00fd\u00f0i\u00f0 \u00e1 mig me\u00f0 athygli, segir Drottinn, og flytji\u00f0 ekkert inn um hli\u00f0 \u00feessarar borgar \u00e1 hv\u00edldardegi, heldur haldi\u00f0 hann heilagan me\u00f0 \u00fev\u00ed a\u00f0 vinna ekkert verk, <a name=\"25\"><span class=\"versanumer_2007\">25<\/span><\/a> \u00fe\u00e1 munu konungar, sem sitja \u00ed h\u00e1s\u00e6ti Dav\u00ed\u00f0s, koma inn um hli\u00f0 \u00feessarar borgar. \u00deeir koma akandi \u00ed v\u00f6gnum og r\u00ed\u00f0andi \u00e1 hestum, \u00feeir sj\u00e1lfir og hir\u00f0menn \u00feeirra, J\u00fadamenn og Jer\u00fasalemb\u00faar. \u00de\u00e1 ver\u00f0ur \u00feessi borg \u00e6vinlega \u00ed bygg\u00f0. <a name=\"26\"><span class=\"versanumer_2007\">26<\/span><\/a> \u00de\u00e1 munu koma menn fr\u00e1 borgunum \u00ed J\u00fada og \u00far umhverfi Jer\u00fasalem, fr\u00e1 landi Benjam\u00edns og af l\u00e1glendinu, fr\u00e1 fjalllendinu og Su\u00f0urlandinu. \u00deeir munu hafa me\u00f0 s\u00e9r brennif\u00f3rn, sl\u00e1turf\u00f3rn, kornf\u00f3rn og reykelsi og f\u00e6ra a\u00f0 \u00feakkarf\u00f3rn \u00ed h\u00fasi Drottins.<br \/> <a name=\"27\"><span class=\"versanumer_2007\">27<\/span><\/a> En ef \u00fe\u00e9r hl\u00fd\u00f0i\u00f0 ekki \u00e1 bo\u00f0 mitt a\u00f0 halda hv\u00edldardaginn heilagan me\u00f0 \u00fev\u00ed a\u00f0 bera engar byr\u00f0ar um hli\u00f0 Jer\u00fasalem \u00e1 hv\u00edldardegi \u00fe\u00e1 kveiki \u00e9g \u00ed hli\u00f0um Jer\u00fasalem og eldurinn mun gleypa hallir Jer\u00fasalem og ekki ver\u00f0a sl\u00f6kktur. <\/p>\n","protected":false},"excerpt":{"rendered":"<p>J\u00fadam\u00f6nnum refsa\u00f0 1Synd J\u00fadamanna er skr\u00e1\u00f0 me\u00f0 j\u00e1rnpenna,grafin me\u00f0 demantsoddi \u00ed t\u00f6flur hjartna \u00feeirra og \u00e1 altarishorn \u00feeirra 2svo a\u00f0 synir \u00feeirra muni \u00f6lturu \u00feeirra og As\u00e9rust\u00f3lpa undir laufgu\u00f0um trj\u00e1m \u00e1 h\u00e6\u00f0unum, 3\u00ed fj\u00f6llunum \u00e1 h\u00e1lendinu. \u00c9g framsel au\u00f0 \u00feinn og fj\u00e1rsj\u00f3\u00f0i sem herfang, sem endurgjald fyrir allar syndir \u00fe\u00ednar sem \u00fe\u00fa hefur dr\u00fdgt um allt land \u00feitt. 4\u00de\u00fa ver\u00f0ur a\u00f0 l\u00e1ta af hendi erf\u00f0aland \u00feitt sem \u00e9g gaf \u00fe\u00e9r. \u00c9g geri \u00feig a\u00f0 \u00fer\u00e6li fjandmanna \u00feinna \u00ed landi sem \u00fe\u00fa \u00feekkir ekki \u00fev\u00ed a\u00f0 rei\u00f0i m\u00edn hefur blossa\u00f0 upp, h\u00fan brennur \u00e6vinlega. Traust til Gu\u00f0s, ekki manna 5Svo segir <a href=\"https:\/\/biblian.is\/biblian\/jeremia-17-kafli\/\"> [&#8230;]<\/a><\/p>\n","protected":false},"author":1,"featured_media":0,"parent":0,"menu_order":0,"comment_status":"open","ping_status":"open","template":"bibliukaflar_NT.php","meta":{"footnotes":""},"class_list":["post-2379","page","type-page","status-publish","hentry"],"_links":{"self":[{"href":"https:\/\/biblian.is\/biblian\/wp-json\/wp\/v2\/pages\/2379","targetHints":{"allow":["GET"]}}],"collection":[{"href":"https:\/\/biblian.is\/biblian\/wp-json\/wp\/v2\/pages"}],"about":[{"href":"https:\/\/biblian.is\/biblian\/wp-json\/wp\/v2\/types\/page"}],"author":[{"embeddable":true,"href":"https:\/\/biblian.is\/biblian\/wp-json\/wp\/v2\/users\/1"}],"replies":[{"embeddable":true,"href":"https:\/\/biblian.is\/biblian\/wp-json\/wp\/v2\/comments?post=2379"}],"version-history":[{"count":0,"href":"https:\/\/biblian.is\/biblian\/wp-json\/wp\/v2\/pages\/2379\/revisions"}],"wp:attachment":[{"href":"https:\/\/biblian.is\/biblian\/wp-json\/wp\/v2\/media?parent=2379"}],"curies":[{"name":"wp","href":"https:\/\/api.w.org\/{rel}","templated":true}]}}