{"id":2378,"date":"2017-12-30T21:02:57","date_gmt":"2017-12-30T21:02:57","guid":{"rendered":"http:\/\/biblian.is\/biblian\/jerem%c2%92a-16-kafli\/"},"modified":"2024-07-03T12:50:06","modified_gmt":"2024-07-03T12:50:06","slug":"jeremia-16-kafli","status":"publish","type":"page","link":"https:\/\/biblian.is\/biblian\/jeremia-16-kafli\/","title":{"rendered":"Jerem\u00eda 16. kafli"},"content":{"rendered":"<h3 class=\"millifyrirsogn_2007\"> \u00c6vi sp\u00e1mannsins, t\u00e1kn fyrir \u00fej\u00f3\u00f0ina<\/h3>\n<p><a name=\"1\"><span class=\"versanumer_2007\">1<\/span><\/a> Or\u00f0 Drottins kom til m\u00edn: <a name=\"2\"><span class=\"versanumer_2007\">2<\/span><\/a> \u00de\u00fa skalt ekki taka \u00fe\u00e9r eiginkonu og hvorki eignast syni n\u00e9 d\u00e6tur \u00e1 \u00feessum sta\u00f0. <a name=\"3\"><span class=\"versanumer_2007\">3<\/span><\/a> \u00dev\u00ed a\u00f0 svo segir Drottinn um syni og d\u00e6tur sem f\u00e6\u00f0ast h\u00e9r og um m\u00e6\u00f0urnar sem ala \u00feau og fe\u00f0urna sem geta \u00feau \u00ed \u00feessu landi: <a name=\"4\"><span class=\"versanumer_2007\">4<\/span><\/a> \u00deau munu deyja \u00far banv\u00e6num sj\u00fakd\u00f3mum og ver\u00f0a hvorki gr\u00e1tin n\u00e9 grafin. \u00deau munu ver\u00f0a \u00e1bur\u00f0ur fyrir jar\u00f0veginn. \u00deau munu falla fyrir sver\u00f0i og farast \u00far hungri og l\u00edk \u00feeirra ver\u00f0a fuglum himinsins og d\u00fdrum merkurinnar a\u00f0 \u00e6ti. <a name=\"5\"><span class=\"versanumer_2007\">5<\/span><\/a> Svo segir Drottinn: Gakktu ekki inn \u00ed sorgarh\u00fas, taktu ekki \u00fe\u00e1tt \u00ed sorgarath\u00f6fninni og s\u00fdndu enga sam\u00fa\u00f0 \u00fev\u00ed a\u00f0 \u00e9g hef svipt \u00feetta f\u00f3lk fri\u00f0i m\u00ednum, segir Drottinn, k\u00e6rleika og miskunnsemi. <a name=\"6\"><span class=\"versanumer_2007\">6<\/span><\/a> B\u00e6\u00f0i st\u00f3rir og sm\u00e1ir munu deyja \u00ed \u00feessu landi. \u00deeir ver\u00f0a hvorki grafnir n\u00e9 gr\u00e1tnir. Enginn mun rista \u00e1 sig skinnsprettur n\u00e9 raka h\u00f6fu\u00f0 sitt \u00feeirra vegna. <a name=\"7\"><span class=\"versanumer_2007\">7<\/span><\/a> Brau\u00f0 ver\u00f0ur ekki broti\u00f0 fyrir neinn syrgjanda honum til huggunar eftir l\u00e1tinn mann og honum ver\u00f0ur ekki r\u00e9ttur huggunarbikar a\u00f0 drekka af eftir m\u00f3\u00f0ur e\u00f0a f\u00f6\u00f0ur. <a name=\"8\"><span class=\"versanumer_2007\">8<\/span><\/a> \u00de\u00fa m\u00e1tt ekki heldur ganga inn \u00ed h\u00fas, \u00fear sem veisla er haldin, til a\u00f0 setjast me\u00f0 f\u00f3lkinu og eta og drekka. <a name=\"9\"><span class=\"versanumer_2007\">9<\/span><\/a> \u00dev\u00ed a\u00f0 Drottinn hersveitanna, Gu\u00f0 \u00cdsraels, segir: \u00c9g mun \u00feagga ni\u00f0ur \u00f6ll gle\u00f0ihr\u00f3p og fagna\u00f0ar\u00f3p, raddir br\u00fa\u00f0guma og br\u00fa\u00f0ar, h\u00e9r \u00e1 \u00feessum sta\u00f0, fyrir augum y\u00f0ar og \u00e1 y\u00f0ar d\u00f6gum.<br \/> <a name=\"10\"><span class=\"versanumer_2007\">10<\/span><\/a> \u00deegar \u00fe\u00fa kunngj\u00f6rir \u00fej\u00f3\u00f0inni allt \u00feetta mun h\u00fan spyrja \u00feig: \u201eHvers vegna hefur Drottinn h\u00f3ta\u00f0 oss allri \u00feessari \u00f3g\u00e6fu? Hver er sekt vor og hva\u00f0a synd h\u00f6fum v\u00e9r dr\u00fdgt gegn Drottni, Gu\u00f0i vorum?\u201c <a name=\"11\"><span class=\"versanumer_2007\">11<\/span><\/a> \u00de\u00e1 skaltu svara: \u201eAf \u00fev\u00ed a\u00f0 fe\u00f0ur y\u00f0ar yfirg\u00e1fu mig, segir Drottinn. \u00deeir eltu a\u00f0ra gu\u00f0i, \u00fej\u00f3nu\u00f0u \u00feeim og s\u00fdndu \u00feeim lotningu, \u00feeir yfirg\u00e1fu mig og h\u00e9ldu ekki l\u00f6g m\u00edn.\u201c <a name=\"12\"><span class=\"versanumer_2007\">12<\/span><\/a> Sj\u00e1lfir hafi\u00f0 \u00fe\u00e9r breytt enn verr en fe\u00f0ur y\u00f0ar. S\u00e9rhver y\u00f0ar hefur fylgt \u00ferj\u00f3sku s\u00edns illa hjarta \u00ed sta\u00f0 \u00feess a\u00f0 hlusta \u00e1 mig. <a name=\"13\"><span class=\"versanumer_2007\">13<\/span><\/a> \u00deess vegna fleygi \u00e9g y\u00f0ur \u00far \u00feessu landi til lands sem hvorki \u00fe\u00e9r n\u00e9 fe\u00f0ur y\u00f0ar hafi\u00f0 \u00feekkt. \u00dear munu\u00f0 \u00fe\u00e9r \u00fej\u00f3na \u00f6\u00f0rum gu\u00f0um, b\u00e6\u00f0i dag og n\u00f3tt, af \u00fev\u00ed a\u00f0 \u00e9g s\u00fdni y\u00f0ur enga miskunn.<\/p>\n<h3 class=\"millifyrirsogn_2007\">Heimf\u00f6r \u00far \u00fatleg\u00f0<\/h3>\n<p><a name=\"14\"><span class=\"versanumer_2007\">14<\/span><\/a> \u00deeir dagar munu \u00fev\u00ed koma, segir Drottinn, a\u00f0 ekki ver\u00f0ur lengur sagt: \u201eSvo sannarlega sem Drottinn lifir sem leiddi \u00cdsraelsmenn fr\u00e1 Egyptalandi,\u201c <a name=\"15\"><span class=\"versanumer_2007\">15<\/span><\/a> heldur ver\u00f0ur sagt: \u201eSvo sannarlega sem Drottinn lifir sem leiddi \u00cdsraelsmenn fr\u00e1 landinu \u00ed nor\u00f0ri og \u00f6llum \u00f6\u00f0rum l\u00f6ndum sem hann haf\u00f0i hraki\u00f0 \u00fe\u00e1 til.\u201c \u00c9g flyt \u00fe\u00e1 aftur til heimalands s\u00edns sem \u00e9g gaf fe\u00f0rum \u00feeirra.<\/p>\n<h3 class=\"millifyrirsogn_2007\">Syndagj\u00f6ld<\/h3>\n<p><a name=\"16\"><span class=\"versanumer_2007\">16<\/span><\/a> \u00c9g sendi menn eftir m\u00f6rgum fiskim\u00f6nnum, segir Drottinn, \u00feeir eiga a\u00f0 vei\u00f0a \u00fe\u00e1. \u00dev\u00ed n\u00e6st sendi \u00e9g eftir m\u00f6rgum vei\u00f0im\u00f6nnum. \u00deeir eiga a\u00f0 vei\u00f0a \u00fe\u00e1 \u00e1 hverju fjalli og \u00e1 hverri h\u00e6\u00f0 og \u00ed klettaskorunum. <a name=\"17\"><span class=\"versanumer_2007\">17<\/span><\/a> \u00dear sem augu m\u00edn fylgjast me\u00f0 \u00f6llum fer\u00f0um \u00feeirra geta \u00feeir ekki fali\u00f0 sig fyrir m\u00e9r og sekt \u00feeirra ver\u00f0ur ekki dulin fyrir augum m\u00ednum. <a name=\"18\"><span class=\"versanumer_2007\">18<\/span><\/a> Fyrst mun \u00e9g gjalda \u00feeim tv\u00f6falt fyrir sekt \u00feeirra og synd \u00fev\u00ed a\u00f0 \u00feeir hafa vanhelga\u00f0 land mitt me\u00f0 hr\u00e6jum f\u00f3rnard\u00fdra sinna vi\u00f0urstyggilegu gu\u00f0a og fyllt erf\u00f0ahlut minn me\u00f0 andstyggilegum skur\u00f0go\u00f0um s\u00ednum. <\/p>\n<h3 class=\"millifyrirsogn_2007\">Framandi \u00fej\u00f3\u00f0ir sn\u00faa til Drottins<\/h3>\n<p><span class=\"ljodatexti\"> <a name=\"19\"><span class=\"versanumer_ljod\">19<\/span><\/a>Drottinn, styrkur minn og v\u00edgi, <br \/>athvarf mitt \u00e1 degi ney\u00f0arinnar. <br \/>Til \u00fe\u00edn koma \u00fej\u00f3\u00f0irnar <br \/>fr\u00e1 endim\u00f6rkum jar\u00f0ar og segja: <br \/>\u201eArfur fe\u00f0ra vorra var t\u00e1l, <br \/>gu\u00f0ir \u00feeirra vindur sem engum hj\u00e1lpar.\u201c<br \/> <\/span> <span class=\"ljodatexti\"> <a name=\"20\"><span class=\"versanumer_ljod\">20<\/span><\/a>Getur ma\u00f0urinn gert s\u00e9r gu\u00f0i? <br \/>\u00dea\u00f0 v\u00e6ru engir gu\u00f0ir. <br \/> <\/span> <span class=\"ljodatexti\"> <a name=\"21\"><span class=\"versanumer_ljod\">21<\/span><\/a>N\u00fa mun \u00e9g birta \u00feeim <br \/>afl mitt og m\u00e1tt <br \/>og \u00feeir skulu j\u00e1ta a\u00f0 nafn mitt er Drottinn. <\/span> <\/p>\n","protected":false},"excerpt":{"rendered":"<p>\u00c6vi sp\u00e1mannsins, t\u00e1kn fyrir \u00fej\u00f3\u00f0ina 1 Or\u00f0 Drottins kom til m\u00edn: 2 \u00de\u00fa skalt ekki taka \u00fe\u00e9r eiginkonu og hvorki eignast syni n\u00e9 d\u00e6tur \u00e1 \u00feessum sta\u00f0. 3 \u00dev\u00ed a\u00f0 svo segir Drottinn um syni og d\u00e6tur sem f\u00e6\u00f0ast h\u00e9r og um m\u00e6\u00f0urnar sem ala \u00feau og fe\u00f0urna sem geta \u00feau \u00ed \u00feessu landi: 4 \u00deau munu deyja \u00far banv\u00e6num sj\u00fakd\u00f3mum og ver\u00f0a hvorki gr\u00e1tin n\u00e9 grafin. \u00deau munu ver\u00f0a \u00e1bur\u00f0ur fyrir jar\u00f0veginn. \u00deau munu falla fyrir sver\u00f0i og farast \u00far hungri og l\u00edk \u00feeirra ver\u00f0a fuglum himinsins og d\u00fdrum merkurinnar a\u00f0 \u00e6ti. 5 Svo segir Drottinn: Gakktu ekki inn <a href=\"https:\/\/biblian.is\/biblian\/jeremia-16-kafli\/\"> [&#8230;]<\/a><\/p>\n","protected":false},"author":1,"featured_media":0,"parent":0,"menu_order":0,"comment_status":"open","ping_status":"open","template":"bibliukaflar_NT.php","meta":{"footnotes":""},"class_list":["post-2378","page","type-page","status-publish","hentry"],"_links":{"self":[{"href":"https:\/\/biblian.is\/biblian\/wp-json\/wp\/v2\/pages\/2378","targetHints":{"allow":["GET"]}}],"collection":[{"href":"https:\/\/biblian.is\/biblian\/wp-json\/wp\/v2\/pages"}],"about":[{"href":"https:\/\/biblian.is\/biblian\/wp-json\/wp\/v2\/types\/page"}],"author":[{"embeddable":true,"href":"https:\/\/biblian.is\/biblian\/wp-json\/wp\/v2\/users\/1"}],"replies":[{"embeddable":true,"href":"https:\/\/biblian.is\/biblian\/wp-json\/wp\/v2\/comments?post=2378"}],"version-history":[{"count":0,"href":"https:\/\/biblian.is\/biblian\/wp-json\/wp\/v2\/pages\/2378\/revisions"}],"wp:attachment":[{"href":"https:\/\/biblian.is\/biblian\/wp-json\/wp\/v2\/media?parent=2378"}],"curies":[{"name":"wp","href":"https:\/\/api.w.org\/{rel}","templated":true}]}}