{"id":2377,"date":"2017-12-30T21:02:52","date_gmt":"2017-12-30T21:02:52","guid":{"rendered":"http:\/\/biblian.is\/biblian\/jerem%c2%92a-15-kafli\/"},"modified":"2024-07-03T12:50:05","modified_gmt":"2024-07-03T12:50:05","slug":"jeremia-15-kafli","status":"publish","type":"page","link":"https:\/\/biblian.is\/biblian\/jeremia-15-kafli\/","title":{"rendered":"Jerem\u00eda 15. kafli"},"content":{"rendered":"<h3 class=\"millifyrirsogn_2007\"> \u00d3hj\u00e1kv\u00e6mileg hegning<\/h3>\n<p><a name=\"1\"><span class=\"versanumer_2007\">1<\/span><\/a> Drottinn sag\u00f0i vi\u00f0 mig: \u00de\u00f3 a\u00f0 M\u00f3se og Sam\u00fael st\u00e6\u00f0u fyrir augliti m\u00ednu vildi \u00e9g ekki skipta m\u00e9r af \u00feessu f\u00f3lki. Rektu \u00fe\u00e1 fr\u00e1 augliti m\u00ednu, \u00feeir eiga a\u00f0 fara burt. <a name=\"2\"><span class=\"versanumer_2007\">2<\/span><\/a> Ef \u00feeir \u00fe\u00e1 spyrja: Hvert eigum v\u00e9r a\u00f0 fara? skaltu svara \u00feeim:<br \/> <span class=\"ljodatexti\"> Svo segir Drottinn: <br \/>Til dau\u00f0a s\u00e1 sem dau\u00f0a er \u00e6tla\u00f0ur,<br \/>til sver\u00f0s s\u00e1 sem sver\u00f0i er \u00e6tla\u00f0ur, <br \/>til hungurs s\u00e1 sem hungri er \u00e6tla\u00f0ur, <br \/>til \u00fatleg\u00f0ar s\u00e1 sem \u00fatleg\u00f0 er \u00e6tla\u00f0ur. <\/span> <br \/> <a name=\"3\"><span class=\"versanumer_2007\">3<\/span><\/a> \u00c9g sendi ferns konar refsingu yfir \u00fe\u00e1, segir Drottinn: sver\u00f0 til a\u00f0 drepa \u00fe\u00e1, hunda til a\u00f0 draga \u00fe\u00e1 burtu, fugla himinsins og d\u00fdr merkurinnar til a\u00f0 \u00e9ta \u00fe\u00e1 upp og ey\u00f0a \u00feeim. <a name=\"4\"><span class=\"versanumer_2007\">4<\/span><\/a> \u00c9g l\u00e6t \u00f6ll konungsr\u00edki jar\u00f0ar hrylla vi\u00f0 \u00feeim vegna \u00feess sem Manasse Hisk\u00edason J\u00fadakonungur ger\u00f0i \u00ed Jer\u00fasalem.<br \/> <span class=\"ljodatexti\"> <a name=\"5\"><span class=\"versanumer_ljod\">5<\/span><\/a>Hver vorkennir \u00fe\u00e9r, Jer\u00fasalem, <br \/>hver hefur sam\u00fa\u00f0 me\u00f0 \u00fe\u00e9r? <br \/>Hver staldrar vi\u00f0 <br \/>til a\u00f0 spyrja um l\u00ed\u00f0an \u00fe\u00edna?<br \/> <\/span> <span class=\"ljodatexti\"> <a name=\"6\"><span class=\"versanumer_ljod\">6<\/span><\/a>\u00de\u00fa hafna\u00f0ir m\u00e9r, segir Drottinn,<br \/>\u00fe\u00fa snerir baki vi\u00f0 m\u00e9r, <br \/>\u00feess vegna reiddi \u00e9g h\u00f6nd m\u00edna gegn \u00fe\u00e9r. <br \/>\u00c9g er \u00fereyttur \u00e1 a\u00f0 s\u00fdna miskunn.<br \/> <\/span> <span class=\"ljodatexti\"> <a name=\"7\"><span class=\"versanumer_ljod\">7<\/span><\/a>\u00c9g s\u00e1ldra\u00f0i \u00feeim me\u00f0 varpsk\u00f3flu <br \/>\u00ed borgum landsins, <br \/>ger\u00f0i \u00fej\u00f3\u00f0 m\u00edna barnlausa, eyddi henni <br \/>\u00fear sem h\u00fan breytti ekki h\u00e1ttum s\u00ednum.<br \/> <\/span> <span class=\"ljodatexti\"> <a name=\"8\"><span class=\"versanumer_ljod\">8<\/span><\/a>Ekkjur \u00feessarar \u00fej\u00f3\u00f0ar ur\u00f0u fleiri <br \/>en sandkorn \u00e1 sj\u00e1varstr\u00f6nd, <br \/>um h\u00e1degisbil sendi \u00e9g ey\u00f0anda <br \/>gegn m\u00e6\u00f0rum unglinganna, <br \/>l\u00e9t \u00f3gn og skelfingu steypast yfir \u00fe\u00e6r \u00f3vi\u00f0b\u00fai\u00f0.<br \/> <\/span> <span class=\"ljodatexti\"> <a name=\"9\"><span class=\"versanumer_ljod\">9<\/span><\/a>Sj\u00f6 barna m\u00f3\u00f0ir f\u00e9ll \u00ed \u00f6ngvit, <br \/>l\u00edf hennar fjara\u00f0i \u00fat. <br \/>S\u00f3l hennar gekk til vi\u00f0ar um h\u00e1bjartan dag, <br \/>h\u00fan var h\u00f6f\u00f0 a\u00f0 h\u00e1\u00f0i og spotti. <br \/>\u00de\u00e1 sem eftir voru ofurseldi \u00e9g sver\u00f0inu <br \/>frammi fyrir fjandm\u00f6nnum \u00feeirra, segir Drottinn. <\/span> <\/p>\n<h3 class=\"millifyrirsogn_2007\">Harmlj\u00f3\u00f0 sp\u00e1mannsins<\/h3>\n<p><span class=\"ljodatexti\"> <a name=\"10\"><span class=\"versanumer_ljod\">10<\/span><\/a>Vei m\u00e9r, m\u00f3\u00f0ir, a\u00f0 \u00fe\u00fa f\u00e6ddir mig, <br \/>mann sem \u00e1 \u00ed m\u00e1laferlum og deilum vi\u00f0 alla landsmenn. <br \/>\u00c9g hef engum l\u00e1na\u00f0 og enginn hefur l\u00e1na\u00f0 m\u00e9r, <br \/>samt form\u00e6la m\u00e9r allir.<br \/> <\/span> <span class=\"ljodatexti\"> <a name=\"11\"><span class=\"versanumer_ljod\">11<\/span><\/a>Sannarlega hef \u00e9g \u00fej\u00f3na\u00f0 \u00fe\u00e9r, Drottinn, me\u00f0 gott \u00ed huga, <br \/>\u00e9g hef be\u00f0i\u00f0 fyrir fjandmanni m\u00ednum <br \/>\u00feegar hann hefur \u00feola\u00f0 b\u00f6l og ney\u00f0.<br \/> <\/span> <span class=\"ljodatexti\"> <a name=\"12\"><span class=\"versanumer_ljod\">12<\/span><\/a>Ver\u00f0ur j\u00e1rn m\u00f6lbroti\u00f0, j\u00e1rn a\u00f0 nor\u00f0an, og eir?<br \/> <\/span> <span class=\"ljodatexti\"> <a name=\"13\"><span class=\"versanumer_ljod\">13<\/span><\/a>\u00c9g framsel au\u00f0 \u00feinn og fj\u00e1rsj\u00f3\u00f0i sem herfang, <br \/>\u00fea\u00f0 er endurgjald fyrir allar syndir \u00fe\u00ednar <br \/>sem \u00fe\u00fa hefur dr\u00fdgt um allt land \u00feitt.<br \/> <\/span> <span class=\"ljodatexti\"> <a name=\"14\"><span class=\"versanumer_ljod\">14<\/span><\/a>\u00c9g geri \u00feig a\u00f0 \u00fer\u00e6li fjandmanna \u00feinna, <br \/>\u00ed landi sem \u00fe\u00fa \u00feekkir ekki, <br \/>\u00fev\u00ed a\u00f0 rei\u00f0i m\u00edn hefur blossa\u00f0 upp, <br \/>h\u00fan brennur gegn y\u00f0ur.<br \/> <\/span> <span class=\"ljodatexti\"> <a name=\"15\"><span class=\"versanumer_ljod\">15<\/span><\/a>\u00de\u00fa veist \u00fea\u00f0, Drottinn, <br \/>minnstu m\u00edn og taktu mig a\u00f0 \u00fe\u00e9r.<br \/>Hefndu m\u00edn \u00e1 \u00feeim sem ofs\u00e6kja mig.<br \/>Sviptu m\u00e9r ekki \u00ed burtu vegna langlundarge\u00f0s \u00fe\u00edns,<br \/>j\u00e1ta\u00f0u a\u00f0 \u00e9g \u00feoli sm\u00e1n \u00fe\u00edn vegna.<br \/> <\/span> <span class=\"ljodatexti\"> <a name=\"16\"><span class=\"versanumer_ljod\">16<\/span><\/a>\u00deegar or\u00f0 \u00fe\u00edn komu gleypti \u00e9g \u00feau, <br \/>or\u00f0 \u00fe\u00edn ur\u00f0u gle\u00f0i m\u00edn. <br \/>Hjarta mitt fagna\u00f0i <br \/>\u00fev\u00ed a\u00f0 \u00e9g er kenndur vi\u00f0 \u00feig, <br \/>Drottinn, Gu\u00f0 hersveitanna.<br \/> <\/span> <span class=\"ljodatexti\"> <a name=\"17\"><span class=\"versanumer_ljod\">17<\/span><\/a>\u00c9g sit ekki og gle\u00f0st \u00ed h\u00f3pi \u00feeirra sem fagna. <br \/>\u00c9g sit einn \u00fev\u00ed a\u00f0 h\u00f6nd \u00fe\u00edn hv\u00edlir \u00feungt \u00e1 m\u00e9r<br \/>og \u00fe\u00fa hefur fyllt mig rei\u00f0i \u00feinni.<br \/> <\/span> <span class=\"ljodatexti\"> <a name=\"18\"><span class=\"versanumer_ljod\">18<\/span><\/a>Hvers vegna er \u00fej\u00e1ning m\u00edn \u00e6varandi, <br \/>s\u00e1r mitt svo illkynja\u00f0 <br \/>a\u00f0 ekki ver\u00f0ur gr\u00e6tt? <br \/>\u00de\u00fa ert or\u00f0inn eins og vatnslaus farvegur, <br \/>svikult vatnsb\u00f3l. <br \/> <\/span> <span class=\"ljodatexti\"> <a name=\"19\"><span class=\"versanumer_ljod\">19<\/span><\/a>\u00deess vegna segir Drottinn:<br \/>Viljir \u00fe\u00fa sn\u00faa vi\u00f0 sn\u00fd \u00e9g \u00fe\u00e9r <br \/>svo a\u00f0 \u00fe\u00fa getir aftur \u00fej\u00f3na\u00f0 m\u00e9r. <br \/>Ef \u00fe\u00fa talar \u00feungv\u00e6g or\u00f0 en ekki l\u00e9ttv\u00e6g <br \/>skaltu vera munnur minn. <br \/>\u00de\u00e1 leita menn til \u00fe\u00edn <br \/>en \u00fe\u00fa m\u00e1tt ekki leita til \u00feeirra.<br \/> <\/span> <span class=\"ljodatexti\"> <a name=\"20\"><span class=\"versanumer_ljod\">20<\/span><\/a>\u00c9g geri \u00feig a\u00f0 rammbygg\u00f0um eirvegg <br \/>til a\u00f0 verjast \u00feessu f\u00f3lki. <br \/>\u00deeir munu r\u00e1\u00f0ast \u00e1 \u00feig en ekki sigra \u00feig <br \/>\u00fev\u00ed a\u00f0 \u00e9g er me\u00f0 \u00fe\u00e9r, <br \/>\u00e9g hj\u00e1lpa \u00fe\u00e9r og frelsa \u00feig, segir Drottinn.<br \/> <\/span> <span class=\"ljodatexti\"> <a name=\"21\"><span class=\"versanumer_ljod\">21<\/span><\/a>\u00c9g bjarga \u00fe\u00e9r \u00far h\u00f6ndum vondra manna <br \/>og frelsa \u00feig \u00far greipum ofbeldismanna. <\/span> <\/p>\n","protected":false},"excerpt":{"rendered":"<p>\u00d3hj\u00e1kv\u00e6mileg hegning 1 Drottinn sag\u00f0i vi\u00f0 mig: \u00de\u00f3 a\u00f0 M\u00f3se og Sam\u00fael st\u00e6\u00f0u fyrir augliti m\u00ednu vildi \u00e9g ekki skipta m\u00e9r af \u00feessu f\u00f3lki. Rektu \u00fe\u00e1 fr\u00e1 augliti m\u00ednu, \u00feeir eiga a\u00f0 fara burt. 2 Ef \u00feeir \u00fe\u00e1 spyrja: Hvert eigum v\u00e9r a\u00f0 fara? skaltu svara \u00feeim: Svo segir Drottinn: Til dau\u00f0a s\u00e1 sem dau\u00f0a er \u00e6tla\u00f0ur,til sver\u00f0s s\u00e1 sem sver\u00f0i er \u00e6tla\u00f0ur, til hungurs s\u00e1 sem hungri er \u00e6tla\u00f0ur, til \u00fatleg\u00f0ar s\u00e1 sem \u00fatleg\u00f0 er \u00e6tla\u00f0ur. 3 \u00c9g sendi ferns konar refsingu yfir \u00fe\u00e1, segir Drottinn: sver\u00f0 til a\u00f0 drepa \u00fe\u00e1, hunda til a\u00f0 draga \u00fe\u00e1 burtu, fugla himinsins <a href=\"https:\/\/biblian.is\/biblian\/jeremia-15-kafli\/\"> [&#8230;]<\/a><\/p>\n","protected":false},"author":1,"featured_media":0,"parent":0,"menu_order":0,"comment_status":"open","ping_status":"open","template":"bibliukaflar_NT.php","meta":{"footnotes":""},"class_list":["post-2377","page","type-page","status-publish","hentry"],"_links":{"self":[{"href":"https:\/\/biblian.is\/biblian\/wp-json\/wp\/v2\/pages\/2377","targetHints":{"allow":["GET"]}}],"collection":[{"href":"https:\/\/biblian.is\/biblian\/wp-json\/wp\/v2\/pages"}],"about":[{"href":"https:\/\/biblian.is\/biblian\/wp-json\/wp\/v2\/types\/page"}],"author":[{"embeddable":true,"href":"https:\/\/biblian.is\/biblian\/wp-json\/wp\/v2\/users\/1"}],"replies":[{"embeddable":true,"href":"https:\/\/biblian.is\/biblian\/wp-json\/wp\/v2\/comments?post=2377"}],"version-history":[{"count":0,"href":"https:\/\/biblian.is\/biblian\/wp-json\/wp\/v2\/pages\/2377\/revisions"}],"wp:attachment":[{"href":"https:\/\/biblian.is\/biblian\/wp-json\/wp\/v2\/media?parent=2377"}],"curies":[{"name":"wp","href":"https:\/\/api.w.org\/{rel}","templated":true}]}}