{"id":2376,"date":"2017-12-30T21:02:52","date_gmt":"2017-12-30T21:02:52","guid":{"rendered":"http:\/\/biblian.is\/biblian\/jerem%c2%92a-14-kafli\/"},"modified":"2024-07-03T12:50:05","modified_gmt":"2024-07-03T12:50:05","slug":"jeremia-14-kafli","status":"publish","type":"page","link":"https:\/\/biblian.is\/biblian\/jeremia-14-kafli\/","title":{"rendered":"Jerem\u00eda 14. kafli"},"content":{"rendered":"<h3 class=\"millifyrirsogn_2007\"> \u00deurrkurinn mikli<\/h3>\n<p><span class=\"ljodatexti\"> <a name=\"1\"><span class=\"versanumer_ljod\">1<\/span><\/a>Or\u00f0 Drottins, sem kom til Jerem\u00eda, um \u00feurrkinn mikla.<br \/> <\/span> <span class=\"ljodatexti\"> <a name=\"2\"><span class=\"versanumer_ljod\">2<\/span><\/a>J\u00fada skr\u00e6lnar af \u00feurrki, <br \/>borgir hennar hr\u00f6rna, <br \/>\u00edb\u00faarnir syrgja, beyg\u00f0ir til jar\u00f0ar, <br \/>harmakvein st\u00edgur upp fr\u00e1 Jer\u00fasalem.<br \/> <\/span> <span class=\"ljodatexti\"> <a name=\"3\"><span class=\"versanumer_ljod\">3<\/span><\/a>H\u00f6f\u00f0ingjarnir senda \u00fej\u00f3na s\u00edna eftir vatni. <br \/>\u00deegar \u00feeir koma a\u00f0 brunnunum <br \/>finna \u00feeir ekkert vatn. <br \/>\u00deeir sn\u00faa heim me\u00f0 t\u00f3mar krukkur, <br \/>vonsviknir og sk\u00f6mmustulegir og hylja h\u00f6fu\u00f0 s\u00edn.<br \/> <\/span> <span class=\"ljodatexti\"> <a name=\"4\"><span class=\"versanumer_ljod\">4<\/span><\/a>Jar\u00f0vegurinn er sprunginn <br \/>\u00fev\u00ed a\u00f0 ekkert hefur rignt \u00ed landinu. <br \/>B\u00e6ndurnir eru \u00fev\u00ed vonsviknir, \u00feeir hylja h\u00f6fu\u00f0 sitt.<br \/> <\/span> <span class=\"ljodatexti\"> <a name=\"5\"><span class=\"versanumer_ljod\">5<\/span><\/a>Jafnvel hindin \u00ed haganum <br \/>yfirgefur n\u00fdborinn k\u00e1lf <br \/>\u00fev\u00ed a\u00f0 hvergi s\u00e9st stingandi str\u00e1.<br \/> <\/span> <span class=\"ljodatexti\"> <a name=\"6\"><span class=\"versanumer_ljod\">6<\/span><\/a>Villiasnarnir standa \u00e1 n\u00f6ktum h\u00e6\u00f0um, <br \/>\u00feeir gr\u00edpa andann \u00e1 lofti eins og sjakalar, <br \/>augu \u00feeirra daprast <br \/>\u00fev\u00ed a\u00f0 hvergi er beit a\u00f0 hafa.<br \/> <\/span> <span class=\"ljodatexti\"> <a name=\"7\"><span class=\"versanumer_ljod\">7<\/span><\/a>\u00de\u00f3 a\u00f0 syndir vorar vitni gegn oss, <br \/>l\u00e1ttu samt til \u00fe\u00edn taka vegna nafns \u00fe\u00edns, Drottinn.<br \/>Svik vor eru margv\u00edsleg, <br \/>v\u00e9r h\u00f6fum syndga\u00f0 gegn \u00fe\u00e9r.<br \/> <\/span> <span class=\"ljodatexti\"> <a name=\"8\"><span class=\"versanumer_ljod\">8<\/span><\/a>\u00de\u00fa, von \u00cdsraels, <br \/>frelsari hans \u00e1 ney\u00f0art\u00edmum. <br \/>Hvers vegna ertu eins og a\u00f0komuma\u00f0ur \u00ed landinu, <br \/>eins og fer\u00f0ama\u00f0ur sem tjaldar til einnar n\u00e6tur?<br \/> <\/span> <span class=\"ljodatexti\"> <a name=\"9\"><span class=\"versanumer_ljod\">9<\/span><\/a>Hvers vegna ertu eins og rugla\u00f0ur ma\u00f0ur, <br \/>eins og herma\u00f0ur sem ekki getur sigra\u00f0? <br \/>\u00de\u00fa ert \u00fe\u00f3 sj\u00e1lfur \u00e1 me\u00f0al vor, <br \/>Drottinn, v\u00e9r erum kenndir vi\u00f0 \u00feig, <span class=\"nedan_mal\" title=\" Or\u00f0r\u00e9tt: Nafn \u00feitt hefur veri\u00f0 hr\u00f3pa\u00f0 yfir oss, \u00fe.e. v\u00e9r erum \u00fe\u00edn eign.\">[<\/span> <br \/>yfirgef oss ekki. <\/span> <br \/> <a name=\"10\"><span class=\"versanumer_2007\">10<\/span><\/a> Svo segir Drottinn um \u00feessa \u00fej\u00f3\u00f0: \u00deeir hafa gaman af a\u00f0 eigra um stefnulaust, \u00feeir hv\u00edla ekki f\u00e6turna. En Drottinn gle\u00f0st ekki yfir \u00feeim, n\u00fa minnist hann sektar \u00feeirra og dregur \u00fe\u00e1 til \u00e1byrg\u00f0ar fyrir synd \u00feeirra.<br \/> <a name=\"11\"><span class=\"versanumer_2007\">11<\/span><\/a> Drottinn sag\u00f0i enn fremur vi\u00f0 mig: Ekki bi\u00f0ja um a\u00f0 \u00feessu f\u00f3lki farnist vel. <a name=\"12\"><span class=\"versanumer_2007\">12<\/span><\/a> \u00deegar \u00feeir fasta hlusta \u00e9g ekki \u00e1 kvein \u00feeirra. \u00deegar \u00feeir f\u00e6ra brennif\u00f3rn e\u00f0a kornf\u00f3rn gle\u00f0st \u00e9g ekki yfir \u00feeim. \u00c9g mun gerey\u00f0a \u00feeim me\u00f0 sver\u00f0i, hungri og dreps\u00f3tt.<br \/> <a name=\"13\"><span class=\"versanumer_2007\">13<\/span><\/a> \u00de\u00e1 sag\u00f0i \u00e9g: \u00c6, herra Drottinn! Sp\u00e1mennirnir segja vi\u00f0 \u00fe\u00e1: \u00de\u00e9r munu\u00f0 ekki sj\u00e1 sver\u00f0 og ekkert hungur ste\u00f0jar a\u00f0 \u00fev\u00ed a\u00f0 \u00e9g mun veita y\u00f0ur varanlega heill \u00e1 \u00feessum sta\u00f0.<br \/> <a name=\"14\"><span class=\"versanumer_2007\">14<\/span><\/a> En Drottinn svara\u00f0i m\u00e9r: Sp\u00e1mennirnir bo\u00f0a lygi \u00ed m\u00ednu nafni. \u00c9g hef hvorki sent \u00fe\u00e1, gefi\u00f0 \u00feeim fyrirm\u00e6li n\u00e9 tala\u00f0 til \u00feeirra. Upplognar s\u00fdnir, f\u00e1n\u00fdtar sp\u00e1sagnir og eigin uppspuna bo\u00f0a \u00feeir y\u00f0ur. <a name=\"15\"><span class=\"versanumer_2007\">15<\/span><\/a> \u00deess vegna m\u00e6lir Drottinn svo gegn sp\u00e1m\u00f6nnunum sem flytja bo\u00f0 \u00ed m\u00ednu nafni \u00e1n \u00feess a\u00f0 \u00e9g hafi sent \u00fe\u00e1 og segja a\u00f0 hvorki sver\u00f0 n\u00e9 hungur muni ganga yfir \u00feetta land: \u00deessir sp\u00e1menn munu falla fyrir sver\u00f0i og deyja \u00far hungri. <a name=\"16\"><span class=\"versanumer_2007\">16<\/span><\/a> En m\u00f6nnunum, sem \u00feeir fluttu \u00feessi bo\u00f0, ver\u00f0ur fleygt \u00e1 g\u00f6turnar \u00ed Jer\u00fasalem. \u00deeir munu falla \u00far hungri og fyrir sver\u00f0i. Enginn mun grafa \u00fe\u00e1, hvorki \u00fe\u00e1 sj\u00e1lfa n\u00e9 konur \u00feeirra, syni \u00feeirra n\u00e9 d\u00e6tur. \u00deannig mun \u00e9g \u00fathella yfir \u00fe\u00e1 \u00feeirri \u00f3g\u00e6fu sem \u00feeir ver\u00f0skulda.<br \/> <span class=\"ljodatexti\"> <a name=\"17\"><span class=\"versanumer_ljod\">17<\/span><\/a>Tala \u00feessi or\u00f0 til \u00feeirra: <br \/>Augu m\u00edn fl\u00f3a \u00ed t\u00e1rum <br \/>dag og n\u00f3tt, \u00e1n afl\u00e1ts, <br \/>\u00fev\u00ed a\u00f0 m\u00e6rin, d\u00f3ttir \u00fej\u00f3\u00f0ar minnar, <br \/>er beinbrotin og limlest, <br \/>s\u00e6r\u00f0 banv\u00e6nu s\u00e1ri.<br \/> <\/span> <span class=\"ljodatexti\"> <a name=\"18\"><span class=\"versanumer_ljod\">18<\/span><\/a>Gangi \u00e9g \u00fat \u00e1 v\u00ed\u00f0an vang <br \/>sj\u00e1st \u00fear menn sem reknir hafa veri\u00f0 \u00ed gegn me\u00f0 sver\u00f0i. <br \/>Gangi \u00e9g inn \u00ed borgina <br \/>sj\u00e1st \u00fear menn m\u00e1ttvana af hungri. <br \/>Jafnvel sp\u00e1ma\u00f0ur og prestur <br \/>hrekjast til lands sem \u00feeir \u00feekkja ekki.<br \/> <\/span> <span class=\"ljodatexti\"> <a name=\"19\"><span class=\"versanumer_ljod\">19<\/span><\/a>Hefur \u00fe\u00fa hafna\u00f0 J\u00fada algj\u00f6rlega? <br \/>Hefur \u00fe\u00fa fengi\u00f0 andstygg\u00f0 \u00e1 S\u00edon? <br \/>Hvers vegna hefur \u00fe\u00fa s\u00e6rt oss s\u00e1ri <br \/>sem ekki ver\u00f0ur gr\u00e6tt? <br \/>V\u00e9r v\u00e6ntum fars\u00e6ldar en ekkert gott kom, <br \/>t\u00edma endurreisnar en l\u00edti\u00f0 \u00e1: a\u00f0eins skelfing!<br \/> <\/span> <span class=\"ljodatexti\"> <a name=\"20\"><span class=\"versanumer_ljod\">20<\/span><\/a>Drottinn, v\u00e9r j\u00e1tum afbrot vor, <br \/>sekt fe\u00f0ra vorra, <br \/>v\u00e9r h\u00f6fum syndga\u00f0 gegn \u00fe\u00e9r.<br \/> <\/span> <span class=\"ljodatexti\"> <a name=\"21\"><span class=\"versanumer_ljod\">21<\/span><\/a>Afneita\u00f0u ekki, sm\u00e1na\u00f0u ekki h\u00e1s\u00e6ti d\u00fdr\u00f0ar \u00feinnar<br \/>vegna nafns \u00fe\u00edns. <br \/>Minnstu s\u00e1ttm\u00e1lans vi\u00f0 oss, <br \/>rj\u00faf\u00f0u hann ekki.<br \/> <\/span> <span class=\"ljodatexti\"> <a name=\"22\"><span class=\"versanumer_ljod\">22<\/span><\/a> Geta f\u00e1n\u00fdt go\u00f0 framandi \u00fej\u00f3\u00f0a gefi\u00f0 regn? <br \/>E\u00f0a sendir himinninn regnsk\u00farir a\u00f0 eigin frumkv\u00e6\u00f0i? <br \/>Ert \u00fea\u00f0 ekki \u00fe\u00fa, Drottinn, Gu\u00f0 vor? <br \/>V\u00e9r vonum \u00e1 \u00feig <br \/>\u00fev\u00ed a\u00f0 \u00fe\u00fa hefur gert \u00feetta allt. <\/span> <\/p>\n","protected":false},"excerpt":{"rendered":"<p>\u00deurrkurinn mikli 1Or\u00f0 Drottins, sem kom til Jerem\u00eda, um \u00feurrkinn mikla. 2J\u00fada skr\u00e6lnar af \u00feurrki, borgir hennar hr\u00f6rna, \u00edb\u00faarnir syrgja, beyg\u00f0ir til jar\u00f0ar, harmakvein st\u00edgur upp fr\u00e1 Jer\u00fasalem. 3H\u00f6f\u00f0ingjarnir senda \u00fej\u00f3na s\u00edna eftir vatni. \u00deegar \u00feeir koma a\u00f0 brunnunum finna \u00feeir ekkert vatn. \u00deeir sn\u00faa heim me\u00f0 t\u00f3mar krukkur, vonsviknir og sk\u00f6mmustulegir og hylja h\u00f6fu\u00f0 s\u00edn. 4Jar\u00f0vegurinn er sprunginn \u00fev\u00ed a\u00f0 ekkert hefur rignt \u00ed landinu. B\u00e6ndurnir eru \u00fev\u00ed vonsviknir, \u00feeir hylja h\u00f6fu\u00f0 sitt. 5Jafnvel hindin \u00ed haganum yfirgefur n\u00fdborinn k\u00e1lf \u00fev\u00ed a\u00f0 hvergi s\u00e9st stingandi str\u00e1. 6Villiasnarnir standa \u00e1 n\u00f6ktum h\u00e6\u00f0um, \u00feeir gr\u00edpa andann \u00e1 lofti eins og sjakalar, <a href=\"https:\/\/biblian.is\/biblian\/jeremia-14-kafli\/\"> [&#8230;]<\/a><\/p>\n","protected":false},"author":1,"featured_media":0,"parent":0,"menu_order":0,"comment_status":"open","ping_status":"open","template":"bibliukaflar_NT.php","meta":{"footnotes":""},"class_list":["post-2376","page","type-page","status-publish","hentry"],"_links":{"self":[{"href":"https:\/\/biblian.is\/biblian\/wp-json\/wp\/v2\/pages\/2376","targetHints":{"allow":["GET"]}}],"collection":[{"href":"https:\/\/biblian.is\/biblian\/wp-json\/wp\/v2\/pages"}],"about":[{"href":"https:\/\/biblian.is\/biblian\/wp-json\/wp\/v2\/types\/page"}],"author":[{"embeddable":true,"href":"https:\/\/biblian.is\/biblian\/wp-json\/wp\/v2\/users\/1"}],"replies":[{"embeddable":true,"href":"https:\/\/biblian.is\/biblian\/wp-json\/wp\/v2\/comments?post=2376"}],"version-history":[{"count":0,"href":"https:\/\/biblian.is\/biblian\/wp-json\/wp\/v2\/pages\/2376\/revisions"}],"wp:attachment":[{"href":"https:\/\/biblian.is\/biblian\/wp-json\/wp\/v2\/media?parent=2376"}],"curies":[{"name":"wp","href":"https:\/\/api.w.org\/{rel}","templated":true}]}}