{"id":2374,"date":"2017-12-30T21:02:52","date_gmt":"2017-12-30T21:02:52","guid":{"rendered":"http:\/\/biblian.is\/biblian\/jerem%c2%92a-12-kafli\/"},"modified":"2024-07-03T12:50:05","modified_gmt":"2024-07-03T12:50:05","slug":"jeremia-12-kafli","status":"publish","type":"page","link":"https:\/\/biblian.is\/biblian\/jeremia-12-kafli\/","title":{"rendered":"Jerem\u00eda 12. kafli"},"content":{"rendered":"<p><span class=\"ljodatexti\"> <a name=\"1\"><span class=\"versanumer_ljod\">1<\/span><\/a>\u00de\u00fa ert r\u00e9ttl\u00e1tur, Drottinn, \u00feegar \u00e9g deili vi\u00f0 \u00feig, <br \/>samt vil \u00e9g r\u00e6\u00f0a vi\u00f0 \u00feig um d\u00f3ma \u00fe\u00edna. <br \/>Hvers vegna nj\u00f3ta rangl\u00e1tir velgengni, <br \/>af hverju lifa svikarar \u00f3hultir?<br \/> <\/span> <span class=\"ljodatexti\"> <a name=\"2\"><span class=\"versanumer_ljod\">2<\/span><\/a>\u00de\u00fa gr\u00f3\u00f0ursettir \u00fe\u00e1 og \u00feeir skj\u00f3ta r\u00f3tum, <br \/>dafna og bera \u00e1v\u00f6xt. <br \/>\u00de\u00fa ert n\u00e1l\u00e6gur v\u00f6rum \u00feeirra<br \/>en fjarl\u00e6gur huga \u00feeirra. <span class=\"nedan_mal\" title=\" Or\u00f0r\u00e9tt: n\u00fdrum \u00feeirra. Merkir einnig samviska. \">[<\/span> <br \/> <\/span> <span class=\"ljodatexti\"> <a name=\"3\"><span class=\"versanumer_ljod\">3<\/span><\/a>Drottinn, \u00fe\u00fa \u00feekkir mig og s\u00e9r\u00f0 mig, <br \/>\u00fe\u00fa hefur rannsaka\u00f0 hjarta mitt. <br \/>Flokka\u00f0u \u00fe\u00e1 eins og f\u00e9 til sl\u00e1trunar, <br \/>helga\u00f0u \u00fe\u00e1 aft\u00f6kudeginum. <br \/> <\/span> <span class=\"ljodatexti\"> <a name=\"4\"><span class=\"versanumer_ljod\">4<\/span><\/a>Hve lengi \u00e1 landi\u00f0 a\u00f0 syrgja <br \/>og allar jurtir merkurinnar a\u00f0 skr\u00e6lna? <br \/>B\u00faf\u00e9 og fuglar farast <br \/>vegna illsku landsb\u00faa <br \/>\u00fev\u00ed a\u00f0 \u00feeir hugsa: \u201eHann s\u00e9r ekki afdrif vor.\u201c<br \/> <\/span> <span class=\"ljodatexti\"> <a name=\"5\"><span class=\"versanumer_ljod\">5<\/span><\/a>Ef \u00fe\u00fa m\u00e6\u00f0ist af kapphlaupi vi\u00f0 f\u00f3tgangandi menn,<br \/>hvernig \u00e6tlar\u00f0u \u00fe\u00e1 a\u00f0 keppa vi\u00f0 hesta? <br \/>Ef \u00fe\u00fa ert a\u00f0eins \u00f6ruggur um \u00feig \u00ed fri\u00f0u\u00f0u landi, <br \/>hvernig \u00e6tlar\u00f0u \u00fe\u00e1 a\u00f0 komast af \u00ed kjarrinu vi\u00f0 J\u00f3rdan?<br \/> <\/span> <span class=\"ljodatexti\"> <a name=\"6\"><span class=\"versanumer_ljod\">6<\/span><\/a>Jafnvel br\u00e6\u00f0ur \u00fe\u00ednir og fj\u00f6lskylda breg\u00f0ast \u00fe\u00e9r, <br \/>\u00feeir kalla \u00e1 eftir \u00fe\u00e9r fullum h\u00e1lsi. <br \/>Treystu \u00feeim ekki \u00fe\u00f3tt \u00feeir tali hl\u00fdlega vi\u00f0 \u00feig. <\/span> <\/p>\n<h3 class=\"millifyrirsogn_2007\">Harmur Gu\u00f0s yfir arfleif\u00f0 sinni<\/h3>\n<p><span class=\"ljodatexti\"> <a name=\"7\"><span class=\"versanumer_ljod\">7<\/span><\/a>\u00c9g hef yfirgefi\u00f0 h\u00fas mitt, <br \/>\u00e9g hef hafna\u00f0 erf\u00f0ahlut m\u00ednum, <br \/>\u00e9g hef ofurselt \u00e1stvin minn fjandm\u00f6nnum s\u00ednum.<br \/> <\/span> <span class=\"ljodatexti\"> <a name=\"8\"><span class=\"versanumer_ljod\">8<\/span><\/a>Arfleif\u00f0 m\u00edn er or\u00f0in eins og lj\u00f3n \u00ed sk\u00f3gi, <br \/>h\u00fan \u00f6skrar gegn m\u00e9r, <br \/>\u00feess vegna hafna \u00e9g henni.<br \/> <\/span> <span class=\"ljodatexti\"> <a name=\"9\"><span class=\"versanumer_ljod\">9<\/span><\/a>Er arfleif\u00f0 m\u00edn or\u00f0in a\u00f0 skrautlegum r\u00e1nfugli <br \/>sem umkringdur er \u00f6\u00f0rum r\u00e1nfuglum? <br \/>Komi\u00f0, safnist hinga\u00f0, \u00f6ll villt d\u00fdr, komi\u00f0 og \u00e9ti\u00f0.<br \/> <\/span> <span class=\"ljodatexti\"> <a name=\"10\"><span class=\"versanumer_ljod\">10<\/span><\/a>Fj\u00f6lmargir hjar\u00f0menn hafa eytt v\u00edngar\u00f0 minn, <br \/>f\u00f3tum tro\u00f0i\u00f0 akur minn, <br \/>\u00feeir hafa gert fagra ekru m\u00edna a\u00f0 svi\u00f0inni ey\u00f0im\u00f6rk.<br \/> <\/span> <span class=\"ljodatexti\"> <a name=\"11\"><span class=\"versanumer_ljod\">11<\/span><\/a>\u00deeir hafa gert hana a\u00f0 dapurlegri ey\u00f0im\u00f6rk, <br \/>h\u00fan liggur au\u00f0 frammi fyrir m\u00e9r, <br \/>allt landi\u00f0 er eytt <br \/>en enginn skiptir s\u00e9r af \u00fev\u00ed. <\/span> <br \/> <a name=\"12\"><span class=\"versanumer_2007\">12<\/span><\/a> Ey\u00f0andi r\u00e6ningjar hafa ru\u00f0st yfir h\u00e6\u00f0irnar \u00ed ey\u00f0im\u00f6rkinni, sver\u00f0 Drottins gleypir allt endanna \u00e1 milli, enginn er \u00f3hultur.<br \/> <a name=\"13\"><span class=\"versanumer_2007\">13<\/span><\/a> \u00deeir s\u00e1\u00f0u hveiti en sk\u00e1ru upp \u00feyrna, erfi\u00f0i \u00feeirra var \u00e1rangurslaust, uppskeran olli \u00feeim vonbrig\u00f0um vegna brennandi rei\u00f0i Drottins.<\/p>\n<h3 class=\"millifyrirsogn_2007\">Drottinn og n\u00e1grannar \u00cdsraels<\/h3>\n<p><a name=\"14\"><span class=\"versanumer_2007\">14<\/span><\/a> Svo segir Drottinn: \u00c9g r\u00edf upp alla vonda n\u00e1granna m\u00edna sem hafa snert erf\u00f0ahlutinn sem \u00e9g f\u00e9kk l\u00fd\u00f0 m\u00ednum, \u00cdsrael. \u00c9g r\u00edf einnig upp \u00e6tt J\u00fada sem er mitt \u00e1 me\u00f0al \u00feeirra. <a name=\"15\"><span class=\"versanumer_2007\">15<\/span><\/a> En \u00feegar \u00e9g hef rifi\u00f0 \u00fe\u00e1 upp mun \u00e9g aftur miskunna mig yfir \u00fe\u00e1 og flytja \u00fe\u00e1 heim, s\u00e9rhvern til s\u00edns erf\u00f0ahlutar og til s\u00edns h\u00e9ra\u00f0s. <a name=\"16\"><span class=\"versanumer_2007\">16<\/span><\/a> Ef \u00feeir \u00fe\u00e1 l\u00e6ra r\u00e6kilega si\u00f0i \u00fej\u00f3\u00f0ar minnar og sverja vi\u00f0 nafn mitt: \u201eSvo sannarlega sem Drottinn lifir,\u201c eins og \u00feeir kenndu \u00fej\u00f3\u00f0 minni \u00e1\u00f0ur a\u00f0 sverja vi\u00f0 Baal ver\u00f0a \u00feeir reistir vi\u00f0 me\u00f0al \u00fej\u00f3\u00f0ar minnar. <a name=\"17\"><span class=\"versanumer_2007\">17<\/span><\/a> En hl\u00fd\u00f0i \u00feeir ekki sl\u00edt \u00e9g \u00feessa \u00fej\u00f3\u00f0 endanlega upp og ey\u00f0i henni, segir Drottinn.<\/p>\n","protected":false},"excerpt":{"rendered":"<p>1\u00de\u00fa ert r\u00e9ttl\u00e1tur, Drottinn, \u00feegar \u00e9g deili vi\u00f0 \u00feig, samt vil \u00e9g r\u00e6\u00f0a vi\u00f0 \u00feig um d\u00f3ma \u00fe\u00edna. Hvers vegna nj\u00f3ta rangl\u00e1tir velgengni, af hverju lifa svikarar \u00f3hultir? 2\u00de\u00fa gr\u00f3\u00f0ursettir \u00fe\u00e1 og \u00feeir skj\u00f3ta r\u00f3tum, dafna og bera \u00e1v\u00f6xt. \u00de\u00fa ert n\u00e1l\u00e6gur v\u00f6rum \u00feeirraen fjarl\u00e6gur huga \u00feeirra. [ 3Drottinn, \u00fe\u00fa \u00feekkir mig og s\u00e9r\u00f0 mig, \u00fe\u00fa hefur rannsaka\u00f0 hjarta mitt. Flokka\u00f0u \u00fe\u00e1 eins og f\u00e9 til sl\u00e1trunar, helga\u00f0u \u00fe\u00e1 aft\u00f6kudeginum. 4Hve lengi \u00e1 landi\u00f0 a\u00f0 syrgja og allar jurtir merkurinnar a\u00f0 skr\u00e6lna? B\u00faf\u00e9 og fuglar farast vegna illsku landsb\u00faa \u00fev\u00ed a\u00f0 \u00feeir hugsa: \u201eHann s\u00e9r ekki afdrif vor.\u201c 5Ef \u00fe\u00fa <a href=\"https:\/\/biblian.is\/biblian\/jeremia-12-kafli\/\"> [&#8230;]<\/a><\/p>\n","protected":false},"author":1,"featured_media":0,"parent":0,"menu_order":0,"comment_status":"open","ping_status":"open","template":"bibliukaflar_NT.php","meta":{"footnotes":""},"class_list":["post-2374","page","type-page","status-publish","hentry"],"_links":{"self":[{"href":"https:\/\/biblian.is\/biblian\/wp-json\/wp\/v2\/pages\/2374","targetHints":{"allow":["GET"]}}],"collection":[{"href":"https:\/\/biblian.is\/biblian\/wp-json\/wp\/v2\/pages"}],"about":[{"href":"https:\/\/biblian.is\/biblian\/wp-json\/wp\/v2\/types\/page"}],"author":[{"embeddable":true,"href":"https:\/\/biblian.is\/biblian\/wp-json\/wp\/v2\/users\/1"}],"replies":[{"embeddable":true,"href":"https:\/\/biblian.is\/biblian\/wp-json\/wp\/v2\/comments?post=2374"}],"version-history":[{"count":0,"href":"https:\/\/biblian.is\/biblian\/wp-json\/wp\/v2\/pages\/2374\/revisions"}],"wp:attachment":[{"href":"https:\/\/biblian.is\/biblian\/wp-json\/wp\/v2\/media?parent=2374"}],"curies":[{"name":"wp","href":"https:\/\/api.w.org\/{rel}","templated":true}]}}