{"id":2371,"date":"2017-12-30T21:02:52","date_gmt":"2017-12-30T21:02:52","guid":{"rendered":"http:\/\/biblian.is\/biblian\/jerem%c2%92a-9-kafli\/"},"modified":"2024-07-03T12:50:14","modified_gmt":"2024-07-03T12:50:14","slug":"jeremia-9-kafli","status":"publish","type":"page","link":"https:\/\/biblian.is\/biblian\/jeremia-9-kafli\/","title":{"rendered":"Jerem\u00eda 9. kafli"},"content":{"rendered":"<p><span class=\"ljodatexti\"> <a name=\"1\"><span class=\"versanumer_ljod\">1<\/span><\/a>Hef\u00f0i \u00e9g gistih\u00fas fyrir fer\u00f0alanga \u00ed ey\u00f0im\u00f6rkinni <br \/>g\u00e6ti \u00e9g yfirgefi\u00f0 \u00fej\u00f3\u00f0 m\u00edna og fari\u00f0 fr\u00e1 \u00feeim <br \/>\u00fev\u00ed a\u00f0 \u00feeir eru allir h\u00f3rkarlar, h\u00f3pur svikara.<br \/> <\/span> <span class=\"ljodatexti\"> <a name=\"2\"><span class=\"versanumer_ljod\">2<\/span><\/a>\u00deeir spenna tunguna eins og boga, <br \/>\u00feeir halda v\u00f6ldum \u00ed landinu <br \/>me\u00f0 lygi, ekki me\u00f0 sannleika. <br \/>\u00deeir ganga fr\u00e1 einu illvirki til annars <br \/>en mig \u00feekkja \u00feeir ekki, segir Drottinn.<br \/> <\/span> <span class=\"ljodatexti\"> <a name=\"3\"><span class=\"versanumer_ljod\">3<\/span><\/a>Vari\u00f0 y\u00f0ur hver \u00e1 \u00f6\u00f0rum <br \/>og treysti\u00f0 ekki br\u00f3\u00f0ur y\u00f0ar.<br \/>S\u00e9rhver br\u00f3\u00f0ir er fl\u00e1r\u00e1\u00f0ur <br \/>og s\u00e9rhver vinur er r\u00f3gberi.<br \/> <\/span> <span class=\"ljodatexti\"> <a name=\"4\"><span class=\"versanumer_ljod\">4<\/span><\/a>Hver og einn blekkir n\u00e1unga sinn, <br \/>enginn segir sannleikann. <br \/>\u00deeir hafa vani\u00f0 tungu s\u00edna \u00e1 lygar.<br \/>\u00deeir gera illt og geta ekki h\u00e6tt \u00fev\u00ed: <br \/> <\/span> <span class=\"ljodatexti\"> <a name=\"5\"><span class=\"versanumer_ljod\">5<\/span><\/a>K\u00fagun lei\u00f0ir til k\u00fagunar, svik til svika. <br \/>\u00deeir vilja ekki \u00feekkja mig, segir Drottinn. <br \/> <\/span> <span class=\"ljodatexti\"> <a name=\"6\"><span class=\"versanumer_ljod\">6<\/span><\/a>\u00deess vegna segir Drottinn hersveitanna: <br \/>\u00c9g mun setja \u00fe\u00e1 \u00ed deiglu og reyna \u00fe\u00e1. <br \/>Hva\u00f0 anna\u00f0 get \u00e9g gert gegn illsku \u00feeirra? <br \/> <\/span> <span class=\"ljodatexti\"> <a name=\"7\"><span class=\"versanumer_ljod\">7<\/span><\/a>Tunga \u00feeirra er banv\u00e6n \u00f6r, <br \/>munnur \u00feeirra fer me\u00f0 blekkingar. <br \/>\u00deeir heilsa kunningjum s\u00ednum vinsamlega <br \/>en \u00ed hjarta s\u00ednu sitja \u00feeir \u00e1 svikr\u00e1\u00f0um vi\u00f0 \u00fe\u00e1. <br \/> <\/span> <span class=\"ljodatexti\"> <a name=\"8\"><span class=\"versanumer_ljod\">8<\/span><\/a>\u00c6tti \u00e9g ekki a\u00f0 refsa \u00feeim fyrir \u00fea\u00f0, segir Drottinn, <br \/>\u00e6tti \u00e9g ekki a\u00f0 hefna m\u00edn \u00e1 annarri eins \u00fej\u00f3\u00f0?<br \/> <\/span> <span class=\"ljodatexti\"> <a name=\"9\"><span class=\"versanumer_ljod\">9<\/span><\/a>Hefji\u00f0 gr\u00e1t og kvein yfir fj\u00f6llunum <br \/>og harmlj\u00f3\u00f0 yfir beitil\u00f6ndunum \u00ed au\u00f0ninni <br \/>\u00fev\u00ed a\u00f0 \u00feau eru svi\u00f0in, enginn fer \u00fear um, <br \/>baul hjar\u00f0anna heyrist \u00fear ekki lengur. <br \/>Fuglar himinsins og b\u00fasmalinn <br \/>er allur fl\u00fainn og horfinn. <br \/> <\/span> <span class=\"ljodatexti\"> <a name=\"10\"><span class=\"versanumer_ljod\">10<\/span><\/a>\u00c9g geri Jer\u00fasalem a\u00f0 r\u00fast, <br \/>b\u00e6li handa sjak\u00f6lum. <br \/>Borgirnar \u00ed J\u00fada geri \u00e9g a\u00f0 au\u00f0n <br \/>\u00fear sem enginn b\u00fdr. <\/span> <br \/> <a name=\"11\"><span class=\"versanumer_2007\">11<\/span><\/a> Hver er svo vitur a\u00f0 hann skilji \u00feetta? Hverjum hefur munnur Drottins sagt \u00feetta svo a\u00f0 hann geti bo\u00f0a\u00f0 \u00fea\u00f0? Hvers vegna er landi\u00f0 lagt \u00ed ey\u00f0i? Hvers vegna er \u00fea\u00f0 svi\u00f0i\u00f0 eins og ey\u00f0im\u00f6rkin \u00fear sem enginn fer um?<br \/> <a name=\"12\"><span class=\"versanumer_2007\">12<\/span><\/a> Drottinn svarar: Af \u00fev\u00ed a\u00f0 \u00feeir brutu l\u00f6gin sem \u00e9g setti \u00feeim. \u00deeir hlustu\u00f0u hvorki \u00e1 bo\u00f0 m\u00edn n\u00e9 fylgdu \u00feeim, <a name=\"13\"><span class=\"versanumer_2007\">13<\/span><\/a> heldur fylgdu \u00feeir \u00fever\u00fa\u00f0 eigin hjarta og eltu Baalana eins og fe\u00f0ur \u00feeirra h\u00f6f\u00f0u kennt \u00feeim.<br \/> <a name=\"14\"><span class=\"versanumer_2007\">14<\/span><\/a> \u00deess vegna segir Drottinn hersveitanna, Gu\u00f0 \u00cdsraels: \u00c9g gef \u00feessari \u00fej\u00f3\u00f0 malurt a\u00f0 eta og eitra\u00f0 vatn a\u00f0 drekka. <a name=\"15\"><span class=\"versanumer_2007\">15<\/span><\/a> \u00c9g tv\u00edstra \u00feeim me\u00f0al \u00fej\u00f3\u00f0a sem hvorki \u00feeir n\u00e9 fe\u00f0ur \u00feeirra hafa \u00feekkt og sendi sver\u00f0i\u00f0 \u00e1 eftir \u00feeim, \u00fear til \u00e9g hef tort\u00edmt \u00feeim. <a name=\"16\"><span class=\"versanumer_2007\">16<\/span><\/a> Svo segir Drottinn hersveitanna: \u00c1tti\u00f0 y\u00f0ur. Kalli\u00f0 \u00e1 gr\u00e1tkonur, s\u00e6ki\u00f0 kunn\u00e1ttukonur. <a name=\"17\"><span class=\"versanumer_2007\">17<\/span><\/a> \u00de\u00e6r eiga a\u00f0 koma strax og hefja harmakvein yfir oss svo a\u00f0 augu vor flj\u00f3ti \u00ed t\u00e1rum og \u00feau streymi af hv\u00f6rmum vorum.<br \/> <span class=\"ljodatexti\"> <a name=\"18\"><span class=\"versanumer_ljod\">18<\/span><\/a>Hlusti\u00f0, harmakvein heyrist fr\u00e1 S\u00edon: <br \/>\u00c6, v\u00e9r erum hart leiknir. <br \/>V\u00e9r erum skammarlega ni\u00f0url\u00e6g\u00f0ir. <br \/>V\u00e9r ver\u00f0um a\u00f0 yfirgefa landi\u00f0, <br \/>h\u00f6fum veri\u00f0 reknir \u00far h\u00fasum vorum.<br \/> <\/span> <span class=\"ljodatexti\"> <a name=\"19\"><span class=\"versanumer_ljod\">19<\/span><\/a>J\u00e1, hl\u00fd\u00f0i\u00f0, konur, \u00e1 or\u00f0 Drottins, <br \/>eyru y\u00f0ar nemi or\u00f0in af munni hans.<br \/>Kenni\u00f0 d\u00e6trum y\u00f0ar harmlj\u00f3\u00f0 <br \/>og hver annarri sorgarkv\u00e6\u00f0i.<br \/> <\/span> <span class=\"ljodatexti\"> <a name=\"20\"><span class=\"versanumer_ljod\">20<\/span><\/a>Dau\u00f0inn steig upp \u00ed glugga vorn, <br \/>hann kom inn \u00ed hallir vorar, <br \/>hann \u00fer\u00edfur b\u00f6rnin af g\u00f6tunni, <br \/>unglingana af torgunum.<br \/> <\/span> <span class=\"ljodatexti\"> <a name=\"21\"><span class=\"versanumer_ljod\">21<\/span><\/a>Seg\u00f0u: Svo segir Drottinn: <br \/>L\u00edk manna liggja \u00e1 j\u00f6r\u00f0inni eins og mykja \u00e1 velli, <br \/>eins og kornknippi aftan vi\u00f0 sl\u00e1ttumann <br \/>og enginn t\u00ednir \u00feau saman. <\/span> <\/p>\n<h3 class=\"millifyrirsogn_2007\">Hin sanna viska<\/h3>\n<p><span class=\"ljodatexti\"> <a name=\"22\"><span class=\"versanumer_ljod\">22<\/span><\/a> Svo segir Drottinn: <br \/>Hinn vitri hr\u00f3si s\u00e9r ekki af visku sinni,<br \/>hinn sterki hr\u00f3si s\u00e9r ekki af afli s\u00ednu <br \/>og hinn r\u00edki hr\u00f3si s\u00e9r ekki af au\u00f0i s\u00ednum.<br \/> <\/span> <span class=\"ljodatexti\"> <a name=\"23\"><span class=\"versanumer_ljod\">23<\/span><\/a> Nei, s\u00e1 sem vill hr\u00f3sa s\u00e9r hr\u00f3si s\u00e9r af \u00fev\u00ed <br \/>a\u00f0 hann s\u00e9 hygginn og \u00feekki mig. <br \/>\u00dev\u00ed a\u00f0 \u00e9g, Drottinn, i\u00f0ka miskunnsemi, <br \/>r\u00e9tt og r\u00e9ttl\u00e6ti \u00e1 j\u00f6r\u00f0inni, <br \/>\u00e1 \u00fev\u00ed hef \u00e9g vel\u00fe\u00f3knun, segir Drottinn. <\/span> <\/p>\n<h3 class=\"millifyrirsogn_2007\">Umskurn<\/h3>\n<p><a name=\"24\"><span class=\"versanumer_2007\">24<\/span><\/a> \u00deeir dagar koma, segir Drottinn, a\u00f0 \u00e9g mun draga alla umskorna til \u00e1byrg\u00f0ar: <a name=\"25\"><span class=\"versanumer_2007\">25<\/span><\/a> Egypta, J\u00fadamenn, Ed\u00f3m\u00edta, Amm\u00f3n\u00edta, M\u00f3ab\u00edta og alla sem hafa skori\u00f0 h\u00e1rlokkana fr\u00e1 gagnaugunum og b\u00faa \u00ed ey\u00f0im\u00f6rkinni. <a name=\"26\"><span class=\"versanumer_2007\">26<\/span><\/a> Allar \u00feessar \u00fej\u00f3\u00f0ir eru \u00f3umskornar en allir af \u00e6tt \u00cdsraels eru \u00f3umskornir \u00e1 hjarta. <\/p>\n","protected":false},"excerpt":{"rendered":"<p>1Hef\u00f0i \u00e9g gistih\u00fas fyrir fer\u00f0alanga \u00ed ey\u00f0im\u00f6rkinni g\u00e6ti \u00e9g yfirgefi\u00f0 \u00fej\u00f3\u00f0 m\u00edna og fari\u00f0 fr\u00e1 \u00feeim \u00fev\u00ed a\u00f0 \u00feeir eru allir h\u00f3rkarlar, h\u00f3pur svikara. 2\u00deeir spenna tunguna eins og boga, \u00feeir halda v\u00f6ldum \u00ed landinu me\u00f0 lygi, ekki me\u00f0 sannleika. \u00deeir ganga fr\u00e1 einu illvirki til annars en mig \u00feekkja \u00feeir ekki, segir Drottinn. 3Vari\u00f0 y\u00f0ur hver \u00e1 \u00f6\u00f0rum og treysti\u00f0 ekki br\u00f3\u00f0ur y\u00f0ar.S\u00e9rhver br\u00f3\u00f0ir er fl\u00e1r\u00e1\u00f0ur og s\u00e9rhver vinur er r\u00f3gberi. 4Hver og einn blekkir n\u00e1unga sinn, enginn segir sannleikann. \u00deeir hafa vani\u00f0 tungu s\u00edna \u00e1 lygar.\u00deeir gera illt og geta ekki h\u00e6tt \u00fev\u00ed: 5K\u00fagun lei\u00f0ir til k\u00fagunar, svik <a href=\"https:\/\/biblian.is\/biblian\/jeremia-9-kafli\/\"> [&#8230;]<\/a><\/p>\n","protected":false},"author":1,"featured_media":0,"parent":0,"menu_order":0,"comment_status":"open","ping_status":"open","template":"bibliukaflar_NT.php","meta":{"footnotes":""},"class_list":["post-2371","page","type-page","status-publish","hentry"],"_links":{"self":[{"href":"https:\/\/biblian.is\/biblian\/wp-json\/wp\/v2\/pages\/2371","targetHints":{"allow":["GET"]}}],"collection":[{"href":"https:\/\/biblian.is\/biblian\/wp-json\/wp\/v2\/pages"}],"about":[{"href":"https:\/\/biblian.is\/biblian\/wp-json\/wp\/v2\/types\/page"}],"author":[{"embeddable":true,"href":"https:\/\/biblian.is\/biblian\/wp-json\/wp\/v2\/users\/1"}],"replies":[{"embeddable":true,"href":"https:\/\/biblian.is\/biblian\/wp-json\/wp\/v2\/comments?post=2371"}],"version-history":[{"count":0,"href":"https:\/\/biblian.is\/biblian\/wp-json\/wp\/v2\/pages\/2371\/revisions"}],"wp:attachment":[{"href":"https:\/\/biblian.is\/biblian\/wp-json\/wp\/v2\/media?parent=2371"}],"curies":[{"name":"wp","href":"https:\/\/api.w.org\/{rel}","templated":true}]}}