{"id":2370,"date":"2017-12-30T21:02:52","date_gmt":"2017-12-30T21:02:52","guid":{"rendered":"http:\/\/biblian.is\/biblian\/jerem%c2%92a-8-kafli\/"},"modified":"2024-07-03T12:50:14","modified_gmt":"2024-07-03T12:50:14","slug":"jeremia-8-kafli","status":"publish","type":"page","link":"https:\/\/biblian.is\/biblian\/jeremia-8-kafli\/","title":{"rendered":"Jerem\u00eda 8. kafli"},"content":{"rendered":"<p><a name=\"1\"><span class=\"versanumer_2007\">1<\/span><\/a> \u00de\u00e1, segir Drottinn, ver\u00f0a bein J\u00fadakonunga, bein hir\u00f0manna \u00feeirra, bein presta og sp\u00e1manna og Jer\u00fasalemb\u00faa s\u00f3tt \u00ed grafir \u00feeirra. <a name=\"2\"><span class=\"versanumer_2007\">2<\/span><\/a> \u00deeim ver\u00f0ur dreift m\u00f3ti s\u00f3linni, tunglinu og \u00f6llum her himinsins sem \u00feeir elsku\u00f0u, \u00fej\u00f3nu\u00f0u og eltu, sem \u00feeir leitu\u00f0u \u00farskur\u00f0ar hj\u00e1 og tilb\u00e1\u00f0u. \u00deau ver\u00f0a hvorki t\u00ednd saman n\u00e9 grafin, \u00feau skulu ver\u00f0a a\u00f0 \u00e1bur\u00f0i \u00e1 akrinum. <a name=\"3\"><span class=\"versanumer_2007\">3<\/span><\/a> Allir sem eftir ver\u00f0a af \u00feessari vondu kynsl\u00f3\u00f0 munu kj\u00f3sa dau\u00f0ann fremur en l\u00edfi\u00f0, allir sem eftir ver\u00f0a \u00e1 \u00feeim fj\u00f6lm\u00f6rgu st\u00f6\u00f0um sem \u00e9g hef hraki\u00f0 \u00fe\u00e1 til, segir Drottinn hersveitanna.<\/p>\n<h3 class=\"millifyrirsogn_2007\">Synd og refsing<\/h3>\n<p><span class=\"ljodatexti\"> <a name=\"4\"><span class=\"versanumer_ljod\">4<\/span><\/a>Seg\u00f0u \u00fev\u00ed vi\u00f0 \u00fe\u00e1: <br \/>Svo segir Drottinn: <br \/>Hvort falla menn og standa ekki upp aftur? <br \/>Sn\u00fdr s\u00e1 ekki vi\u00f0 sem villist?<br \/> <\/span> <span class=\"ljodatexti\"> <a name=\"5\"><span class=\"versanumer_ljod\">5<\/span><\/a>Hvers vegna hefur \u00feetta f\u00f3lk sn\u00fai\u00f0 baki vi\u00f0 m\u00e9r <br \/>fyrir fullt og allt? <br \/>Hvers vegna heldur \u00fea\u00f0 fast vi\u00f0 svikin <br \/>og neitar a\u00f0 hverfa aftur til m\u00edn? <br \/> <\/span> <span class=\"ljodatexti\"> <a name=\"6\"><span class=\"versanumer_ljod\">6<\/span><\/a>\u00c9g lag\u00f0i vi\u00f0 hlustir og heyr\u00f0i: <br \/>\u00deeir fara me\u00f0 lygi, <br \/>enginn i\u00f0rast illsku sinnar og spyr: <br \/>Hva\u00f0 hef \u00e9g gert? <br \/>Allir \u00e6\u00f0a \u00e1fram, hver s\u00edna lei\u00f0 <br \/>eins og hestur sem ry\u00f0st fram \u00ed orrustu.<br \/> <\/span> <span class=\"ljodatexti\"> <a name=\"7\"><span class=\"versanumer_ljod\">7<\/span><\/a>Jafnvel storkurinn \u00ed loftinu <br \/>\u00feekkir sinn \u00e1kve\u00f0na t\u00edma, <br \/>d\u00fafan, svalan og tranan <br \/>sn\u00faa aftur \u00e1 r\u00e9ttum t\u00edma. <br \/>En \u00fej\u00f3\u00f0 m\u00edn \u00feekkir ekki <br \/>hvers Drottinn krefst. <\/span> <\/p>\n<h3 class=\"millifyrirsogn_2007\">Rangt\u00falku\u00f0 l\u00f6g<\/h3>\n<p><span class=\"ljodatexti\"> <a name=\"8\"><span class=\"versanumer_ljod\">8<\/span><\/a>Hvernig geti\u00f0 \u00fe\u00e9r sagt: \u201eV\u00e9r erum vitrir, <br \/>l\u00f6gm\u00e1l Drottins er hj\u00e1 oss\u201c? <br \/>R\u00e9tt er \u00fea\u00f0. En lygapenni skrifaranna <br \/>hefur gert \u00fea\u00f0 a\u00f0 lygi.<br \/> <\/span> <span class=\"ljodatexti\"> <a name=\"9\"><span class=\"versanumer_ljod\">9<\/span><\/a>Hinir vitru hafa or\u00f0i\u00f0 s\u00e9r til skammar, <br \/>\u00feeir eru skelfingu lostnir og ver\u00f0a teknir til fanga. <br \/>\u00deeir hafa hafna\u00f0 or\u00f0i Drottins, <br \/>hvers vir\u00f0i er \u00feeim \u00fe\u00e1 eigin viska?<br \/> <\/span> <span class=\"ljodatexti\"> <a name=\"10\"><span class=\"versanumer_ljod\">10<\/span><\/a>\u00deess vegna gef \u00e9g \u00f6\u00f0rum konur \u00feeirra, <br \/>akra \u00feeirra f\u00e6 \u00e9g n\u00fdjum eigendum. <br \/>\u00dev\u00ed a\u00f0 b\u00e6\u00f0i h\u00e1ir sem l\u00e1gir s\u00e6kjast eftir gr\u00f3\u00f0a af okri,<br \/>sp\u00e1menn jafnt sem prestar, <br \/>allir hafa \u00feeir svik \u00ed frammi. <br \/> <\/span> <span class=\"ljodatexti\"> <a name=\"11\"><span class=\"versanumer_ljod\">11<\/span><\/a>\u00deeir vilja l\u00e6kna limlesta d\u00f3ttur \u00fej\u00f3\u00f0ar minnar me\u00f0 h\u00e6gu m\u00f3ti <br \/>me\u00f0 \u00fev\u00ed a\u00f0 segja: <br \/>\u201eHeill, heill,\u201c \u00fear sem engin heill er. <br \/> <\/span> <span class=\"ljodatexti\"> <a name=\"12\"><span class=\"versanumer_ljod\">12<\/span><\/a>\u00deeir \u00e6ttu a\u00f0 skammast s\u00edn <br \/>\u00fev\u00ed a\u00f0 \u00feeir hafa frami\u00f0 vi\u00f0urstyggilegt ath\u00e6fi.<br \/>En \u00feeir skammast s\u00edn ekki <br \/>\u00fev\u00ed a\u00f0 \u00feeir \u00feekkja enga blyg\u00f0un. <br \/> \u00deess vegna munu \u00feeir falla me\u00f0 \u00feeim sem falla. <br \/>\u00deegar \u00e9g dreg \u00fe\u00e1 til \u00e1byrg\u00f0ar<br \/>ver\u00f0ur \u00feeim steypt, segir Drottinn. <\/span> <\/p>\n<h3 class=\"millifyrirsogn_2007\">Uppskerubrestur<\/h3>\n<p><span class=\"ljodatexti\"> <a name=\"13\"><span class=\"versanumer_ljod\">13<\/span><\/a>\u00deegar \u00e9g \u00e6tla\u00f0i a\u00f0 taka til vi\u00f0 uppskeru me\u00f0al \u00feeirra, <br \/>segir Drottinn, <br \/>voru engin ber \u00e1 v\u00ednvi\u00f0num, <br \/>engar f\u00edkjur \u00e1 f\u00edkjutr\u00e9nu <br \/>og laufi\u00f0 var f\u00f6lna\u00f0. <br \/>\u00c9g hef \u00fev\u00ed framselt \u00fe\u00e1 ey\u00f0endum sem tort\u00edma \u00feeim. <br \/> <\/span> <span class=\"ljodatexti\"> <a name=\"14\"><span class=\"versanumer_ljod\">14<\/span><\/a>Hvers vegna sitjum v\u00e9r me\u00f0 hendur \u00ed skauti?<br \/>Safnist saman.<br \/>H\u00f6ldum inn \u00ed v\u00edggirtu borgirnar, <br \/>\u00fear munum v\u00e9r farast. <br \/>Drottinn, Gu\u00f0 vor, l\u00e6tur oss farast, <br \/>hann l\u00e6tur oss drekka eitra\u00f0 vatn <br \/>\u00fev\u00ed a\u00f0 v\u00e9r h\u00f6fum syndga\u00f0 gegn Drottni. <br \/> <\/span> <span class=\"ljodatexti\"> <a name=\"15\"><span class=\"versanumer_ljod\">15<\/span><\/a>V\u00e9r v\u00e6ntum fri\u00f0ar en ekkert gott kom, <br \/>l\u00e6kningart\u00edma en skelfing dundi yfir.<br \/> <\/span> <span class=\"ljodatexti\"> <a name=\"16\"><span class=\"versanumer_ljod\">16<\/span><\/a>Fr\u00e1 Dan heyrist fr\u00fdsi\u00f0 \u00ed f\u00e1kum hans, <br \/>allt landi\u00f0 n\u00f6trar af hneggi str\u00ed\u00f0alinna hesta hans. <br \/>\u00deeir koma og gleypa landi\u00f0 og allt sem \u00ed \u00fev\u00ed er, <br \/>borgirnar og \u00edb\u00faa \u00feeirra. <br \/> <\/span> <span class=\"ljodatexti\"> <a name=\"17\"><span class=\"versanumer_ljod\">17<\/span><\/a>\u00c9g sendi y\u00f0ur h\u00f6ggorma <br \/>sem engar s\u00e6ringar hr\u00edna \u00e1, <br \/>\u00feeir munu b\u00edta y\u00f0ur, segir Drottinn, <br \/>og engin bj\u00f6rg er til. <\/span> <\/p>\n<h3 class=\"millifyrirsogn_2007\">Harmlj\u00f3\u00f0 vegna \u00fej\u00f3\u00f0arinnar<\/h3>\n<p><span class=\"ljodatexti\"> <a name=\"18\"><span class=\"versanumer_ljod\">18<\/span><\/a>\u00c9g er yfirkominn af sorg,<br \/>hjarta mitt er \u00fejaka\u00f0. <br \/> <\/span> <span class=\"ljodatexti\"> <a name=\"19\"><span class=\"versanumer_ljod\">19<\/span><\/a>Hlusti\u00f0. Kvein d\u00f3tturinnar, \u00fej\u00f3\u00f0ar minnar, <br \/>heyrist um \u00fevert og endilangt landi\u00f0. <br \/>Er Drottinn ekki \u00e1 S\u00edon, er enginn konungur \u00fear? <br \/>Hvers vegna v\u00f6ktu\u00f0 \u00fe\u00e9r rei\u00f0i m\u00edna <br \/>me\u00f0 skur\u00f0go\u00f0um y\u00f0ar, me\u00f0 framandi gu\u00f0um? <br \/> <\/span> <span class=\"ljodatexti\"> <a name=\"20\"><span class=\"versanumer_ljod\">20<\/span><\/a>Kornuppskeran er li\u00f0in, \u00e1vaxtauppskeran \u00e1 enda <br \/>en oss hefur ekki borist hj\u00e1lp.<br \/> <\/span> <span class=\"ljodatexti\"> <a name=\"21\"><span class=\"versanumer_ljod\">21<\/span><\/a>\u00dear sem d\u00f3ttirin, \u00fej\u00f3\u00f0 m\u00edn, er limlest <br \/>er \u00e9g ni\u00f0urbrotinn, <br \/>\u00e9g syrgi, skelfingu lostinn. <br \/> <\/span> <span class=\"ljodatexti\"> <a name=\"22\"><span class=\"versanumer_ljod\">22<\/span><\/a> Eru engin smyrsl til \u00ed G\u00edlea\u00f0? <br \/>Er \u00fear enginn l\u00e6knir? <br \/>Hvers vegna hafa s\u00e1r d\u00f3tturinnar, \u00fej\u00f3\u00f0ar minnar, ekki gr\u00f3i\u00f0?<br \/> <\/span> <span class=\"ljodatexti\"> <a name=\"23\"><span class=\"versanumer_ljod\">23<\/span><\/a> \u00c9g vildi a\u00f0 h\u00f6fu\u00f0 mitt v\u00e6ri vatn, <br \/>augu m\u00edn t\u00e1ralind, <br \/>\u00fe\u00e1 mundi \u00e9g gr\u00e1ta n\u00f3tt og dag <br \/>yfir hinum f\u00f6llnu af d\u00f3tturinni, \u00fej\u00f3\u00f0 minni. <\/span> <\/p>\n","protected":false},"excerpt":{"rendered":"<p>1 \u00de\u00e1, segir Drottinn, ver\u00f0a bein J\u00fadakonunga, bein hir\u00f0manna \u00feeirra, bein presta og sp\u00e1manna og Jer\u00fasalemb\u00faa s\u00f3tt \u00ed grafir \u00feeirra. 2 \u00deeim ver\u00f0ur dreift m\u00f3ti s\u00f3linni, tunglinu og \u00f6llum her himinsins sem \u00feeir elsku\u00f0u, \u00fej\u00f3nu\u00f0u og eltu, sem \u00feeir leitu\u00f0u \u00farskur\u00f0ar hj\u00e1 og tilb\u00e1\u00f0u. \u00deau ver\u00f0a hvorki t\u00ednd saman n\u00e9 grafin, \u00feau skulu ver\u00f0a a\u00f0 \u00e1bur\u00f0i \u00e1 akrinum. 3 Allir sem eftir ver\u00f0a af \u00feessari vondu kynsl\u00f3\u00f0 munu kj\u00f3sa dau\u00f0ann fremur en l\u00edfi\u00f0, allir sem eftir ver\u00f0a \u00e1 \u00feeim fj\u00f6lm\u00f6rgu st\u00f6\u00f0um sem \u00e9g hef hraki\u00f0 \u00fe\u00e1 til, segir Drottinn hersveitanna. Synd og refsing 4Seg\u00f0u \u00fev\u00ed vi\u00f0 \u00fe\u00e1: Svo segir Drottinn: <a href=\"https:\/\/biblian.is\/biblian\/jeremia-8-kafli\/\"> [&#8230;]<\/a><\/p>\n","protected":false},"author":1,"featured_media":0,"parent":0,"menu_order":0,"comment_status":"open","ping_status":"open","template":"bibliukaflar_NT.php","meta":{"footnotes":""},"class_list":["post-2370","page","type-page","status-publish","hentry"],"_links":{"self":[{"href":"https:\/\/biblian.is\/biblian\/wp-json\/wp\/v2\/pages\/2370","targetHints":{"allow":["GET"]}}],"collection":[{"href":"https:\/\/biblian.is\/biblian\/wp-json\/wp\/v2\/pages"}],"about":[{"href":"https:\/\/biblian.is\/biblian\/wp-json\/wp\/v2\/types\/page"}],"author":[{"embeddable":true,"href":"https:\/\/biblian.is\/biblian\/wp-json\/wp\/v2\/users\/1"}],"replies":[{"embeddable":true,"href":"https:\/\/biblian.is\/biblian\/wp-json\/wp\/v2\/comments?post=2370"}],"version-history":[{"count":0,"href":"https:\/\/biblian.is\/biblian\/wp-json\/wp\/v2\/pages\/2370\/revisions"}],"wp:attachment":[{"href":"https:\/\/biblian.is\/biblian\/wp-json\/wp\/v2\/media?parent=2370"}],"curies":[{"name":"wp","href":"https:\/\/api.w.org\/{rel}","templated":true}]}}