{"id":2368,"date":"2017-12-30T21:02:52","date_gmt":"2017-12-30T21:02:52","guid":{"rendered":"http:\/\/biblian.is\/biblian\/jerem%c2%92a-6-kafli\/"},"modified":"2024-07-03T12:50:14","modified_gmt":"2024-07-03T12:50:14","slug":"jeremia-6-kafli","status":"publish","type":"page","link":"https:\/\/biblian.is\/biblian\/jeremia-6-kafli\/","title":{"rendered":"Jerem\u00eda 6. kafli"},"content":{"rendered":"<h3 class=\"millifyrirsogn_2007\"> Str\u00ed\u00f0s\u00f3gnun og refsing<\/h3>\n<p><span class=\"ljodatexti\"> <a name=\"1\"><span class=\"versanumer_ljod\">1<\/span><\/a>Leiti\u00f0 skj\u00f3ls, Benjam\u00edns ni\u00f0jar, <br \/>fl\u00fdi\u00f0 fr\u00e1 Jer\u00fasalem. <br \/>\u00deeyti\u00f0 horni\u00f0 \u00ed Tek\u00f3a, <br \/>reisi\u00f0 upp merki yfir Betkerem, <br \/>\u00fev\u00ed a\u00f0 \u00f3g\u00e6fa \u00f3gnar \u00far nor\u00f0ri,<br \/>mikil ey\u00f0ing. <br \/> <\/span> <span class=\"ljodatexti\"> <a name=\"2\"><span class=\"versanumer_ljod\">2<\/span><\/a>\u00de\u00fa l\u00edkist f\u00f6gru engi, d\u00f3ttirin S\u00edon, <br \/> <\/span> <span class=\"ljodatexti\"> <a name=\"3\"><span class=\"versanumer_ljod\">3<\/span><\/a>sem fj\u00e1rhir\u00f0ar s\u00e6kja \u00ed me\u00f0 b\u00fasmala sinn. <br \/>\u00deeir hafa slegi\u00f0 upp tj\u00f6ldum s\u00ednum umhverfis borgina, <br \/>hver um sig beitir sinn blett. <br \/> <\/span> <span class=\"ljodatexti\"> <a name=\"4\"><span class=\"versanumer_ljod\">4<\/span><\/a>Hefji\u00f0 \u00e1r\u00e1s \u00e1 hana. <br \/>Geri\u00f0 \u00e1hlaup \u00e1 h\u00e1degi. <br \/>Vei oss, degi hallar, <br \/>kv\u00f6ldskuggarnir lengjast. <br \/> <\/span> <span class=\"ljodatexti\"> <a name=\"5\"><span class=\"versanumer_ljod\">5<\/span><\/a>Af sta\u00f0, gerum \u00e1hlaup \u00ed n\u00f3tt. <br \/>Brj\u00f3tum ni\u00f0ur hallir hennar. <br \/> <\/span> <span class=\"ljodatexti\"> <a name=\"6\"><span class=\"versanumer_ljod\">6<\/span><\/a>\u00dev\u00ed a\u00f0 svo segir Drottinn hersveitanna: <br \/>Felli\u00f0 tr\u00e9 hennar, hla\u00f0i\u00f0 virki gegn Jer\u00fasalem. <br \/>Fullyrt er um \u00feessa borg:<br \/>\u00cd henni er a\u00f0eins k\u00fagun.<br \/> <\/span> <span class=\"ljodatexti\"> <a name=\"7\"><span class=\"versanumer_ljod\">7<\/span><\/a>Eins og brunnur gefur ferskt vatn <br \/>er borgin uppspretta illvirkja. <br \/>Ofbeldi og k\u00fagun bergm\u00e1lar \u00ed henni, <br \/>\u00fej\u00e1ning og ofbeldi blasir hvarvetna vi\u00f0 m\u00e9r. <br \/> <\/span> <span class=\"ljodatexti\"> <a name=\"8\"><span class=\"versanumer_ljod\">8<\/span><\/a>L\u00e1ttu \u00fe\u00e9r segjast, Jer\u00fasalem, <br \/>annars sl\u00edt \u00e9g \u00feig fr\u00e1 m\u00e9r, <br \/>annars geri \u00e9g \u00feig a\u00f0 ey\u00f0im\u00f6rk, <br \/>a\u00f0 \u00f3bygg\u00f0u landi. <\/span> <\/p>\n<h3 class=\"millifyrirsogn_2007\">\u00dever\u00fa\u00f0 Jer\u00fasalemb\u00faa<\/h3>\n<p><span class=\"ljodatexti\"> <a name=\"9\"><span class=\"versanumer_ljod\">9<\/span><\/a>Svo segir Drottinn hersveitanna: <br \/>Ger\u00f0u n\u00e1kv\u00e6ma eftirleit me\u00f0al leifa \u00cdsraels <br \/>eins og eftirleit \u00e1 v\u00ednvi\u00f0i. <br \/>R\u00e9ttu h\u00f6nd \u00fe\u00edna aftur og aftur a\u00f0 v\u00ednvi\u00f0argreinunum <br \/>eins og s\u00e1 sem t\u00ednir v\u00ednber.<br \/> <\/span> <span class=\"ljodatexti\"> <a name=\"10\"><span class=\"versanumer_ljod\">10<\/span><\/a>Vi\u00f0 hvern \u00e1 \u00e9g a\u00f0 tala, <br \/>hver hlustar \u00feegar \u00e9g vara vi\u00f0? <br \/>Eyra \u00feeirra er \u00f3umskori\u00f0, <br \/>\u00feeir vilja ekki hlusta. <br \/>\u00deeir skopast a\u00f0 or\u00f0i Drottins, <br \/>\u00feeim fellur \u00fea\u00f0 ekki \u00ed ge\u00f0. <br \/> <\/span> <span class=\"ljodatexti\"> <a name=\"11\"><span class=\"versanumer_ljod\">11<\/span><\/a>\u00c9g er fullur af gl\u00f3andi heift Drottins, <br \/>\u00e9g er uppgefinn \u00e1 a\u00f0 halda henni \u00ed skefjum. <br \/>Helltu henni yfir b\u00f6rnin \u00fati \u00e1 g\u00f6tunni <br \/>og yfir unglingah\u00f3pinn. <br \/>B\u00e6\u00f0i karlar og konur ver\u00f0a tekin til fanga, <br \/>aldra\u00f0ir jafnt og h\u00e1aldra\u00f0ir.<br \/> <\/span> <span class=\"ljodatexti\"> <a name=\"12\"><span class=\"versanumer_ljod\">12<\/span><\/a>H\u00fas \u00feeirra ver\u00f0a annarra eign, <br \/>akrar \u00feeirra og eiginkonur, <br \/>\u00fev\u00ed a\u00f0 \u00e9g r\u00e9tti h\u00f6nd m\u00edna \u00fat yfir landi\u00f0, segir Drottinn. <br \/> <\/span> <span class=\"ljodatexti\"> <a name=\"13\"><span class=\"versanumer_ljod\">13<\/span><\/a>Allir, h\u00e1ir sem l\u00e1gir, s\u00e6kjast eftir gr\u00f3\u00f0a af okri, <br \/>b\u00e6\u00f0i sp\u00e1menn og prestar, <br \/>allir hafa \u00feeir svik \u00ed frammi. <br \/> <\/span> <span class=\"ljodatexti\"> <a name=\"14\"><span class=\"versanumer_ljod\">14<\/span><\/a>\u00deeir vilja l\u00e6kna limlesta \u00fej\u00f3\u00f0 m\u00edna me\u00f0 h\u00e6gu m\u00f3ti <br \/>og segja: \u201eHeill, heill,\u201c \u00fear sem engin heill er. <br \/> <\/span> <span class=\"ljodatexti\"> <a name=\"15\"><span class=\"versanumer_ljod\">15<\/span><\/a>\u00deeir \u00e6ttu a\u00f0 skammast s\u00edn<br \/>\u00fev\u00ed a\u00f0 \u00feeir hafa heg\u00f0a\u00f0 s\u00e9r vi\u00f0urstyggilega. <br \/>En \u00feeir skammast s\u00edn ekki <br \/>\u00fev\u00ed a\u00f0 \u00feeir \u00feekkja enga blyg\u00f0un. <br \/> \u00deess vegna munu \u00feeir falla me\u00f0 \u00feeim sem falla. <br \/>\u00deegar \u00e9g dreg \u00fe\u00e1 til \u00e1byrg\u00f0ar <br \/>ver\u00f0ur \u00feeim steypt, segir Drottinn. <\/span> <\/p>\n<h3 class=\"millifyrirsogn_2007\">Laun \u00f3hl\u00fd\u00f0ninnar<\/h3>\n<p><span class=\"ljodatexti\"> <a name=\"16\"><span class=\"versanumer_ljod\">16<\/span><\/a>Svo segir Drottinn: <br \/>Nemi\u00f0 sta\u00f0ar vi\u00f0 vegina og litist um, <br \/>spyrji\u00f0 um g\u00f6mlu g\u00f6turnar, <br \/>hver s\u00e9 hamingjulei\u00f0in<br \/>og fari\u00f0 hana svo a\u00f0 \u00fe\u00e9r finni\u00f0 s\u00e1lum y\u00f0ar hv\u00edld. <br \/>En \u00feeir s\u00f6g\u00f0u: \u201eV\u00e9r viljum ekki fara hana.\u201c<br \/> <\/span> <span class=\"ljodatexti\"> <a name=\"17\"><span class=\"versanumer_ljod\">17<\/span><\/a>\u00c9g setti yfir y\u00f0ur var\u00f0menn. <br \/>Hlusti\u00f0 \u00e1 hornabl\u00e1sturinn. <br \/>En \u00feeir s\u00f6g\u00f0u: \u201eV\u00e9r viljum ekki hlusta.\u201c <br \/> <\/span> <span class=\"ljodatexti\"> <a name=\"18\"><span class=\"versanumer_ljod\">18<\/span><\/a>Heyri\u00f0 \u00fev\u00ed, \u00fej\u00f3\u00f0ir, <br \/>\u00fe\u00fa skalt vita, s\u00f6fnu\u00f0ur, <br \/>hva\u00f0 um \u00fe\u00e1 ver\u00f0ur. <br \/> <\/span> <span class=\"ljodatexti\"> <a name=\"19\"><span class=\"versanumer_ljod\">19<\/span><\/a>Heyr \u00fea\u00f0, j\u00f6r\u00f0. <br \/>\u00c9g f\u00e6ri \u00feessari \u00fej\u00f3\u00f0 \u00f3g\u00e6fu. <br \/>\u00dea\u00f0 er \u00e1v\u00f6xtur \u00feeirra eigin hugarfars <br \/>\u00fev\u00ed a\u00f0 \u00feeir hafa ekki hlusta\u00f0 \u00e1 or\u00f0 m\u00edn, <br \/>\u00feeir hafa hafna\u00f0 l\u00f6gum m\u00ednum. <br \/> <\/span> <span class=\"ljodatexti\"> <a name=\"20\"><span class=\"versanumer_ljod\">20<\/span><\/a>Hva\u00f0 \u00e1 \u00e9g a\u00f0 gera vi\u00f0 reykelsi fr\u00e1 Saba <br \/>e\u00f0a g\u00f3\u00f0an ilmreyr fr\u00e1 fjarl\u00e6gu landi? <br \/>Brennif\u00f3rnir y\u00f0ar eru m\u00e9r ekki \u00fe\u00f3knanlegar <br \/>og sl\u00e1turf\u00f3rnir y\u00f0ar ge\u00f0jast m\u00e9r ekki. <br \/> <\/span> <span class=\"ljodatexti\"> <a name=\"21\"><span class=\"versanumer_ljod\">21<\/span><\/a>\u00deess vegna segir Drottinn: <br \/>\u00c9g legg hr\u00f6sunarhellu fyrir \u00feessa \u00fej\u00f3\u00f0 <br \/>svo a\u00f0 \u00feeir hrasi um hana, <br \/>fe\u00f0ur og synir, grannar og vinir. <\/span> <\/p>\n<h3 class=\"millifyrirsogn_2007\">Enn um \u00e1r\u00e1s \u00far nor\u00f0ri<\/h3>\n<p><span class=\"ljodatexti\"> <a name=\"22\"><span class=\"versanumer_ljod\">22<\/span><\/a> Svo segir Drottinn: <br \/>\u00dej\u00f3\u00f0 ein kemur fr\u00e1 landi \u00ed nor\u00f0ri, <br \/>mikil \u00fej\u00f3\u00f0 heldur af sta\u00f0 fr\u00e1 endim\u00f6rkum jar\u00f0ar. <br \/> <\/span> <span class=\"ljodatexti\"> <a name=\"23\"><span class=\"versanumer_ljod\">23<\/span><\/a> \u00deeir eru vopna\u00f0ir bogum og spj\u00f3tum, <br \/>\u00feeir eru grimmir og miskunnarlausir. <br \/>H\u00e1reysti \u00feeirra er sem hafgn\u00fdr, <br \/>\u00feeir koma r\u00ed\u00f0andi \u00e1 hestum, <br \/>hver og einn b\u00fainn til bardaga gegn \u00fe\u00e9r, d\u00f3ttirin S\u00edon. <br \/> <\/span> <span class=\"ljodatexti\"> <a name=\"24\"><span class=\"versanumer_ljod\">24<\/span><\/a> V\u00e9r h\u00f6f\u00f0um varla heyrt fr\u00e9ttina <br \/>\u00feegar hendur vorar l\u00f6mu\u00f0ust, <br \/>skelfingin greip oss, <br \/>kv\u00f6l eins og konu \u00ed barnsnau\u00f0. <br \/> <\/span> <span class=\"ljodatexti\"> <a name=\"25\"><span class=\"versanumer_ljod\">25<\/span><\/a> Fari\u00f0 ekki \u00fat \u00e1 bersv\u00e6\u00f0i, <br \/>gangi\u00f0 ekki um vegina <br \/>\u00fev\u00ed a\u00f0 fjandma\u00f0urinn er vopna\u00f0ur sver\u00f0i, <br \/>h\u00e6ttur \u00f3gna \u00far \u00f6llum \u00e1ttum. <br \/> <\/span> <span class=\"ljodatexti\"> <a name=\"26\"><span class=\"versanumer_ljod\">26<\/span><\/a> D\u00f3ttir m\u00edn, \u00fej\u00f3\u00f0 m\u00edn, gyrtu \u00feig h\u00e6rusekk, <br \/>veltu \u00fe\u00e9r \u00ed \u00f6sku, <br \/>efndu til sorgarathafnar eins og eftir einkason, <br \/>syrg\u00f0u beisklega <br \/>\u00fev\u00ed a\u00f0 ey\u00f0andinn kemur yfir oss \u00ed einu vetfangi.<br \/> <\/span> <span class=\"ljodatexti\"> <a name=\"27\"><span class=\"versanumer_ljod\">27<\/span><\/a> \u00c9g hef fali\u00f0 \u00fe\u00e9r a\u00f0 kanna \u00fej\u00f3\u00f0 m\u00edna. <br \/>\u00de\u00fa \u00e1tt a\u00f0 kynna \u00fe\u00e9r og rannsaka lifna\u00f0 \u00feeirra. <br \/> <\/span> <span class=\"ljodatexti\"> <a name=\"28\"><span class=\"versanumer_ljod\">28<\/span><\/a> \u00deeir eru allir forhertir uppreisnarmenn, <br \/>r\u00f3gberar, eir og j\u00e1rn, <br \/>allir eru \u00feeir afbrotamenn. <br \/> <\/span> <span class=\"ljodatexti\"> <a name=\"29\"><span class=\"versanumer_ljod\">29<\/span><\/a> Smi\u00f0jubelgurinn m\u00e1sa\u00f0i <br \/>en \u00far eldinum kom a\u00f0eins bl\u00fd. <br \/>S\u00e1 sem br\u00e6ddi, br\u00e6ddi til einskis <br \/>\u00fev\u00ed a\u00f0 \u00feeir illu ur\u00f0u ekki skildir fr\u00e1. <br \/> <\/span> <span class=\"ljodatexti\"> <a name=\"30\"><span class=\"versanumer_ljod\">30<\/span><\/a> \u00deeir kallast \u00f3gilt silfur <br \/>\u00fev\u00ed a\u00f0 Drottinn hefur fellt \u00fe\u00e1 \u00far gildi. <\/span> <\/p>\n","protected":false},"excerpt":{"rendered":"<p>Str\u00ed\u00f0s\u00f3gnun og refsing 1Leiti\u00f0 skj\u00f3ls, Benjam\u00edns ni\u00f0jar, fl\u00fdi\u00f0 fr\u00e1 Jer\u00fasalem. \u00deeyti\u00f0 horni\u00f0 \u00ed Tek\u00f3a, reisi\u00f0 upp merki yfir Betkerem, \u00fev\u00ed a\u00f0 \u00f3g\u00e6fa \u00f3gnar \u00far nor\u00f0ri,mikil ey\u00f0ing. 2\u00de\u00fa l\u00edkist f\u00f6gru engi, d\u00f3ttirin S\u00edon, 3sem fj\u00e1rhir\u00f0ar s\u00e6kja \u00ed me\u00f0 b\u00fasmala sinn. \u00deeir hafa slegi\u00f0 upp tj\u00f6ldum s\u00ednum umhverfis borgina, hver um sig beitir sinn blett. 4Hefji\u00f0 \u00e1r\u00e1s \u00e1 hana. Geri\u00f0 \u00e1hlaup \u00e1 h\u00e1degi. Vei oss, degi hallar, kv\u00f6ldskuggarnir lengjast. 5Af sta\u00f0, gerum \u00e1hlaup \u00ed n\u00f3tt. Brj\u00f3tum ni\u00f0ur hallir hennar. 6\u00dev\u00ed a\u00f0 svo segir Drottinn hersveitanna: Felli\u00f0 tr\u00e9 hennar, hla\u00f0i\u00f0 virki gegn Jer\u00fasalem. Fullyrt er um \u00feessa borg:\u00cd henni er a\u00f0eins k\u00fagun. 7Eins <a href=\"https:\/\/biblian.is\/biblian\/jeremia-6-kafli\/\"> [&#8230;]<\/a><\/p>\n","protected":false},"author":1,"featured_media":0,"parent":0,"menu_order":0,"comment_status":"open","ping_status":"open","template":"bibliukaflar_NT.php","meta":{"footnotes":""},"class_list":["post-2368","page","type-page","status-publish","hentry"],"_links":{"self":[{"href":"https:\/\/biblian.is\/biblian\/wp-json\/wp\/v2\/pages\/2368","targetHints":{"allow":["GET"]}}],"collection":[{"href":"https:\/\/biblian.is\/biblian\/wp-json\/wp\/v2\/pages"}],"about":[{"href":"https:\/\/biblian.is\/biblian\/wp-json\/wp\/v2\/types\/page"}],"author":[{"embeddable":true,"href":"https:\/\/biblian.is\/biblian\/wp-json\/wp\/v2\/users\/1"}],"replies":[{"embeddable":true,"href":"https:\/\/biblian.is\/biblian\/wp-json\/wp\/v2\/comments?post=2368"}],"version-history":[{"count":0,"href":"https:\/\/biblian.is\/biblian\/wp-json\/wp\/v2\/pages\/2368\/revisions"}],"wp:attachment":[{"href":"https:\/\/biblian.is\/biblian\/wp-json\/wp\/v2\/media?parent=2368"}],"curies":[{"name":"wp","href":"https:\/\/api.w.org\/{rel}","templated":true}]}}