{"id":2367,"date":"2017-12-30T21:02:52","date_gmt":"2017-12-30T21:02:52","guid":{"rendered":"http:\/\/biblian.is\/biblian\/jerem%c2%92a-5-kafli\/"},"modified":"2024-07-03T12:50:13","modified_gmt":"2024-07-03T12:50:13","slug":"jeremia-5-kafli","status":"publish","type":"page","link":"https:\/\/biblian.is\/biblian\/jeremia-5-kafli\/","title":{"rendered":"Jerem\u00eda 5. kafli"},"content":{"rendered":"<h3 class=\"millifyrirsogn_2007\"> Ors\u00f6k str\u00ed\u00f0sins<\/h3>\n<p><span class=\"ljodatexti\"> <a name=\"1\"><span class=\"versanumer_ljod\">1<\/span><\/a>Gangi\u00f0 um str\u00e6ti Jer\u00fasalem, <br \/>litist um, spyrjist fyrir, <br \/>leiti\u00f0 \u00e1 torgunum hvort nokkur finnist, <br \/>hvort \u00fear s\u00e9 a\u00f0eins einn<br \/>sem stundar r\u00e9ttl\u00e6ti og leitar sannleikans, <br \/>og \u00fe\u00e1 mun \u00e9g fyrirgefa borginni, segir Drottinn. <br \/> <\/span> <span class=\"ljodatexti\"> <a name=\"2\"><span class=\"versanumer_ljod\">2<\/span><\/a>\u00de\u00f3tt \u00feeir segi: \u201eSvo sannarlega sem Drottinn lifir,\u201c <br \/>sverja \u00feeir meins\u00e6ri.<br \/> <\/span> <span class=\"ljodatexti\"> <a name=\"3\"><span class=\"versanumer_ljod\">3<\/span><\/a>Drottinn, leita augu \u00fe\u00edn ekki sannleikans? <br \/>\u00de\u00fa sl\u00f3st \u00fe\u00e1 en \u00fe\u00e1 svei\u00f0 ekki undan, <br \/>\u00fe\u00fa ger\u00f0ir n\u00e6rri \u00fat af vi\u00f0 \u00fe\u00e1 <br \/>en \u00feeir l\u00e9tu s\u00e9r ekki segjast. <br \/>\u00deeir \u00feversk\u00f6llu\u00f0ust <span class=\"nedan_mal\" title=\" Or\u00f0r\u00e9tt: Skallinn \u00e1 \u00feeim var har\u00f0ari en grj\u00f3t.\">[<\/span> <br \/>og vildu ekki sn\u00faa vi\u00f0. <span class=\"nedan_mal\" title=\" E\u00f0a: vildu ekki i\u00f0rast.\">[<\/span> <br \/> <\/span> <span class=\"ljodatexti\"> <a name=\"4\"><span class=\"versanumer_ljod\">4<\/span><\/a>\u00c9g hugsa\u00f0i: \u00deetta eru l\u00edtilmenni <br \/>sem heg\u00f0a s\u00e9r heimskulega <br \/>\u00fev\u00ed a\u00f0 \u00feau rata ekki veg Drottins, <br \/>\u00feekkja ekki kr\u00f6fur Gu\u00f0s s\u00edns. <br \/> <\/span> <span class=\"ljodatexti\"> <a name=\"5\"><span class=\"versanumer_ljod\">5<\/span><\/a>\u00de\u00e1 vil \u00e9g heldur fara til st\u00f3rmennanna <br \/>og tala vi\u00f0 \u00feau <br \/>\u00fev\u00ed a\u00f0 \u00feau rata veg Drottins, <br \/>\u00feekkja kr\u00f6fur Gu\u00f0s s\u00edns. <br \/>En \u00feau h\u00f6f\u00f0u \u00f6ll sem eitt broti\u00f0 af s\u00e9r oki\u00f0, <br \/>sliti\u00f0 fj\u00f6trana. <br \/> <\/span> <span class=\"ljodatexti\"> <a name=\"6\"><span class=\"versanumer_ljod\">6<\/span><\/a>\u00deess vegna drepur sk\u00f3garlj\u00f3ni\u00f0 \u00feau, <br \/>sl\u00e9ttu\u00falfurinn ey\u00f0ir \u00feeim, <br \/>pardusd\u00fdri\u00f0 liggur \u00ed leyni vi\u00f0 borgir \u00feeirra, <br \/>hver sem \u00fat \u00far \u00feeim fer <br \/>ver\u00f0ur rifinn sundur <br \/>\u00fev\u00ed a\u00f0 afbrot \u00feeirra eru m\u00f6rg, <br \/>svik \u00feeirra mikil.<br \/> <\/span> <span class=\"ljodatexti\"> <a name=\"7\"><span class=\"versanumer_ljod\">7<\/span><\/a>Hvers vegna \u00e6tti \u00e9g a\u00f0 fyrirgefa \u00fe\u00e9r? <br \/>Synir \u00fe\u00ednir hafa yfirgefi\u00f0 mig <br \/>og svari\u00f0 vi\u00f0 \u00fe\u00e1 sem ekki eru gu\u00f0ir. <br \/>\u00c9g metta\u00f0i \u00fe\u00e1 en \u00feeir h\u00f3ru\u00f0ust <br \/>og gistu v\u00e6ndish\u00fas.<br \/> <\/span> <span class=\"ljodatexti\"> <a name=\"8\"><span class=\"versanumer_ljod\">8<\/span><\/a>\u00deeir eru str\u00ed\u00f0aldir st\u00f3\u00f0hestar <br \/>og hv\u00eda hver a\u00f0 annars konu. <br \/> <\/span> <span class=\"ljodatexti\"> <a name=\"9\"><span class=\"versanumer_ljod\">9<\/span><\/a>\u00c6tti \u00e9g ekki a\u00f0 refsa \u00feeim fyrir \u00fea\u00f0? segir Drottinn, <br \/>\u00e6tti \u00e9g ekki a\u00f0 hefna m\u00edn \u00e1 annarri eins \u00fej\u00f3\u00f0 og \u00feessari? <br \/> <\/span> <span class=\"ljodatexti\"> <a name=\"10\"><span class=\"versanumer_ljod\">10<\/span><\/a>Fari\u00f0 upp \u00ed v\u00edngar\u00f0ana og r\u00edfi\u00f0 \u00fe\u00e1 ni\u00f0ur<br \/>en gerey\u00f0i\u00f0 \u00feeim ekki, <br \/>r\u00edfi\u00f0 burtu teinungana <br \/>\u00fev\u00ed a\u00f0 \u00feeir eru ekki eign Drottins. <br \/> <\/span> <span class=\"ljodatexti\"> <a name=\"11\"><span class=\"versanumer_ljod\">11<\/span><\/a>\u00cdb\u00faar \u00cdsraels og \u00edb\u00faar J\u00fada <br \/>hafa brug\u00f0ist m\u00e9r, segir Drottinn. <br \/> <\/span> <span class=\"ljodatexti\"> <a name=\"12\"><span class=\"versanumer_ljod\">12<\/span><\/a>\u00deeir hafa afneita\u00f0 Drottni og sagt: <br \/>\u201eHann er ekkert. <br \/>Engin \u00f3g\u00e6fa kemur yfir oss, <br \/>v\u00e9r munum hvorki sj\u00e1 sver\u00f0 n\u00e9 hungur. <br \/> <\/span> <span class=\"ljodatexti\"> <a name=\"13\"><span class=\"versanumer_ljod\">13<\/span><\/a>Sp\u00e1mennirnir eru lofti\u00f0 t\u00f3mt, <br \/>or\u00f0i\u00f0 er ekki \u00ed munni \u00feeirra, <br \/>\u00fea\u00f0 kemur \u00feeim \u00ed koll.\u201c <br \/> <\/span> <span class=\"ljodatexti\"> <a name=\"14\"><span class=\"versanumer_ljod\">14<\/span><\/a>\u00deess vegna segir Drottinn, Gu\u00f0 hersveitanna: <br \/>Af \u00fev\u00ed a\u00f0 \u00feeir hafa tala\u00f0 <br \/>geri \u00e9g or\u00f0 m\u00edn a\u00f0 eldi \u00ed munni \u00fe\u00e9r <br \/>og \u00feetta f\u00f3lk a\u00f0 eldivi\u00f0num <br \/>sem hann gleypir. <br \/> <\/span> <span class=\"ljodatexti\"> <a name=\"15\"><span class=\"versanumer_ljod\">15<\/span><\/a>Hyggi\u00f0 a\u00f0, \u00cdsraelsmenn. <br \/>\u00c9g lei\u00f0i gegn y\u00f0ur \u00fej\u00f3\u00f0 \u00far fjarl\u00e6gu landi, <br \/>segir Drottinn. <br \/>S\u00fa \u00fej\u00f3\u00f0 er \u00f3sigrandi, <br \/>\u00feetta er eldforn \u00fej\u00f3\u00f0. <br \/>Tungu \u00feessarar \u00fej\u00f3\u00f0ar kannt \u00fe\u00fa ekki <br \/>og skilur ekki hva\u00f0 h\u00fan segir. <br \/> <\/span> <span class=\"ljodatexti\"> <a name=\"16\"><span class=\"versanumer_ljod\">16<\/span><\/a>\u00d6rvam\u00e6lir hennar er sem opin gr\u00f6f, <br \/>allir eru \u00feeir hetjur. <br \/> <\/span> <span class=\"ljodatexti\"> <a name=\"17\"><span class=\"versanumer_ljod\">17<\/span><\/a>\u00deeir gleypa kornuppskeru \u00fe\u00edna og brau\u00f0, <br \/>\u00feeir gleypa syni \u00fe\u00edna og d\u00e6tur, <br \/>r\u00edfa \u00ed sig sau\u00f0f\u00e9 \u00feitt og naut, <br \/>v\u00ednvi\u00f0 \u00feinn og f\u00edkjutr\u00e9, <br \/>\u00feeir h\u00f6ggva ni\u00f0ur me\u00f0 sver\u00f0i <br \/>hinar v\u00edggirtu borgir sem \u00fe\u00fa treystir \u00e1. <\/span> <br \/> <a name=\"18\"><span class=\"versanumer_2007\">18<\/span><\/a> En \u00e1 \u00feeim d\u00f6gum, segir Drottinn, mun \u00e9g ekki gerey\u00f0a y\u00f0ur. <a name=\"19\"><span class=\"versanumer_2007\">19<\/span><\/a> Ef menn spyrja: \u201eHvers vegna hefur Drottinn, Gu\u00f0 vor, gert oss allt \u00feetta?\u201c skalt \u00fe\u00fa svara \u00feeim: \u201e\u00c1 sama h\u00e1tt og \u00fe\u00e9r yfirg\u00e1fu\u00f0 mig og \u00fej\u00f3nu\u00f0u\u00f0 framandi gu\u00f0um \u00ed landi y\u00f0ar ver\u00f0i\u00f0 \u00fe\u00e9r a\u00f0 \u00fej\u00f3na \u00fatlendingum \u00ed landi sem ekki er y\u00f0ar.\u201c<\/p>\n<h3 class=\"millifyrirsogn_2007\">\u00derj\u00f3ska \u00fej\u00f3\u00f0arinnar<\/h3>\n<p><span class=\"ljodatexti\"> <a name=\"20\"><span class=\"versanumer_ljod\">20<\/span><\/a>Kunngj\u00f6ri\u00f0 me\u00f0al Jakobs ni\u00f0ja, <br \/>bo\u00f0i\u00f0 \u00ed J\u00fada og segi\u00f0: <br \/> <\/span> <span class=\"ljodatexti\"> <a name=\"21\"><span class=\"versanumer_ljod\">21<\/span><\/a>Hl\u00fdddu \u00e1, heimska og skilningslausa \u00fej\u00f3\u00f0, <br \/>sem hefur augu en s\u00e9r\u00f0 ekki, <br \/>eyru en heyrir ekki: <br \/> <\/span> <span class=\"ljodatexti\"> <a name=\"22\"><span class=\"versanumer_ljod\">22<\/span><\/a> \u00d3ttist \u00fe\u00e9r mig eigi? segir Drottinn, <br \/>skj\u00e1lfi\u00f0 \u00fe\u00e9r eigi fyrir augliti m\u00ednu? <br \/>\u00c9g setti hafinu skor\u00f0ur me\u00f0 fj\u00f6rusandinum, <br \/>varanleg m\u00f6rk sem \u00fea\u00f0 fer eigi yfir. <br \/>\u00de\u00f3tt \u00f6ldurnar \u00e6\u00f0i f\u00e6r \u00fea\u00f0 engu \u00e1orka\u00f0, <br \/>\u00fe\u00f3tt \u00fe\u00e6r drynji kemst \u00fea\u00f0 eigi yfir \u00feau. <br \/> <\/span> <span class=\"ljodatexti\"> <a name=\"23\"><span class=\"versanumer_ljod\">23<\/span><\/a> \u00deessi \u00fej\u00f3\u00f0 er \u00fever\u00fa\u00f0arfull og \u00ferj\u00f3sk \u00ed hjarta.<br \/>\u00deeir hafa viki\u00f0 af lei\u00f0 og horfi\u00f0 burt.<br \/> <\/span> <span class=\"ljodatexti\"> <a name=\"24\"><span class=\"versanumer_ljod\">24<\/span><\/a> \u00deeir hugsu\u00f0u eigi me\u00f0 s\u00e9r: <br \/>\u201e\u00d3ttumst Drottin, Gu\u00f0 vorn, <br \/>sem gefur regn, haustregn og vorregn, \u00e1 r\u00e9ttum t\u00edma, <br \/>tryggir oss \u00e1kve\u00f0na uppskerut\u00ed\u00f0.\u201c <br \/> <\/span> <span class=\"ljodatexti\"> <a name=\"25\"><span class=\"versanumer_ljod\">25<\/span><\/a> Afbrot y\u00f0ar hafa f\u00e6rt \u00feetta allt \u00far skor\u00f0um, <br \/>syndir y\u00f0ar hafa svipt y\u00f0ur blessuninni. <\/span> <\/p>\n<h3 class=\"millifyrirsogn_2007\">Hinir gu\u00f0lausu me\u00f0al \u00fej\u00f3\u00f0ar Drottins<\/h3>\n<p><span class=\"ljodatexti\"> <a name=\"26\"><span class=\"versanumer_ljod\">26<\/span><\/a> Illmenni er a\u00f0 finna me\u00f0al \u00fej\u00f3\u00f0ar minnar. <br \/>\u00deau leynast eins og vei\u00f0imenn sem l\u00e6\u00f0ast, <br \/>setja upp gildrur <br \/>og vei\u00f0a menn. <br \/> <\/span> <span class=\"ljodatexti\"> <a name=\"27\"><span class=\"versanumer_ljod\">27<\/span><\/a> Eins og fuglab\u00far full af fuglum <br \/>eru h\u00fas \u00feeirra full af svikum. <br \/>\u00deess vegna eru \u00feau voldug og r\u00edk, <br \/> <\/span> <span class=\"ljodatexti\"> <a name=\"28\"><span class=\"versanumer_ljod\">28<\/span><\/a> feit og s\u00e6lleg. <br \/>\u00deau sty\u00f0ja m\u00e1lsta\u00f0 illmenna,<br \/>kve\u00f0a eigi upp r\u00e9tta d\u00f3ma <br \/>\u00ed \u00fe\u00e1gu muna\u00f0arleysingja <br \/>svo a\u00f0 \u00feeim farnist vel <br \/>og reka eigi r\u00e9ttar f\u00e1t\u00e6klinga. <br \/> <\/span> <span class=\"ljodatexti\"> <a name=\"29\"><span class=\"versanumer_ljod\">29<\/span><\/a> \u00c6tti \u00e9g ekki a\u00f0 refsa \u00feeim fyrir \u00fea\u00f0? segir Drottinn, <br \/>\u00e6tti \u00e9g ekki a\u00f0 hefna m\u00edn \u00e1 annarri eins \u00fej\u00f3\u00f0 og \u00feessari? <br \/> <\/span> <span class=\"ljodatexti\"> <a name=\"30\"><span class=\"versanumer_ljod\">30<\/span><\/a> \u00d3ttalegt og hr\u00e6\u00f0ilegt er \u00fea\u00f0 sem vi\u00f0 ber \u00ed landinu. <br \/> <\/span> <span class=\"ljodatexti\"> <a name=\"31\"><span class=\"versanumer_ljod\">31<\/span><\/a> Sp\u00e1mennirnir bo\u00f0a lygi, <br \/>prestarnir kenna a\u00f0 eigin ge\u00f0\u00fe\u00f3tta<br \/>og \u00fej\u00f3\u00f0 minni fellur \u00fea\u00f0 vel. <br \/>En hva\u00f0 \u00e6tli\u00f0 \u00fe\u00e9r a\u00f0 gera <br \/>\u00feegar kemur a\u00f0 skuldad\u00f6gunum? <\/span> <\/p>\n","protected":false},"excerpt":{"rendered":"<p>Ors\u00f6k str\u00ed\u00f0sins 1Gangi\u00f0 um str\u00e6ti Jer\u00fasalem, litist um, spyrjist fyrir, leiti\u00f0 \u00e1 torgunum hvort nokkur finnist, hvort \u00fear s\u00e9 a\u00f0eins einnsem stundar r\u00e9ttl\u00e6ti og leitar sannleikans, og \u00fe\u00e1 mun \u00e9g fyrirgefa borginni, segir Drottinn. 2\u00de\u00f3tt \u00feeir segi: \u201eSvo sannarlega sem Drottinn lifir,\u201c sverja \u00feeir meins\u00e6ri. 3Drottinn, leita augu \u00fe\u00edn ekki sannleikans? \u00de\u00fa sl\u00f3st \u00fe\u00e1 en \u00fe\u00e1 svei\u00f0 ekki undan, \u00fe\u00fa ger\u00f0ir n\u00e6rri \u00fat af vi\u00f0 \u00fe\u00e1 en \u00feeir l\u00e9tu s\u00e9r ekki segjast. \u00deeir \u00feversk\u00f6llu\u00f0ust [ og vildu ekki sn\u00faa vi\u00f0. [ 4\u00c9g hugsa\u00f0i: \u00deetta eru l\u00edtilmenni sem heg\u00f0a s\u00e9r heimskulega \u00fev\u00ed a\u00f0 \u00feau rata ekki veg Drottins, \u00feekkja ekki kr\u00f6fur <a href=\"https:\/\/biblian.is\/biblian\/jeremia-5-kafli\/\"> [&#8230;]<\/a><\/p>\n","protected":false},"author":1,"featured_media":0,"parent":0,"menu_order":0,"comment_status":"open","ping_status":"open","template":"bibliukaflar_NT.php","meta":{"footnotes":""},"class_list":["post-2367","page","type-page","status-publish","hentry"],"_links":{"self":[{"href":"https:\/\/biblian.is\/biblian\/wp-json\/wp\/v2\/pages\/2367","targetHints":{"allow":["GET"]}}],"collection":[{"href":"https:\/\/biblian.is\/biblian\/wp-json\/wp\/v2\/pages"}],"about":[{"href":"https:\/\/biblian.is\/biblian\/wp-json\/wp\/v2\/types\/page"}],"author":[{"embeddable":true,"href":"https:\/\/biblian.is\/biblian\/wp-json\/wp\/v2\/users\/1"}],"replies":[{"embeddable":true,"href":"https:\/\/biblian.is\/biblian\/wp-json\/wp\/v2\/comments?post=2367"}],"version-history":[{"count":0,"href":"https:\/\/biblian.is\/biblian\/wp-json\/wp\/v2\/pages\/2367\/revisions"}],"wp:attachment":[{"href":"https:\/\/biblian.is\/biblian\/wp-json\/wp\/v2\/media?parent=2367"}],"curies":[{"name":"wp","href":"https:\/\/api.w.org\/{rel}","templated":true}]}}