{"id":2365,"date":"2017-12-30T21:02:52","date_gmt":"2017-12-30T21:02:52","guid":{"rendered":"http:\/\/biblian.is\/biblian\/jerem%c2%92a-3-kafli\/"},"modified":"2024-07-03T12:50:09","modified_gmt":"2024-07-03T12:50:09","slug":"jeremia-3-kafli","status":"publish","type":"page","link":"https:\/\/biblian.is\/biblian\/jeremia-3-kafli\/","title":{"rendered":"Jerem\u00eda 3. kafli"},"content":{"rendered":"<h3 class=\"millifyrirsogn_2007\"> S\u00e1ttm\u00e1linn rofinn<\/h3>\n<p><span class=\"ljodatexti\"> <a name=\"1\"><span class=\"versanumer_ljod\">1<\/span><\/a>Ef ma\u00f0ur rekur konu s\u00edna fr\u00e1 s\u00e9r og h\u00fan fer<br \/>og ver\u00f0ur eiginkona annars manns, <br \/>getur h\u00fan \u00fe\u00e1 sn\u00fai\u00f0 til hans aftur? <br \/> Mundi \u00feetta land ekki vanhelgast af \u00fev\u00ed? <br \/>Og \u00fe\u00fa sem hefur h\u00f3rast me\u00f0 m\u00f6rgum fri\u00f0lum, <br \/>\u00e6ttir \u00fe\u00fa a\u00f0 geta sn\u00fai\u00f0 aftur til m\u00edn? segir Drottinn. <br \/> <\/span> <span class=\"ljodatexti\"> <a name=\"2\"><span class=\"versanumer_ljod\">2<\/span><\/a>L\u00edttu til gr\u00f3\u00f0urvana h\u00e6\u00f0anna, <br \/>g\u00e6ttu a\u00f0: Hvar hefur \u00fe\u00fa ekki veri\u00f0 sv\u00edvirt? <br \/>\u00de\u00fa sast vi\u00f0 veginn og bei\u00f0st fri\u00f0la eins og Arabi \u00ed ey\u00f0im\u00f6rkinni. <br \/>\u00de\u00fa vanhelga\u00f0ir landi\u00f0 me\u00f0 h\u00f3rd\u00f3mi \u00fe\u00ednum og illsku <br \/> <\/span> <span class=\"ljodatexti\"> <a name=\"3\"><span class=\"versanumer_ljod\">3<\/span><\/a>svo a\u00f0 rigningu var haldi\u00f0 aftur <br \/>og ekkert vorregn f\u00e9ll. <br \/>En \u00fe\u00fa varst \u00f3fyrirleitin \u00e1 svip eins og sk\u00e6kja <br \/>og vildir ekki skammast \u00fe\u00edn. <br \/> <\/span> <span class=\"ljodatexti\"> <a name=\"4\"><span class=\"versanumer_ljod\">4<\/span><\/a>Eigi a\u00f0 s\u00ed\u00f0ur hefur \u00fe\u00fa hr\u00f3pa\u00f0 til m\u00edn:<br \/>\u201eFa\u00f0ir minn, unnusti \u00e6sku minnar. <br \/> <\/span> <span class=\"ljodatexti\"> <a name=\"5\"><span class=\"versanumer_ljod\">5<\/span><\/a>Ver\u00f0ur hann \u00e6vinlega rei\u00f0ur, <br \/>ver\u00f0ur hann \u00e1vallt gramur?\u201c<br \/>\u00deannig talar \u00fe\u00fa en breytir illa og \u00fea\u00f0 getur \u00fe\u00fa. <\/span> <\/p>\n<h3 class=\"millifyrirsogn_2007\">\u00d3tr\u00famennska \u00cdsraels og J\u00fada<\/h3>\n<p><a name=\"6\"><span class=\"versanumer_2007\">6<\/span><\/a> \u00c1 d\u00f6gum J\u00f3s\u00eda konungs sag\u00f0i Drottinn vi\u00f0 mig: Hefur \u00fe\u00fa s\u00e9\u00f0 hva\u00f0 hin \u00f3tr\u00faa \u00cdsrael hefur gert? H\u00fan f\u00f3r upp \u00e1 hvern h\u00e1an h\u00f3l og undir hvert gr\u00e6nt tr\u00e9 og dr\u00fdg\u00f0i \u00fear h\u00f3r. <a name=\"7\"><span class=\"versanumer_2007\">7<\/span><\/a> \u00de\u00e1 hugsa\u00f0i \u00e9g: \u00deegar h\u00fan hefur gert allt \u00feetta kemur h\u00fan aftur til m\u00edn. En h\u00fan kom ekki aftur og \u00fea\u00f0 s\u00e1 J\u00fada, hin svikula systir hennar. <br \/> <a name=\"8\"><span class=\"versanumer_2007\">8<\/span><\/a> H\u00fan s\u00e1 einnig a\u00f0 \u00e9g sendi \u00cdsrael, hina \u00f3tr\u00fau, \u00ed burt og f\u00e9kk henni skilna\u00f0arbr\u00e9f vegna hj\u00faskaparbrots hennar. En hin svikula J\u00fada, systir hennar, var\u00f0 ekki hr\u00e6dd heldur t\u00f3k einnig a\u00f0 dr\u00fdgja h\u00f3r. <a name=\"9\"><span class=\"versanumer_2007\">9<\/span><\/a> Me\u00f0 l\u00e9tt\u00fa\u00f0arfullu lausl\u00e6ti s\u00ednu vanhelga\u00f0i h\u00fan landi\u00f0 og dr\u00fdg\u00f0i h\u00f3r me\u00f0 stokkum og steinum. <a name=\"10\"><span class=\"versanumer_2007\">10<\/span><\/a> En \u00fer\u00e1tt fyrir allt \u00feetta sneri J\u00fada, hin svikula systir hennar, s\u00e9r aldrei heils hugar til m\u00edn heldur a\u00f0eins af hr\u00e6sni, segir Drottinn.<br \/> <a name=\"11\"><span class=\"versanumer_2007\">11<\/span><\/a> Drottinn sag\u00f0i enn fremur vi\u00f0 mig: Hin \u00f3tr\u00faa \u00cdsrael er r\u00e9ttl\u00e1tari en hin svikula J\u00fada.<br \/> <a name=\"12\"><span class=\"versanumer_2007\">12<\/span><\/a> Far\u00f0u, hr\u00f3pa\u00f0u \u00feessi or\u00f0 \u00ed nor\u00f0ur: <br \/> <span class=\"ljodatexti\"> Hverf aftur, \u00fe\u00fa \u00f3tr\u00faa \u00cdsrael, segir Drottinn. <br \/>\u00c9g mun ekki l\u00edta til \u00fe\u00edn \u00ed rei\u00f0i <br \/>\u00fev\u00ed a\u00f0 \u00e9g er miskunnsamur, segir Drottinn.<br \/>\u00c9g er ekki \u00e6vinlega rei\u00f0ur. <br \/> <\/span> <span class=\"ljodatexti\"> <a name=\"13\"><span class=\"versanumer_ljod\">13<\/span><\/a>vi\u00f0urkenndu a\u00f0eins sekt \u00fe\u00edna, <br \/>a\u00f0 \u00fe\u00fa hafir rofi\u00f0 tr\u00fana\u00f0 vi\u00f0 Drottin, Gu\u00f0 \u00feinn.<br \/>\u00de\u00fa lag\u00f0ir lag \u00feitt vi\u00f0 framandi gu\u00f0i, <br \/>undir hverju gr\u00e6nu tr\u00e9, <br \/>en r\u00f6dd minni hl\u00fdddu\u00f0 \u00fe\u00e9r ekki, segir Drottinn. <\/span> <\/p>\n<h3 class=\"millifyrirsogn_2007\">Fyrirheit um heimf\u00f6r<\/h3>\n<p><a name=\"14\"><span class=\"versanumer_2007\">14<\/span><\/a> Sn\u00fai\u00f0 aftur, svikulu synir, segir Drottinn, \u00fev\u00ed a\u00f0 \u00fea\u00f0 er \u00e9g sem r\u00edki<span class=\"nedan_mal\" title=\" H\u00e9r er um or\u00f0aleik a\u00f0 r\u00e6\u00f0a \u00e1 hebreskunni milli or\u00f0anna \u201ea\u00f0 vera herra\u201c og nafns gu\u00f0sins Baals.\">[<\/span> yfir y\u00f0ur. \u00c9g s\u00e6ki y\u00f0ur, einn \u00far hverri borg, tvo \u00far hverri \u00e6tt og flyt y\u00f0ur til S\u00edonar.<br \/> <a name=\"15\"><span class=\"versanumer_2007\">15<\/span><\/a> \u00c9g mun f\u00e1 y\u00f0ur hir\u00f0a sem eru m\u00e9r a\u00f0 skapi og \u00feeir munu g\u00e6ta y\u00f0ar<span class=\"nedan_mal\" title=\" Or\u00f0r\u00e9tt: halda y\u00f0ur \u00e1 beit, halda y\u00f0ur \u00ed haga. \">[<\/span> me\u00f0 skynsemi og hyggindum. <a name=\"16\"><span class=\"versanumer_2007\">16<\/span><\/a> \u00deegar y\u00f0ur fj\u00f6lgar og \u00fe\u00e9r ver\u00f0i\u00f0 frj\u00f3samir \u00ed landinu, segir Drottinn, ver\u00f0ur ekki lengur tala\u00f0 um s\u00e1ttm\u00e1ls\u00f6rk Drottins. H\u00fan mun ekki koma neinum \u00ed hug, enginn mun minnast hennar, enginn sakna hennar og engin \u00f6nnur ver\u00f0ur ger\u00f0.<br \/> <a name=\"17\"><span class=\"versanumer_2007\">17<\/span><\/a> \u00c1 \u00feeim t\u00edma ver\u00f0ur Jer\u00fasalem nefnd \u201eh\u00e1s\u00e6ti Drottins\u201c og allar \u00fej\u00f3\u00f0ir munu safnast saman vegna nafns Drottins \u00ed Jer\u00fasalem og ekki framar fylgja \u00ferj\u00f3sku s\u00edns vonda hjarta. <a name=\"18\"><span class=\"versanumer_2007\">18<\/span><\/a> \u00c1 \u00feeim d\u00f6gum munu J\u00fadamenn sameinast \u00cdsraelsm\u00f6nnum og \u00feeir munu koma sameina\u00f0ir fr\u00e1 landinu \u00ed nor\u00f0ri til landsins sem \u00e9g f\u00e9kk fe\u00f0rum y\u00f0ar a\u00f0 erf\u00f0ahlut. <\/p>\n<h3 class=\"millifyrirsogn_2007\">Hj\u00e1gu\u00f0ad\u00fdrkun l\u00fd\u00f0s Gu\u00f0s<\/h3>\n<p><span class=\"ljodatexti\"> <a name=\"19\"><span class=\"versanumer_ljod\">19<\/span><\/a>\u00c9g hef sj\u00e1lfur sagt: <br \/>\u00c9g f\u00e6 \u00fe\u00e9r sta\u00f0 \u00e1 me\u00f0al sonanna <br \/>og gef \u00fe\u00e9r una\u00f0slegt land, <br \/>hina d\u00fdrlegustu arfleif\u00f0 me\u00f0al \u00fej\u00f3\u00f0anna.<br \/>\u00c9g sag\u00f0i: Kalla\u00f0u mig f\u00f6\u00f0ur <br \/>og sn\u00fa\u00f0u ekki baki vi\u00f0 m\u00e9r. <br \/> <\/span> <span class=\"ljodatexti\"> <a name=\"20\"><span class=\"versanumer_ljod\">20<\/span><\/a>En eins og kona ver\u00f0ur \u00f3tr\u00fa, <br \/>\u00feannig ur\u00f0u\u00f0 \u00fe\u00e9r, \u00cdsraelsmenn, m\u00e9r \u00f3tr\u00fair, <br \/>segir Drottinn. <br \/> <\/span> <span class=\"ljodatexti\"> <a name=\"21\"><span class=\"versanumer_ljod\">21<\/span><\/a>Hlusti\u00f0. \u00c1 gr\u00f3\u00f0urvana h\u00e6\u00f0unum heyrist gr\u00e1tur, <br \/>kveinstafir og harmat\u00f6lur \u00cdsraelsmanna <br \/>\u00fev\u00ed a\u00f0 \u00feeir hafa villst af lei\u00f0 <br \/>og gleymt Drottni, Gu\u00f0i s\u00ednum. <br \/> <\/span> <span class=\"ljodatexti\"> <a name=\"22\"><span class=\"versanumer_ljod\">22<\/span><\/a> Sn\u00fai\u00f0 aftur, svikulu synir, <br \/>\u00e9g mun l\u00e6kna sviksemi y\u00f0ar. <br \/>H\u00e9r erum v\u00e9r, v\u00e9r komum til \u00fe\u00edn <br \/>\u00fev\u00ed a\u00f0 \u00fe\u00fa ert Drottinn, Gu\u00f0 vor.<br \/> <\/span> <span class=\"ljodatexti\"> <a name=\"23\"><span class=\"versanumer_ljod\">23<\/span><\/a> Sannarlega er \u00fea\u00f0 blekking sem heyrist \u00e1 h\u00e6\u00f0unum, <br \/>h\u00e1va\u00f0inn fr\u00e1 fj\u00f6llunum, <br \/>sannarlega er hj\u00e1lp \u00cdsraels <br \/>hj\u00e1 Drottni, Gu\u00f0i vorum. <br \/> <\/span> <span class=\"ljodatexti\"> <a name=\"24\"><span class=\"versanumer_ljod\">24<\/span><\/a> En sv\u00edvir\u00f0ingin hefur gleypt au\u00f0 fe\u00f0ra vorra, <br \/>allt fr\u00e1 \u00e6skud\u00f6gum vorum, <br \/>sau\u00f0i \u00feeirra og nautpening, <br \/>syni \u00feeirra og d\u00e6tur. <br \/> <\/span> <span class=\"ljodatexti\"> <a name=\"25\"><span class=\"versanumer_ljod\">25<\/span><\/a> V\u00e9r skulum leggjast ni\u00f0ur \u00ed sm\u00e1n,<br \/>sk\u00f6mmin hylur oss, <br \/>\u00fev\u00ed a\u00f0 v\u00e9r h\u00f6fum syndga\u00f0 gegn Drottni, Gu\u00f0i vorum, <br \/>v\u00e9r og fe\u00f0ur vorir, <br \/>allt fr\u00e1 \u00e6skud\u00f6gum vorum og fram \u00e1 \u00feennan dag <br \/>h\u00f6fum v\u00e9r ekki hl\u00fdtt bo\u00f0i Drottins, Gu\u00f0s vors. <\/span> <\/p>\n","protected":false},"excerpt":{"rendered":"<p>S\u00e1ttm\u00e1linn rofinn 1Ef ma\u00f0ur rekur konu s\u00edna fr\u00e1 s\u00e9r og h\u00fan ferog ver\u00f0ur eiginkona annars manns, getur h\u00fan \u00fe\u00e1 sn\u00fai\u00f0 til hans aftur? Mundi \u00feetta land ekki vanhelgast af \u00fev\u00ed? Og \u00fe\u00fa sem hefur h\u00f3rast me\u00f0 m\u00f6rgum fri\u00f0lum, \u00e6ttir \u00fe\u00fa a\u00f0 geta sn\u00fai\u00f0 aftur til m\u00edn? segir Drottinn. 2L\u00edttu til gr\u00f3\u00f0urvana h\u00e6\u00f0anna, g\u00e6ttu a\u00f0: Hvar hefur \u00fe\u00fa ekki veri\u00f0 sv\u00edvirt? \u00de\u00fa sast vi\u00f0 veginn og bei\u00f0st fri\u00f0la eins og Arabi \u00ed ey\u00f0im\u00f6rkinni. \u00de\u00fa vanhelga\u00f0ir landi\u00f0 me\u00f0 h\u00f3rd\u00f3mi \u00fe\u00ednum og illsku 3svo a\u00f0 rigningu var haldi\u00f0 aftur og ekkert vorregn f\u00e9ll. En \u00fe\u00fa varst \u00f3fyrirleitin \u00e1 svip eins og sk\u00e6kja og <a href=\"https:\/\/biblian.is\/biblian\/jeremia-3-kafli\/\"> [&#8230;]<\/a><\/p>\n","protected":false},"author":1,"featured_media":0,"parent":0,"menu_order":0,"comment_status":"open","ping_status":"open","template":"bibliukaflar_NT.php","meta":{"footnotes":""},"class_list":["post-2365","page","type-page","status-publish","hentry"],"_links":{"self":[{"href":"https:\/\/biblian.is\/biblian\/wp-json\/wp\/v2\/pages\/2365","targetHints":{"allow":["GET"]}}],"collection":[{"href":"https:\/\/biblian.is\/biblian\/wp-json\/wp\/v2\/pages"}],"about":[{"href":"https:\/\/biblian.is\/biblian\/wp-json\/wp\/v2\/types\/page"}],"author":[{"embeddable":true,"href":"https:\/\/biblian.is\/biblian\/wp-json\/wp\/v2\/users\/1"}],"replies":[{"embeddable":true,"href":"https:\/\/biblian.is\/biblian\/wp-json\/wp\/v2\/comments?post=2365"}],"version-history":[{"count":0,"href":"https:\/\/biblian.is\/biblian\/wp-json\/wp\/v2\/pages\/2365\/revisions"}],"wp:attachment":[{"href":"https:\/\/biblian.is\/biblian\/wp-json\/wp\/v2\/media?parent=2365"}],"curies":[{"name":"wp","href":"https:\/\/api.w.org\/{rel}","templated":true}]}}