{"id":2364,"date":"2017-12-30T21:02:52","date_gmt":"2017-12-30T21:02:52","guid":{"rendered":"http:\/\/biblian.is\/biblian\/jerem%c2%92a-2-kafli\/"},"modified":"2024-07-03T12:50:06","modified_gmt":"2024-07-03T12:50:06","slug":"jeremia-2-kafli","status":"publish","type":"page","link":"https:\/\/biblian.is\/biblian\/jeremia-2-kafli\/","title":{"rendered":"Jerem\u00eda 2. kafli"},"content":{"rendered":"<h2 class=\"millifyrirsogn_2007\">\u00c1deilur\u00e6\u00f0ur gegn J\u00fada og Jer\u00fasalem <\/h2>\n<h3 class=\"millifyrirsogn_2007\">\u00d3tr\u00fa \u00fej\u00f3\u00f0<\/h3>\n<p><a name=\"1\"><span class=\"versanumer_2007\">1<\/span><\/a> Or\u00f0 Drottins kom til m\u00edn: <br \/> <span class=\"ljodatexti\"> <a name=\"2\"><span class=\"versanumer_ljod\">2<\/span><\/a>Far og hr\u00f3pa til Jer\u00fasalemb\u00faa: <br \/>Svo segir Drottinn: <br \/>\u00c9g minnist enn \u00e6skutrygg\u00f0ar \u00feinnar, <br \/>k\u00e6rleika \u00fe\u00edns er \u00fe\u00fa sem br\u00fa\u00f0ur <br \/>fylgdir m\u00e9r \u00ed ey\u00f0im\u00f6rkinni, <br \/>landi sem enginn getur r\u00e6kta\u00f0. <br \/> <\/span> <span class=\"ljodatexti\"> <a name=\"3\"><span class=\"versanumer_ljod\">3<\/span><\/a>\u00cdsrael var helga\u00f0ur Drottni, <br \/>frumgr\u00f3\u00f0i uppskeru hans. <br \/>Allir sem neyttu einhvers af honum ur\u00f0u sekir, <br \/>\u00f3g\u00e6fa kom yfir \u00fe\u00e1, segir Drottinn.<br \/> <\/span> <span class=\"ljodatexti\"> <a name=\"4\"><span class=\"versanumer_ljod\">4<\/span><\/a>Hl\u00fd\u00f0i\u00f0 \u00e1 or\u00f0 Drottins, \u00fe\u00e9r sem eru\u00f0 af \u00e6tt Jakobs <br \/>og allir \u00e6ttb\u00e1lkar \u00cdsraels!<br \/> <\/span> <span class=\"ljodatexti\"> <a name=\"5\"><span class=\"versanumer_ljod\">5<\/span><\/a>Svo segir Drottinn: <br \/>Hva\u00f0a rangindi fundu fe\u00f0ur y\u00f0ar hj\u00e1 m\u00e9r, <br \/>fyrst \u00feeir hurfu fr\u00e1 m\u00e9r <br \/>og eltu f\u00e1n\u00fdt go\u00f0 <br \/>og ur\u00f0u \u00fev\u00ed sj\u00e1lfir f\u00e1n\u00fdtir?<br \/> <\/span> <span class=\"ljodatexti\"> <a name=\"6\"><span class=\"versanumer_ljod\">6<\/span><\/a>\u00deeir spur\u00f0u ekki: Hvar er Drottinn <br \/>sem leiddi oss fr\u00e1 Egyptalandi <br \/>og v\u00edsa\u00f0i oss veg \u00ed ey\u00f0im\u00f6rkinni, <br \/>um \u00feurrt og sprungi\u00f0 land, <br \/>skr\u00e6lna\u00f0 og ni\u00f0dimmt, <br \/>land sem enginn fer um <br \/>og enginn ma\u00f0ur byggir?<br \/> <\/span> <span class=\"ljodatexti\"> <a name=\"7\"><span class=\"versanumer_ljod\">7<\/span><\/a>\u00c9g leiddi y\u00f0ur inn \u00ed gj\u00f6fult land <br \/>svo a\u00f0 \u00fe\u00e9r g\u00e6tu\u00f0 noti\u00f0 \u00e1vaxta \u00feess og g\u00e6\u00f0a. <br \/>En \u00feegar \u00fe\u00e9r komu\u00f0 inn \u00ed land mitt <br \/>saurgu\u00f0u\u00f0 \u00fe\u00e9r \u00fea\u00f0 <br \/>og ger\u00f0u\u00f0 erf\u00f0aland mitt a\u00f0 vi\u00f0urstygg\u00f0.<br \/> <\/span> <span class=\"ljodatexti\"> <a name=\"8\"><span class=\"versanumer_ljod\">8<\/span><\/a>Prestarnir spur\u00f0u ekki: \u201eHvar er Drottinn?\u201c <br \/>\u00deeir sem g\u00e6ttu laganna \u00feekktu mig ekki, <br \/>hir\u00f0arnir sviku mig, <br \/>sp\u00e1mennirnir sp\u00e1\u00f0u \u00ed nafni Baals <br \/>og eltu f\u00e1n\u00fdt go\u00f0. <br \/> <\/span> <span class=\"ljodatexti\"> <a name=\"9\"><span class=\"versanumer_ljod\">9<\/span><\/a>\u00deess vegna hl\u00fdt \u00e9g a\u00f0 \u00e1k\u00e6ra y\u00f0ur, segir Drottinn <br \/>og \u00e9g hl\u00fdt a\u00f0 \u00e1k\u00e6ra barnab\u00f6rn y\u00f0ar.<br \/> <\/span> <span class=\"ljodatexti\"> <a name=\"10\"><span class=\"versanumer_ljod\">10<\/span><\/a>Fari\u00f0 til eyja Kitta og litist um <br \/>e\u00f0a sendi\u00f0 til Kedars og spyrjist r\u00e6kilega fyrir, <br \/>gangi\u00f0 \u00far skugga um <br \/>hvort anna\u00f0 eins hafi nokkru sinni \u00e1tt s\u00e9r sta\u00f0. <br \/> <\/span> <span class=\"ljodatexti\"> <a name=\"11\"><span class=\"versanumer_ljod\">11<\/span><\/a>Hefur nokkur \u00fej\u00f3\u00f0 skipt um gu\u00f0i <br \/>\u00fe\u00f3tt \u00feeir v\u00e6ru engir gu\u00f0ir? <br \/>En \u00fej\u00f3\u00f0 m\u00edn hefur l\u00e1ti\u00f0 vegsemd s\u00edna <br \/>fyrir \u00fea\u00f0 sem ekkert er.<br \/> <\/span> <span class=\"ljodatexti\"> <a name=\"12\"><span class=\"versanumer_ljod\">12<\/span><\/a>Hrylli\u00f0 y\u00f0ur, himnar, titri\u00f0 og n\u00f6tri\u00f0, segir Drottinn,<br \/> <\/span> <span class=\"ljodatexti\"> <a name=\"13\"><span class=\"versanumer_ljod\">13<\/span><\/a>\u00fev\u00ed a\u00f0 \u00fej\u00f3\u00f0 m\u00edn hefur gert tvennt illt: <br \/>H\u00fan hefur yfirgefi\u00f0 mig, <br \/>uppsprettu lifandi vatns, <br \/>og grafi\u00f0 s\u00e9r brunna, <br \/>sprungna brunna sem ekki halda vatni. <br \/> <\/span> <span class=\"ljodatexti\"> <a name=\"14\"><span class=\"versanumer_ljod\">14<\/span><\/a>Er \u00cdsrael \u00e1nau\u00f0ugur? <br \/>Er hann \u00fer\u00e6lborinn \u00ed h\u00fasi eiganda s\u00edns? <br \/>Hvers vegna hefur hann or\u00f0i\u00f0 br\u00e1\u00f0<br \/> <\/span> <span class=\"ljodatexti\"> <a name=\"15\"><span class=\"versanumer_ljod\">15<\/span><\/a>sem lj\u00f3n grenju\u00f0u yfir og \u00f6skru\u00f0u gegn? <br \/>Land hans var lagt \u00ed ey\u00f0i, <br \/>borgir hans brenndar og yfirgefnar.<br \/> <\/span> <span class=\"ljodatexti\"> <a name=\"16\"><span class=\"versanumer_ljod\">16<\/span><\/a>Jafnvel menn fr\u00e1 N\u00f3f og Takpanes<br \/>munu raka \u00e1 \u00fe\u00e9r hvirfilinn.<br \/> <\/span> <span class=\"ljodatexti\"> <a name=\"17\"><span class=\"versanumer_ljod\">17<\/span><\/a>Hefur\u00f0u ekki baka\u00f0 \u00fe\u00e9r \u00feetta allt <br \/>me\u00f0 \u00fev\u00ed a\u00f0 yfirgefa Drottin, Gu\u00f0 \u00feinn, <br \/>er hann leiddi \u00feig \u00e1 veginum?<br \/> <\/span> <span class=\"ljodatexti\"> <a name=\"18\"><span class=\"versanumer_ljod\">18<\/span><\/a>Hva\u00f0a \u00e1vinning hefur\u00f0u af \u00fev\u00ed <br \/>a\u00f0 fara til Egyptalands og drekka vatn \u00far N\u00edl? <br \/>Hva\u00f0 hefur\u00f0u upp \u00far \u00fev\u00ed <br \/>a\u00f0 fara til Ass\u00fdr\u00edu og drekka vatn \u00far Efrat?<br \/> <\/span> <span class=\"ljodatexti\"> <a name=\"19\"><span class=\"versanumer_ljod\">19<\/span><\/a>Illska \u00fe\u00edn mun aga \u00feig <br \/>og fr\u00e1hvarf \u00feitt refsa \u00fe\u00e9r. <br \/>J\u00e1ta og ger \u00fe\u00e9r lj\u00f3st<br \/>a\u00f0 \u00fe\u00fa l\u00ed\u00f0ur b\u00f6l og kvelst <br \/>af \u00fev\u00ed a\u00f0 \u00fe\u00fa sveikst Drottin, Gu\u00f0 \u00feinn, <br \/>og \u00f3tta\u00f0ist mig ekki, segir Drottinn, Gu\u00f0 hersveitanna. <\/span> <\/p>\n<h3 class=\"millifyrirsogn_2007\">Hj\u00e1gu\u00f0ad\u00fdrkun<\/h3>\n<p><span class=\"ljodatexti\"> <a name=\"20\"><span class=\"versanumer_ljod\">20<\/span><\/a>Fyrir l\u00f6ngu braust \u00fe\u00fa af \u00fe\u00e9r oki\u00f0 <br \/>og sleist af \u00fe\u00e9r fj\u00f6trana.<br \/>\u00de\u00fa sag\u00f0ir: \u201e\u00c9g vil ekki vera \u00fer\u00e6ll.\u201c <br \/>En \u00e1 hverjum h\u00e1um h\u00f3l, undir hverju gr\u00e6nu tr\u00e9, <br \/>lag\u00f0ist \u00fe\u00fa og h\u00f3ra\u00f0ist.<br \/> <\/span> <span class=\"ljodatexti\"> <a name=\"21\"><span class=\"versanumer_ljod\">21<\/span><\/a>\u00deegar \u00e9g gr\u00f3\u00f0ursetti \u00feig <br \/>varstu g\u00e6\u00f0av\u00ednvi\u00f0ur, <br \/>hver gr\u00e6\u00f0lingur var af \u00farvalskyni. <br \/>Hvernig gastu breyst \u00ed illgresi, \u00farkynja\u00f0an v\u00ednvi\u00f0?<br \/> <\/span> <span class=\"ljodatexti\"> <a name=\"22\"><span class=\"versanumer_ljod\">22<\/span><\/a> \u00de\u00f3tt \u00fe\u00fa \u00fev\u00e6gir \u00fe\u00e9r me\u00f0 l\u00fat <br \/>og spara\u00f0ir ekki s\u00e1puna <br \/>ver\u00f0ur synd \u00fe\u00edn \u00f3afm\u00e1anlegur blettur fyrir augum m\u00e9r, <br \/>segir Drottinn, Gu\u00f0.<br \/> <\/span> <span class=\"ljodatexti\"> <a name=\"23\"><span class=\"versanumer_ljod\">23<\/span><\/a> Hvernig getur \u00fe\u00fa sagt: \u201e\u00c9g hef ekki saurga\u00f0 mig, <br \/>\u00e9g hef ekki elt Baalana.\u201c <br \/>Hygg\u00f0u a\u00f0 heg\u00f0un \u00feinni \u00ed dalnum, <br \/>vi\u00f0urkenndu hva\u00f0 \u00fe\u00fa hefur gert.<br \/>\u00de\u00fa ert l\u00e9ttf\u00e6tt \u00falfaldahryssa sem r\u00e1sar um,<br \/> <\/span> <span class=\"ljodatexti\"> <a name=\"24\"><span class=\"versanumer_ljod\">24<\/span><\/a> stekkur s\u00ed\u00f0an \u00fat \u00ed ey\u00f0im\u00f6rkina<br \/>og fr\u00fdsar af fryg\u00f0. <br \/>Hver getur hami\u00f0 losta hennar? <br \/>\u00deeir sem s\u00e6kjast eftir henni \u00feurfa ekki a\u00f0 \u00fereyta sig, <br \/>\u00feeir ganga a\u00f0 henni v\u00edsri \u00e1 gangm\u00e1lum.<br \/> <\/span> <span class=\"ljodatexti\"> <a name=\"25\"><span class=\"versanumer_ljod\">25<\/span><\/a> Hl\u00edf\u00f0u f\u00e6ti \u00fe\u00ednum svo a\u00f0 \u00fe\u00fa gangir ekki af \u00fe\u00e9r sk\u00f3inn, <br \/>hl\u00edf\u00f0u kverkunum vi\u00f0 \u00feorsta. <br \/>En \u00fe\u00fa segir: \u201eNei, \u00fea\u00f0 er til einskis.<br \/>\u00c9g la\u00f0ast a\u00f0 \u00feeim sem eru framandi og fylgi \u00feeim.\u201c<br \/> <\/span> <span class=\"ljodatexti\"> <a name=\"26\"><span class=\"versanumer_ljod\">26<\/span><\/a> Eins og \u00fej\u00f3fur skammast s\u00edn \u00feegar hann er sta\u00f0inn a\u00f0 verki <br \/>hlj\u00f3ta \u00feeir sem eru af \u00e6tt \u00cdsraels a\u00f0 skammast s\u00edn, <br \/>\u00feeir, konungar \u00feeirra og emb\u00e6ttismenn, <br \/>prestar \u00feeirra og sp\u00e1menn.<br \/> <\/span> <span class=\"ljodatexti\"> <a name=\"27\"><span class=\"versanumer_ljod\">27<\/span><\/a> \u00deeir segja vi\u00f0 tr\u00e9drumb: \u201e\u00de\u00fa ert fa\u00f0ir minn,\u201c <br \/>og vi\u00f0 steininn: \u201e\u00de\u00fa hefur f\u00e6tt mig.\u201c <br \/>\u00deeir sn\u00faa vi\u00f0 m\u00e9r baki, <br \/>ekki andlitinu. <br \/>En \u00feegar \u00feeir eru \u00ed nau\u00f0um staddir segja \u00feeir: <br \/>\u201eR\u00eds upp og hj\u00e1lpa oss.\u201c<br \/> <\/span> <span class=\"ljodatexti\"> <a name=\"28\"><span class=\"versanumer_ljod\">28<\/span><\/a> Hvar eru gu\u00f0ir \u00fe\u00ednir sem \u00fe\u00fa sj\u00e1lfur hefur gert \u00fe\u00e9r? <br \/>\u00deeir skulu r\u00edsa upp \u00feegar \u00fe\u00fa ert \u00ed nau\u00f0um staddur<br \/>og hj\u00e1lpa \u00fe\u00e9r ef \u00feeir geta. <br \/>\u00dev\u00ed a\u00f0 gu\u00f0ir \u00fe\u00ednir, J\u00fada, <br \/>eru jafnmargir og borgir \u00fe\u00ednar. <\/span> <\/p>\n<h3 class=\"millifyrirsogn_2007\">Ver\u00f0skuldu\u00f0 refsing<\/h3>\n<p><span class=\"ljodatexti\"> <a name=\"29\"><span class=\"versanumer_ljod\">29<\/span><\/a> Hvers vegna \u00e1k\u00e6ri\u00f0 \u00fe\u00e9r mig? <br \/>\u00de\u00e9r hafi\u00f0 allir brug\u00f0ist m\u00e9r, segir Drottinn. <br \/> <\/span> <span class=\"ljodatexti\"> <a name=\"30\"><span class=\"versanumer_ljod\">30<\/span><\/a> Til einskis hirti \u00e9g syni y\u00f0ar, \u00feeir l\u00e9tu s\u00e9r ekki segjast. <br \/>Eins og glefsandi lj\u00f3n tort\u00edmdu sver\u00f0 y\u00f0ar sp\u00e1m\u00f6nnunum. <span class=\"nedan_mal\" title=\" Annar lesh\u00e1ttur: Sver\u00f0 y\u00f0ar gleypti sp\u00e1mennina eins og lj\u00f3n sem drepur.\">[<\/span> <br \/> <\/span> <span class=\"ljodatexti\"> <a name=\"31\"><span class=\"versanumer_ljod\">31<\/span><\/a> \u00de\u00e9r sem n\u00fa lifi\u00f0, gefi\u00f0 gaum a\u00f0 or\u00f0i Drottins: <br \/>Hef \u00e9g veri\u00f0 ey\u00f0im\u00f6rk fyrir \u00cdsrael e\u00f0a ni\u00f0dimmt land? <br \/>Hvers vegna segir \u00fej\u00f3\u00f0 m\u00edn: <br \/>\u201eV\u00e9r f\u00f6rum \u00feanga\u00f0 sem oss s\u00fdnist, <br \/>v\u00e9r sn\u00faum ekki aftur til \u00fe\u00edn.\u201c <br \/> <\/span> <span class=\"ljodatexti\"> <a name=\"32\"><span class=\"versanumer_ljod\">32<\/span><\/a> Mun m\u00e6r gleyma skarti s\u00ednu, <br \/>br\u00fa\u00f0ur belti s\u00ednu? <br \/>En \u00fej\u00f3\u00f0 m\u00edn hefur gleymt m\u00e9r fyrir \u00f3ral\u00f6ngu. <br \/> <\/span> <span class=\"ljodatexti\"> <a name=\"33\"><span class=\"versanumer_ljod\">33<\/span><\/a> \u00dea\u00f0 vefst ekki fyrir \u00fe\u00e9r <br \/>a\u00f0 finna lei\u00f0 til elskhuga \u00fe\u00edns.<br \/>\u00de\u00fa hefur gert \u00fe\u00e9r illvirkin t\u00f6m. <span class=\"nedan_mal\" title=\" \u00d6nnur hugsanleg \u00fe\u00fd\u00f0ing: Jafnvel spilltar konur hafa l\u00e6rt af \u00fe\u00e9r.\">[<\/span> <br \/> <\/span> <span class=\"ljodatexti\"> <a name=\"34\"><span class=\"versanumer_ljod\">34<\/span><\/a> \u00c1 kl\u00e6\u00f0afaldi \u00fe\u00ednum <br \/>m\u00e1 jafnvel finna bl\u00f3\u00f0 \u00far f\u00e1t\u00e6klingum, <br \/>saklausum m\u00f6nnum sem \u00fe\u00fa st\u00f3\u00f0st \u00fe\u00f3 ekki a\u00f0 innbroti. <br \/>\u00der\u00e1tt fyrir allt \u00feetta <br \/> <\/span> <span class=\"ljodatexti\"> <a name=\"35\"><span class=\"versanumer_ljod\">35<\/span><\/a> segir \u00fe\u00fa: \u201e\u00c9g er saklaus. <br \/>Rei\u00f0i hans gegn m\u00e9r hefur sefast.\u201c<br \/>En \u00e9g dreg \u00feig fyrir r\u00e9tt <br \/>vegna \u00feess a\u00f0 \u00fe\u00fa segir: \u201e\u00c9g hef ekki syndga\u00f0.\u201c<br \/> <\/span> <span class=\"ljodatexti\"> <a name=\"36\"><span class=\"versanumer_ljod\">36<\/span><\/a> Hversu au\u00f0velt \u00e1ttu me\u00f0 <br \/>a\u00f0 velja n\u00fdja lei\u00f0?<br \/>En \u00fe\u00fa ver\u00f0ur fyrir vonbrig\u00f0um me\u00f0 Egyptaland<br \/>eins og Ass\u00fdr\u00eda olli \u00fe\u00e9r vonbrig\u00f0um. <br \/> <\/span> <span class=\"ljodatexti\"> <a name=\"37\"><span class=\"versanumer_ljod\">37<\/span><\/a> \u00dea\u00f0an ver\u00f0ur \u00fe\u00fa einnig a\u00f0 ganga <br \/>me\u00f0 hendur \u00e1 h\u00f6f\u00f0i <br \/>\u00fev\u00ed a\u00f0 Drottinn hefur hafna\u00f0 \u00feeim sem \u00fe\u00fa treystir, <br \/>hj\u00e1lp \u00feeirra mun reynast \u00fe\u00e9r f\u00e1n\u00fdt. <\/span> <\/p>\n","protected":false},"excerpt":{"rendered":"<p>\u00c1deilur\u00e6\u00f0ur gegn J\u00fada og Jer\u00fasalem \u00d3tr\u00fa \u00fej\u00f3\u00f0 1 Or\u00f0 Drottins kom til m\u00edn: 2Far og hr\u00f3pa til Jer\u00fasalemb\u00faa: Svo segir Drottinn: \u00c9g minnist enn \u00e6skutrygg\u00f0ar \u00feinnar, k\u00e6rleika \u00fe\u00edns er \u00fe\u00fa sem br\u00fa\u00f0ur fylgdir m\u00e9r \u00ed ey\u00f0im\u00f6rkinni, landi sem enginn getur r\u00e6kta\u00f0. 3\u00cdsrael var helga\u00f0ur Drottni, frumgr\u00f3\u00f0i uppskeru hans. Allir sem neyttu einhvers af honum ur\u00f0u sekir, \u00f3g\u00e6fa kom yfir \u00fe\u00e1, segir Drottinn. 4Hl\u00fd\u00f0i\u00f0 \u00e1 or\u00f0 Drottins, \u00fe\u00e9r sem eru\u00f0 af \u00e6tt Jakobs og allir \u00e6ttb\u00e1lkar \u00cdsraels! 5Svo segir Drottinn: Hva\u00f0a rangindi fundu fe\u00f0ur y\u00f0ar hj\u00e1 m\u00e9r, fyrst \u00feeir hurfu fr\u00e1 m\u00e9r og eltu f\u00e1n\u00fdt go\u00f0 og ur\u00f0u \u00fev\u00ed sj\u00e1lfir f\u00e1n\u00fdtir? <a href=\"https:\/\/biblian.is\/biblian\/jeremia-2-kafli\/\"> [&#8230;]<\/a><\/p>\n","protected":false},"author":1,"featured_media":0,"parent":0,"menu_order":0,"comment_status":"open","ping_status":"open","template":"bibliukaflar_NT.php","meta":{"footnotes":""},"class_list":["post-2364","page","type-page","status-publish","hentry"],"_links":{"self":[{"href":"https:\/\/biblian.is\/biblian\/wp-json\/wp\/v2\/pages\/2364","targetHints":{"allow":["GET"]}}],"collection":[{"href":"https:\/\/biblian.is\/biblian\/wp-json\/wp\/v2\/pages"}],"about":[{"href":"https:\/\/biblian.is\/biblian\/wp-json\/wp\/v2\/types\/page"}],"author":[{"embeddable":true,"href":"https:\/\/biblian.is\/biblian\/wp-json\/wp\/v2\/users\/1"}],"replies":[{"embeddable":true,"href":"https:\/\/biblian.is\/biblian\/wp-json\/wp\/v2\/comments?post=2364"}],"version-history":[{"count":0,"href":"https:\/\/biblian.is\/biblian\/wp-json\/wp\/v2\/pages\/2364\/revisions"}],"wp:attachment":[{"href":"https:\/\/biblian.is\/biblian\/wp-json\/wp\/v2\/media?parent=2364"}],"curies":[{"name":"wp","href":"https:\/\/api.w.org\/{rel}","templated":true}]}}