{"id":2361,"date":"2017-12-30T21:02:52","date_gmt":"2017-12-30T21:02:52","guid":{"rendered":"http:\/\/biblian.is\/biblian\/jesaja-65-kafli\/"},"modified":"2024-05-06T22:28:35","modified_gmt":"2024-05-06T22:28:35","slug":"jesaja-65-kafli","status":"publish","type":"page","link":"https:\/\/biblian.is\/biblian\/jesaja-65-kafli\/","title":{"rendered":"Jesaja 65. kafli"},"content":{"rendered":"<h3 class=\"millifyrirsogn_2007\"> D\u00f3mur og n\u00e1\u00f0<\/h3>\n<p><span class=\"ljodatexti\"> <a name=\"1\"><span class=\"versanumer_ljod\">1<\/span><\/a>\u00c9g l\u00e9t \u00fe\u00e1 leita svara hj\u00e1 m\u00e9r sem ekki spur\u00f0u <br \/>og l\u00e9t \u00fe\u00e1 finna mig sem ekki leitu\u00f0u m\u00edn.<br \/>\u00c9g sag\u00f0i: \u201eH\u00e9r er \u00e9g, h\u00e9r er \u00e9g,\u201c<br \/>vi\u00f0 \u00fej\u00f3\u00f0 sem \u00e1kalla\u00f0i ekki nafn mitt.<br \/> <\/span> <span class=\"ljodatexti\"> <a name=\"2\"><span class=\"versanumer_ljod\">2<\/span><\/a>\u00c9g breiddi \u00fat hendur m\u00ednar dag hvern<br \/>m\u00f3ti hinni \u00ferj\u00f3sku og uppreisnargj\u00f6rnu \u00fej\u00f3\u00f0<br \/>sem gengur veg sem ekki er g\u00f3\u00f0ur<br \/>og fer a\u00f0 eigin ge\u00f0\u00fe\u00f3tta,<br \/> <\/span> <span class=\"ljodatexti\"> <a name=\"3\"><span class=\"versanumer_ljod\">3<\/span><\/a>m\u00f3ti \u00fej\u00f3\u00f0 sem reitir mig s\u00edfellt til rei\u00f0i<br \/>fyrir augliti m\u00ednu.<br \/>\u00deeir f\u00f3rna \u00ed g\u00f6r\u00f0um<br \/>og brenna reykelsi \u00e1 t\u00edgulsteinum,<br \/> <\/span> <span class=\"ljodatexti\"> <a name=\"4\"><span class=\"versanumer_ljod\">4<\/span><\/a>hafast vi\u00f0 \u00ed gr\u00f6fum,<br \/>dveljast um n\u00e6tur me\u00f0al kletta,<br \/>eta sv\u00ednakj\u00f6t<br \/>og hafa s\u00fapu af \u00f3hreinu kj\u00f6ti \u00ed pottum s\u00ednum.<br \/> <\/span> <span class=\"ljodatexti\"> <a name=\"5\"><span class=\"versanumer_ljod\">5<\/span><\/a>\u00deeir segja: \u201eVertu \u00fear sem \u00fe\u00fa ert,<br \/>komdu ekki n\u00e6rri m\u00e9r \u00fev\u00ed a\u00f0 \u00e9g er of helgur fyrir \u00feig.\u201c<br \/>Sl\u00edkir menn eru reykur \u00ed n\u00f6sum m\u00ednum,<br \/>eldur sem brennur li\u00f0langan daginn.<br \/> <\/span> <span class=\"ljodatexti\"> <a name=\"6\"><span class=\"versanumer_ljod\">6<\/span><\/a>\u00deetta er vissulega skr\u00e1\u00f0 fyrir augliti m\u00ednu,<br \/>\u00e9g mun ekki \u00feagna fyrr en \u00e9g hef endurgoldi\u00f0 \u00feeim<br \/>og varpa\u00f0 gjaldinu \u00ed skaut \u00feeirra,<br \/> <\/span> <span class=\"ljodatexti\"> <a name=\"7\"><span class=\"versanumer_ljod\">7<\/span><\/a>b\u00e6\u00f0i fyrir sekt \u00feeirra og sekt fe\u00f0ra \u00feeirra, <br \/>segir Drottinn.<br \/>\u00deeir brenndu reykelsi \u00e1 fj\u00f6llum <br \/>og sm\u00e1nu\u00f0u mig \u00e1 h\u00e6\u00f0unum.<br \/>\u00c9g mun gjalda \u00feeim eftir verkum \u00feeirra<br \/>og endurgjalda \u00ed skaut \u00feeirra.<br \/> <\/span> <span class=\"ljodatexti\"> <a name=\"8\"><span class=\"versanumer_ljod\">8<\/span><\/a>Svo segir Drottinn:<br \/>\u00deegar menn finna safa \u00ed v\u00ednberi<br \/>segja \u00feeir: \u201eSkemmdu \u00fea\u00f0 ekki<br \/>\u00fev\u00ed a\u00f0 \u00ed \u00fev\u00ed er blessun.\u201c<br \/>Hi\u00f0 sama mun \u00e9g gera fyrir \u00fej\u00f3na m\u00edna<br \/>til a\u00f0 tort\u00edma \u00feeim ekki \u00f6llum. <br \/> <\/span> <span class=\"ljodatexti\"> <a name=\"9\"><span class=\"versanumer_ljod\">9<\/span><\/a>\u00c9g gef Jakobi ni\u00f0ja<br \/>og J\u00fada erfingja a\u00f0 fj\u00f6llum m\u00ednum,<br \/>\u00feeir sem \u00e9g hef vali\u00f0 skulu taka \u00feau til eignar<br \/>og \u00fej\u00f3nar m\u00ednir b\u00faa \u00fear.<br \/> <\/span> <span class=\"ljodatexti\"> <a name=\"10\"><span class=\"versanumer_ljod\">10<\/span><\/a>Saron ver\u00f0ur beitiland fyrir f\u00e9<br \/>og Akordalur hv\u00edldarsta\u00f0ur nauta<br \/>fyrir \u00fej\u00f3\u00f0 m\u00edna sem leitar svara hj\u00e1 m\u00e9r.<br \/> <\/span> <span class=\"ljodatexti\"> <a name=\"11\"><span class=\"versanumer_ljod\">11<\/span><\/a>En y\u00f0ur sem hafi\u00f0 yfirgefi\u00f0 Drottin<br \/>og gleymt m\u00ednu heilaga fjalli,<br \/>y\u00f0ur sem b\u00fai\u00f0 Ga\u00f0 bor\u00f0<br \/>og skenki\u00f0 Men\u00ed bikar,<br \/> <\/span> <span class=\"ljodatexti\"> <a name=\"12\"><span class=\"versanumer_ljod\">12<\/span><\/a>y\u00f0ur ofursel \u00e9g sver\u00f0inu.<br \/>\u00de\u00e9r ver\u00f0i\u00f0 allir a\u00f0 krj\u00fapa til aft\u00f6ku<br \/>\u00fev\u00ed a\u00f0 \u00e9g hr\u00f3pa\u00f0i en \u00fe\u00e9r sv\u00f6ru\u00f0u\u00f0 ekki,<br \/>\u00e9g tala\u00f0i en \u00fe\u00e9r hlustu\u00f0u\u00f0 ekki<br \/>heldur ger\u00f0u\u00f0 \u00fea\u00f0 sem var illt \u00ed augum m\u00ednum<br \/>og v\u00f6ldu\u00f0 \u00fea\u00f0 sem m\u00e9r \u00fe\u00f3kna\u00f0ist ekki.<br \/> <\/span> <span class=\"ljodatexti\"> <a name=\"13\"><span class=\"versanumer_ljod\">13<\/span><\/a>\u00deess vegna segir Drottinn Gu\u00f0 svo:<br \/>\u00dej\u00f3nar m\u00ednir munu eta<br \/>en y\u00f0ur mun hungra,<br \/>\u00fej\u00f3nar m\u00ednir munu drekka<br \/>en y\u00f0ur mun \u00feyrsta,<br \/>\u00fej\u00f3nar m\u00ednir munu gle\u00f0jast<br \/>en von y\u00f0ar mun breg\u00f0ast.<br \/> <\/span> <span class=\"ljodatexti\"> <a name=\"14\"><span class=\"versanumer_ljod\">14<\/span><\/a>\u00dej\u00f3nar m\u00ednir munu hr\u00f3pa af gl\u00f6\u00f0u hjarta<br \/>en \u00fe\u00e9r munu\u00f0 kveina af kv\u00f6ldu hjarta<br \/>og hlj\u00f3\u00f0a af angist.<br \/> <\/span> <span class=\"ljodatexti\"> <a name=\"15\"><span class=\"versanumer_ljod\">15<\/span><\/a>\u00de\u00e9r skulu\u00f0 lj\u00e1 m\u00ednum \u00fatv\u00f6ldu n\u00f6fn y\u00f0ar <br \/>og \u00feeir munu nota \u00feau sem form\u00e6lingu:<br \/>\u201eDrottinn Gu\u00f0 drepi \u00feig,\u201c<br \/>en \u00fej\u00f3num s\u00ednum gefur hann n\u00fdtt nafn.<br \/> <\/span> <span class=\"ljodatexti\"> <a name=\"16\"><span class=\"versanumer_ljod\">16<\/span><\/a>S\u00e1 sem \u00f3skar s\u00e9r blessunar \u00ed landinu<br \/>\u00f3ski s\u00e9r blessunar \u00ed nafni hins tr\u00fafasta Gu\u00f0s<br \/>og hver sem vinnur ei\u00f0 \u00ed landinu,<br \/>hann vinni ei\u00f0 \u00ed nafni hins tr\u00fafasta Gu\u00f0s<br \/>\u00fear sem fyrri \u00ferengingar eru gleymdar<br \/>og huldar fyrir augum m\u00ednum. <\/span> <\/p>\n<h3 class=\"millifyrirsogn_2007\">N\u00fdr himinn og n\u00fd j\u00f6r\u00f0<\/h3>\n<p><span class=\"ljodatexti\"> <a name=\"17\"><span class=\"versanumer_ljod\">17<\/span><\/a>Sj\u00e1, \u00e9g skapa n\u00fdjan himin og n\u00fdja j\u00f6r\u00f0<br \/>og hins fyrra ver\u00f0ur ekki minnst framar<br \/>og \u00fea\u00f0 skal engum \u00ed hug koma.<br \/> <\/span> <span class=\"ljodatexti\"> <a name=\"18\"><span class=\"versanumer_ljod\">18<\/span><\/a>Gle\u00f0jist og fagni\u00f0 \u00e6vinlega<br \/>yfir \u00fev\u00ed sem \u00e9g skapa<br \/>\u00fev\u00ed sj\u00e1, \u00e9g geri Jer\u00fasalem a\u00f0 f\u00f6gnu\u00f0i<br \/>og \u00edb\u00faa hennar a\u00f0 gle\u00f0i.<br \/> <\/span> <span class=\"ljodatexti\"> <a name=\"19\"><span class=\"versanumer_ljod\">19<\/span><\/a>\u00c9g mun gle\u00f0jast yfir Jer\u00fasalem<br \/>og fagna yfir \u00fej\u00f3\u00f0 minni,<br \/>\u00fear mun aldrei framar heyrast gr\u00e1tur og kvein.<br \/> <\/span> <span class=\"ljodatexti\"> <a name=\"20\"><span class=\"versanumer_ljod\">20<\/span><\/a>\u00dear ver\u00f0a ekki framar b\u00f6rn sem a\u00f0eins lifa f\u00e1a daga<br \/>e\u00f0a \u00f6ldungur sem ekki n\u00e6r fullum aldri<br \/>en s\u00e1 sem deyr t\u00edr\u00e6\u00f0ur telst ungur<br \/>og s\u00e1 sem ekki n\u00e6r t\u00edr\u00e6\u00f0u ver\u00f0ur talinn b\u00f6lva\u00f0ur.<br \/> <\/span> <span class=\"ljodatexti\"> <a name=\"21\"><span class=\"versanumer_ljod\">21<\/span><\/a>Menn munu reisa h\u00fas og b\u00faa \u00ed \u00feeim,<br \/>planta v\u00edngar\u00f0a og neyta \u00e1vaxta \u00feeirra.<br \/> <\/span> <span class=\"ljodatexti\"> <a name=\"22\"><span class=\"versanumer_ljod\">22<\/span><\/a> Menn munu ekki reisa h\u00fas sem annar b\u00fdr \u00ed,<br \/>ekki planta og annar neyta<br \/>en \u00fej\u00f3\u00f0 m\u00edn mun n\u00e1 aldri trj\u00e1nna<br \/>og m\u00ednir \u00fatv\u00f6ldu nj\u00f3ta \u00e1vaxta i\u00f0ju sinnar.<br \/> <\/span> <span class=\"ljodatexti\"> <a name=\"23\"><span class=\"versanumer_ljod\">23<\/span><\/a> \u00deeir munu ekki erfi\u00f0a til einskis<br \/>og ekki eignast b\u00f6rn sem deyja fyrir t\u00edmann<br \/>\u00fev\u00ed a\u00f0 \u00feeir eru ni\u00f0jar \u00feeirra sem Drottinn hefur blessa\u00f0<br \/>og b\u00f6rn \u00feeirra me\u00f0 \u00feeim.<br \/> <\/span> <span class=\"ljodatexti\"> <a name=\"24\"><span class=\"versanumer_ljod\">24<\/span><\/a> \u00c1\u00f0ur en \u00feeir hr\u00f3pa mun \u00e9g svara<br \/>og \u00e1\u00f0ur en \u00feeir hafa or\u00f0inu sleppt mun \u00e9g b\u00e6nheyra.<br \/> <\/span> <span class=\"ljodatexti\"> <a name=\"25\"><span class=\"versanumer_ljod\">25<\/span><\/a> \u00dalfur og lamb ver\u00f0a saman \u00e1 beit,<br \/>lj\u00f3n mun b\u00edta gras eins og naut<br \/>og mold ver\u00f0a f\u00e6\u00f0a h\u00f6ggormsins.<br \/>Hvergi \u00e1 m\u00ednu heilaga fjalli<br \/>munu \u00feau vinna mein n\u00e9 gera ska\u00f0a,<br \/>segir Drottinn. <\/span> <\/p>\n","protected":false},"excerpt":{"rendered":"<p>D\u00f3mur og n\u00e1\u00f0 1\u00c9g l\u00e9t \u00fe\u00e1 leita svara hj\u00e1 m\u00e9r sem ekki spur\u00f0u og l\u00e9t \u00fe\u00e1 finna mig sem ekki leitu\u00f0u m\u00edn.\u00c9g sag\u00f0i: \u201eH\u00e9r er \u00e9g, h\u00e9r er \u00e9g,\u201cvi\u00f0 \u00fej\u00f3\u00f0 sem \u00e1kalla\u00f0i ekki nafn mitt. 2\u00c9g breiddi \u00fat hendur m\u00ednar dag hvernm\u00f3ti hinni \u00ferj\u00f3sku og uppreisnargj\u00f6rnu \u00fej\u00f3\u00f0sem gengur veg sem ekki er g\u00f3\u00f0urog fer a\u00f0 eigin ge\u00f0\u00fe\u00f3tta, 3m\u00f3ti \u00fej\u00f3\u00f0 sem reitir mig s\u00edfellt til rei\u00f0ifyrir augliti m\u00ednu.\u00deeir f\u00f3rna \u00ed g\u00f6r\u00f0umog brenna reykelsi \u00e1 t\u00edgulsteinum, 4hafast vi\u00f0 \u00ed gr\u00f6fum,dveljast um n\u00e6tur me\u00f0al kletta,eta sv\u00ednakj\u00f6tog hafa s\u00fapu af \u00f3hreinu kj\u00f6ti \u00ed pottum s\u00ednum. 5\u00deeir segja: \u201eVertu \u00fear sem \u00fe\u00fa ert,komdu ekki n\u00e6rri <a href=\"https:\/\/biblian.is\/biblian\/jesaja-65-kafli\/\"> [&#8230;]<\/a><\/p>\n","protected":false},"author":1,"featured_media":0,"parent":0,"menu_order":0,"comment_status":"open","ping_status":"open","template":"bibliukaflar_NT.php","meta":{"footnotes":""},"class_list":["post-2361","page","type-page","status-publish","hentry"],"_links":{"self":[{"href":"https:\/\/biblian.is\/biblian\/wp-json\/wp\/v2\/pages\/2361","targetHints":{"allow":["GET"]}}],"collection":[{"href":"https:\/\/biblian.is\/biblian\/wp-json\/wp\/v2\/pages"}],"about":[{"href":"https:\/\/biblian.is\/biblian\/wp-json\/wp\/v2\/types\/page"}],"author":[{"embeddable":true,"href":"https:\/\/biblian.is\/biblian\/wp-json\/wp\/v2\/users\/1"}],"replies":[{"embeddable":true,"href":"https:\/\/biblian.is\/biblian\/wp-json\/wp\/v2\/comments?post=2361"}],"version-history":[{"count":0,"href":"https:\/\/biblian.is\/biblian\/wp-json\/wp\/v2\/pages\/2361\/revisions"}],"wp:attachment":[{"href":"https:\/\/biblian.is\/biblian\/wp-json\/wp\/v2\/media?parent=2361"}],"curies":[{"name":"wp","href":"https:\/\/api.w.org\/{rel}","templated":true}]}}