{"id":2360,"date":"2017-12-30T21:02:52","date_gmt":"2017-12-30T21:02:52","guid":{"rendered":"http:\/\/biblian.is\/biblian\/jesaja-64-kafli\/"},"modified":"2024-05-06T22:28:35","modified_gmt":"2024-05-06T22:28:35","slug":"jesaja-64-kafli","status":"publish","type":"page","link":"https:\/\/biblian.is\/biblian\/jesaja-64-kafli\/","title":{"rendered":"Jesaja 64. kafli"},"content":{"rendered":"<p><span class=\"ljodatexti\"> <a name=\"1\"><span class=\"versanumer_ljod\">1<\/span><\/a>\u00d3, a\u00f0 \u00fe\u00fa sviptir himninum sundur og stigir ni\u00f0ur<br \/>svo a\u00f0 fj\u00f6llin n\u00f6tru\u00f0u fyrir augliti \u00fe\u00ednu<br \/>eins og \u00feegar eldur kveikir \u00ed hr\u00edsi<br \/>e\u00f0a eldur kemur vatni til a\u00f0 vella,<br \/>til a\u00f0 gera fjandm\u00f6nnum nafn \u00feitt kunnugt.<br \/> \u00dej\u00f3\u00f0irnar munu skj\u00e1lfa fyrir augliti \u00fe\u00ednu<br \/> <\/span> <span class=\"ljodatexti\"> <a name=\"2\"><span class=\"versanumer_ljod\">2<\/span><\/a>\u00feegar \u00fe\u00fa vinnur \u00f3gurleg verk<br \/>sem koma oss a\u00f0 \u00f3v\u00f6rum. <br \/>\u00de\u00fa steigst ni\u00f0ur og fj\u00f6llin n\u00f6tru\u00f0u fyrir augliti \u00fe\u00ednu.<br \/> <\/span> <span class=\"ljodatexti\"> <a name=\"3\"><span class=\"versanumer_ljod\">3<\/span><\/a>Enginn hefur hl\u00fdtt \u00e1, ekki lagt vi\u00f0 hlustir,<br \/>ekkert auga hefur s\u00e9\u00f0 neinn Gu\u00f0 nema \u00feig<br \/>er kemur \u00feeim til hj\u00e1lpar sem \u00e1 hann vona.<br \/> <\/span> <span class=\"ljodatexti\"> <a name=\"4\"><span class=\"versanumer_ljod\">4<\/span><\/a>\u00de\u00fa kemur til m\u00f3ts vi\u00f0 \u00fe\u00e1 sem \u00e1stunda r\u00e9ttl\u00e6ti,<br \/>minnast vega \u00feinna. <br \/>En \u00fe\u00fa reiddist \u00fev\u00ed a\u00f0 v\u00e9r syndgu\u00f0um,<br \/>risum gegn \u00fe\u00e9r fr\u00e1 fyrstu t\u00ed\u00f0<br \/> <\/span> <span class=\"ljodatexti\"> <a name=\"5\"><span class=\"versanumer_ljod\">5<\/span><\/a>og ur\u00f0um allir eins og \u00f3hreinn ma\u00f0ur, <br \/>allar dyg\u00f0ir vorar eins og saurga\u00f0 kl\u00e6\u00f0i,<br \/>v\u00e9r visnu\u00f0um allir sem laufbla\u00f0<br \/>og sekt vor feykti oss burt eins og vindur.<br \/> <\/span> <span class=\"ljodatexti\"> <a name=\"6\"><span class=\"versanumer_ljod\">6<\/span><\/a>Enginn \u00e1kallar nafn \u00feitt,<br \/>hreyfir sig e\u00f0a reynir a\u00f0 halda s\u00e9r fast vi\u00f0 \u00feig<br \/>\u00fev\u00ed a\u00f0 \u00fe\u00fa huldir auglit \u00feitt fyrir oss<br \/>og ofurseldir oss vegna synda vorra.<br \/> <\/span> <span class=\"ljodatexti\"> <a name=\"7\"><span class=\"versanumer_ljod\">7<\/span><\/a>En \u00fe\u00fa, Drottinn, ert fa\u00f0ir vor,<br \/>v\u00e9r erum leir, \u00fe\u00fa hefur m\u00f3ta\u00f0 oss<br \/>og allir erum v\u00e9r handaverk \u00fe\u00edn.<br \/> <\/span> <span class=\"ljodatexti\"> <a name=\"8\"><span class=\"versanumer_ljod\">8<\/span><\/a>Drottinn, rei\u00f0stu ekki um of<br \/>og minnstu ekki sektar vorrar um aldur.<br \/>L\u00edt til vor, v\u00e9r erum allir \u00fej\u00f3\u00f0 \u00fe\u00edn.<br \/> <\/span> <span class=\"ljodatexti\"> <a name=\"9\"><span class=\"versanumer_ljod\">9<\/span><\/a>Hinar heil\u00f6gu borgir \u00fe\u00ednar voru \u00ed ey\u00f0i lag\u00f0ar,<br \/>S\u00edon var\u00f0 a\u00f0 ey\u00f0im\u00f6rk, Jer\u00fasalem a\u00f0 au\u00f0n.<br \/> <\/span> <span class=\"ljodatexti\"> <a name=\"10\"><span class=\"versanumer_ljod\">10<\/span><\/a>Hi\u00f0 heilaga og d\u00fdrlega h\u00fas vort,<br \/>\u00fear sem fe\u00f0ur vorir vegs\u00f6mu\u00f0u \u00feig,<br \/>var\u00f0 eldi a\u00f0 br\u00e1\u00f0<br \/>og allt, sem oss var d\u00fdrm\u00e6tt,<br \/>er or\u00f0i\u00f0 a\u00f0 r\u00fastum.<br \/> <\/span> <span class=\"ljodatexti\"> <a name=\"11\"><span class=\"versanumer_ljod\">11<\/span><\/a>\u00c6tlar \u00fe\u00fa samt a\u00f0 vera oss fjarri,<br \/>vera hlj\u00f3\u00f0ur og hegna oss takmarkalaust? <\/span> <\/p>\n","protected":false},"excerpt":{"rendered":"<p>1\u00d3, a\u00f0 \u00fe\u00fa sviptir himninum sundur og stigir ni\u00f0ursvo a\u00f0 fj\u00f6llin n\u00f6tru\u00f0u fyrir augliti \u00fe\u00ednueins og \u00feegar eldur kveikir \u00ed hr\u00edsie\u00f0a eldur kemur vatni til a\u00f0 vella,til a\u00f0 gera fjandm\u00f6nnum nafn \u00feitt kunnugt. \u00dej\u00f3\u00f0irnar munu skj\u00e1lfa fyrir augliti \u00fe\u00ednu 2\u00feegar \u00fe\u00fa vinnur \u00f3gurleg verksem koma oss a\u00f0 \u00f3v\u00f6rum. \u00de\u00fa steigst ni\u00f0ur og fj\u00f6llin n\u00f6tru\u00f0u fyrir augliti \u00fe\u00ednu. 3Enginn hefur hl\u00fdtt \u00e1, ekki lagt vi\u00f0 hlustir,ekkert auga hefur s\u00e9\u00f0 neinn Gu\u00f0 nema \u00feiger kemur \u00feeim til hj\u00e1lpar sem \u00e1 hann vona. 4\u00de\u00fa kemur til m\u00f3ts vi\u00f0 \u00fe\u00e1 sem \u00e1stunda r\u00e9ttl\u00e6ti,minnast vega \u00feinna. En \u00fe\u00fa reiddist \u00fev\u00ed a\u00f0 v\u00e9r syndgu\u00f0um,risum gegn \u00fe\u00e9r <a href=\"https:\/\/biblian.is\/biblian\/jesaja-64-kafli\/\"> [&#8230;]<\/a><\/p>\n","protected":false},"author":1,"featured_media":0,"parent":0,"menu_order":0,"comment_status":"open","ping_status":"open","template":"bibliukaflar_NT.php","meta":{"footnotes":""},"class_list":["post-2360","page","type-page","status-publish","hentry"],"_links":{"self":[{"href":"https:\/\/biblian.is\/biblian\/wp-json\/wp\/v2\/pages\/2360","targetHints":{"allow":["GET"]}}],"collection":[{"href":"https:\/\/biblian.is\/biblian\/wp-json\/wp\/v2\/pages"}],"about":[{"href":"https:\/\/biblian.is\/biblian\/wp-json\/wp\/v2\/types\/page"}],"author":[{"embeddable":true,"href":"https:\/\/biblian.is\/biblian\/wp-json\/wp\/v2\/users\/1"}],"replies":[{"embeddable":true,"href":"https:\/\/biblian.is\/biblian\/wp-json\/wp\/v2\/comments?post=2360"}],"version-history":[{"count":0,"href":"https:\/\/biblian.is\/biblian\/wp-json\/wp\/v2\/pages\/2360\/revisions"}],"wp:attachment":[{"href":"https:\/\/biblian.is\/biblian\/wp-json\/wp\/v2\/media?parent=2360"}],"curies":[{"name":"wp","href":"https:\/\/api.w.org\/{rel}","templated":true}]}}