{"id":2359,"date":"2017-12-30T21:02:52","date_gmt":"2017-12-30T21:02:52","guid":{"rendered":"http:\/\/biblian.is\/biblian\/jesaja-63-kafli\/"},"modified":"2024-05-06T22:28:35","modified_gmt":"2024-05-06T22:28:35","slug":"jesaja-63-kafli","status":"publish","type":"page","link":"https:\/\/biblian.is\/biblian\/jesaja-63-kafli\/","title":{"rendered":"Jesaja 63. kafli"},"content":{"rendered":"<h3 class=\"millifyrirsogn_2007\"> D\u00f3mur yfir \u00fej\u00f3\u00f0unum<\/h3>\n<p><span class=\"ljodatexti\"> <a name=\"1\"><span class=\"versanumer_ljod\">1<\/span><\/a>Hver er s\u00e1 sem kemur fr\u00e1 Ed\u00f3m,<br \/>\u00ed h\u00e1rau\u00f0um kl\u00e6\u00f0um fr\u00e1 Bosra,<br \/>sveipa\u00f0ur veglegri skikkju,<br \/>tignarlegur \u00ed m\u00e6tti s\u00ednum?<br \/>\u00dea\u00f0 er \u00e9g sem bo\u00f0a r\u00e9ttl\u00e6ti<br \/>og hef m\u00e1tt til a\u00f0 bjarga.<br \/> <\/span> <span class=\"ljodatexti\"> <a name=\"2\"><span class=\"versanumer_ljod\">2<\/span><\/a>Hvers vegna er skikkja \u00fe\u00edn rau\u00f0<br \/>og kl\u00e6\u00f0i \u00fe\u00edn eins og v\u00edntro\u00f0slumanns?<br \/> <\/span> <span class=\"ljodatexti\"> <a name=\"3\"><span class=\"versanumer_ljod\">3<\/span><\/a>V\u00edn\u00fer\u00f3 tr\u00f3\u00f0 \u00e9g einn<br \/>og enginn \u00fatlendingur var me\u00f0 m\u00e9r.<br \/>\u00c9g tra\u00f0ka\u00f0i \u00e1 \u00feeim \u00ed rei\u00f0i minni<br \/>og tr\u00f3\u00f0 \u00fe\u00e1 ni\u00f0ur \u00ed heift minni<br \/>og safi \u00feeirra slettist \u00e1 kl\u00e6\u00f0i m\u00edn<br \/>og skikkja m\u00edn flekka\u00f0ist \u00f6ll.<br \/> <\/span> <span class=\"ljodatexti\"> <a name=\"4\"><span class=\"versanumer_ljod\">4<\/span><\/a>Hefndardagur var m\u00e9r \u00ed huga<br \/>og lausnar\u00e1r mitt var komi\u00f0,<br \/> <\/span> <span class=\"ljodatexti\"> <a name=\"5\"><span class=\"versanumer_ljod\">5<\/span><\/a>\u00e9g lita\u00f0ist um en enginn var til hj\u00e1lpar,<br \/>\u00e9g undra\u00f0ist a\u00f0 enginn studdi mig.<br \/>\u00de\u00e1 var\u00f0 armur minn m\u00e9r a\u00f0 li\u00f0i<br \/>og heift m\u00edn studdi mig<br \/> <\/span> <span class=\"ljodatexti\"> <a name=\"6\"><span class=\"versanumer_ljod\">6<\/span><\/a>og \u00e9g tr\u00f3\u00f0 \u00e1 \u00fej\u00f3\u00f0unum \u00ed rei\u00f0i minni,<br \/>kramdi \u00fe\u00e6r \u00ed heift minni<br \/>og l\u00e9t bl\u00f3\u00f0 \u00feeirra renna ni\u00f0ur \u00e1 j\u00f6r\u00f0ina. <\/span> <\/p>\n<h3 class=\"millifyrirsogn_2007\">Huglei\u00f0ing um s\u00f6gu \u00cdsraels<\/h3>\n<p><span class=\"ljodatexti\"> <a name=\"7\"><span class=\"versanumer_ljod\">7<\/span><\/a>\u00c9g vil minnast velgj\u00f6r\u00f0a Drottins,<br \/>syngja Drottni lof fyrir allt<br \/>sem hann ger\u00f0i fyrir oss,<br \/>hina miklu g\u00e6sku Drottins vi\u00f0 \u00cdsraels \u00e6tt<br \/>sem hann s\u00fdndi henni af miskunn sinni<br \/>og miklum k\u00e6rleika.<br \/> <\/span> <span class=\"ljodatexti\"> <a name=\"8\"><span class=\"versanumer_ljod\">8<\/span><\/a>\u00dev\u00ed a\u00f0 hann sag\u00f0i:<br \/>\u201e\u00deeir eru \u00fej\u00f3\u00f0 m\u00edn,<br \/>b\u00f6rn sem ekki breg\u00f0ast,\u201c<br \/>og hann var\u00f0 \u00feeim frelsari <br \/> <\/span> <span class=\"ljodatexti\"> <a name=\"9\"><span class=\"versanumer_ljod\">9<\/span><\/a>\u00ed \u00f6llum \u00ferengingum \u00feeirra.<br \/>\u00dea\u00f0 var hvorki sendibo\u00f0i n\u00e9 engill<br \/>heldur hann sj\u00e1lfur sem frelsa\u00f0i \u00fe\u00e1.<br \/>\u00cd k\u00e6rleika s\u00ednum og miskunn endurleysti hann \u00fe\u00e1,<br \/>hann t\u00f3k \u00fe\u00e1 upp <br \/>og bar \u00fe\u00e1 alla daga hinna fyrri t\u00ed\u00f0a.<br \/> <\/span> <span class=\"ljodatexti\"> <a name=\"10\"><span class=\"versanumer_ljod\">10<\/span><\/a>En \u00feeir ger\u00f0u uppreisn og misbu\u00f0u heil\u00f6gum anda hans.<br \/>\u00de\u00e1 var\u00f0 hann \u00f3vinur \u00feeirra<br \/>og bar\u00f0ist sj\u00e1lfur gegn \u00feeim.<br \/> <\/span> <span class=\"ljodatexti\"> <a name=\"11\"><span class=\"versanumer_ljod\">11<\/span><\/a>\u00de\u00e1 minntust \u00feeir l\u00f6ngu li\u00f0inna daga<br \/>og \u00fej\u00f3ns hans, M\u00f3se:<br \/>Hvar er s\u00e1 sem leiddi hir\u00f0i hjar\u00f0ar sinnar upp \u00far hafinu? <br \/>Hvar er s\u00e1 sem l\u00e9t heilagan anda sinn \u00ed hjarta hans,<br \/> <\/span> <span class=\"ljodatexti\"> <a name=\"12\"><span class=\"versanumer_ljod\">12<\/span><\/a>s\u00e1 sem l\u00e9t d\u00fdrlegan arm sinn<br \/>ganga M\u00f3se \u00e1 h\u00e6gri h\u00f6nd,<br \/>s\u00e1 sem klauf hafi\u00f0 frammi fyrir \u00feeim<br \/>til a\u00f0 afla s\u00e9r \u00e6varandi fr\u00e6g\u00f0ar?<br \/> <\/span> <span class=\"ljodatexti\"> <a name=\"13\"><span class=\"versanumer_ljod\">13<\/span><\/a>Hann l\u00e9t \u00fe\u00e1 ganga gegnum dj\u00fapi\u00f0<br \/>eins og hest um ey\u00f0im\u00f6rk<br \/>\u00e1n \u00feess a\u00f0 \u00feeir hr\u00f6su\u00f0u.<br \/> <\/span> <span class=\"ljodatexti\"> <a name=\"14\"><span class=\"versanumer_ljod\">14<\/span><\/a>Eins og b\u00faf\u00e9, sem fer ofan \u00ed dalinn,<br \/>veitti andi Drottins \u00feeim hv\u00edld.<br \/>\u00deannig leiddir \u00fe\u00fa \u00fej\u00f3\u00f0 \u00fe\u00edna<br \/>til a\u00f0 \u00e1vinna \u00fe\u00e9r d\u00fdrlegt nafn.<br \/> <\/span> <span class=\"ljodatexti\"> <a name=\"15\"><span class=\"versanumer_ljod\">15<\/span><\/a>L\u00edttu ni\u00f0ur fr\u00e1 himni og horf\u00f0u<br \/>fr\u00e1 \u00fe\u00ednum heilaga og d\u00fdrlega b\u00fasta\u00f0.<br \/>Hvar er \u00e1kafi \u00feinn og afl,<br \/>me\u00f0aumkun hjarta \u00fe\u00edns og miskunn?<br \/>Vertu m\u00e9r ekki fjarri<br \/> <\/span> <span class=\"ljodatexti\"> <a name=\"16\"><span class=\"versanumer_ljod\">16<\/span><\/a>\u00fev\u00ed a\u00f0 \u00fe\u00fa ert fa\u00f0ir vor.<br \/>Abraham \u00feekkir oss ekki<br \/>og \u00cdsrael kannast ekki vi\u00f0 oss.<br \/>\u00de\u00fa, Drottinn, ert fa\u00f0ir vor.<br \/>Frelsari vor fr\u00e1 alda \u00f6\u00f0li er nafn \u00feitt.<br \/> <\/span> <span class=\"ljodatexti\"> <a name=\"17\"><span class=\"versanumer_ljod\">17<\/span><\/a>Hvers vegna l\u00e9stu oss villast <br \/>af vegi \u00fe\u00ednum, Drottinn,<br \/>og hertir hjarta vort <br \/>svo a\u00f0 v\u00e9r \u00f3ttu\u00f0umst \u00feig ekki?<br \/>Sn\u00fa\u00f0u aftur vegna \u00fej\u00f3na \u00feinna,<br \/>vegna \u00e6ttb\u00e1lkanna sem eru arfleif\u00f0 \u00fe\u00edn.<br \/> <\/span> <span class=\"ljodatexti\"> <a name=\"18\"><span class=\"versanumer_ljod\">18<\/span><\/a>Hvers vegna g\u00e1tu gu\u00f0leysingjar gengi\u00f0 inn \u00ed helgid\u00f3m \u00feinn,<br \/>fjandmenn vorir f\u00f3tum tro\u00f0i\u00f0 helgista\u00f0 \u00feinn?<br \/> <\/span> <span class=\"ljodatexti\"> <a name=\"19\"><span class=\"versanumer_ljod\">19<\/span><\/a>V\u00e9r erum or\u00f0nir eins og \u00feeir <br \/>sem \u00fe\u00fa hefur aldrei r\u00edkt yfir<br \/>og aldrei voru kenndir vi\u00f0 nafn \u00feitt. <span class=\"nedan_mal\" title=\" Or\u00f0r\u00e9tt: sem nafn \u00feitt var aldrei hr\u00f3pa\u00f0 yfir. Yfirl\u00fdsing um eignarr\u00e9tt.\">[<\/span> <\/p>\n","protected":false},"excerpt":{"rendered":"<p>D\u00f3mur yfir \u00fej\u00f3\u00f0unum 1Hver er s\u00e1 sem kemur fr\u00e1 Ed\u00f3m,\u00ed h\u00e1rau\u00f0um kl\u00e6\u00f0um fr\u00e1 Bosra,sveipa\u00f0ur veglegri skikkju,tignarlegur \u00ed m\u00e6tti s\u00ednum?\u00dea\u00f0 er \u00e9g sem bo\u00f0a r\u00e9ttl\u00e6tiog hef m\u00e1tt til a\u00f0 bjarga. 2Hvers vegna er skikkja \u00fe\u00edn rau\u00f0og kl\u00e6\u00f0i \u00fe\u00edn eins og v\u00edntro\u00f0slumanns? 3V\u00edn\u00fer\u00f3 tr\u00f3\u00f0 \u00e9g einnog enginn \u00fatlendingur var me\u00f0 m\u00e9r.\u00c9g tra\u00f0ka\u00f0i \u00e1 \u00feeim \u00ed rei\u00f0i minniog tr\u00f3\u00f0 \u00fe\u00e1 ni\u00f0ur \u00ed heift minniog safi \u00feeirra slettist \u00e1 kl\u00e6\u00f0i m\u00ednog skikkja m\u00edn flekka\u00f0ist \u00f6ll. 4Hefndardagur var m\u00e9r \u00ed hugaog lausnar\u00e1r mitt var komi\u00f0, 5\u00e9g lita\u00f0ist um en enginn var til hj\u00e1lpar,\u00e9g undra\u00f0ist a\u00f0 enginn studdi mig.\u00de\u00e1 var\u00f0 armur minn m\u00e9r a\u00f0 li\u00f0iog heift <a href=\"https:\/\/biblian.is\/biblian\/jesaja-63-kafli\/\"> [&#8230;]<\/a><\/p>\n","protected":false},"author":1,"featured_media":0,"parent":0,"menu_order":0,"comment_status":"open","ping_status":"open","template":"bibliukaflar_NT.php","meta":{"footnotes":""},"class_list":["post-2359","page","type-page","status-publish","hentry"],"_links":{"self":[{"href":"https:\/\/biblian.is\/biblian\/wp-json\/wp\/v2\/pages\/2359","targetHints":{"allow":["GET"]}}],"collection":[{"href":"https:\/\/biblian.is\/biblian\/wp-json\/wp\/v2\/pages"}],"about":[{"href":"https:\/\/biblian.is\/biblian\/wp-json\/wp\/v2\/types\/page"}],"author":[{"embeddable":true,"href":"https:\/\/biblian.is\/biblian\/wp-json\/wp\/v2\/users\/1"}],"replies":[{"embeddable":true,"href":"https:\/\/biblian.is\/biblian\/wp-json\/wp\/v2\/comments?post=2359"}],"version-history":[{"count":0,"href":"https:\/\/biblian.is\/biblian\/wp-json\/wp\/v2\/pages\/2359\/revisions"}],"wp:attachment":[{"href":"https:\/\/biblian.is\/biblian\/wp-json\/wp\/v2\/media?parent=2359"}],"curies":[{"name":"wp","href":"https:\/\/api.w.org\/{rel}","templated":true}]}}