{"id":2358,"date":"2017-12-30T21:02:52","date_gmt":"2017-12-30T21:02:52","guid":{"rendered":"http:\/\/biblian.is\/biblian\/jesaja-62-kafli\/"},"modified":"2024-05-06T22:28:34","modified_gmt":"2024-05-06T22:28:34","slug":"jesaja-62-kafli","status":"publish","type":"page","link":"https:\/\/biblian.is\/biblian\/jesaja-62-kafli\/","title":{"rendered":"Jesaja 62. kafli"},"content":{"rendered":"<h3 class=\"millifyrirsogn_2007\"> Hj\u00e1lpr\u00e6\u00f0i\u00f0 kemur<\/h3>\n<p><span class=\"ljodatexti\"> <a name=\"1\"><span class=\"versanumer_ljod\">1<\/span><\/a>S\u00f6kum S\u00edonar get \u00e9g ekki \u00feaga\u00f0<br \/>og vegna Jer\u00fasalem ekki veri\u00f0 hlj\u00f3\u00f0ur <span class=\"nedan_mal\" title=\" \u00d6nnur hugsanleg \u00fe\u00fd\u00f0ing: veri\u00f0 a\u00f0ger\u00f0alaus. \">[<\/span> <br \/>fyrr en r\u00e9ttl\u00e6ti hennar br\u00fdst fram eins og lj\u00f3mi<br \/>og hj\u00e1lpr\u00e6\u00f0i hennar logar sem kyndill.<br \/> <\/span> <span class=\"ljodatexti\"> <a name=\"2\"><span class=\"versanumer_ljod\">2<\/span><\/a>\u00dej\u00f3\u00f0irnar munu sj\u00e1 r\u00e9ttl\u00e6ti \u00feitt<br \/>og allir konungar d\u00fdr\u00f0 \u00fe\u00edna,<br \/>\u00fe\u00e9r ver\u00f0ur gefi\u00f0 n\u00fdtt nafn<br \/>sem munnur Drottins \u00e1kve\u00f0ur.<br \/> <\/span> <span class=\"ljodatexti\"> <a name=\"3\"><span class=\"versanumer_ljod\">3<\/span><\/a>\u00de\u00fa ver\u00f0ur vegleg k\u00f3r\u00f3na \u00ed hendi Drottins<br \/>og konunglegt h\u00f6fu\u00f0dj\u00e1sn \u00ed hendi Gu\u00f0s \u00fe\u00edns.<br \/> <\/span> <span class=\"ljodatexti\"> <a name=\"4\"><span class=\"versanumer_ljod\">4<\/span><\/a>\u00de\u00fa munt ekki framar nefnd ver\u00f0a Yfirgefin<br \/>og land \u00feitt nefnt Au\u00f0n,<br \/>heldur ver\u00f0ur \u00fe\u00fa nefnd Yndi mitt<br \/>og land \u00feitt Eiginkona<br \/>\u00fev\u00ed a\u00f0 Drottinn ann \u00fe\u00e9r<br \/>og land \u00feitt mun honum gefi\u00f0.<br \/> <\/span> <span class=\"ljodatexti\"> <a name=\"5\"><span class=\"versanumer_ljod\">5<\/span><\/a>Eins og \u00e6skuma\u00f0ur f\u00e6r ungrar st\u00falku<br \/>mun s\u00e1 er endurreisir \u00feig kv\u00e6nast \u00fe\u00e9r, <span class=\"nedan_mal\" title=\" Annar lesh\u00e1ttur: munu synir \u00fe\u00ednir kv\u00e6nast \u00fe\u00e9r. \">[<\/span> <br \/>eins og br\u00fa\u00f0gumi gle\u00f0st yfir br\u00fa\u00f0i<br \/>mun Gu\u00f0 \u00feinn gle\u00f0jast yfir \u00fe\u00e9r.<br \/> <\/span> <span class=\"ljodatexti\"> <a name=\"6\"><span class=\"versanumer_ljod\">6<\/span><\/a>\u00c9g setti var\u00f0menn \u00e1 m\u00fara \u00fe\u00edna, Jer\u00fasalem,<br \/>\u00feeir mega aldrei \u00feagna, hvorki dag n\u00e9 n\u00f3tt.<br \/>\u00de\u00e9r, sem eigi\u00f0 a\u00f0 minna Drottin \u00e1,<br \/>unni\u00f0 y\u00f0ur engrar hv\u00edldar<br \/> <\/span> <span class=\"ljodatexti\"> <a name=\"7\"><span class=\"versanumer_ljod\">7<\/span><\/a>og veiti\u00f0 honum enga r\u00f3<br \/>fyrr en hann hefur endurreist Jer\u00fasalem<br \/>og gert hana vegsamlega \u00e1 j\u00f6r\u00f0inni. <span class=\"nedan_mal\" title=\" \u00d6nnur hugsanleg \u00fe\u00fd\u00f0ing: \u00ed landinu. \">[<\/span> <br \/> <\/span> <span class=\"ljodatexti\"> <a name=\"8\"><span class=\"versanumer_ljod\">8<\/span><\/a>Drottinn hefur svari\u00f0 vi\u00f0 h\u00e6gri h\u00f6nd s\u00edna<br \/>og m\u00e1ttugan arm sinn:<br \/>\u201e\u00c9g mun aldrei framar gefa korn \u00feitt<br \/>\u00f3vinum \u00fe\u00ednum a\u00f0 eta<br \/>og \u00fatlendingar skulu aldrei framar drekka v\u00edni\u00f0<br \/>sem \u00fe\u00fa hefur erfi\u00f0a\u00f0 fyrir<br \/> <\/span> <span class=\"ljodatexti\"> <a name=\"9\"><span class=\"versanumer_ljod\">9<\/span><\/a>heldur skulu \u00feeir sem hirtu korni\u00f0 neyta \u00feess sj\u00e1lfir<br \/>og lofa Drottin<br \/>og \u00feeir sem t\u00edndu v\u00ednberin<br \/>skulu drekka v\u00edni\u00f0 \u00ed forg\u00f6r\u00f0um helgid\u00f3ms m\u00edns.\u201c<br \/> <\/span> <span class=\"ljodatexti\"> <a name=\"10\"><span class=\"versanumer_ljod\">10<\/span><\/a>Gangi\u00f0 \u00fat, j\u00e1, gangi\u00f0 \u00fat um hli\u00f0in,<br \/>grei\u00f0i\u00f0 g\u00f6tu \u00fej\u00f3\u00f0arinnar.<br \/>Leggi\u00f0, leggi\u00f0 braut,<br \/>ry\u00f0ji\u00f0 grj\u00f3tinu burt,<br \/>reisi\u00f0 merki fyrir \u00fej\u00f3\u00f0irnar.<br \/> <\/span> <span class=\"ljodatexti\"> <a name=\"11\"><span class=\"versanumer_ljod\">11<\/span><\/a>Sj\u00e1, Drottinn hefur kunngj\u00f6rt<br \/>allt til endimarka jar\u00f0ar:<br \/>\u201eSegi\u00f0 d\u00f3tturinni S\u00edon,<br \/>sj\u00e1, hj\u00e1lpr\u00e6\u00f0i \u00feitt kemur. <br \/>Sj\u00e1, sigurlaun hans fylgja honum<br \/>og fengur hans fer fyrir honum.\u201c<br \/> <\/span> <span class=\"ljodatexti\"> <a name=\"12\"><span class=\"versanumer_ljod\">12<\/span><\/a>\u00deeir ver\u00f0a nefndir heilagur l\u00fd\u00f0ur,<br \/>hinir endurleystu Drottins,<br \/>og \u00fe\u00fa k\u00f6llu\u00f0 Hin eftirs\u00f3tta,<br \/>Borgin sem aldrei ver\u00f0ur yfirgefin. <\/span> <\/p>\n","protected":false},"excerpt":{"rendered":"<p>Hj\u00e1lpr\u00e6\u00f0i\u00f0 kemur 1S\u00f6kum S\u00edonar get \u00e9g ekki \u00feaga\u00f0og vegna Jer\u00fasalem ekki veri\u00f0 hlj\u00f3\u00f0ur [ fyrr en r\u00e9ttl\u00e6ti hennar br\u00fdst fram eins og lj\u00f3miog hj\u00e1lpr\u00e6\u00f0i hennar logar sem kyndill. 2\u00dej\u00f3\u00f0irnar munu sj\u00e1 r\u00e9ttl\u00e6ti \u00feittog allir konungar d\u00fdr\u00f0 \u00fe\u00edna,\u00fe\u00e9r ver\u00f0ur gefi\u00f0 n\u00fdtt nafnsem munnur Drottins \u00e1kve\u00f0ur. 3\u00de\u00fa ver\u00f0ur vegleg k\u00f3r\u00f3na \u00ed hendi Drottinsog konunglegt h\u00f6fu\u00f0dj\u00e1sn \u00ed hendi Gu\u00f0s \u00fe\u00edns. 4\u00de\u00fa munt ekki framar nefnd ver\u00f0a Yfirgefinog land \u00feitt nefnt Au\u00f0n,heldur ver\u00f0ur \u00fe\u00fa nefnd Yndi mittog land \u00feitt Eiginkona\u00fev\u00ed a\u00f0 Drottinn ann \u00fe\u00e9rog land \u00feitt mun honum gefi\u00f0. 5Eins og \u00e6skuma\u00f0ur f\u00e6r ungrar st\u00falkumun s\u00e1 er endurreisir \u00feig kv\u00e6nast \u00fe\u00e9r, [ eins og <a href=\"https:\/\/biblian.is\/biblian\/jesaja-62-kafli\/\"> [&#8230;]<\/a><\/p>\n","protected":false},"author":1,"featured_media":0,"parent":0,"menu_order":0,"comment_status":"open","ping_status":"open","template":"bibliukaflar_NT.php","meta":{"footnotes":""},"class_list":["post-2358","page","type-page","status-publish","hentry"],"_links":{"self":[{"href":"https:\/\/biblian.is\/biblian\/wp-json\/wp\/v2\/pages\/2358","targetHints":{"allow":["GET"]}}],"collection":[{"href":"https:\/\/biblian.is\/biblian\/wp-json\/wp\/v2\/pages"}],"about":[{"href":"https:\/\/biblian.is\/biblian\/wp-json\/wp\/v2\/types\/page"}],"author":[{"embeddable":true,"href":"https:\/\/biblian.is\/biblian\/wp-json\/wp\/v2\/users\/1"}],"replies":[{"embeddable":true,"href":"https:\/\/biblian.is\/biblian\/wp-json\/wp\/v2\/comments?post=2358"}],"version-history":[{"count":0,"href":"https:\/\/biblian.is\/biblian\/wp-json\/wp\/v2\/pages\/2358\/revisions"}],"wp:attachment":[{"href":"https:\/\/biblian.is\/biblian\/wp-json\/wp\/v2\/media?parent=2358"}],"curies":[{"name":"wp","href":"https:\/\/api.w.org\/{rel}","templated":true}]}}