{"id":2357,"date":"2017-12-30T21:02:47","date_gmt":"2017-12-30T21:02:47","guid":{"rendered":"http:\/\/biblian.is\/biblian\/jesaja-61-kafli\/"},"modified":"2024-05-06T22:28:34","modified_gmt":"2024-05-06T22:28:34","slug":"jesaja-61-kafli","status":"publish","type":"page","link":"https:\/\/biblian.is\/biblian\/jesaja-61-kafli\/","title":{"rendered":"Jesaja 61. kafli"},"content":{"rendered":"<h3 class=\"millifyrirsogn_2007\"> Fagna\u00f0arbo\u00f0skapur um frelsi<\/h3>\n<p><span class=\"ljodatexti\"> <a name=\"1\"><span class=\"versanumer_ljod\">1<\/span><\/a>Andi Drottins er yfir m\u00e9r<br \/>\u00fev\u00ed a\u00f0 Drottinn hefur smurt mig.<br \/>Hann hefur sent mig til a\u00f0 flytja f\u00e1t\u00e6kum gle\u00f0ilegan bo\u00f0skap,<br \/>til a\u00f0 gr\u00e6\u00f0a \u00fe\u00e1 sem hafa sundurmarin hj\u00f6rtu,<br \/>bo\u00f0a f\u00f6ngum lausn<br \/>og fj\u00f6tru\u00f0um frelsi,<br \/> <\/span> <span class=\"ljodatexti\"> <a name=\"2\"><span class=\"versanumer_ljod\">2<\/span><\/a>til a\u00f0 bo\u00f0a n\u00e1\u00f0ar\u00e1r Drottins<br \/>og hefndardag Gu\u00f0s vors,<br \/>til a\u00f0 hugga \u00fe\u00e1 sem hryggir eru<br \/> <\/span> <span class=\"ljodatexti\"> <a name=\"3\"><span class=\"versanumer_ljod\">3<\/span><\/a>og setja h\u00f6fu\u00f0dj\u00e1sn \u00ed sta\u00f0 \u00f6sku <br \/>\u00e1 syrgjendur \u00ed S\u00edon,<br \/>fagna\u00f0arol\u00edu \u00ed sta\u00f0 sorgarkl\u00e6\u00f0a,<br \/>skartkl\u00e6\u00f0i \u00ed sta\u00f0 hugleysis.<br \/>\u00deeir ver\u00f0a nefndir r\u00e9ttl\u00e6tiseikur,<br \/>gar\u00f0ur Drottins sem birtir d\u00fdr\u00f0 hans.<br \/> <\/span> <span class=\"ljodatexti\"> <a name=\"4\"><span class=\"versanumer_ljod\">4<\/span><\/a>\u00deeir munu endurreisa fornar r\u00fastir,<br \/>reisa \u00fea\u00f0 vi\u00f0 sem f\u00e9ll fyrir l\u00f6ngu,<br \/>endurbyggja eyddar borgir<br \/>sem legi\u00f0 hafa \u00ed r\u00fastum kynsl\u00f3\u00f0 eftir kynsl\u00f3\u00f0.<br \/> <\/span> <span class=\"ljodatexti\"> <a name=\"5\"><span class=\"versanumer_ljod\">5<\/span><\/a>Framandi menn munu koma og g\u00e6ta hjar\u00f0a y\u00f0ar,<br \/>\u00fatlendingar vinna \u00e1 \u00f6krum y\u00f0ar og \u00ed v\u00edng\u00f6r\u00f0um<br \/> <\/span> <span class=\"ljodatexti\"> <a name=\"6\"><span class=\"versanumer_ljod\">6<\/span><\/a>en \u00fe\u00e9r ver\u00f0i\u00f0 nefndir prestar Drottins<br \/>og kalla\u00f0ir \u00fej\u00f3nar Gu\u00f0s vors. <br \/>\u00de\u00e9r munu\u00f0 nj\u00f3ta g\u00f3\u00f0s af au\u00f0i annarra \u00fej\u00f3\u00f0a<br \/>og hlj\u00f3ta vegsemd af fj\u00e1rsj\u00f3\u00f0um \u00feeirra.<br \/> <\/span> <span class=\"ljodatexti\"> <a name=\"7\"><span class=\"versanumer_ljod\">7<\/span><\/a>\u00dear sem sm\u00e1n \u00feeirra tv\u00f6falda\u00f0ist<br \/>og h\u00e1\u00f0 og spott var\u00f0 hlutskipti \u00feeirra<br \/>skulu \u00feeir f\u00e1 tv\u00f6falda hlutdeild \u00ed landi s\u00ednu<br \/>og \u00e6varandi gle\u00f0i mun hlotnast \u00feeim.<br \/> <\/span> <span class=\"ljodatexti\"> <a name=\"8\"><span class=\"versanumer_ljod\">8<\/span><\/a>\u00dev\u00ed a\u00f0 \u00e9g, Drottinn, elska r\u00e9ttl\u00e6ti<br \/>en hata r\u00e1n og svik,<br \/>\u00e9g mun launa \u00feeim af tr\u00fafesti<br \/>og gera vi\u00f0 \u00fe\u00e1 \u00e6varandi s\u00e1ttm\u00e1la.<br \/> <\/span> <span class=\"ljodatexti\"> <a name=\"9\"><span class=\"versanumer_ljod\">9<\/span><\/a>Ni\u00f0jar \u00feeirra ver\u00f0a \u00feekktir me\u00f0al \u00fej\u00f3\u00f0anna<br \/>og b\u00f6rn \u00feeirra me\u00f0al \u00fej\u00f3\u00f0flokkanna.<br \/>Allir, sem sj\u00e1 \u00fe\u00e1, munu skilja<br \/>a\u00f0 \u00feeir eru ni\u00f0jarnir sem Drottinn hefur blessa\u00f0.<br \/> <\/span> <span class=\"ljodatexti\"> <a name=\"10\"><span class=\"versanumer_ljod\">10<\/span><\/a>\u00c9g gle\u00f0st yfir Drottni,<br \/>\u00e9g fagna yfir Gu\u00f0i m\u00ednum<br \/>\u00fev\u00ed a\u00f0 hann bj\u00f3 mig kl\u00e6\u00f0um hj\u00e1lpr\u00e6\u00f0isins,<br \/>sveipa\u00f0i mig skikkju r\u00e9ttl\u00e6tisins.<br \/>Eins og br\u00fa\u00f0gumi setur upp h\u00f6fu\u00f0d\u00fak sinn<br \/>og br\u00fa\u00f0ur b\u00fdr sig skarti s\u00ednu<br \/> <\/span> <span class=\"ljodatexti\"> <a name=\"11\"><span class=\"versanumer_ljod\">11<\/span><\/a>og eins og j\u00f6r\u00f0in gefur gr\u00f3\u00f0rinum v\u00f6xtinn <br \/>og gar\u00f0ur l\u00e6tur fr\u00e6kornin sp\u00edra<br \/>mun Drottinn Gu\u00f0 l\u00e1ta r\u00e9ttl\u00e6ti dafna <br \/>og or\u00f0st\u00edr frammi fyrir \u00f6llum \u00fej\u00f3\u00f0um. <\/span> <\/p>\n","protected":false},"excerpt":{"rendered":"<p>Fagna\u00f0arbo\u00f0skapur um frelsi 1Andi Drottins er yfir m\u00e9r\u00fev\u00ed a\u00f0 Drottinn hefur smurt mig.Hann hefur sent mig til a\u00f0 flytja f\u00e1t\u00e6kum gle\u00f0ilegan bo\u00f0skap,til a\u00f0 gr\u00e6\u00f0a \u00fe\u00e1 sem hafa sundurmarin hj\u00f6rtu,bo\u00f0a f\u00f6ngum lausnog fj\u00f6tru\u00f0um frelsi, 2til a\u00f0 bo\u00f0a n\u00e1\u00f0ar\u00e1r Drottinsog hefndardag Gu\u00f0s vors,til a\u00f0 hugga \u00fe\u00e1 sem hryggir eru 3og setja h\u00f6fu\u00f0dj\u00e1sn \u00ed sta\u00f0 \u00f6sku \u00e1 syrgjendur \u00ed S\u00edon,fagna\u00f0arol\u00edu \u00ed sta\u00f0 sorgarkl\u00e6\u00f0a,skartkl\u00e6\u00f0i \u00ed sta\u00f0 hugleysis.\u00deeir ver\u00f0a nefndir r\u00e9ttl\u00e6tiseikur,gar\u00f0ur Drottins sem birtir d\u00fdr\u00f0 hans. 4\u00deeir munu endurreisa fornar r\u00fastir,reisa \u00fea\u00f0 vi\u00f0 sem f\u00e9ll fyrir l\u00f6ngu,endurbyggja eyddar borgirsem legi\u00f0 hafa \u00ed r\u00fastum kynsl\u00f3\u00f0 eftir kynsl\u00f3\u00f0. 5Framandi menn munu koma og g\u00e6ta hjar\u00f0a y\u00f0ar,\u00fatlendingar vinna <a href=\"https:\/\/biblian.is\/biblian\/jesaja-61-kafli\/\"> [&#8230;]<\/a><\/p>\n","protected":false},"author":1,"featured_media":0,"parent":0,"menu_order":0,"comment_status":"open","ping_status":"open","template":"bibliukaflar_NT.php","meta":{"footnotes":""},"class_list":["post-2357","page","type-page","status-publish","hentry"],"_links":{"self":[{"href":"https:\/\/biblian.is\/biblian\/wp-json\/wp\/v2\/pages\/2357","targetHints":{"allow":["GET"]}}],"collection":[{"href":"https:\/\/biblian.is\/biblian\/wp-json\/wp\/v2\/pages"}],"about":[{"href":"https:\/\/biblian.is\/biblian\/wp-json\/wp\/v2\/types\/page"}],"author":[{"embeddable":true,"href":"https:\/\/biblian.is\/biblian\/wp-json\/wp\/v2\/users\/1"}],"replies":[{"embeddable":true,"href":"https:\/\/biblian.is\/biblian\/wp-json\/wp\/v2\/comments?post=2357"}],"version-history":[{"count":0,"href":"https:\/\/biblian.is\/biblian\/wp-json\/wp\/v2\/pages\/2357\/revisions"}],"wp:attachment":[{"href":"https:\/\/biblian.is\/biblian\/wp-json\/wp\/v2\/media?parent=2357"}],"curies":[{"name":"wp","href":"https:\/\/api.w.org\/{rel}","templated":true}]}}