{"id":2356,"date":"2017-12-30T21:02:47","date_gmt":"2017-12-30T21:02:47","guid":{"rendered":"http:\/\/biblian.is\/biblian\/jesaja-60-kafli\/"},"modified":"2024-05-06T22:28:34","modified_gmt":"2024-05-06T22:28:34","slug":"jesaja-60-kafli","status":"publish","type":"page","link":"https:\/\/biblian.is\/biblian\/jesaja-60-kafli\/","title":{"rendered":"Jesaja 60. kafli"},"content":{"rendered":"<h3 class=\"millifyrirsogn_2007\"> D\u00fdr\u00f0 Gu\u00f0s rennur upp yfir Jer\u00fasalem<\/h3>\n<p><span class=\"ljodatexti\"> <a name=\"1\"><span class=\"versanumer_ljod\">1<\/span><\/a>Statt upp, sk\u00edn \u00fe\u00fa, \u00fev\u00ed a\u00f0 lj\u00f3s \u00feitt kemur<br \/>og d\u00fdr\u00f0 Drottins rennur upp yfir \u00fe\u00e9r.<br \/> <\/span> <span class=\"ljodatexti\"> <a name=\"2\"><span class=\"versanumer_ljod\">2<\/span><\/a>Myrkur gr\u00fafir yfir j\u00f6r\u00f0inni<br \/>og sorti yfir \u00fej\u00f3\u00f0unum<br \/>en Drottinn er runninn upp yfir \u00fe\u00e9r<br \/>og d\u00fdr\u00f0 hans birtist yfir \u00fe\u00e9r.<br \/> <\/span> <span class=\"ljodatexti\"> <a name=\"3\"><span class=\"versanumer_ljod\">3<\/span><\/a>\u00dej\u00f3\u00f0ir munu stefna \u00e1 lj\u00f3s \u00feitt<br \/>og konungar \u00e1 lj\u00f3mann sem rennur upp yfir \u00fe\u00e9r.<br \/> <\/span> <span class=\"ljodatexti\"> <a name=\"4\"><span class=\"versanumer_ljod\">4<\/span><\/a>Hef upp augu \u00fe\u00edn og litast um,<br \/>\u00feeir safnast allir saman og koma til \u00fe\u00edn,<br \/>synir \u00fe\u00ednir koma langt a\u00f0<br \/>og d\u00e6tur \u00fe\u00ednar ver\u00f0a bornar \u00e1 \u00f6rmum.<br \/> <\/span> <span class=\"ljodatexti\"> <a name=\"5\"><span class=\"versanumer_ljod\">5<\/span><\/a>Vi\u00f0 \u00fe\u00e1 s\u00fdn muntu gle\u00f0jast,<br \/>hjarta \u00feitt mun sl\u00e1 hra\u00f0ar og fyllast f\u00f6gnu\u00f0i<br \/>\u00fev\u00ed a\u00f0 til \u00fe\u00edn hverfur au\u00f0ur hafsins<br \/>og au\u00f0\u00e6fi \u00fej\u00f3\u00f0a berast \u00fe\u00e9r.<br \/> <\/span> <span class=\"ljodatexti\"> <a name=\"6\"><span class=\"versanumer_ljod\">6<\/span><\/a>Aragr\u00fai \u00falfalda mun \u00feekja land \u00feitt,<br \/>dr\u00f3medarar fr\u00e1 Mid\u00edan og Efa<br \/>og allir, sem koma fr\u00e1 Saba,<br \/>f\u00e6ra \u00fe\u00e9r gull og reykelsi<br \/>og flytja Drottni lof.<br \/> <\/span> <span class=\"ljodatexti\"> <a name=\"7\"><span class=\"versanumer_ljod\">7<\/span><\/a>Allt sau\u00f0f\u00e9 Kedars flykkist til \u00fe\u00edn,<br \/>hr\u00fatar Nebaj\u00f3ts \u00fej\u00f3na \u00fe\u00e9r,<br \/>\u00e9g tek \u00e1 m\u00f3ti \u00feeim sem f\u00f3rn \u00e1 altari mitt <br \/>og \u00e9g mun auka vegsemd m\u00edns d\u00fdrlega h\u00fass.<br \/> <\/span> <span class=\"ljodatexti\"> <a name=\"8\"><span class=\"versanumer_ljod\">8<\/span><\/a>Hver eru \u00feau sem sv\u00edfa sem sk\u00fd<br \/>og sem d\u00fafur \u00e1 lei\u00f0 til sk\u00fdla sinna?<br \/> <\/span> <span class=\"ljodatexti\"> <a name=\"9\"><span class=\"versanumer_ljod\">9<\/span><\/a>Skip fr\u00e1 eyjunum sem m\u00edn vegna safnast saman,<br \/>Tarsisskipin fremst,<br \/>til a\u00f0 flytja heim syni \u00fe\u00edna \u00far fjarska<br \/>og me\u00f0 \u00feeim silfur \u00feeirra og gull<br \/>vegna nafns Drottins, Gu\u00f0s \u00fe\u00edns,<br \/>Hins heilaga \u00ed \u00cdsrael<br \/>sem ger\u00f0i \u00feig d\u00fdrlegan.<br \/> <\/span> <span class=\"ljodatexti\"> <a name=\"10\"><span class=\"versanumer_ljod\">10<\/span><\/a>\u00datlendingar munu reisa borgarm\u00fara \u00fe\u00edna<br \/>og konungar \u00feeirra \u00fej\u00f3na \u00fe\u00e9r<br \/>\u00fev\u00ed a\u00f0 \u00e9g sl\u00f3 \u00feig \u00ed rei\u00f0i minni<br \/>en miskunna \u00fe\u00e9r af n\u00e1\u00f0 minni.<br \/> <\/span> <span class=\"ljodatexti\"> <a name=\"11\"><span class=\"versanumer_ljod\">11<\/span><\/a>Hli\u00f0 \u00fe\u00edn ver\u00f0a \u00e1vallt opin,<br \/>\u00feeim ver\u00f0ur hvorki loka\u00f0 dag n\u00e9 n\u00f3tt<br \/>\u00fev\u00ed a\u00f0 \u00fe\u00e9r ver\u00f0a f\u00e6r\u00f0 au\u00f0\u00e6fi \u00fej\u00f3\u00f0a<br \/>og konungar \u00feeirra leiddir til \u00fe\u00edn.<br \/> <\/span> <span class=\"ljodatexti\"> <a name=\"12\"><span class=\"versanumer_ljod\">12<\/span><\/a>\u00dev\u00ed a\u00f0 hver s\u00fa \u00fej\u00f3\u00f0 e\u00f0a konungsr\u00edki, sem ekki vill \u00fej\u00f3na \u00fe\u00e9r,<br \/>mun l\u00ed\u00f0a undir lok<br \/>og \u00feeim \u00fej\u00f3\u00f0um ver\u00f0ur gereytt. <br \/> <\/span> <span class=\"ljodatexti\"> <a name=\"13\"><span class=\"versanumer_ljod\">13<\/span><\/a>D\u00fdr\u00f0 L\u00edbanons kemur til \u00fe\u00edn,<br \/>k\u00fdprusvi\u00f0ur, platanvi\u00f0ur og fura,<br \/>til a\u00f0 pr\u00fd\u00f0a helgid\u00f3m minn<br \/>og skreyta f\u00f3tsk\u00f6r m\u00edna.<br \/> <\/span> <span class=\"ljodatexti\"> <a name=\"14\"><span class=\"versanumer_ljod\">14<\/span><\/a>Synir \u00feeirra sem k\u00fagu\u00f0u \u00feig<br \/>koma beyg\u00f0ir til \u00fe\u00edn<br \/>og allir, sem sm\u00e1nu\u00f0u \u00feig, <br \/>munu fleygja s\u00e9r fl\u00f6tum fyrir f\u00e6tur \u00fe\u00e9r<br \/>og nefna \u00feig borg Drottins, S\u00edon Hins heilaga \u00ed \u00cdsrael.<br \/> <\/span> <span class=\"ljodatexti\"> <a name=\"15\"><span class=\"versanumer_ljod\">15<\/span><\/a>\u00de\u00fa sem varst yfirgefin og h\u00f6tu\u00f0<br \/>og enginn lag\u00f0i lei\u00f0 s\u00edna um \u00feig,<br \/>\u00feig geri \u00e9g n\u00fa a\u00f0 \u00e6varandi vegsemd<br \/>og f\u00f6gnu\u00f0i fr\u00e1 kynsl\u00f3\u00f0 til kynsl\u00f3\u00f0ar.<br \/> <\/span> <span class=\"ljodatexti\"> <a name=\"16\"><span class=\"versanumer_ljod\">16<\/span><\/a>\u00de\u00fa munt sj\u00faga mj\u00f3lk \u00fej\u00f3\u00f0anna<br \/>og konungar hafa \u00feig \u00e1 brj\u00f3sti.<br \/>\u00de\u00e1 munt \u00fe\u00fa skilja a\u00f0 \u00e9g, Drottinn, er frelsari \u00feinn,<br \/>Hinn voldugi Jakobs, lausnari \u00feinn.<br \/> <\/span> <span class=\"ljodatexti\"> <a name=\"17\"><span class=\"versanumer_ljod\">17<\/span><\/a>\u00c9g f\u00e6ri \u00fe\u00e9r gull fyrir eir,<br \/>silfur fyrir j\u00e1rn,<br \/>eir fyrir vi\u00f0<br \/>og j\u00e1rn fyrir grj\u00f3t.<br \/>\u00c9g geri fri\u00f0inn a\u00f0 yfirvaldi \u00fe\u00ednu<br \/>og r\u00e9ttl\u00e6ti\u00f0 a\u00f0 yfirbo\u00f0ara \u00fe\u00ednum. <br \/> <\/span> <span class=\"ljodatexti\"> <a name=\"18\"><span class=\"versanumer_ljod\">18<\/span><\/a>Ekki mun framar heyrast geti\u00f0 um ofbeldi \u00ed landi \u00fe\u00ednu,<br \/>tj\u00f3n e\u00f0a tort\u00edmingu innan landam\u00e6ra \u00feinna.<br \/>\u00de\u00fa munt nefna borgarm\u00fara \u00fe\u00edna Hj\u00e1lpr\u00e6\u00f0i<br \/>og hli\u00f0 \u00fe\u00edn Lofs\u00f6ng.<br \/> <\/span> <span class=\"ljodatexti\"> <a name=\"19\"><span class=\"versanumer_ljod\">19<\/span><\/a>S\u00f3lin ver\u00f0ur ekki framar lj\u00f3s \u00feitt um daga<br \/>og tungli\u00f0 ekki birta \u00fe\u00edn um n\u00e6tur<br \/>heldur ver\u00f0ur Drottinn \u00fe\u00e9r eil\u00edft lj\u00f3s<br \/>og Gu\u00f0 \u00feinn ver\u00f0ur \u00fe\u00e9r d\u00fdr\u00f0arlj\u00f3mi.<br \/> <\/span> <span class=\"ljodatexti\"> <a name=\"20\"><span class=\"versanumer_ljod\">20<\/span><\/a>S\u00f3l \u00fe\u00edn gengur aldrei til vi\u00f0ar<br \/>og tungl \u00feitt minnkar ekki framar<br \/>\u00fev\u00ed a\u00f0 Drottinn ver\u00f0ur \u00fe\u00e9r eil\u00edft lj\u00f3s<br \/>og sorgardagar \u00fe\u00ednir \u00e1 enda.<br \/> <\/span> <span class=\"ljodatexti\"> <a name=\"21\"><span class=\"versanumer_ljod\">21<\/span><\/a>Allir \u00feegnar \u00fe\u00ednir eru r\u00e9ttl\u00e1tir,<br \/>\u00feeir munu \u00e6vinlega eiga landi\u00f0.<br \/>\u00deeir eru gar\u00f0ur Drottins sem \u00e9g hef gr\u00f3\u00f0ursett,<br \/>handaverk hans<br \/>sem birtir d\u00fdr\u00f0 hans.<br \/> <\/span> <span class=\"ljodatexti\"> <a name=\"22\"><span class=\"versanumer_ljod\">22<\/span><\/a> Hinn minnsti ver\u00f0ur a\u00f0 \u00fe\u00fasund,<br \/>hinn l\u00edtilm\u00f3tlegasti a\u00f0 voldugri \u00fej\u00f3\u00f0.<br \/>\u00c9g, Drottinn, mun hra\u00f0a \u00feessu<br \/>\u00feegar a\u00f0 \u00fev\u00ed kemur. <\/span> <\/p>\n","protected":false},"excerpt":{"rendered":"<p>D\u00fdr\u00f0 Gu\u00f0s rennur upp yfir Jer\u00fasalem 1Statt upp, sk\u00edn \u00fe\u00fa, \u00fev\u00ed a\u00f0 lj\u00f3s \u00feitt kemurog d\u00fdr\u00f0 Drottins rennur upp yfir \u00fe\u00e9r. 2Myrkur gr\u00fafir yfir j\u00f6r\u00f0inniog sorti yfir \u00fej\u00f3\u00f0unumen Drottinn er runninn upp yfir \u00fe\u00e9rog d\u00fdr\u00f0 hans birtist yfir \u00fe\u00e9r. 3\u00dej\u00f3\u00f0ir munu stefna \u00e1 lj\u00f3s \u00feittog konungar \u00e1 lj\u00f3mann sem rennur upp yfir \u00fe\u00e9r. 4Hef upp augu \u00fe\u00edn og litast um,\u00feeir safnast allir saman og koma til \u00fe\u00edn,synir \u00fe\u00ednir koma langt a\u00f0og d\u00e6tur \u00fe\u00ednar ver\u00f0a bornar \u00e1 \u00f6rmum. 5Vi\u00f0 \u00fe\u00e1 s\u00fdn muntu gle\u00f0jast,hjarta \u00feitt mun sl\u00e1 hra\u00f0ar og fyllast f\u00f6gnu\u00f0i\u00fev\u00ed a\u00f0 til \u00fe\u00edn hverfur au\u00f0ur hafsinsog au\u00f0\u00e6fi \u00fej\u00f3\u00f0a berast \u00fe\u00e9r. 6Aragr\u00fai <a href=\"https:\/\/biblian.is\/biblian\/jesaja-60-kafli\/\"> [&#8230;]<\/a><\/p>\n","protected":false},"author":1,"featured_media":0,"parent":0,"menu_order":0,"comment_status":"open","ping_status":"open","template":"bibliukaflar_NT.php","meta":{"footnotes":""},"class_list":["post-2356","page","type-page","status-publish","hentry"],"_links":{"self":[{"href":"https:\/\/biblian.is\/biblian\/wp-json\/wp\/v2\/pages\/2356","targetHints":{"allow":["GET"]}}],"collection":[{"href":"https:\/\/biblian.is\/biblian\/wp-json\/wp\/v2\/pages"}],"about":[{"href":"https:\/\/biblian.is\/biblian\/wp-json\/wp\/v2\/types\/page"}],"author":[{"embeddable":true,"href":"https:\/\/biblian.is\/biblian\/wp-json\/wp\/v2\/users\/1"}],"replies":[{"embeddable":true,"href":"https:\/\/biblian.is\/biblian\/wp-json\/wp\/v2\/comments?post=2356"}],"version-history":[{"count":0,"href":"https:\/\/biblian.is\/biblian\/wp-json\/wp\/v2\/pages\/2356\/revisions"}],"wp:attachment":[{"href":"https:\/\/biblian.is\/biblian\/wp-json\/wp\/v2\/media?parent=2356"}],"curies":[{"name":"wp","href":"https:\/\/api.w.org\/{rel}","templated":true}]}}