{"id":2355,"date":"2017-12-30T21:02:47","date_gmt":"2017-12-30T21:02:47","guid":{"rendered":"http:\/\/biblian.is\/biblian\/jesaja-59-kafli\/"},"modified":"2024-05-06T22:28:34","modified_gmt":"2024-05-06T22:28:34","slug":"jesaja-59-kafli","status":"publish","type":"page","link":"https:\/\/biblian.is\/biblian\/jesaja-59-kafli\/","title":{"rendered":"Jesaja 59. kafli"},"content":{"rendered":"<h3 class=\"millifyrirsogn_2007\"> I\u00f0run og endurlausn<\/h3>\n<p><span class=\"ljodatexti\"> <a name=\"1\"><span class=\"versanumer_ljod\">1<\/span><\/a>Sj\u00e1, h\u00f6nd Drottins er eigi svo stutt a\u00f0 hann geti ekki hj\u00e1lpa\u00f0<br \/>og eyra hans ekki svo dauft a\u00f0 hann heyri ekki.<br \/> <\/span> <span class=\"ljodatexti\"> <a name=\"2\"><span class=\"versanumer_ljod\">2<\/span><\/a>Nei, sekt y\u00f0ar skilur y\u00f0ur fr\u00e1 Gu\u00f0i y\u00f0ar,<br \/>syndir y\u00f0ar hylja auglit hans<br \/>svo a\u00f0 hann hlustar ekki \u00e1 y\u00f0ur.<br \/> <\/span> <span class=\"ljodatexti\"> <a name=\"3\"><span class=\"versanumer_ljod\">3<\/span><\/a>L\u00f3far y\u00f0ar eru ata\u00f0ir bl\u00f3\u00f0i<br \/>og fingur y\u00f0ar misgj\u00f6r\u00f0um,<br \/>varir y\u00f0ar tala lygi,<br \/>tunga y\u00f0ar hv\u00edslar r\u00f3gi.<br \/> <\/span> <span class=\"ljodatexti\"> <a name=\"4\"><span class=\"versanumer_ljod\">4<\/span><\/a>Enginn k\u00e6rir vegna r\u00e9tts m\u00e1lsta\u00f0ar<br \/>og enginn fer \u00ed m\u00e1l af heilindum,<br \/>menn treysta f\u00e1n\u00fdti og fara me\u00f0 \u00feva\u00f0ur,<br \/>ganga me\u00f0 fals og f\u00e6\u00f0a illgj\u00f6r\u00f0ir.<br \/> <\/span> <span class=\"ljodatexti\"> <a name=\"5\"><span class=\"versanumer_ljod\">5<\/span><\/a>\u00deeir klekja \u00fat n\u00f6\u00f0rueggjum<br \/>og vefa k\u00f6ngul\u00f3arvef,<br \/>hver sem etur egg \u00feeirra deyr,<br \/>s\u00e9 \u00e1 \u00feeim tro\u00f0i\u00f0 klekjast eiturn\u00f6\u00f0rur.<br \/> <\/span> <span class=\"ljodatexti\"> <a name=\"6\"><span class=\"versanumer_ljod\">6<\/span><\/a>Spuni \u00feeirra ver\u00f0ur aldrei kl\u00e6\u00f0i<br \/>og enginn kl\u00e6\u00f0ist vefna\u00f0i \u00feeirra.<br \/>Verk \u00feeirra eru \u00f3d\u00e6\u00f0i<br \/>og ofbeldi er \u00ed l\u00f3fum \u00feeirra.<br \/> <\/span> <span class=\"ljodatexti\"> <a name=\"7\"><span class=\"versanumer_ljod\">7<\/span><\/a>F\u00e6tur \u00feeirra eru skj\u00f3tir til ills,<br \/>flj\u00f3tir til a\u00f0 \u00fathella saklausu bl\u00f3\u00f0i.<br \/>Hugsanir \u00feeirra eru illar,<br \/>ey\u00f0ing og tort\u00edming er \u00e1 vegum \u00feeirra.<br \/> <\/span> <span class=\"ljodatexti\"> <a name=\"8\"><span class=\"versanumer_ljod\">8<\/span><\/a>Veg fri\u00f0arins \u00feekkja \u00feeir ekki<br \/>og r\u00e9ttl\u00e6ti er ekki \u00ed sporum \u00feeirra.<br \/>\u00deeir ger\u00f0u vegi s\u00edna hlykkj\u00f3tta,<br \/>enginn, sem \u00e1 \u00feeim gengur, \u00feekkir fri\u00f0.<br \/> <\/span> <span class=\"ljodatexti\"> <a name=\"9\"><span class=\"versanumer_ljod\">9<\/span><\/a>\u00dev\u00ed er r\u00e9tturinn oss fjarl\u00e6gur<br \/>og r\u00e9ttl\u00e6ti\u00f0 n\u00e6r ekki til vor.<br \/>V\u00e9r v\u00e6ntum lj\u00f3ss en \u00fea\u00f0 er myrkur,<br \/>v\u00e6ntum dagsbirtu en g\u00f6ngum \u00ed ni\u00f0dimmu.<br \/> <\/span> <span class=\"ljodatexti\"> <a name=\"10\"><span class=\"versanumer_ljod\">10<\/span><\/a>V\u00e9r \u00fereifum oss fram me\u00f0 vegg eins og blindir,<br \/>f\u00e1lmum l\u00edkt og menn \u00e1n augna.<br \/>V\u00e9r hr\u00f6sum um h\u00e1bjartan dag eins og \u00ed r\u00f6kkri,<br \/>erum sem dau\u00f0ir me\u00f0al \u00feeirra sem eru \u00ed bl\u00f3ma l\u00edfsins. <br \/> <\/span> <span class=\"ljodatexti\"> <a name=\"11\"><span class=\"versanumer_ljod\">11<\/span><\/a>V\u00e9r rymjum allir sem birnir,<br \/>kurrum eins og d\u00fafur,<br \/>v\u00e9r v\u00e6ntum r\u00e9ttar en hann er ekki h\u00e9r,<br \/>v\u00e6ntum hj\u00e1lpar en h\u00fan er oss fjarri.<br \/> <\/span> <span class=\"ljodatexti\"> <a name=\"12\"><span class=\"versanumer_ljod\">12<\/span><\/a>V\u00e9r h\u00f6fum oft broti\u00f0 gegn \u00fe\u00e9r<br \/>og syndir vorar vitna gegn oss.<br \/>\u00dear sem afbrot vor eru st\u00f6\u00f0ugt hj\u00e1 oss<br \/>\u00feekkjum v\u00e9r syndir vorar.<br \/> <\/span> <span class=\"ljodatexti\"> <a name=\"13\"><span class=\"versanumer_ljod\">13<\/span><\/a>V\u00e9r h\u00f6fum risi\u00f0 gegn Drottni og afneita\u00f0 honum,<br \/>sn\u00fai\u00f0 fr\u00e1 fylgd vi\u00f0 Gu\u00f0 vorn,<br \/>hvatt til ofbeldis og svika,<br \/>ali\u00f0 \u00e1 lygum \u00ed hjarta og bo\u00f0a\u00f0 \u00fe\u00e6r.<br \/> <\/span> <span class=\"ljodatexti\"> <a name=\"14\"><span class=\"versanumer_ljod\">14<\/span><\/a>\u00deannig er r\u00e9tturinn hrakinn burt<br \/>og r\u00e9ttl\u00e6ti stendur v\u00ed\u00f0s fjarri<br \/>\u00fev\u00ed a\u00f0 sannleikurinn hrasa\u00f0i \u00e1 torginu,<br \/>hreinskilnin komst ekki a\u00f0.<br \/> <\/span> <span class=\"ljodatexti\"> <a name=\"15\"><span class=\"versanumer_ljod\">15<\/span><\/a>Sannleikann er hvergi a\u00f0 finna,<br \/>s\u00e1 sem for\u00f0ast illt ver\u00f0ur r\u00e6ndur.<br \/>Drottinn s\u00e1 \u00fea\u00f0 <br \/>og honum misl\u00edka\u00f0i r\u00e9ttleysi\u00f0.<br \/> <\/span> <span class=\"ljodatexti\"> <a name=\"16\"><span class=\"versanumer_ljod\">16<\/span><\/a>Hann s\u00e1 a\u00f0 \u00fear var enginn,<br \/>undra\u00f0ist a\u00f0 enginn skarst \u00ed leikinn<br \/>en armur hans sj\u00e1lfs hj\u00e1lpa\u00f0i honum<br \/>og r\u00e9ttl\u00e6ti hans studdi hann.<br \/> <\/span> <span class=\"ljodatexti\"> <a name=\"17\"><span class=\"versanumer_ljod\">17<\/span><\/a>Hann \u00edkl\u00e6ddist r\u00e9ttl\u00e6ti sem brynju<br \/>og hj\u00e1lmur hj\u00e1lpr\u00e6\u00f0is var \u00e1 h\u00f6f\u00f0i hans,<br \/>hann kl\u00e6ddist kl\u00e6\u00f0um hefndarinnar,<br \/>sveipa\u00f0i sig skikkju afbr\u00fd\u00f0innar.<br \/> <\/span> <span class=\"ljodatexti\"> <a name=\"18\"><span class=\"versanumer_ljod\">18<\/span><\/a>Hann geldur eftir verkum:<br \/>eins og menn hafa unni\u00f0 til, svo mun hann gjalda,<br \/>geldur heift andst\u00e6\u00f0ingum s\u00ednum,<br \/>refsingu fjandm\u00f6nnum,<br \/>\u00fat til eyjanna endurgeldur hann.<br \/> <\/span> <span class=\"ljodatexti\"> <a name=\"19\"><span class=\"versanumer_ljod\">19<\/span><\/a>\u00de\u00e1 munu menn \u00f3ttast nafn Drottins \u00ed vestri<br \/>og d\u00fdr\u00f0 hans \u00ed austri<br \/>\u00fev\u00ed a\u00f0 hann br\u00fdst fram eins og \u00e1 \u00ed vexti<br \/>sem stormur fr\u00e1 Drottni kn\u00fdr fram.<br \/> <\/span> <span class=\"ljodatexti\"> <a name=\"20\"><span class=\"versanumer_ljod\">20<\/span><\/a>En lausnarinn mun koma til S\u00edonar,<br \/>til \u00feeirra af ni\u00f0jum Jakobs sem hverfa fr\u00e1 synd,<br \/>segir Drottinn.<br \/> <\/span> <span class=\"ljodatexti\"> <a name=\"21\"><span class=\"versanumer_ljod\">21<\/span><\/a>\u00deetta er s\u00e1ttm\u00e1li minn vi\u00f0 \u00fe\u00e1, segir Drottinn:<br \/>Andi minn, sem er yfir \u00fe\u00e9r,<br \/>or\u00f0 m\u00edn, sem \u00e9g lag\u00f0i \u00fe\u00e9r \u00ed munn,<br \/>skulu hvorki v\u00edkja \u00far \u00fe\u00ednum munni<br \/>n\u00e9 munni ni\u00f0ja \u00feinna,<br \/>n\u00e9 fr\u00e1 munni ni\u00f0ja ni\u00f0ja \u00feinna, segir Drottinn,<br \/>h\u00e9\u00f0an \u00ed fr\u00e1 og a\u00f0 eil\u00edfu. <\/span> <\/p>\n","protected":false},"excerpt":{"rendered":"<p>I\u00f0run og endurlausn 1Sj\u00e1, h\u00f6nd Drottins er eigi svo stutt a\u00f0 hann geti ekki hj\u00e1lpa\u00f0og eyra hans ekki svo dauft a\u00f0 hann heyri ekki. 2Nei, sekt y\u00f0ar skilur y\u00f0ur fr\u00e1 Gu\u00f0i y\u00f0ar,syndir y\u00f0ar hylja auglit hanssvo a\u00f0 hann hlustar ekki \u00e1 y\u00f0ur. 3L\u00f3far y\u00f0ar eru ata\u00f0ir bl\u00f3\u00f0iog fingur y\u00f0ar misgj\u00f6r\u00f0um,varir y\u00f0ar tala lygi,tunga y\u00f0ar hv\u00edslar r\u00f3gi. 4Enginn k\u00e6rir vegna r\u00e9tts m\u00e1lsta\u00f0arog enginn fer \u00ed m\u00e1l af heilindum,menn treysta f\u00e1n\u00fdti og fara me\u00f0 \u00feva\u00f0ur,ganga me\u00f0 fals og f\u00e6\u00f0a illgj\u00f6r\u00f0ir. 5\u00deeir klekja \u00fat n\u00f6\u00f0rueggjumog vefa k\u00f6ngul\u00f3arvef,hver sem etur egg \u00feeirra deyr,s\u00e9 \u00e1 \u00feeim tro\u00f0i\u00f0 klekjast eiturn\u00f6\u00f0rur. 6Spuni \u00feeirra ver\u00f0ur aldrei kl\u00e6\u00f0iog enginn <a href=\"https:\/\/biblian.is\/biblian\/jesaja-59-kafli\/\"> [&#8230;]<\/a><\/p>\n","protected":false},"author":1,"featured_media":0,"parent":0,"menu_order":0,"comment_status":"open","ping_status":"open","template":"bibliukaflar_NT.php","meta":{"footnotes":""},"class_list":["post-2355","page","type-page","status-publish","hentry"],"_links":{"self":[{"href":"https:\/\/biblian.is\/biblian\/wp-json\/wp\/v2\/pages\/2355","targetHints":{"allow":["GET"]}}],"collection":[{"href":"https:\/\/biblian.is\/biblian\/wp-json\/wp\/v2\/pages"}],"about":[{"href":"https:\/\/biblian.is\/biblian\/wp-json\/wp\/v2\/types\/page"}],"author":[{"embeddable":true,"href":"https:\/\/biblian.is\/biblian\/wp-json\/wp\/v2\/users\/1"}],"replies":[{"embeddable":true,"href":"https:\/\/biblian.is\/biblian\/wp-json\/wp\/v2\/comments?post=2355"}],"version-history":[{"count":0,"href":"https:\/\/biblian.is\/biblian\/wp-json\/wp\/v2\/pages\/2355\/revisions"}],"wp:attachment":[{"href":"https:\/\/biblian.is\/biblian\/wp-json\/wp\/v2\/media?parent=2355"}],"curies":[{"name":"wp","href":"https:\/\/api.w.org\/{rel}","templated":true}]}}