{"id":2354,"date":"2017-12-30T21:02:47","date_gmt":"2017-12-30T21:02:47","guid":{"rendered":"http:\/\/biblian.is\/biblian\/jesaja-58-kafli\/"},"modified":"2024-05-06T22:28:33","modified_gmt":"2024-05-06T22:28:33","slug":"jesaja-58-kafli","status":"publish","type":"page","link":"https:\/\/biblian.is\/biblian\/jesaja-58-kafli\/","title":{"rendered":"Jesaja 58. kafli"},"content":{"rendered":"<h3 class=\"millifyrirsogn_2007\"> Gu\u00f0i \u00fe\u00f3knanlegar f\u00f6stur<\/h3>\n<p><span class=\"ljodatexti\"> <a name=\"1\"><span class=\"versanumer_ljod\">1<\/span><\/a>Kalla \u00fe\u00fa fullum h\u00e1lsi og drag\u00f0u ekki af,<br \/>hef upp r\u00f6dd \u00fe\u00edna eins og hafurshorn<br \/>og seg\u00f0u \u00fej\u00f3\u00f0 minni fr\u00e1 afbrotum hennar<br \/>og ni\u00f0jum Jakobs fr\u00e1 syndum \u00feeirra.<br \/> <\/span> <span class=\"ljodatexti\"> <a name=\"2\"><span class=\"versanumer_ljod\">2<\/span><\/a>\u00deeir leita svara hj\u00e1 m\u00e9r dag eftir dag<br \/>\u00fev\u00ed a\u00f0 \u00feeir vilja \u00feekkja vegi m\u00edna.<br \/>Eins og \u00fej\u00f3\u00f0 sem i\u00f0kar r\u00e9ttl\u00e6ti<br \/>og v\u00edkur ekki fr\u00e1 bo\u00f0um Gu\u00f0s s\u00edns<br \/>krefja \u00feeir mig um r\u00e9ttan d\u00f3m<br \/>og vilja a\u00f0 Gu\u00f0 n\u00e1lgist \u00fe\u00e1.<br \/> <\/span> <span class=\"ljodatexti\"> <a name=\"3\"><span class=\"versanumer_ljod\">3<\/span><\/a>Hvers vegna f\u00f6stum v\u00e9r en \u00fe\u00fa s\u00e9r\u00f0 \u00fea\u00f0 ekki,<br \/>\u00fej\u00f6kum oss en \u00fe\u00fa tekur ekki eftir \u00fev\u00ed?<br \/>Daginn, sem \u00fe\u00e9r fasti\u00f0, stundi\u00f0 \u00fe\u00e9r verslun<br \/>og haldi\u00f0 verkam\u00f6nnum y\u00f0ar a\u00f0 verki.<br \/> <\/span> <span class=\"ljodatexti\"> <a name=\"4\"><span class=\"versanumer_ljod\">4<\/span><\/a>\u00de\u00e9r fasti\u00f0 til a\u00f0 \u00fer\u00e6ta og deila<br \/>og sl\u00e1i\u00f0 me\u00f0 krepptum hnefa.<br \/>Fasti\u00f0 ekki eins og \u00ed dag<br \/>ef r\u00f6dd y\u00f0ar \u00e1 a\u00f0 heyrast \u00ed upph\u00e6\u00f0um.<br \/> <\/span> <span class=\"ljodatexti\"> <a name=\"5\"><span class=\"versanumer_ljod\">5<\/span><\/a>Er s\u00fa fasta sem m\u00e9r l\u00edkar<br \/>s\u00e1 dagur er menn \u00fejaka sig,<br \/>l\u00e1ta h\u00f6fu\u00f0i\u00f0 hanga eins og sef<br \/>og leggjast \u00ed sekk og \u00f6sku?<br \/>Kallar \u00fe\u00fa sl\u00edkt f\u00f6stu<br \/>og dag sem Drottni ge\u00f0jast?<br \/> <\/span> <span class=\"ljodatexti\"> <a name=\"6\"><span class=\"versanumer_ljod\">6<\/span><\/a>Nei, s\u00fa fasta sem m\u00e9r l\u00edkar<br \/>er a\u00f0 leysa fj\u00f6tra rangsleitninnar, <br \/>l\u00e1ta rakna b\u00f6nd oksins, <br \/>gefa frj\u00e1lsa hina hrj\u00e1\u00f0u<br \/>og sundurbrj\u00f3ta s\u00e9rhvert ok,<br \/> <\/span> <span class=\"ljodatexti\"> <a name=\"7\"><span class=\"versanumer_ljod\">7<\/span><\/a>\u00fea\u00f0 er, a\u00f0 \u00fe\u00fa mi\u00f0lir hinum hungru\u00f0u af brau\u00f0i \u00fe\u00ednu,<br \/>h\u00fdsir b\u00e1gstadda, h\u00e6lislausa menn<br \/>og ef \u00fe\u00fa s\u00e9r\u00f0 kl\u00e6\u00f0lausan mann, a\u00f0 \u00fe\u00fa kl\u00e6\u00f0ir hann<br \/>og firrist ekki \u00feann sem er hold \u00feitt og bl\u00f3\u00f0.<br \/> <\/span> <span class=\"ljodatexti\"> <a name=\"8\"><span class=\"versanumer_ljod\">8<\/span><\/a>\u00de\u00e1 br\u00fdst lj\u00f3s \u00feitt fram sem morgunro\u00f0i<br \/>og s\u00e1r \u00fe\u00edn gr\u00f3a skj\u00f3tt,<br \/>r\u00e9ttl\u00e6ti \u00feitt fer fyrir \u00fe\u00e9r<br \/>en d\u00fdr\u00f0 Drottins fylgir eftir.<br \/> <\/span> <span class=\"ljodatexti\"> <a name=\"9\"><span class=\"versanumer_ljod\">9<\/span><\/a>\u00de\u00e1 muntu kalla og Drottinn svara,<br \/>bi\u00f0ja um hj\u00e1lp og hann mun segja: \u201eH\u00e9r er \u00e9g.\u201c<br \/>Ef \u00fe\u00fa h\u00e6ttir allri undirokun \u00fe\u00edn \u00e1 me\u00f0al,<br \/>h\u00e6ttir h\u00e6\u00f0nisbendingum og r\u00f3gi,<br \/> <\/span> <span class=\"ljodatexti\"> <a name=\"10\"><span class=\"versanumer_ljod\">10<\/span><\/a>r\u00e9ttir hungru\u00f0um \u00fea\u00f0 sem \u00feig langar sj\u00e1lfan \u00ed<br \/>og se\u00f0ur \u00feann sem b\u00e1gt \u00e1,<br \/>\u00fe\u00e1 rennur lj\u00f3s \u00feitt upp \u00ed myrkrinu<br \/>og ni\u00f0dimman kringum \u00feig ver\u00f0ur sem h\u00e1bjartur dagur.<br \/> <\/span> <span class=\"ljodatexti\"> <a name=\"11\"><span class=\"versanumer_ljod\">11<\/span><\/a>Drottinn mun st\u00f6\u00f0ugt lei\u00f0a \u00feig,<br \/>se\u00f0ja \u00feig \u00ed skr\u00e6lnu\u00f0u landi<br \/>og styrkja bein \u00fe\u00edn.<br \/>\u00de\u00fa munt l\u00edkjast v\u00f6kvu\u00f0um gar\u00f0i,<br \/>uppsprettu sem aldrei \u00fer\u00fdtur.<br \/> <\/span> <span class=\"ljodatexti\"> <a name=\"12\"><span class=\"versanumer_ljod\">12<\/span><\/a>Menn \u00fe\u00ednir munu endurreisa hinar fornu r\u00fastir,<br \/>\u00fe\u00fa munt reisa vi\u00f0 undirst\u00f6\u00f0ur fyrri kynsl\u00f3\u00f0a<br \/>og \u00fe\u00fa ver\u00f0ur nefndur: m\u00farskar\u00f0afyllir,<br \/>s\u00e1 sem reisir bygg\u00f0 \u00far r\u00fastum. <\/span> <\/p>\n<h3 class=\"millifyrirsogn_2007\">Hv\u00edldardagurinn<\/h3>\n<p><span class=\"ljodatexti\"> <a name=\"13\"><span class=\"versanumer_ljod\">13<\/span><\/a>Ef \u00fe\u00fa varast a\u00f0 vanhelga hv\u00edldardaginn,<br \/>varast a\u00f0 gegna st\u00f6rfum \u00fe\u00ednum \u00e1 helgum degi m\u00ednum,<br \/>ef \u00fe\u00fa kallar hv\u00edldardaginn fagna\u00f0ardag,<br \/> dag helga\u00f0an Drottni, gle\u00f0idag,<br \/>og hei\u00f0rar hann me\u00f0 \u00fev\u00ed a\u00f0 hafast ekkert a\u00f0<br \/>og sinnir ekki hug\u00f0arefnum \u00fe\u00ednum e\u00f0a masar,<br \/> <\/span> <span class=\"ljodatexti\"> <a name=\"14\"><span class=\"versanumer_ljod\">14<\/span><\/a>muntu gle\u00f0jast yfir Drottni.<br \/>\u00de\u00e1 mun \u00e9g l\u00e1ta \u00feig r\u00ed\u00f0a yfir h\u00e6\u00f0ir landsins<br \/>og nj\u00f3ta arfsins eftir f\u00f6\u00f0ur \u00feinn, Jakob,<br \/>\u00fev\u00ed a\u00f0 munnur Drottins hefur tala\u00f0 \u00fea\u00f0. <\/span> <\/p>\n","protected":false},"excerpt":{"rendered":"<p>Gu\u00f0i \u00fe\u00f3knanlegar f\u00f6stur 1Kalla \u00fe\u00fa fullum h\u00e1lsi og drag\u00f0u ekki af,hef upp r\u00f6dd \u00fe\u00edna eins og hafurshornog seg\u00f0u \u00fej\u00f3\u00f0 minni fr\u00e1 afbrotum hennarog ni\u00f0jum Jakobs fr\u00e1 syndum \u00feeirra. 2\u00deeir leita svara hj\u00e1 m\u00e9r dag eftir dag\u00fev\u00ed a\u00f0 \u00feeir vilja \u00feekkja vegi m\u00edna.Eins og \u00fej\u00f3\u00f0 sem i\u00f0kar r\u00e9ttl\u00e6tiog v\u00edkur ekki fr\u00e1 bo\u00f0um Gu\u00f0s s\u00ednskrefja \u00feeir mig um r\u00e9ttan d\u00f3mog vilja a\u00f0 Gu\u00f0 n\u00e1lgist \u00fe\u00e1. 3Hvers vegna f\u00f6stum v\u00e9r en \u00fe\u00fa s\u00e9r\u00f0 \u00fea\u00f0 ekki,\u00fej\u00f6kum oss en \u00fe\u00fa tekur ekki eftir \u00fev\u00ed?Daginn, sem \u00fe\u00e9r fasti\u00f0, stundi\u00f0 \u00fe\u00e9r verslunog haldi\u00f0 verkam\u00f6nnum y\u00f0ar a\u00f0 verki. 4\u00de\u00e9r fasti\u00f0 til a\u00f0 \u00fer\u00e6ta og deilaog sl\u00e1i\u00f0 me\u00f0 krepptum <a href=\"https:\/\/biblian.is\/biblian\/jesaja-58-kafli\/\"> [&#8230;]<\/a><\/p>\n","protected":false},"author":1,"featured_media":0,"parent":0,"menu_order":0,"comment_status":"open","ping_status":"open","template":"bibliukaflar_NT.php","meta":{"footnotes":""},"class_list":["post-2354","page","type-page","status-publish","hentry"],"_links":{"self":[{"href":"https:\/\/biblian.is\/biblian\/wp-json\/wp\/v2\/pages\/2354","targetHints":{"allow":["GET"]}}],"collection":[{"href":"https:\/\/biblian.is\/biblian\/wp-json\/wp\/v2\/pages"}],"about":[{"href":"https:\/\/biblian.is\/biblian\/wp-json\/wp\/v2\/types\/page"}],"author":[{"embeddable":true,"href":"https:\/\/biblian.is\/biblian\/wp-json\/wp\/v2\/users\/1"}],"replies":[{"embeddable":true,"href":"https:\/\/biblian.is\/biblian\/wp-json\/wp\/v2\/comments?post=2354"}],"version-history":[{"count":0,"href":"https:\/\/biblian.is\/biblian\/wp-json\/wp\/v2\/pages\/2354\/revisions"}],"wp:attachment":[{"href":"https:\/\/biblian.is\/biblian\/wp-json\/wp\/v2\/media?parent=2354"}],"curies":[{"name":"wp","href":"https:\/\/api.w.org\/{rel}","templated":true}]}}