{"id":2353,"date":"2017-12-30T21:02:47","date_gmt":"2017-12-30T21:02:47","guid":{"rendered":"http:\/\/biblian.is\/biblian\/jesaja-57-kafli\/"},"modified":"2024-05-06T22:28:33","modified_gmt":"2024-05-06T22:28:33","slug":"jesaja-57-kafli","status":"publish","type":"page","link":"https:\/\/biblian.is\/biblian\/jesaja-57-kafli\/","title":{"rendered":"Jesaja 57. kafli"},"content":{"rendered":"<p><span class=\"ljodatexti\"> <a name=\"1\"><span class=\"versanumer_ljod\">1<\/span><\/a>Hinn r\u00e9ttl\u00e1ti ferst<br \/>en enginn tekur \u00fea\u00f0 n\u00e6rri s\u00e9r,<br \/>hinum gu\u00f0hr\u00e6ddu er svipt burt<br \/>en enginn gefur \u00fev\u00ed gaum.<br \/>Vegna illskunnar<br \/>er hinum r\u00e9ttl\u00e1ta svipt burt,<br \/> <\/span> <span class=\"ljodatexti\"> <a name=\"2\"><span class=\"versanumer_ljod\">2<\/span><\/a>hann gengur inn til fri\u00f0arins.<br \/>\u00deeir munu liggja \u00e1 hv\u00edlum s\u00ednum<br \/>sem gengu beina braut. <\/span> <\/p>\n<h3 class=\"millifyrirsogn_2007\">Gegn skur\u00f0go\u00f0ad\u00fdrkun<\/h3>\n<p><span class=\"ljodatexti\"> <a name=\"3\"><span class=\"versanumer_ljod\">3<\/span><\/a>En \u00fe\u00e9r, sei\u00f0konusynir,<br \/>komi\u00f0 hinga\u00f0,<br \/>b\u00f6rn h\u00f3rkarls og sk\u00e6kju.<br \/> <\/span> <span class=\"ljodatexti\"> <a name=\"4\"><span class=\"versanumer_ljod\">4<\/span><\/a>A\u00f0 hverjum skopist \u00fe\u00e9r,<br \/>gegn hverjum glenni\u00f0 \u00fe\u00e9r upp gini\u00f0<br \/>og reki\u00f0 \u00fat tunguna?<br \/>Eru\u00f0 \u00fe\u00e9r ekki afsprengi syndarinnar,<br \/>afkv\u00e6mi lyginnar?<br \/> <\/span> <span class=\"ljodatexti\"> <a name=\"5\"><span class=\"versanumer_ljod\">5<\/span><\/a>\u00de\u00e9r brenni\u00f0 af girnd vi\u00f0 eikurnar,<br \/>undir hverju laufgu\u00f0u tr\u00e9,<br \/>sl\u00e1tri\u00f0 b\u00f6rnum \u00ed d\u00f6lunum,<br \/>ni\u00f0ri \u00ed klettagj\u00e1num.<br \/> <\/span> <span class=\"ljodatexti\"> <a name=\"6\"><span class=\"versanumer_ljod\">6<\/span><\/a>Me\u00f0 sl\u00e9ttum steinum \u00ed \u00e1rfarvegi \u00e1ttu hlut,<br \/>\u00feeir, j\u00e1, \u00feeir eru hlutskipti \u00feitt.<br \/>\u00de\u00fa dreyptir \u00feeim dreypif\u00f3rnir,<br \/>f\u00e6r\u00f0ir \u00feeim kornf\u00f3rn.<br \/>\u00c1 \u00e9g a\u00f0 una \u00feessu?<br \/> <\/span> <span class=\"ljodatexti\"> <a name=\"7\"><span class=\"versanumer_ljod\">7<\/span><\/a>\u00c1 h\u00e1u og gn\u00e6fandi fjalli<br \/>bj\u00f3stu hv\u00edlu \u00fe\u00edna,<br \/>\u00feanga\u00f0 h\u00e9lstu upp<br \/>til a\u00f0 f\u00e6ra sl\u00e1turf\u00f3rn.<br \/> <\/span> <span class=\"ljodatexti\"> <a name=\"8\"><span class=\"versanumer_ljod\">8<\/span><\/a>\u00c1 bak vi\u00f0 hur\u00f0 og dyrastaf<br \/>settir \u00fe\u00fa t\u00e1kn \u00feitt, <br \/>fr\u00e1hverf m\u00e9r flettir \u00fe\u00fa ofan af hv\u00edlunni, steigst upp \u00ed<br \/>og r\u00fdmka\u00f0ir \u00fear til.<br \/>\u00de\u00fa keyptir \u00fe\u00e9r hv\u00edlunauta sem \u00fe\u00fa girntist,<br \/>horf\u00f0ir \u00e1 nekt \u00feeirra.<br \/> <\/span> <span class=\"ljodatexti\"> <a name=\"9\"><span class=\"versanumer_ljod\">9<\/span><\/a>\u00de\u00fa f\u00f3rst me\u00f0 ol\u00edu til Meleks <span class=\"nedan_mal\" title=\" \u00de.e. gu\u00f0sins Meleks. \">[<\/span> <br \/>og smur\u00f0ir \u00feig r\u00edkulega me\u00f0 ilmsmyrslum,<br \/>\u00fe\u00fa sendir sendibo\u00f0a \u00fe\u00edna langar lei\u00f0ir,<br \/>allt ni\u00f0ur til heljar.<br \/> <\/span> <span class=\"ljodatexti\"> <a name=\"10\"><span class=\"versanumer_ljod\">10<\/span><\/a>\u00de\u00fa \u00fereyttist af m\u00f6rgum fer\u00f0um \u00fe\u00ednum<br \/>en sag\u00f0ir \u00fe\u00f3 ekki: \u201e\u00c9g gefst upp.\u201c<br \/>\u00de\u00fa fannst a\u00f0 h\u00f6nd \u00fe\u00edn styrktist,<br \/>\u00feess vegna \u00f6rmagna\u00f0ist \u00fe\u00fa ekki.<br \/> <\/span> <span class=\"ljodatexti\"> <a name=\"11\"><span class=\"versanumer_ljod\">11<\/span><\/a>Hver vakti \u00fe\u00e9r beyg, hver ugg<br \/>\u00fear sem \u00fe\u00fa br\u00e1st m\u00e9r,<br \/>mundir ekki eftir m\u00e9r <br \/>og hirtir ekki um mig?<br \/>\u00deag\u00f0i \u00e9g ekki \u00ed \u00f3rat\u00edma<br \/>en \u00fe\u00fa \u00f3tta\u00f0ist mig ekki?<br \/> <\/span> <span class=\"ljodatexti\"> <a name=\"12\"><span class=\"versanumer_ljod\">12<\/span><\/a>\u00c9g skal segja fr\u00e1 r\u00e9ttl\u00e6ti \u00fe\u00ednu og verkum<br \/>en \u00feau ver\u00f0a \u00fe\u00e9r ekki a\u00f0 li\u00f0i.<br \/> <\/span> <span class=\"ljodatexti\"> <a name=\"13\"><span class=\"versanumer_ljod\">13<\/span><\/a>L\u00e1t skur\u00f0go\u00f0aflokk \u00feinn bjarga \u00fe\u00e9r<br \/>\u00feegar \u00fe\u00fa hr\u00f3par \u00e1 hj\u00e1lp.<br \/>Stormurinn ber hann burt,<br \/>vindurinn tekur hann<br \/>en s\u00e1 sem leitar h\u00e6lis hj\u00e1 m\u00e9r<br \/>mun erfa landi\u00f0<br \/>og taka mitt heilaga fjall til eignar. <\/span> <\/p>\n<h3 class=\"millifyrirsogn_2007\">Fri\u00f0ur veitist au\u00f0mj\u00fakum<\/h3>\n<p><span class=\"ljodatexti\"> <a name=\"14\"><span class=\"versanumer_ljod\">14<\/span><\/a>Einhver segir:<br \/>Leggi\u00f0 braut, leggi\u00f0 braut, geri\u00f0 veginn grei\u00f0an,<br \/>ry\u00f0ji\u00f0 hindrunum \u00far vegi \u00fej\u00f3\u00f0ar minnar.<br \/> <\/span> <span class=\"ljodatexti\"> <a name=\"15\"><span class=\"versanumer_ljod\">15<\/span><\/a>\u00dev\u00ed a\u00f0 svo segir hinn h\u00e1i og upphafni<br \/>sem r\u00edkir \u00e6vinlega og ber nafni\u00f0 Heilagur:<br \/>\u00c9g b\u00fd \u00e1 h\u00e1um og helgum sta\u00f0<br \/>en einnig hj\u00e1 i\u00f0runarfullum og \u00fej\u00f6ku\u00f0um \u00ed anda<br \/>til a\u00f0 gl\u00e6\u00f0a \u00fer\u00f3tt hinna l\u00edtill\u00e1tu<br \/>og styrkja hjarta \u00fejaka\u00f0ra.<br \/> <\/span> <span class=\"ljodatexti\"> <a name=\"16\"><span class=\"versanumer_ljod\">16<\/span><\/a>\u00c9g \u00fereyti ekki deilur eil\u00edflega<br \/>og rei\u00f0ist ekki \u00e6vinlega,<br \/>annars mundi kjarkur \u00feeirra bila frammi fyrir m\u00e9r<br \/>og l\u00edfsandinn sem \u00e9g skapa\u00f0i.<br \/> <\/span> <span class=\"ljodatexti\"> <a name=\"17\"><span class=\"versanumer_ljod\">17<\/span><\/a>\u00c9g reiddist s\u00f6kum syndsamlegrar gr\u00e6\u00f0gi \u00feeirra,<br \/>sl\u00f3 \u00fe\u00e1, huldi mig og var rei\u00f0ur<br \/>en \u00feeir voru m\u00e9r fr\u00e1hverfir<br \/>og h\u00e9ldu \u00feann veg sem \u00fe\u00e1 lysti.<br \/> <\/span> <span class=\"ljodatexti\"> <a name=\"18\"><span class=\"versanumer_ljod\">18<\/span><\/a>\u00c9g s\u00e1 hva\u00f0a veg \u00feeir gengu<br \/>en vildi l\u00e6kna \u00fe\u00e1 og lei\u00f0a<br \/>og veita syrgjendum \u00feeirra huggun.<br \/> <\/span> <span class=\"ljodatexti\"> <a name=\"19\"><span class=\"versanumer_ljod\">19<\/span><\/a>\u00c9g skapa \u00e1v\u00f6xt varanna:<br \/>Fri\u00f0ur, fri\u00f0ur \u00feeim sem er fjarri<br \/>og \u00feeim sem er n\u00e6rri, segir Drottinn. <br \/>\u00c9g l\u00e6kna \u00fe\u00e1.<br \/> <\/span> <span class=\"ljodatexti\"> <a name=\"20\"><span class=\"versanumer_ljod\">20<\/span><\/a>En \u00f3gu\u00f0legir eru sem \u00f3lgusj\u00f3r<br \/>\u00fev\u00ed a\u00f0 enginn l\u00e6gir hann<br \/>og \u00f6ldur hans r\u00f3ta upp aur og le\u00f0ju,<br \/> <\/span> <span class=\"ljodatexti\"> <a name=\"21\"><span class=\"versanumer_ljod\">21<\/span><\/a>\u00f3gu\u00f0legir hlj\u00f3ta engan fri\u00f0,<br \/>segir Gu\u00f0 minn. <\/span> <\/p>\n","protected":false},"excerpt":{"rendered":"<p>1Hinn r\u00e9ttl\u00e1ti fersten enginn tekur \u00fea\u00f0 n\u00e6rri s\u00e9r,hinum gu\u00f0hr\u00e6ddu er svipt burten enginn gefur \u00fev\u00ed gaum.Vegna illskunnarer hinum r\u00e9ttl\u00e1ta svipt burt, 2hann gengur inn til fri\u00f0arins.\u00deeir munu liggja \u00e1 hv\u00edlum s\u00ednumsem gengu beina braut. Gegn skur\u00f0go\u00f0ad\u00fdrkun 3En \u00fe\u00e9r, sei\u00f0konusynir,komi\u00f0 hinga\u00f0,b\u00f6rn h\u00f3rkarls og sk\u00e6kju. 4A\u00f0 hverjum skopist \u00fe\u00e9r,gegn hverjum glenni\u00f0 \u00fe\u00e9r upp gini\u00f0og reki\u00f0 \u00fat tunguna?Eru\u00f0 \u00fe\u00e9r ekki afsprengi syndarinnar,afkv\u00e6mi lyginnar? 5\u00de\u00e9r brenni\u00f0 af girnd vi\u00f0 eikurnar,undir hverju laufgu\u00f0u tr\u00e9,sl\u00e1tri\u00f0 b\u00f6rnum \u00ed d\u00f6lunum,ni\u00f0ri \u00ed klettagj\u00e1num. 6Me\u00f0 sl\u00e9ttum steinum \u00ed \u00e1rfarvegi \u00e1ttu hlut,\u00feeir, j\u00e1, \u00feeir eru hlutskipti \u00feitt.\u00de\u00fa dreyptir \u00feeim dreypif\u00f3rnir,f\u00e6r\u00f0ir \u00feeim kornf\u00f3rn.\u00c1 \u00e9g a\u00f0 una \u00feessu? 7\u00c1 h\u00e1u og gn\u00e6fandi fjallibj\u00f3stu <a href=\"https:\/\/biblian.is\/biblian\/jesaja-57-kafli\/\"> [&#8230;]<\/a><\/p>\n","protected":false},"author":1,"featured_media":0,"parent":0,"menu_order":0,"comment_status":"open","ping_status":"open","template":"bibliukaflar_NT.php","meta":{"footnotes":""},"class_list":["post-2353","page","type-page","status-publish","hentry"],"_links":{"self":[{"href":"https:\/\/biblian.is\/biblian\/wp-json\/wp\/v2\/pages\/2353","targetHints":{"allow":["GET"]}}],"collection":[{"href":"https:\/\/biblian.is\/biblian\/wp-json\/wp\/v2\/pages"}],"about":[{"href":"https:\/\/biblian.is\/biblian\/wp-json\/wp\/v2\/types\/page"}],"author":[{"embeddable":true,"href":"https:\/\/biblian.is\/biblian\/wp-json\/wp\/v2\/users\/1"}],"replies":[{"embeddable":true,"href":"https:\/\/biblian.is\/biblian\/wp-json\/wp\/v2\/comments?post=2353"}],"version-history":[{"count":0,"href":"https:\/\/biblian.is\/biblian\/wp-json\/wp\/v2\/pages\/2353\/revisions"}],"wp:attachment":[{"href":"https:\/\/biblian.is\/biblian\/wp-json\/wp\/v2\/media?parent=2353"}],"curies":[{"name":"wp","href":"https:\/\/api.w.org\/{rel}","templated":true}]}}