{"id":2352,"date":"2017-12-30T21:02:47","date_gmt":"2017-12-30T21:02:47","guid":{"rendered":"http:\/\/biblian.is\/biblian\/jesaja-56-kafli\/"},"modified":"2024-05-06T22:28:33","modified_gmt":"2024-05-06T22:28:33","slug":"jesaja-56-kafli","status":"publish","type":"page","link":"https:\/\/biblian.is\/biblian\/jesaja-56-kafli\/","title":{"rendered":"Jesaja 56. kafli"},"content":{"rendered":"<h2 class=\"millifyrirsogn_2007\">\u00deri\u00f0ji hluti <\/h2>\n<h3 class=\"millifyrirsogn_2007\">B\u00e6nh\u00fas fyrir allar \u00fej\u00f3\u00f0ir<\/h3>\n<p><span class=\"ljodatexti\"> <a name=\"1\"><span class=\"versanumer_ljod\">1<\/span><\/a>Svo segir Drottinn:<br \/>Var\u00f0veiti\u00f0 r\u00e9ttinn og i\u00f0ki\u00f0 r\u00e9ttl\u00e6ti<br \/>\u00fev\u00ed a\u00f0 hj\u00e1lpr\u00e6\u00f0i mitt er \u00ed n\u00e1nd<br \/>og r\u00e9ttl\u00e6ti mitt birtist br\u00e1\u00f0lega.<br \/> <\/span> <span class=\"ljodatexti\"> <a name=\"2\"><span class=\"versanumer_ljod\">2<\/span><\/a>S\u00e6ll er s\u00e1 ma\u00f0ur sem breytir \u00feannig<br \/>og heldur fast vi\u00f0 \u00fea\u00f0<br \/>a\u00f0 halda hv\u00edldardaginn \u00e1n \u00feess a\u00f0 vanhelga hann<br \/>og var\u00f0veitir h\u00f6nd s\u00edna fr\u00e1 \u00fev\u00ed a\u00f0 gera illt.<br \/> <\/span> <span class=\"ljodatexti\"> <a name=\"3\"><span class=\"versanumer_ljod\">3<\/span><\/a>\u00datlendingur, sem er genginn Drottni \u00e1 h\u00f6nd,<br \/>skal ekki segja:<br \/>\u201eDrottinn skildi mig fr\u00e1 \u00fej\u00f3\u00f0 sinni,\u201c<br \/>og geldingur skal ekki segja:<br \/>\u201e\u00c9g er visi\u00f0 tr\u00e9.\u201c<br \/> <\/span> <span class=\"ljodatexti\"> <a name=\"4\"><span class=\"versanumer_ljod\">4<\/span><\/a>\u00dev\u00ed a\u00f0 svo segir Drottinn:<br \/>Geldingar, sem halda hv\u00edldardaga m\u00edna,<br \/>hafa vali\u00f0 \u00fea\u00f0 sem m\u00e9r \u00fe\u00f3knast<br \/>og halda s\u00e9r fast vi\u00f0 s\u00e1ttm\u00e1la minn,<br \/> <\/span> <span class=\"ljodatexti\"> <a name=\"5\"><span class=\"versanumer_ljod\">5<\/span><\/a>\u00feeim gef \u00e9g \u00ed h\u00fasi m\u00ednu og innan m\u00fara minna<br \/>minnismerki og nafn<br \/>sem er betra en synir og d\u00e6tur.<br \/>Eil\u00edft nafn vil \u00e9g gefa \u00feeim,<br \/>\u00fea\u00f0 er aldrei mun afm\u00e1\u00f0 ver\u00f0a.<br \/> <\/span> <span class=\"ljodatexti\"> <a name=\"6\"><span class=\"versanumer_ljod\">6<\/span><\/a>Og \u00fatlendinga, sem gengnir eru Drottni \u00e1 h\u00f6nd<br \/>til a\u00f0 \u00fej\u00f3na honum og elska nafn hans,<br \/>til a\u00f0 ver\u00f0a \u00fej\u00f3nar hans,<br \/>alla \u00fe\u00e1 sem halda hv\u00edldardaginn og vanhelga hann ekki<br \/>og halda s\u00e9r fast vi\u00f0 s\u00e1ttm\u00e1la minn,<br \/> <\/span> <span class=\"ljodatexti\"> <a name=\"7\"><span class=\"versanumer_ljod\">7<\/span><\/a>mun \u00e9g lei\u00f0a til m\u00edns heilaga fjalls<br \/>og gle\u00f0ja \u00fe\u00e1 \u00ed b\u00e6nah\u00fasi m\u00ednu.<br \/>Brennif\u00f3rnir \u00feeirra og sl\u00e1turf\u00f3rnir<br \/>munu \u00fe\u00f3knast m\u00e9r \u00e1 altari m\u00ednu<br \/>\u00fev\u00ed a\u00f0 h\u00fas mitt skal nefnast<br \/>b\u00e6nah\u00fas fyrir allar \u00fej\u00f3\u00f0ir.<br \/> <\/span> <span class=\"ljodatexti\"> <a name=\"8\"><span class=\"versanumer_ljod\">8<\/span><\/a>Svo segir Drottinn Gu\u00f0<br \/>sem safnar saman hinum burtreknu \u00cdsraelsm\u00f6nnum:<br \/>\u00c9g mun safna a\u00f0 \u00feeim enn fleiri<br \/>en \u00feeim sem \u00feegar hafa safnast saman. <\/span> <\/p>\n<h3 class=\"millifyrirsogn_2007\">Lei\u00f0togar \u00cdsraels ford\u00e6mdir<\/h3>\n<p><span class=\"ljodatexti\"> <a name=\"9\"><span class=\"versanumer_ljod\">9<\/span><\/a>Komi\u00f0, \u00f6ll d\u00fdr merkurinnar,<br \/>komi\u00f0, \u00f6ll d\u00fdr sk\u00f3garins, og \u00e9ti\u00f0.<br \/> <\/span> <span class=\"ljodatexti\"> <a name=\"10\"><span class=\"versanumer_ljod\">10<\/span><\/a>Allir ver\u00f0ir \u00cdsraels eru blindir,<br \/>\u00feeir vita ekkert,<br \/>\u00feeir eru allir hlj\u00f3\u00f0ir hundar<br \/>sem geta ekki gelt,<br \/>\u00feeir liggja \u00ed draumm\u00f3ki, <br \/>\u00feykir gott a\u00f0 l\u00fara.<br \/> <\/span> <span class=\"ljodatexti\"> <a name=\"11\"><span class=\"versanumer_ljod\">11<\/span><\/a>En \u00feetta eru gr\u00e1\u00f0ugir hundar<br \/>sem aldrei f\u00e1 fylli s\u00edna,<br \/>\u00feeir eru fj\u00e1rhir\u00f0ar<br \/>sem eru skilningsslj\u00f3ir<br \/>og fara hver s\u00edna lei\u00f0,<br \/>allir sem einn elta \u00feeir eigin gr\u00f3\u00f0a.<br \/> <\/span> <span class=\"ljodatexti\"> <a name=\"12\"><span class=\"versanumer_ljod\">12<\/span><\/a>\u201eKomi\u00f0, \u00e9g skal s\u00e6kja v\u00edn,<br \/>v\u00e9r skulum drekka duglega.<br \/>Morgundagurinn ver\u00f0ur sem \u00feessi,<br \/>jafnvel enn betri.\u201c <\/span> <\/p>\n","protected":false},"excerpt":{"rendered":"<p>\u00deri\u00f0ji hluti B\u00e6nh\u00fas fyrir allar \u00fej\u00f3\u00f0ir 1Svo segir Drottinn:Var\u00f0veiti\u00f0 r\u00e9ttinn og i\u00f0ki\u00f0 r\u00e9ttl\u00e6ti\u00fev\u00ed a\u00f0 hj\u00e1lpr\u00e6\u00f0i mitt er \u00ed n\u00e1ndog r\u00e9ttl\u00e6ti mitt birtist br\u00e1\u00f0lega. 2S\u00e6ll er s\u00e1 ma\u00f0ur sem breytir \u00feannigog heldur fast vi\u00f0 \u00fea\u00f0a\u00f0 halda hv\u00edldardaginn \u00e1n \u00feess a\u00f0 vanhelga hannog var\u00f0veitir h\u00f6nd s\u00edna fr\u00e1 \u00fev\u00ed a\u00f0 gera illt. 3\u00datlendingur, sem er genginn Drottni \u00e1 h\u00f6nd,skal ekki segja:\u201eDrottinn skildi mig fr\u00e1 \u00fej\u00f3\u00f0 sinni,\u201cog geldingur skal ekki segja:\u201e\u00c9g er visi\u00f0 tr\u00e9.\u201c 4\u00dev\u00ed a\u00f0 svo segir Drottinn:Geldingar, sem halda hv\u00edldardaga m\u00edna,hafa vali\u00f0 \u00fea\u00f0 sem m\u00e9r \u00fe\u00f3knastog halda s\u00e9r fast vi\u00f0 s\u00e1ttm\u00e1la minn, 5\u00feeim gef \u00e9g \u00ed h\u00fasi m\u00ednu og innan m\u00fara minnaminnismerki <a href=\"https:\/\/biblian.is\/biblian\/jesaja-56-kafli\/\"> [&#8230;]<\/a><\/p>\n","protected":false},"author":1,"featured_media":0,"parent":0,"menu_order":0,"comment_status":"open","ping_status":"open","template":"bibliukaflar_NT.php","meta":{"footnotes":""},"class_list":["post-2352","page","type-page","status-publish","hentry"],"_links":{"self":[{"href":"https:\/\/biblian.is\/biblian\/wp-json\/wp\/v2\/pages\/2352","targetHints":{"allow":["GET"]}}],"collection":[{"href":"https:\/\/biblian.is\/biblian\/wp-json\/wp\/v2\/pages"}],"about":[{"href":"https:\/\/biblian.is\/biblian\/wp-json\/wp\/v2\/types\/page"}],"author":[{"embeddable":true,"href":"https:\/\/biblian.is\/biblian\/wp-json\/wp\/v2\/users\/1"}],"replies":[{"embeddable":true,"href":"https:\/\/biblian.is\/biblian\/wp-json\/wp\/v2\/comments?post=2352"}],"version-history":[{"count":0,"href":"https:\/\/biblian.is\/biblian\/wp-json\/wp\/v2\/pages\/2352\/revisions"}],"wp:attachment":[{"href":"https:\/\/biblian.is\/biblian\/wp-json\/wp\/v2\/media?parent=2352"}],"curies":[{"name":"wp","href":"https:\/\/api.w.org\/{rel}","templated":true}]}}