{"id":2351,"date":"2017-12-30T21:02:47","date_gmt":"2017-12-30T21:02:47","guid":{"rendered":"http:\/\/biblian.is\/biblian\/jesaja-55-kafli\/"},"modified":"2024-05-06T22:28:33","modified_gmt":"2024-05-06T22:28:33","slug":"jesaja-55-kafli","status":"publish","type":"page","link":"https:\/\/biblian.is\/biblian\/jesaja-55-kafli\/","title":{"rendered":"Jesaja 55. kafli"},"content":{"rendered":"<h3 class=\"millifyrirsogn_2007\"> S\u00e1ttm\u00e1linn endurn\u00fdja\u00f0ur<\/h3>\n<p><span class=\"ljodatexti\"> <a name=\"1\"><span class=\"versanumer_ljod\">1<\/span><\/a>Komi\u00f0, \u00f6ll sem \u00feyrst eru\u00f0, komi\u00f0 til vatnsins<br \/>og \u00fe\u00e9r sem ekkert f\u00e9 eigi\u00f0, komi\u00f0,<br \/>komi\u00f0, kaupi\u00f0 korn og eti\u00f0,<br \/>komi\u00f0, \u00feiggi\u00f0 korn \u00e1n silfurs<br \/>og endurgjaldslaust, b\u00e6\u00f0i v\u00edn og mj\u00f3lk.<br \/> <\/span> <span class=\"ljodatexti\"> <a name=\"2\"><span class=\"versanumer_ljod\">2<\/span><\/a>Hvers vegna rei\u00f0i\u00f0 \u00fe\u00e9r fram silfur fyrir \u00fea\u00f0 sem ekki er brau\u00f0 <br \/>og laun erfi\u00f0is y\u00f0ar fyrir \u00fea\u00f0 sem ekki se\u00f0ur?<br \/>Hl\u00fd\u00f0i\u00f0 \u00e1 mig, \u00fe\u00e1 f\u00e1i\u00f0 \u00fe\u00e9r hina bestu f\u00e6\u00f0u<br \/>og endurn\u00e6rist af feitmeti.<br \/> <\/span> <span class=\"ljodatexti\"> <a name=\"3\"><span class=\"versanumer_ljod\">3<\/span><\/a>Leggi\u00f0 vi\u00f0 hlustir og komi\u00f0 til m\u00edn,<br \/>hlusti\u00f0, \u00fe\u00e1 munu\u00f0 \u00fe\u00e9r lifa.<br \/>\u00c9g \u00e6tla a\u00f0 gera vi\u00f0 y\u00f0ur \u00e6varandi s\u00e1ttm\u00e1la<br \/>og miskunn m\u00edn vi\u00f0 Dav\u00ed\u00f0 mun st\u00f6\u00f0ug standa.<br \/> <\/span> <span class=\"ljodatexti\"> <a name=\"4\"><span class=\"versanumer_ljod\">4<\/span><\/a>\u00c9g ger\u00f0i hann a\u00f0 vitni fyrir \u00fej\u00f3\u00f0irnar,<br \/>a\u00f0 h\u00f6f\u00f0ingja og stj\u00f3rnanda \u00fej\u00f3\u00f0anna.<br \/> <\/span> <span class=\"ljodatexti\"> <a name=\"5\"><span class=\"versanumer_ljod\">5<\/span><\/a>Sj\u00e1, \u00fe\u00fa munt kve\u00f0ja til \u00fej\u00f3\u00f0ir sem \u00fe\u00fa \u00feekkir ekki<br \/>og \u00fej\u00f3\u00f0ir, sem ekki \u00feekkja \u00feig, munu skunda til \u00fe\u00edn<br \/>vegna Drottins, Gu\u00f0s \u00fe\u00edns, Hins heilaga \u00cdsraels,<br \/>\u00fev\u00ed a\u00f0 hann hefur gert \u00feig vegsamlegan.<br \/> <\/span> <span class=\"ljodatexti\"> <a name=\"6\"><span class=\"versanumer_ljod\">6<\/span><\/a>Leiti\u00f0 Drottins me\u00f0an hann er a\u00f0 finna,<br \/>\u00e1kalli\u00f0 hann me\u00f0an hann er n\u00e1l\u00e6gur.<br \/> <\/span> <span class=\"ljodatexti\"> <a name=\"7\"><span class=\"versanumer_ljod\">7<\/span><\/a>Hinn gu\u00f0lausi l\u00e1ti af breytni sinni<br \/>og illmenni\u00f0 af v\u00e9lr\u00e1\u00f0um s\u00ednum<br \/>og sn\u00fai s\u00e9r til Drottins svo a\u00f0 hann miskunni honum,<br \/>til Gu\u00f0s vors \u00fev\u00ed a\u00f0 hann fyrirgefur r\u00edkulega.<br \/> <\/span> <span class=\"ljodatexti\"> <a name=\"8\"><span class=\"versanumer_ljod\">8<\/span><\/a>M\u00ednar hugsanir eru ekki y\u00f0ar hugsanir<br \/>og y\u00f0ar vegir ekki m\u00ednir vegir, segir Drottinn.<br \/> <\/span> <span class=\"ljodatexti\"> <a name=\"9\"><span class=\"versanumer_ljod\">9<\/span><\/a>Eins og himinninn er h\u00e1tt yfir j\u00f6r\u00f0inni<br \/>eru m\u00ednir vegir h\u00e6rri y\u00f0ar vegum<br \/>og m\u00ednar hugsanir h\u00e6rri y\u00f0ar hugsunum.<br \/> <\/span> <span class=\"ljodatexti\"> <a name=\"10\"><span class=\"versanumer_ljod\">10<\/span><\/a>Eins og regn og snj\u00f3r fellur af himni <br \/>og hverfur ekki \u00feanga\u00f0 aftur<br \/>fyrr en \u00fea\u00f0 hefur v\u00f6kva\u00f0 j\u00f6r\u00f0ina,<br \/>gert hana frj\u00f3sama og gr\u00f3andi,<br \/>gefi\u00f0 s\u00e1\u00f0korn \u00feeim sem s\u00e1ir <br \/>og brau\u00f0 \u00feeim er eta,<br \/> <\/span> <span class=\"ljodatexti\"> <a name=\"11\"><span class=\"versanumer_ljod\">11<\/span><\/a>eins er \u00fev\u00ed fari\u00f0 me\u00f0 or\u00f0 mitt sem kemur af munni m\u00ednum,<br \/>\u00fea\u00f0 hverfur ekki aftur til m\u00edn vi\u00f0 svo b\u00fai\u00f0<br \/>heldur kemur \u00fev\u00ed til lei\u00f0ar sem m\u00e9r \u00fe\u00f3knast<br \/>og framkv\u00e6mir \u00fea\u00f0 sem \u00e9g fel \u00fev\u00ed.<br \/> <\/span> <span class=\"ljodatexti\"> <a name=\"12\"><span class=\"versanumer_ljod\">12<\/span><\/a>J\u00e1, \u00fe\u00e9r skulu\u00f0 fara burt fagnandi<br \/>og \u00f6rugg ver\u00f0i\u00f0 \u00fe\u00e9r leidd af sta\u00f0.<br \/>Fj\u00f6ll og h\u00e6\u00f0ir lj\u00f3sta upp fagna\u00f0ar\u00f3pi frammi fyrir y\u00f0ur<br \/>og \u00f6ll tr\u00e9 \u00e1 sl\u00e9ttunni klappa saman l\u00f3fum.<br \/> <\/span> <span class=\"ljodatexti\"> <a name=\"13\"><span class=\"versanumer_ljod\">13<\/span><\/a>\u00cd sta\u00f0 \u00feyrnirunna skal k\u00fdprusvi\u00f0ur vaxa<br \/>og myrtusvi\u00f0ur \u00ed sta\u00f0inn fyrir netlur.<br \/>\u00deetta ver\u00f0ur Drottni til d\u00fdr\u00f0ar,<br \/>\u00e6varandi t\u00e1kn sem aldrei skal afm\u00e1\u00f0. <\/span> <\/p>\n","protected":false},"excerpt":{"rendered":"<p>S\u00e1ttm\u00e1linn endurn\u00fdja\u00f0ur 1Komi\u00f0, \u00f6ll sem \u00feyrst eru\u00f0, komi\u00f0 til vatnsinsog \u00fe\u00e9r sem ekkert f\u00e9 eigi\u00f0, komi\u00f0,komi\u00f0, kaupi\u00f0 korn og eti\u00f0,komi\u00f0, \u00feiggi\u00f0 korn \u00e1n silfursog endurgjaldslaust, b\u00e6\u00f0i v\u00edn og mj\u00f3lk. 2Hvers vegna rei\u00f0i\u00f0 \u00fe\u00e9r fram silfur fyrir \u00fea\u00f0 sem ekki er brau\u00f0 og laun erfi\u00f0is y\u00f0ar fyrir \u00fea\u00f0 sem ekki se\u00f0ur?Hl\u00fd\u00f0i\u00f0 \u00e1 mig, \u00fe\u00e1 f\u00e1i\u00f0 \u00fe\u00e9r hina bestu f\u00e6\u00f0uog endurn\u00e6rist af feitmeti. 3Leggi\u00f0 vi\u00f0 hlustir og komi\u00f0 til m\u00edn,hlusti\u00f0, \u00fe\u00e1 munu\u00f0 \u00fe\u00e9r lifa.\u00c9g \u00e6tla a\u00f0 gera vi\u00f0 y\u00f0ur \u00e6varandi s\u00e1ttm\u00e1laog miskunn m\u00edn vi\u00f0 Dav\u00ed\u00f0 mun st\u00f6\u00f0ug standa. 4\u00c9g ger\u00f0i hann a\u00f0 vitni fyrir \u00fej\u00f3\u00f0irnar,a\u00f0 h\u00f6f\u00f0ingja og stj\u00f3rnanda \u00fej\u00f3\u00f0anna. 5Sj\u00e1, \u00fe\u00fa munt <a href=\"https:\/\/biblian.is\/biblian\/jesaja-55-kafli\/\"> [&#8230;]<\/a><\/p>\n","protected":false},"author":1,"featured_media":0,"parent":0,"menu_order":0,"comment_status":"open","ping_status":"open","template":"bibliukaflar_NT.php","meta":{"footnotes":""},"class_list":["post-2351","page","type-page","status-publish","hentry"],"_links":{"self":[{"href":"https:\/\/biblian.is\/biblian\/wp-json\/wp\/v2\/pages\/2351","targetHints":{"allow":["GET"]}}],"collection":[{"href":"https:\/\/biblian.is\/biblian\/wp-json\/wp\/v2\/pages"}],"about":[{"href":"https:\/\/biblian.is\/biblian\/wp-json\/wp\/v2\/types\/page"}],"author":[{"embeddable":true,"href":"https:\/\/biblian.is\/biblian\/wp-json\/wp\/v2\/users\/1"}],"replies":[{"embeddable":true,"href":"https:\/\/biblian.is\/biblian\/wp-json\/wp\/v2\/comments?post=2351"}],"version-history":[{"count":0,"href":"https:\/\/biblian.is\/biblian\/wp-json\/wp\/v2\/pages\/2351\/revisions"}],"wp:attachment":[{"href":"https:\/\/biblian.is\/biblian\/wp-json\/wp\/v2\/media?parent=2351"}],"curies":[{"name":"wp","href":"https:\/\/api.w.org\/{rel}","templated":true}]}}