{"id":2350,"date":"2017-12-30T21:02:47","date_gmt":"2017-12-30T21:02:47","guid":{"rendered":"http:\/\/biblian.is\/biblian\/jesaja-54-kafli\/"},"modified":"2024-05-06T22:28:33","modified_gmt":"2024-05-06T22:28:33","slug":"jesaja-54-kafli","status":"publish","type":"page","link":"https:\/\/biblian.is\/biblian\/jesaja-54-kafli\/","title":{"rendered":"Jesaja 54. kafli"},"content":{"rendered":"<h3 class=\"millifyrirsogn_2007\"> Fri\u00f0ars\u00e1ttm\u00e1linn<\/h3>\n<p><span class=\"ljodatexti\"> <a name=\"1\"><span class=\"versanumer_ljod\">1<\/span><\/a>Fagna \u00fe\u00fa, \u00f3byrja, sem ekki hefur f\u00e6tt,<br \/>hef upp fagna\u00f0ar\u00f3p og hr\u00f3pa af gle\u00f0i, <br \/>\u00fe\u00fa sem aldrei hefur haft hr\u00ed\u00f0ir,<br \/>\u00fev\u00ed a\u00f0 b\u00f6rn hinnar yfirgefnu ver\u00f0a fleiri <br \/>en giftu konunnar, segir Drottinn.<br \/> <\/span> <span class=\"ljodatexti\"> <a name=\"2\"><span class=\"versanumer_ljod\">2<\/span><\/a>V\u00edkka \u00fe\u00fa \u00fat tjald \u00feitt,<br \/>\u00feendu \u00fat tjaldd\u00fak \u00feinn og spara\u00f0u hann ekki.<br \/> <\/span> <span class=\"ljodatexti\"> <a name=\"3\"><span class=\"versanumer_ljod\">3<\/span><\/a>Lengdu st\u00f6gin og festu h\u00e6lana vel<br \/>\u00fev\u00ed a\u00f0 \u00fe\u00fa munt brei\u00f0ast \u00fat<br \/>til su\u00f0urs og nor\u00f0urs<br \/>og ni\u00f0jar \u00fe\u00ednir munu leggja undir sig \u00fej\u00f3\u00f0ir<br \/>og setjast a\u00f0 \u00ed au\u00f0um borgum.<br \/> <\/span> <span class=\"ljodatexti\"> <a name=\"4\"><span class=\"versanumer_ljod\">4<\/span><\/a>\u00d3ttast ekki \u00fev\u00ed a\u00f0 \u00fe\u00fa ver\u00f0ur ekki til skammar,<br \/>\u00f3ttast ekki ni\u00f0url\u00e6gingu<br \/>\u00fev\u00ed a\u00f0 \u00fe\u00fa ver\u00f0ur ekki au\u00f0m\u00fdkt.<br \/>\u00de\u00fa skalt gleyma vanvir\u00f0u \u00e6sku \u00feinnar<br \/>og ekki framar minnast sm\u00e1nar ekkjud\u00f3ms \u00fe\u00edns<br \/> <\/span> <span class=\"ljodatexti\"> <a name=\"5\"><span class=\"versanumer_ljod\">5<\/span><\/a>\u00fev\u00ed a\u00f0 skapari \u00feinn er eiginma\u00f0ur \u00feinn,<br \/>Drottinn allsherjar er nafn hans<br \/>og Hinn heilagi \u00cdsraels er lausnari \u00feinn,<br \/>hann sem nefnist Gu\u00f0 allrar jar\u00f0arinnar. <span class=\"nedan_mal\" title=\" \u00d6nnur hugsanleg \u00fe\u00fd\u00f0ing: alls landsins.\">[<\/span> <br \/> <\/span> <span class=\"ljodatexti\"> <a name=\"6\"><span class=\"versanumer_ljod\">6<\/span><\/a>J\u00e1, Drottinn kalla\u00f0i \u00feig<br \/>eins og yfirgefna konu og harm\u00ferungna<br \/>en hver getur hafna\u00f0 konu <br \/>sem hann eigna\u00f0ist \u00ed \u00e6sku? segir Gu\u00f0 \u00feinn.<br \/> <\/span> <span class=\"ljodatexti\"> <a name=\"7\"><span class=\"versanumer_ljod\">7<\/span><\/a>Skamma stund yfirgaf \u00e9g \u00feig<br \/>en af mikilli miskunnsemi tek \u00e9g \u00feig a\u00f0 m\u00e9r.<br \/> <\/span> <span class=\"ljodatexti\"> <a name=\"8\"><span class=\"versanumer_ljod\">8<\/span><\/a>\u00cd \u00f3lgandi heift huldi \u00e9g auglit mitt fyrir \u00fe\u00e9r um stund<br \/>en miskunna \u00fe\u00e9r me\u00f0 \u00e6varandi k\u00e6rleika,<br \/>segir Drottinn, lausnari \u00feinn.<br \/> <\/span> <span class=\"ljodatexti\"> <a name=\"9\"><span class=\"versanumer_ljod\">9<\/span><\/a>M\u00e9r vir\u00f0ist \u00feetta eins og \u00e1 d\u00f6gum N\u00f3a,<br \/>\u00e9g s\u00f3r \u00fe\u00e1 a\u00f0 N\u00f3afl\u00f3\u00f0 k\u00e6mi ekki oftar yfir j\u00f6r\u00f0ina<br \/>en sver n\u00fa a\u00f0 rei\u00f0ast \u00fe\u00e9r hvorki n\u00e9 \u00f3gna \u00fe\u00e9r.<br \/> <\/span> <span class=\"ljodatexti\"> <a name=\"10\"><span class=\"versanumer_ljod\">10<\/span><\/a>\u00dev\u00ed a\u00f0 \u00fe\u00f3tt fj\u00f6llin bifist<br \/>og h\u00e6\u00f0irnar haggist<br \/>mun k\u00e6rleikur minn til \u00fe\u00edn ekki bifast<br \/>og fri\u00f0ars\u00e1ttm\u00e1li minn ekki haggast, <br \/>segir Drottinn sem miskunnar \u00fe\u00e9r. <\/span> <\/p>\n<h3 class=\"millifyrirsogn_2007\">Endurreisn Jer\u00fasalem<\/h3>\n<p><span class=\"ljodatexti\"> <a name=\"11\"><span class=\"versanumer_ljod\">11<\/span><\/a>\u00de\u00fa auma, hrakta borg,<br \/>sem enga huggun hl\u00fdtur,<br \/>n\u00fa legg \u00e9g undirst\u00f6\u00f0ur \u00fe\u00ednar gimsteinum<br \/>og geri grunn \u00feinn \u00far saf\u00edrum,<br \/> <\/span> <span class=\"ljodatexti\"> <a name=\"12\"><span class=\"versanumer_ljod\">12<\/span><\/a>m\u00fartinda \u00fe\u00edna \u00far r\u00fab\u00ednum,<br \/>hli\u00f0 \u00fe\u00edn \u00far krist\u00f6llum<br \/>og alla m\u00fara \u00fe\u00edna \u00far d\u00fdrum steinum.<br \/> <\/span> <span class=\"ljodatexti\"> <a name=\"13\"><span class=\"versanumer_ljod\">13<\/span><\/a>Allir synir \u00fe\u00ednir ver\u00f0a l\u00e6risveinar Drottins<br \/>og hags\u00e6ld barna \u00feinna ver\u00f0ur mikil.<br \/> <\/span> <span class=\"ljodatexti\"> <a name=\"14\"><span class=\"versanumer_ljod\">14<\/span><\/a>\u00de\u00fa ver\u00f0ur reist \u00e1 r\u00e9ttl\u00e6ti<br \/>og fjarri allri k\u00fagun,<br \/>\u00fev\u00ed \u00fearftu ekki a\u00f0 \u00f3ttast,<br \/>fjarri allri skelfingu<br \/>\u00fev\u00ed a\u00f0 h\u00fan kemst hvergi n\u00e6rri \u00fe\u00e9r.<br \/> <\/span> <span class=\"ljodatexti\"> <a name=\"15\"><span class=\"versanumer_ljod\">15<\/span><\/a>R\u00e1\u00f0ist einhver \u00e1 \u00feig er \u00fea\u00f0 gegn vilja m\u00ednum<br \/>og s\u00e1 sem \u00e1 \u00feig r\u00e6\u00f0st skal falla fyrir \u00fe\u00e9r.<br \/> <\/span> <span class=\"ljodatexti\"> <a name=\"16\"><span class=\"versanumer_ljod\">16<\/span><\/a>Sj\u00e1i\u00f0, \u00e9g skapa\u00f0i smi\u00f0inn<br \/>sem bl\u00e6s a\u00f0 eldinum og sm\u00ed\u00f0ar alls kyns vopn.<br \/>\u00c9g skapa\u00f0i einnig ey\u00f0andann til a\u00f0 leggja \u00ed ey\u00f0i.<br \/> <\/span> <span class=\"ljodatexti\"> <a name=\"17\"><span class=\"versanumer_ljod\">17<\/span><\/a>Ekkert vopn, sem sm\u00ed\u00f0a\u00f0 ver\u00f0ur gegn \u00fe\u00e9r,<br \/>skal reynast sigurs\u00e6lt<br \/>og s\u00e9rhverja tungu, sem m\u00e6lir gegn \u00fe\u00e9r,<br \/>skaltu d\u00e6ma seka.<br \/>\u00deetta er hlutskipti \u00fej\u00f3na Drottins<br \/>og s\u00e1 r\u00e9ttur sem \u00feeir f\u00e1 fr\u00e1 m\u00e9r, <br \/>segir Drottinn. <\/span> <\/p>\n","protected":false},"excerpt":{"rendered":"<p>Fri\u00f0ars\u00e1ttm\u00e1linn 1Fagna \u00fe\u00fa, \u00f3byrja, sem ekki hefur f\u00e6tt,hef upp fagna\u00f0ar\u00f3p og hr\u00f3pa af gle\u00f0i, \u00fe\u00fa sem aldrei hefur haft hr\u00ed\u00f0ir,\u00fev\u00ed a\u00f0 b\u00f6rn hinnar yfirgefnu ver\u00f0a fleiri en giftu konunnar, segir Drottinn. 2V\u00edkka \u00fe\u00fa \u00fat tjald \u00feitt,\u00feendu \u00fat tjaldd\u00fak \u00feinn og spara\u00f0u hann ekki. 3Lengdu st\u00f6gin og festu h\u00e6lana vel\u00fev\u00ed a\u00f0 \u00fe\u00fa munt brei\u00f0ast \u00fattil su\u00f0urs og nor\u00f0ursog ni\u00f0jar \u00fe\u00ednir munu leggja undir sig \u00fej\u00f3\u00f0irog setjast a\u00f0 \u00ed au\u00f0um borgum. 4\u00d3ttast ekki \u00fev\u00ed a\u00f0 \u00fe\u00fa ver\u00f0ur ekki til skammar,\u00f3ttast ekki ni\u00f0url\u00e6gingu\u00fev\u00ed a\u00f0 \u00fe\u00fa ver\u00f0ur ekki au\u00f0m\u00fdkt.\u00de\u00fa skalt gleyma vanvir\u00f0u \u00e6sku \u00feinnarog ekki framar minnast sm\u00e1nar ekkjud\u00f3ms \u00fe\u00edns 5\u00fev\u00ed a\u00f0 skapari \u00feinn <a href=\"https:\/\/biblian.is\/biblian\/jesaja-54-kafli\/\"> [&#8230;]<\/a><\/p>\n","protected":false},"author":1,"featured_media":0,"parent":0,"menu_order":0,"comment_status":"open","ping_status":"open","template":"bibliukaflar_NT.php","meta":{"footnotes":""},"class_list":["post-2350","page","type-page","status-publish","hentry"],"_links":{"self":[{"href":"https:\/\/biblian.is\/biblian\/wp-json\/wp\/v2\/pages\/2350","targetHints":{"allow":["GET"]}}],"collection":[{"href":"https:\/\/biblian.is\/biblian\/wp-json\/wp\/v2\/pages"}],"about":[{"href":"https:\/\/biblian.is\/biblian\/wp-json\/wp\/v2\/types\/page"}],"author":[{"embeddable":true,"href":"https:\/\/biblian.is\/biblian\/wp-json\/wp\/v2\/users\/1"}],"replies":[{"embeddable":true,"href":"https:\/\/biblian.is\/biblian\/wp-json\/wp\/v2\/comments?post=2350"}],"version-history":[{"count":0,"href":"https:\/\/biblian.is\/biblian\/wp-json\/wp\/v2\/pages\/2350\/revisions"}],"wp:attachment":[{"href":"https:\/\/biblian.is\/biblian\/wp-json\/wp\/v2\/media?parent=2350"}],"curies":[{"name":"wp","href":"https:\/\/api.w.org\/{rel}","templated":true}]}}