{"id":2348,"date":"2017-12-30T21:02:47","date_gmt":"2017-12-30T21:02:47","guid":{"rendered":"http:\/\/biblian.is\/biblian\/jesaja-52-kafli\/"},"modified":"2024-05-06T22:28:32","modified_gmt":"2024-05-06T22:28:32","slug":"jesaja-52-kafli","status":"publish","type":"page","link":"https:\/\/biblian.is\/biblian\/jesaja-52-kafli\/","title":{"rendered":"Jesaja 52. kafli"},"content":{"rendered":"<h3 class=\"millifyrirsogn_2007\"> S\u00edon frelsu\u00f0<\/h3>\n<p><span class=\"ljodatexti\"> <a name=\"1\"><span class=\"versanumer_ljod\">1<\/span><\/a>Vakna \u00fe\u00fa, vakna,<br \/>\u00edkl\u00e6\u00f0 \u00feig styrk \u00fe\u00ednum, S\u00edon,<br \/>kl\u00e6\u00f0 \u00feig skartkl\u00e6\u00f0um \u00fe\u00ednum, Jer\u00fasalem,<br \/>\u00fe\u00fa heilaga borg,<br \/>\u00fev\u00ed a\u00f0 enginn \u00f3umskorinn e\u00f0a \u00f3hreinn<br \/>skal framar inn \u00ed \u00feig ganga.<br \/> <\/span> <span class=\"ljodatexti\"> <a name=\"2\"><span class=\"versanumer_ljod\">2<\/span><\/a>Hristu af \u00fe\u00e9r ryki\u00f0, r\u00edstu upp,<br \/>\u00fe\u00fa hernumda Jer\u00fasalem,<br \/>leystu fj\u00f6trana af h\u00e1lsi \u00fe\u00e9r,<br \/>\u00fe\u00fa hertekna d\u00f3ttir S\u00edon.<br \/> <\/span> <span class=\"ljodatexti\"> <a name=\"3\"><span class=\"versanumer_ljod\">3<\/span><\/a>\u00dev\u00ed a\u00f0 svo segir Drottinn:<br \/>\u00de\u00e9r voru\u00f0 seldir fyrir ekkert<br \/>og ver\u00f0i\u00f0 leystir \u00e1n endurgjalds.<br \/> <\/span> <span class=\"ljodatexti\"> <a name=\"4\"><span class=\"versanumer_ljod\">4<\/span><\/a>Svo segir Drottinn Gu\u00f0:<br \/>\u00cd \u00f6ndver\u00f0u f\u00f3r \u00fej\u00f3\u00f0 m\u00edn til Egyptalands<br \/>til a\u00f0 dveljast \u00fear sem a\u00f0komumenn, <br \/>en s\u00ed\u00f0ast k\u00faga\u00f0i Ass\u00fdr\u00eda hana.<br \/> <\/span> <span class=\"ljodatexti\"> <a name=\"5\"><span class=\"versanumer_ljod\">5<\/span><\/a>En hva\u00f0 get \u00e9g n\u00fa teki\u00f0 til brag\u00f0s,<br \/>segir Drottinn,<br \/>\u00fear sem \u00fej\u00f3\u00f0 m\u00edn var tekin \u00e1n endurgjalds<br \/>og stj\u00f3rnendur hennar kveina,<br \/>segir Drottinn,<br \/>og allan li\u00f0langan daginn<br \/>er nafn mitt s\u00edfellt sm\u00e1\u00f0?<br \/> <\/span> <span class=\"ljodatexti\"> <a name=\"6\"><span class=\"versanumer_ljod\">6<\/span><\/a>\u00deess vegna skal \u00fej\u00f3\u00f0 m\u00edn j\u00e1ta nafn mitt<br \/>og reyna \u00e1 \u00feeim degi a\u00f0 \u00fea\u00f0 er \u00e9g sem segi:<br \/>H\u00e9r er \u00e9g. <\/span> <\/p>\n<h3 class=\"millifyrirsogn_2007\">Fagna\u00f0arbo\u00f0inn<\/h3>\n<p><span class=\"ljodatexti\"> <a name=\"7\"><span class=\"versanumer_ljod\">7<\/span><\/a>Hversu yndislegir eru \u00e1 fj\u00f6llunum f\u00e6tur fagna\u00f0arbo\u00f0ans<br \/>sem fri\u00f0inn kunngj\u00f6rir,<br \/>gle\u00f0it\u00ed\u00f0indin flytur,<br \/>hj\u00e1lpr\u00e6\u00f0i\u00f0 bo\u00f0ar og segir vi\u00f0 S\u00edon:<br \/>\u201eGu\u00f0 \u00feinn er sestur a\u00f0 v\u00f6ldum.\u201c<br \/> <\/span> <span class=\"ljodatexti\"> <a name=\"8\"><span class=\"versanumer_ljod\">8<\/span><\/a>Heyr, var\u00f0menn \u00fe\u00ednir hefja upp raustina,<br \/>hr\u00f3pa fagna\u00f0ar\u00f3p allir \u00ed einu<br \/>\u00fev\u00ed a\u00f0 me\u00f0 eigin augum <br \/>sj\u00e1 \u00feeir Drottin hverfa aftur til S\u00edonar.<br \/> <\/span> <span class=\"ljodatexti\"> <a name=\"9\"><span class=\"versanumer_ljod\">9<\/span><\/a>Hefji\u00f0 upp fagna\u00f0ars\u00f6ng allar \u00ed einu,<br \/>r\u00fastir Jer\u00fasalem, <br \/>\u00fev\u00ed a\u00f0 Drottinn hefur hugga\u00f0 \u00fej\u00f3\u00f0 s\u00edna,<br \/>endurleyst Jer\u00fasalem.<br \/> <\/span> <span class=\"ljodatexti\"> <a name=\"10\"><span class=\"versanumer_ljod\">10<\/span><\/a>Drottinn hefur afhj\u00fapa\u00f0 heilagan armlegg sinn<br \/>\u00ed augs\u00fdn allra \u00fej\u00f3\u00f0a<br \/>og allt til endimarka jar\u00f0ar<br \/>munu menn sj\u00e1 hj\u00e1lpr\u00e6\u00f0i Gu\u00f0s vors. <\/span> <\/p>\n<h3 class=\"millifyrirsogn_2007\">Hvatt til brottfarar<\/h3>\n<p><span class=\"ljodatexti\"> <a name=\"11\"><span class=\"versanumer_ljod\">11<\/span><\/a>Fari\u00f0 burt, fari\u00f0 burt,<br \/>haldi\u00f0 af sta\u00f0 \u00fea\u00f0an.<br \/>Snerti\u00f0 ekkert \u00f3hreint,<br \/>haldi\u00f0 burt fr\u00e1 borginni, hreinsi\u00f0 y\u00f0ur,<br \/>\u00fe\u00e9r sem beri\u00f0 ker Drottins.<br \/> <\/span> <span class=\"ljodatexti\"> <a name=\"12\"><span class=\"versanumer_ljod\">12<\/span><\/a>En \u00fe\u00e9r skulu\u00f0 ekki halda burt \u00ed fl\u00fdti<br \/>n\u00e9 fara me\u00f0 skyndingu <br \/>\u00fev\u00ed a\u00f0 Drottinn fer fyrir y\u00f0ur<br \/>og Gu\u00f0 \u00cdsraels gengur \u00e1 eftir. <\/span> <\/p>\n<h3 class=\"millifyrirsogn_2007\">Hinn l\u00ed\u00f0andi \u00fej\u00f3nn Drottins<\/h3>\n<p><span class=\"ljodatexti\"> <a name=\"13\"><span class=\"versanumer_ljod\">13<\/span><\/a>Sj\u00e1, \u00fej\u00f3nn minn mun giftusamur ver\u00f0a,<br \/>hann mun ver\u00f0a mikill og veglegur og h\u00e1tt upp hafinn.<br \/> <\/span> <span class=\"ljodatexti\"> <a name=\"14\"><span class=\"versanumer_ljod\">14<\/span><\/a>Eins og marga hryllti vi\u00f0 honum,<br \/>svo afskr\u00e6mdur var hann \u00e1s\u00fdndum<br \/>a\u00f0 vart var \u00e1 honum mannsmynd,<br \/> <\/span> <span class=\"ljodatexti\"> <a name=\"15\"><span class=\"versanumer_ljod\">15<\/span><\/a>eins mun hann vekja undrun margra \u00fej\u00f3\u00f0a<br \/>og konungar munu ver\u00f0a or\u00f0lausir frammi fyrir honum<br \/>\u00fev\u00ed a\u00f0 \u00feeir munu sj\u00e1 \u00fea\u00f0 sem enginn hefur sagt \u00feeim<br \/>og ver\u00f0a \u00feess \u00e1skynja sem \u00feeir hafa aldrei heyrt. <\/span> <\/p>\n","protected":false},"excerpt":{"rendered":"<p>S\u00edon frelsu\u00f0 1Vakna \u00fe\u00fa, vakna,\u00edkl\u00e6\u00f0 \u00feig styrk \u00fe\u00ednum, S\u00edon,kl\u00e6\u00f0 \u00feig skartkl\u00e6\u00f0um \u00fe\u00ednum, Jer\u00fasalem,\u00fe\u00fa heilaga borg,\u00fev\u00ed a\u00f0 enginn \u00f3umskorinn e\u00f0a \u00f3hreinnskal framar inn \u00ed \u00feig ganga. 2Hristu af \u00fe\u00e9r ryki\u00f0, r\u00edstu upp,\u00fe\u00fa hernumda Jer\u00fasalem,leystu fj\u00f6trana af h\u00e1lsi \u00fe\u00e9r,\u00fe\u00fa hertekna d\u00f3ttir S\u00edon. 3\u00dev\u00ed a\u00f0 svo segir Drottinn:\u00de\u00e9r voru\u00f0 seldir fyrir ekkertog ver\u00f0i\u00f0 leystir \u00e1n endurgjalds. 4Svo segir Drottinn Gu\u00f0:\u00cd \u00f6ndver\u00f0u f\u00f3r \u00fej\u00f3\u00f0 m\u00edn til Egyptalandstil a\u00f0 dveljast \u00fear sem a\u00f0komumenn, en s\u00ed\u00f0ast k\u00faga\u00f0i Ass\u00fdr\u00eda hana. 5En hva\u00f0 get \u00e9g n\u00fa teki\u00f0 til brag\u00f0s,segir Drottinn,\u00fear sem \u00fej\u00f3\u00f0 m\u00edn var tekin \u00e1n endurgjaldsog stj\u00f3rnendur hennar kveina,segir Drottinn,og allan li\u00f0langan daginner nafn mitt s\u00edfellt sm\u00e1\u00f0? <a href=\"https:\/\/biblian.is\/biblian\/jesaja-52-kafli\/\"> [&#8230;]<\/a><\/p>\n","protected":false},"author":1,"featured_media":0,"parent":0,"menu_order":0,"comment_status":"open","ping_status":"open","template":"bibliukaflar_NT.php","meta":{"footnotes":""},"class_list":["post-2348","page","type-page","status-publish","hentry"],"_links":{"self":[{"href":"https:\/\/biblian.is\/biblian\/wp-json\/wp\/v2\/pages\/2348","targetHints":{"allow":["GET"]}}],"collection":[{"href":"https:\/\/biblian.is\/biblian\/wp-json\/wp\/v2\/pages"}],"about":[{"href":"https:\/\/biblian.is\/biblian\/wp-json\/wp\/v2\/types\/page"}],"author":[{"embeddable":true,"href":"https:\/\/biblian.is\/biblian\/wp-json\/wp\/v2\/users\/1"}],"replies":[{"embeddable":true,"href":"https:\/\/biblian.is\/biblian\/wp-json\/wp\/v2\/comments?post=2348"}],"version-history":[{"count":0,"href":"https:\/\/biblian.is\/biblian\/wp-json\/wp\/v2\/pages\/2348\/revisions"}],"wp:attachment":[{"href":"https:\/\/biblian.is\/biblian\/wp-json\/wp\/v2\/media?parent=2348"}],"curies":[{"name":"wp","href":"https:\/\/api.w.org\/{rel}","templated":true}]}}