{"id":2347,"date":"2017-12-30T21:02:47","date_gmt":"2017-12-30T21:02:47","guid":{"rendered":"http:\/\/biblian.is\/biblian\/jesaja-51-kafli\/"},"modified":"2024-05-06T22:28:32","modified_gmt":"2024-05-06T22:28:32","slug":"jesaja-51-kafli","status":"publish","type":"page","link":"https:\/\/biblian.is\/biblian\/jesaja-51-kafli\/","title":{"rendered":"Jesaja 51. kafli"},"content":{"rendered":"<h3 class=\"millifyrirsogn_2007\"> Hj\u00e1lpr\u00e6\u00f0i Drottins<\/h3>\n<p><span class=\"ljodatexti\"> <a name=\"1\"><span class=\"versanumer_ljod\">1<\/span><\/a>Hl\u00fd\u00f0i\u00f0 \u00e1 mig, \u00fe\u00e9r sem s\u00e6kist eftir r\u00e9ttl\u00e6ti,<br \/>\u00fe\u00e9r sem leiti\u00f0 Drottins.<br \/>L\u00edti\u00f0 \u00e1 klettinn sem \u00fe\u00e9r voru\u00f0 h\u00f6ggnir af<br \/>og brunninn sem \u00fe\u00e9r voru\u00f0 grafnir \u00far.<br \/> <\/span> <span class=\"ljodatexti\"> <a name=\"2\"><span class=\"versanumer_ljod\">2<\/span><\/a>L\u00edti\u00f0 \u00e1 Abraham, f\u00f6\u00f0ur y\u00f0ar,<br \/>og S\u00f6ru sem \u00f3l y\u00f0ur,<br \/>\u00fev\u00ed a\u00f0 hann var einn \u00feegar \u00e9g kalla\u00f0i hann<br \/>og \u00e9g blessa\u00f0i hann og j\u00f3k kyn hans.<br \/> <\/span> <span class=\"ljodatexti\"> <a name=\"3\"><span class=\"versanumer_ljod\">3<\/span><\/a>\u00dev\u00ed a\u00f0 Drottinn huggar S\u00edon,<br \/>huggar allar r\u00fastir hennar,<br \/>gerir ey\u00f0im\u00f6rk hennar sem Eden<br \/>og au\u00f0n hennar eins og gar\u00f0 Drottins.<br \/>\u00cd henni ver\u00f0ur gle\u00f0i og f\u00f6gnu\u00f0ur,<br \/>\u00feakkargj\u00f6r\u00f0 og hlj\u00f3\u00f0f\u00e6rasl\u00e1ttur.<br \/> <\/span> <span class=\"ljodatexti\"> <a name=\"4\"><span class=\"versanumer_ljod\">4<\/span><\/a>Hl\u00fd\u00f0i\u00f0 \u00e1 mig, \u00fej\u00f3\u00f0ir,<br \/>og hlusti\u00f0 \u00e1 mig, l\u00fd\u00f0ir,<br \/>\u00fev\u00ed a\u00f0 fr\u00e1 m\u00e9r mun kenning \u00fat ganga<br \/>og r\u00e9ttur minn ver\u00f0ur \u00fej\u00f3\u00f0unum lj\u00f3s.<br \/> <\/span> <span class=\"ljodatexti\"> <a name=\"5\"><span class=\"versanumer_ljod\">5<\/span><\/a>Br\u00e1tt n\u00e1lgast r\u00e9ttl\u00e6ti mitt,<br \/>hj\u00e1lpr\u00e6\u00f0i mitt kemur<br \/>og armar m\u00ednir munu f\u00e6ra \u00fej\u00f3\u00f0unum r\u00e9tt,<br \/>eyjarnar v\u00e6nta m\u00edn<br \/>og b\u00ed\u00f0a arms m\u00edns.<br \/> <\/span> <span class=\"ljodatexti\"> <a name=\"6\"><span class=\"versanumer_ljod\">6<\/span><\/a>Hefji\u00f0 augu y\u00f0ar til himins<br \/>og vir\u00f0i\u00f0 fyrir y\u00f0ur j\u00f6r\u00f0ina h\u00e9r ni\u00f0ri.<br \/>Himinninn mun leysast sundur sem reykur,<br \/>j\u00f6r\u00f0in fyrnast sem fat<br \/>og \u00edb\u00faar hennar deyja sem m\u00fd.<br \/>En hj\u00e1lpr\u00e6\u00f0i mitt er \u00e6varandi<br \/>og r\u00e9ttl\u00e6ti mitt l\u00ed\u00f0ur ekki undir lok.<br \/> <\/span> <span class=\"ljodatexti\"> <a name=\"7\"><span class=\"versanumer_ljod\">7<\/span><\/a>Hl\u00fd\u00f0i\u00f0 \u00e1 mig, \u00fe\u00e9r sem \u00feekki\u00f0 r\u00e9ttl\u00e6ti,<br \/>\u00fej\u00f3\u00f0in sem ber l\u00f6gm\u00e1l mitt \u00ed hjarta s\u00ednu.<br \/>\u00d3ttist ekki spott manna,<br \/>hr\u00e6\u00f0ist ekki sm\u00e1naryr\u00f0i \u00feeirra,<br \/> <\/span> <span class=\"ljodatexti\"> <a name=\"8\"><span class=\"versanumer_ljod\">8<\/span><\/a>\u00fev\u00ed a\u00f0 m\u00f6lur mun \u00e9ta \u00fe\u00e1 sem kl\u00e6\u00f0i<br \/>og maur \u00e9ta \u00fe\u00e1 eins og ull.<br \/>En r\u00e9ttl\u00e6ti mitt er \u00e6varandi<br \/>og hj\u00e1lpr\u00e6\u00f0i mitt varir fr\u00e1 kyni til kyns. <\/span> <\/p>\n<h3 class=\"millifyrirsogn_2007\">Sk\u00f6pun og endurlausn<\/h3>\n<p><span class=\"ljodatexti\"> <a name=\"9\"><span class=\"versanumer_ljod\">9<\/span><\/a>Vakna \u00fe\u00fa, vakna,<br \/>\u00edkl\u00e6\u00f0 \u00feig styrk, \u00fe\u00fa armur Drottins,<br \/>vakna \u00fe\u00fa eins og \u00ed \u00e1rdaga,<br \/>\u00e1 t\u00edmum l\u00f6ngu genginna kynsl\u00f3\u00f0a.<br \/>Varst \u00fea\u00f0 ekki \u00fe\u00fa sem hj\u00f3st Rahab <br \/>og lag\u00f0ir drekann \u00ed gegn?<br \/> <\/span> <span class=\"ljodatexti\"> <a name=\"10\"><span class=\"versanumer_ljod\">10<\/span><\/a>Varst \u00fea\u00f0 ekki \u00fe\u00fa sem \u00feurrka\u00f0ir upp hafi\u00f0,<br \/>v\u00f6tnin \u00ed hinu mikla frumdj\u00fapi,<br \/>sem ger\u00f0ir hafdj\u00fapi\u00f0 a\u00f0 vegi<br \/>svo a\u00f0 hinir endurleystu k\u00e6must yfir?<br \/> <\/span> <span class=\"ljodatexti\"> <a name=\"11\"><span class=\"versanumer_ljod\">11<\/span><\/a>Hinir endurkeyptu Drottins sn\u00faa aftur<br \/>og koma fagnandi til S\u00edonar.<br \/>Eil\u00edf gle\u00f0i fer fyrir \u00feeim,<br \/>f\u00f6gnu\u00f0ur og gle\u00f0i fylgir \u00feeim,<br \/>en sorg og s\u00fat leggja \u00e1 fl\u00f3tta.<br \/> <\/span> <span class=\"ljodatexti\"> <a name=\"12\"><span class=\"versanumer_ljod\">12<\/span><\/a>\u00c9g hugga y\u00f0ur, \u00e9g sj\u00e1lfur.<br \/>Hver ert \u00fe\u00fa \u00fe\u00e1 sem \u00f3ttast dau\u00f0lega menn<br \/>og mannanna b\u00f6rn sem falla sem grasi\u00f0<br \/> <\/span> <span class=\"ljodatexti\"> <a name=\"13\"><span class=\"versanumer_ljod\">13<\/span><\/a>en gleymir Drottni, skapara \u00fe\u00ednum,<br \/>sem \u00feandi \u00fat himininn og lag\u00f0i grunn a\u00f0 j\u00f6r\u00f0inni?<br \/>\u00de\u00fa \u00f3ttast heift k\u00fagarans s\u00e9rhvern dag,<br \/>a\u00f0 hann \u00e1kve\u00f0i a\u00f0 ey\u00f0a \u00fe\u00e9r.<br \/>En hvar er \u00fe\u00e1 heift k\u00fagarans?<br \/> <\/span> <span class=\"ljodatexti\"> <a name=\"14\"><span class=\"versanumer_ljod\">14<\/span><\/a>Br\u00e1tt ver\u00f0ur bandinginn leystur,<br \/>hann mun ekki deyja \u00ed d\u00fdflissu<br \/>og ekki skorta brau\u00f0.<br \/> <\/span> <span class=\"ljodatexti\"> <a name=\"15\"><span class=\"versanumer_ljod\">15<\/span><\/a>\u00c9g er Drottinn, Gu\u00f0 \u00feinn,<br \/>s\u00e1 sem \u00e6sir hafi\u00f0 svo a\u00f0 brimi\u00f0 gn\u00fdr.<br \/>Drottinn allsherjar er nafn hans.<br \/> <\/span> <span class=\"ljodatexti\"> <a name=\"16\"><span class=\"versanumer_ljod\">16<\/span><\/a>\u00c9g lag\u00f0i \u00fe\u00e9r or\u00f0 m\u00edn \u00ed munn,<br \/>sk\u00fdldi \u00fe\u00e9r \u00ed skugga handar minnar,<br \/>\u00feegar \u00e9g \u00feandi \u00fat himininn, <br \/>grundvalla\u00f0i j\u00f6r\u00f0ina<br \/>og sag\u00f0i vi\u00f0 S\u00edon: \u00de\u00fa ert l\u00fd\u00f0ur minn. <\/span> <\/p>\n<h3 class=\"millifyrirsogn_2007\">Gu\u00f0 r\u00edkir a\u00f0 n\u00fdju \u00ed Jer\u00fasalem<\/h3>\n<p><span class=\"ljodatexti\"> <a name=\"17\"><span class=\"versanumer_ljod\">17<\/span><\/a>Vakna \u00fe\u00fa, vakna,<br \/>r\u00eds upp, Jer\u00fasalem,<br \/>\u00fe\u00fa sem var\u00f0st a\u00f0 drekka bikar rei\u00f0innar<br \/>sem Drottinn r\u00e9tti a\u00f0 \u00fe\u00e9r.<br \/>\u00de\u00fa drakkst v\u00edmubikarinn \u00ed botn.<br \/> <\/span> <span class=\"ljodatexti\"> <a name=\"18\"><span class=\"versanumer_ljod\">18<\/span><\/a>Af \u00f6llum \u00feeim sonum sem S\u00edon \u00f3l <br \/>leiddi hana enginn, <br \/>af \u00f6llum \u00feeim sonum sem h\u00fan f\u00f3stra\u00f0i <br \/>t\u00f3k enginn \u00ed h\u00f6nd hennar.<br \/> <\/span> <span class=\"ljodatexti\"> <a name=\"19\"><span class=\"versanumer_ljod\">19<\/span><\/a>\u00deetta tvennt henti \u00feig,<br \/>hver s\u00fdnir \u00fe\u00e9r hluttekningu?<br \/>Gl\u00f6tun og tort\u00edming,<br \/>hungur og sver\u00f0,<br \/>hver huggar \u00feig?<br \/> <\/span> <span class=\"ljodatexti\"> <a name=\"20\"><span class=\"versanumer_ljod\">20<\/span><\/a>Synir \u00fe\u00ednir l\u00e1gu \u00ed \u00f6ngviti <br \/>\u00e1 hverju g\u00f6tuhorni<br \/>eins og hirtir veiddir \u00ed net,<br \/>fullir af rei\u00f0i Drottins,<br \/>af hirtingu Gu\u00f0s \u00fe\u00edns.<br \/> <\/span> <span class=\"ljodatexti\"> <a name=\"21\"><span class=\"versanumer_ljod\">21<\/span><\/a>Hlusta\u00f0u \u00fev\u00ed \u00e1 \u00feetta, auma borg,<br \/>\u00fe\u00fa sem ert drukkin, \u00fe\u00f3 ekki af v\u00edni.<br \/> <\/span> <span class=\"ljodatexti\"> <a name=\"22\"><span class=\"versanumer_ljod\">22<\/span><\/a> Svo segir Drottinn, Gu\u00f0 \u00feinn,<br \/>Gu\u00f0 \u00feinn sem ver m\u00e1lsta\u00f0 \u00fej\u00f3\u00f0ar sinnar:<br \/>N\u00fa tek \u00e9g v\u00edmubikarinn \u00far hendi \u00fe\u00e9r,<br \/>sk\u00e1l rei\u00f0i minnar,<br \/>af henni skaltu ekki framar bergja.<br \/> <\/span> <span class=\"ljodatexti\"> <a name=\"23\"><span class=\"versanumer_ljod\">23<\/span><\/a> \u00c9g f\u00e6 hana \u00feeim \u00ed hendur sem k\u00fagu\u00f0u \u00feig<br \/>og s\u00f6g\u00f0u vi\u00f0 \u00feig:<br \/>\u201eLeggstu ni\u00f0ur svo a\u00f0 v\u00e9r getum tro\u00f0i\u00f0 \u00e1 \u00fe\u00e9r.\u201c<br \/>Og \u00fe\u00fa ger\u00f0ir bak \u00feitt eins og v\u00f6ll,<br \/>eins og veg fyrir vegfarendur. <\/span> <\/p>\n","protected":false},"excerpt":{"rendered":"<p>Hj\u00e1lpr\u00e6\u00f0i Drottins 1Hl\u00fd\u00f0i\u00f0 \u00e1 mig, \u00fe\u00e9r sem s\u00e6kist eftir r\u00e9ttl\u00e6ti,\u00fe\u00e9r sem leiti\u00f0 Drottins.L\u00edti\u00f0 \u00e1 klettinn sem \u00fe\u00e9r voru\u00f0 h\u00f6ggnir afog brunninn sem \u00fe\u00e9r voru\u00f0 grafnir \u00far. 2L\u00edti\u00f0 \u00e1 Abraham, f\u00f6\u00f0ur y\u00f0ar,og S\u00f6ru sem \u00f3l y\u00f0ur,\u00fev\u00ed a\u00f0 hann var einn \u00feegar \u00e9g kalla\u00f0i hannog \u00e9g blessa\u00f0i hann og j\u00f3k kyn hans. 3\u00dev\u00ed a\u00f0 Drottinn huggar S\u00edon,huggar allar r\u00fastir hennar,gerir ey\u00f0im\u00f6rk hennar sem Edenog au\u00f0n hennar eins og gar\u00f0 Drottins.\u00cd henni ver\u00f0ur gle\u00f0i og f\u00f6gnu\u00f0ur,\u00feakkargj\u00f6r\u00f0 og hlj\u00f3\u00f0f\u00e6rasl\u00e1ttur. 4Hl\u00fd\u00f0i\u00f0 \u00e1 mig, \u00fej\u00f3\u00f0ir,og hlusti\u00f0 \u00e1 mig, l\u00fd\u00f0ir,\u00fev\u00ed a\u00f0 fr\u00e1 m\u00e9r mun kenning \u00fat gangaog r\u00e9ttur minn ver\u00f0ur \u00fej\u00f3\u00f0unum lj\u00f3s. 5Br\u00e1tt n\u00e1lgast r\u00e9ttl\u00e6ti mitt,hj\u00e1lpr\u00e6\u00f0i mitt <a href=\"https:\/\/biblian.is\/biblian\/jesaja-51-kafli\/\"> [&#8230;]<\/a><\/p>\n","protected":false},"author":1,"featured_media":0,"parent":0,"menu_order":0,"comment_status":"open","ping_status":"open","template":"bibliukaflar_NT.php","meta":{"footnotes":""},"class_list":["post-2347","page","type-page","status-publish","hentry"],"_links":{"self":[{"href":"https:\/\/biblian.is\/biblian\/wp-json\/wp\/v2\/pages\/2347","targetHints":{"allow":["GET"]}}],"collection":[{"href":"https:\/\/biblian.is\/biblian\/wp-json\/wp\/v2\/pages"}],"about":[{"href":"https:\/\/biblian.is\/biblian\/wp-json\/wp\/v2\/types\/page"}],"author":[{"embeddable":true,"href":"https:\/\/biblian.is\/biblian\/wp-json\/wp\/v2\/users\/1"}],"replies":[{"embeddable":true,"href":"https:\/\/biblian.is\/biblian\/wp-json\/wp\/v2\/comments?post=2347"}],"version-history":[{"count":0,"href":"https:\/\/biblian.is\/biblian\/wp-json\/wp\/v2\/pages\/2347\/revisions"}],"wp:attachment":[{"href":"https:\/\/biblian.is\/biblian\/wp-json\/wp\/v2\/media?parent=2347"}],"curies":[{"name":"wp","href":"https:\/\/api.w.org\/{rel}","templated":true}]}}